{"id":951,"date":"2020-12-22T17:00:20","date_gmt":"2020-12-22T17:00:20","guid":{"rendered":"http:\/\/www.newurl\/?page_id=951"},"modified":"2024-06-12T07:35:37","modified_gmt":"2024-06-12T07:35:37","slug":"noticies","status":"publish","type":"page","link":"https:\/\/compostsegria.com\/ca\/fr\/noticies\/","title":{"rendered":"Actualit\u00e9s"},"content":{"rendered":"[vc_row type=\u00bbin_container\u00bb full_screen_row_position=\u00bbmiddle\u00bb scene_position=\u00bbcenter\u00bb text_color=\u00bbdark\u00bb text_align=\u00bbleft\u00bb overlay_strength=\u00bb0.3&#8243;][vc_column column_padding=\u00bbno-extra-padding\u00bb column_padding_position=\u00bball\u00bb background_color_opacity=\u00bb1&#8243; background_hover_color_opacity=\u00bb1&#8243; column_shadow=\u00bbnone\u00bb width=\u00bb1\/1&#8243; tablet_text_alignment=\u00bbdefault\u00bb phone_text_alignment=\u00bbdefault\u00bb column_border_width=\u00bbnone\u00bb column_border_style=\u00bbsolid\u00bb]\t\t\t\r\n\t\t\t<div class=\"row blog-recent columns-3\" data-style=\"minimal\" data-color-scheme=\"light\">\r\n\t\t\t\t\r\n\t\t\t\t\r\n\t\t\t\t<div class=\"col span_4\">\r\n\t\t\t\t\t\r\n\t\t\t\t\t\r\n\t\t\t\t\t\t\t<a href=\"https:\/\/compostsegria.com\/ca\/fr\/compostage-2-0-comment-la-technologie-revolutionne-la-gestion-des-dechets-organiques\/\"><\/a>\r\n\t\t\t\t\t\t\t<div class=\"post-header\">\r\n\t\t\t\t\t\t\t\t<span class=\"meta\"> 8 octubre, 2024 in <a href=\"https:\/\/compostsegria.com\/ca\/fr\/category\/actualites\/\">Actualit\u00e9s<\/a> <\/span> \r\n\t\t\t\t\t\t\t\t<h3 class=\"title\">Compostage 2.0: Comment la technologie r\u00e9volutionne la gestion des d\u00e9chets organiques<\/h3>\t\r\n\t\t\t\t\t\t\t<\/div><!--\/post-header-->\r\n\t\t\t\t\t\t\t<p>Nous vivons dans une \u00e8re o\u00f9 la technologie transforme tous les aspects de nos vies, y compris la gestion des d\u00e9chets. Le compostage, une pratique utilis\u00e9e depuis des ann\u00e9es pour&#8230;<\/p>\n\t\t\t\t\t\t\t<span>Read More <i class=\"icon-button-arrow\"><\/i><\/span>\r\n\r\n\t\t\t\t\t\t\t\t\t\t\t\r\n\t\t\t\t<\/div><!--\/col-->\r\n\t\t\t\t\r\n\t\t\t\t\r\n\t\t\t\t<div class=\"col span_4\">\r\n\t\t\t\t\t\r\n\t\t\t\t\t\r\n\t\t\t\t\t\t\t<a href=\"https:\/\/compostsegria.com\/ca\/fr\/muestra-entrada-fr\/\"><\/a>\r\n\t\t\t\t\t\t\t<div class=\"post-header\">\r\n\t\t\t\t\t\t\t\t<span class=\"meta\"> 6 junio, 2024 in <a href=\"https:\/\/compostsegria.com\/ca\/fr\/category\/actualites\/\">Actualit\u00e9s<\/a> <\/span> \r\n\t\t\t\t\t\t\t\t<h3 class=\"title\">Cultiver un avenir durable<\/h3>\t\r\n\t\t\t\t\t\t\t<\/div><!--\/post-header-->\r\n\t\t\t\t\t\t\t<p>Chez Compost Segri\u00e0, nous sommes passionn\u00e9s par le sol. C&#8217;est pourquoi nous sommes fermement engag\u00e9s dans l&#8217;agriculture biologique et les pratiques durables qui prot\u00e8gent l&#8217;environnement et favorisent le bien-\u00eatre des&#8230;<\/p>\n\t\t\t\t\t\t\t<span>Read More <i class=\"icon-button-arrow\"><\/i><\/span>\r\n\r\n\t\t\t\t\t\t\t\t\t\t\t\r\n\t\t\t\t<\/div><!--\/col-->\r\n\t\t\t\t\r\n\t\t\t\t\t\t\r\n\t\t\t<\/div><!--\/blog-recent-->\r\n\t\t\r\n\t\t[\/vc_column][\/vc_row]\n","protected":false},"excerpt":{"rendered":"<p>[vc_row type=\u00bbin_container\u00bb full_screen_row_position=\u00bbmiddle\u00bb scene_position=\u00bbcenter\u00bb text_color=\u00bbdark\u00bb text_align=\u00bbleft\u00bb overlay_strength=\u00bb0.3&#8243;][vc_column column_padding=\u00bbno-extra-padding\u00bb column_padding_position=\u00bball\u00bb background_color_opacity=\u00bb1&#8243; background_hover_color_opacity=\u00bb1&#8243; column_shadow=\u00bbnone\u00bb width=\u00bb1\/1&#8243; tablet_text_alignment=\u00bbdefault\u00bb phone_text_alignment=\u00bbdefault\u00bb column_border_width=\u00bbnone\u00bb column_border_style=\u00bbsolid\u00bb][\/vc_column][\/vc_row]<\/p>\n","protected":false},"author":7,"featured_media":19,"parent":0,"menu_order":0,"comment_status":"closed","ping_status":"closed","template":"","meta":{"footnotes":""},"_links":{"self":[{"href":"https:\/\/compostsegria.com\/ca\/wp-json\/wp\/v2\/pages\/951"}],"collection":[{"href":"https:\/\/compostsegria.com\/ca\/wp-json\/wp\/v2\/pages"}],"about":[{"href":"https:\/\/compostsegria.com\/ca\/wp-json\/wp\/v2\/types\/page"}],"author":[{"embeddable":true,"href":"https:\/\/compostsegria.com\/ca\/wp-json\/wp\/v2\/users\/7"}],"replies":[{"embeddable":true,"href":"https:\/\/compostsegria.com\/ca\/wp-json\/wp\/v2\/comments?post=951"}],"version-history":[{"count":5,"href":"https:\/\/compostsegria.com\/ca\/wp-json\/wp\/v2\/pages\/951\/revisions"}],"predecessor-version":[{"id":2637,"href":"https:\/\/compostsegria.com\/ca\/wp-json\/wp\/v2\/pages\/951\/revisions\/2637"}],"wp:featuredmedia":[{"embeddable":true,"href":"https:\/\/compostsegria.com\/ca\/wp-json\/wp\/v2\/media\/19"}],"wp:attachment":[{"href":"https:\/\/compostsegria.com\/ca\/wp-json\/wp\/v2\/media?parent=951"}],"curies":[{"name":"wp","href":"https:\/\/api.w.org\/{rel}","templated":true}]}}