{"id":942,"date":"2020-12-22T16:49:08","date_gmt":"2020-12-22T16:49:08","guid":{"rendered":"http:\/\/www.newurl\/?page_id=942"},"modified":"2025-12-11T20:52:27","modified_gmt":"2025-12-11T20:52:27","slug":"sobre-nosaltres","status":"publish","type":"page","link":"https:\/\/compostsegria.com\/ca\/ca\/sobre-nosaltres\/","title":{"rendered":"Sobre Nosaltres"},"content":{"rendered":"[vc_row type=\u00bbfull_width_background\u00bb full_screen_row_position=\u00bbmiddle\u00bb equal_height=\u00bbyes\u00bb content_placement=\u00bbmiddle\u00bb scene_position=\u00bbcenter\u00bb text_color=\u00bbdark\u00bb text_align=\u00bbleft\u00bb id=\u00bbtipos-cultivos\u00bb row_name=\u00bbTipos Cultivos\u00bb overlay_strength=\u00bb0.3&#8243;][vc_column column_padding=\u00bbno-extra-padding\u00bb column_padding_position=\u00bball\u00bb background_color_opacity=\u00bb1&#8243; background_hover_color_opacity=\u00bb1&#8243; top_margin=\u00bb120px\u00bb column_shadow=\u00bbnone\u00bb width=\u00bb1\/1&#8243; tablet_text_alignment=\u00bbdefault\u00bb phone_text_alignment=\u00bbdefault\u00bb column_border_width=\u00bbnone\u00bb column_border_style=\u00bbsolid\u00bb][vc_column_text css=\u00bb.vc_custom_1704379545782{margin-top: 120px !important;}\u00bb]\n<h2 style=\"text-align: center;\"><strong>Hist\u00f2ria<\/strong><\/h2>\n[\/vc_column_text][vc_row_inner column_margin=\u00bbdefault\u00bb top_padding=\u00bb60&#8243; bottom_padding=\u00bb60&#8243; text_align=\u00bbleft\u00bb][vc_column_inner column_padding=\u00bbno-extra-padding\u00bb column_padding_position=\u00bball\u00bb background_color_opacity=\u00bb1&#8243; width=\u00bb1\/2&#8243; column_border_width=\u00bbnone\u00bb column_border_style=\u00bbsolid\u00bb]<div class=\"img-with-aniamtion-wrap \" data-max-width=\"100%\"><div class=\"inner\"><img loading=\"lazy\" decoding=\"async\" data-shadow=\"none\" data-shadow-direction=\"middle\" class=\"img-with-animation \" data-delay=\"0\" height=\"1440\" width=\"2560\" data-animation=\"fade-in\" src=\"https:\/\/compostsegria.com\/wp-content\/uploads\/2024\/01\/WhatsApp-Image-2023-12-20-at-15.56.43-scaled.jpeg\" srcset=\"https:\/\/compostsegria.com\/wp-content\/uploads\/2024\/01\/WhatsApp-Image-2023-12-20-at-15.56.43-scaled.jpeg 2560w, https:\/\/compostsegria.com\/wp-content\/uploads\/2024\/01\/WhatsApp-Image-2023-12-20-at-15.56.43-300x169.jpeg 300w, https:\/\/compostsegria.com\/wp-content\/uploads\/2024\/01\/WhatsApp-Image-2023-12-20-at-15.56.43-1024x576.jpeg 1024w, https:\/\/compostsegria.com\/wp-content\/uploads\/2024\/01\/WhatsApp-Image-2023-12-20-at-15.56.43-768x432.jpeg 768w, https:\/\/compostsegria.com\/wp-content\/uploads\/2024\/01\/WhatsApp-Image-2023-12-20-at-15.56.43-1536x864.jpeg 1536w, https:\/\/compostsegria.com\/wp-content\/uploads\/2024\/01\/WhatsApp-Image-2023-12-20-at-15.56.43-2048x1152.jpeg 2048w\" alt=\"\" \/><\/div><\/div>[\/vc_column_inner][vc_column_inner column_padding=\u00bbno-extra-padding\u00bb column_padding_position=\u00bball\u00bb background_color_opacity=\u00bb1&#8243; width=\u00bb1\/2&#8243; column_border_width=\u00bbnone\u00bb column_border_style=\u00bbsolid\u00bb][vc_column_text css=\u00bb.vc_custom_1704379695345{margin-top: 50px !important;margin-bottom: 50px !important;}\u00bb]\n<div class=\"page\" title=\"Page 2\">\n<div class=\"section\">\n<div class=\"layoutArea\">\n<div class=\"column\">\n<p>Fa <strong>me\u0301s de 30 anys<\/strong> que a Compost Segria\u0300 ens preocupem per la gestio\u0301 adequada dels residus produi\u0308ts per les fa\u0300briques al voltant de la zona de Lleida.<\/p>\n<p>Som una <strong>empresa de valoritzacio\u0301 dels residus mitjanc\u0327ant el compostatge<\/strong>. Al llarg de tants anys hem crescut i millorat les nostres instal\u00b7lacions i serveis, gra\u0300cies a la confianc\u0327a i l\u2019estreta col\u00b7laboracio\u0301 amb els nostres clients. Des dels inicis hem anat guanyant experie\u0300ncia treballant per a empreses de la industria agro-alimentaria, per a entitats gestores de residus urbans i per a agricultors\/ramaders.<\/p>\n<\/div>\n<\/div>\n<\/div>\n<\/div>\n[\/vc_column_text][\/vc_column_inner][\/vc_row_inner][\/vc_column][\/vc_row][vc_row type=\u00bbfull_width_background\u00bb full_screen_row_position=\u00bbmiddle\u00bb equal_height=\u00bbyes\u00bb content_placement=\u00bbmiddle\u00bb bg_image=\u00bb1345&#8243; bg_position=\u00bbleft top\u00bb bg_repeat=\u00bbno-repeat\u00bb scene_position=\u00bbcenter\u00bb text_color=\u00bbcustom\u00bb custom_text_color=\u00bb#ffffff\u00bb text_align=\u00bbleft\u00bb top_padding=\u00bb50&#8243; bottom_padding=\u00bb50&#8243; overlay_strength=\u00bb0.3&#8243;][vc_column column_padding=\u00bbno-extra-padding\u00bb column_padding_position=\u00bball\u00bb background_color_opacity=\u00bb1&#8243; background_hover_color_opacity=\u00bb1&#8243; font_color=\u00bb#ffffff\u00bb bottom_margin=\u00bb0&#8243; column_shadow=\u00bbnone\u00bb width=\u00bb1\/2&#8243; tablet_text_alignment=\u00bbdefault\u00bb phone_text_alignment=\u00bbdefault\u00bb column_border_width=\u00bbnone\u00bb column_border_style=\u00bbsolid\u00bb][vc_column_text css=\u00bb.vc_custom_1706016770640{margin-bottom: 20px !important;}\u00bb]\n<h2 style=\"text-align: left;\"><strong>Missi\u00f3<\/strong><\/h2>\n[\/vc_column_text][vc_column_text]\n<div class=\"page\" title=\"Page 2\">\n<div class=\"section\">\n<div class=\"layoutArea\">\n<div class=\"column\">\n<p>El nostre principal objectiu e\u0301s <strong>gestionar i valoritzar els residus<\/strong> per a poder transformar-los en un fertilitzant orga\u0300nic de ma\u0300xima qualitat, apostant sempre per un mo\u0301n sostenible.<\/p>\n<p>A la nostra empresa <strong>processem diferents tipus de materials orga\u0300nics i biodegradables no perillosos<\/strong> provinents de la indu\u0301stria agroalimenta\u0300ria, urbans, industrials, agri\u0301coles i ramaders. Gra\u0300cies al seu reciclatge mitjanc\u0327ant el proce\u0301s de compostatge podem reduir la quantitat de residus i, a me\u0301s,<strong> obtenir un excel\u00b7lent fertilitzant.<\/strong> D\u2019aquesta forma ajudem al desenvolupament d\u2019una <strong>economia circular<\/strong> i a la vegada lluitem junts contra el canvi clima\u0300tic i la conservacio\u0301 dels so\u0300ls.<\/p>\n<p>Treballem estretament amb els nostres clients, sent no nome\u0301s un provei\u0308dor o prestador de serveis, sino\u0301 tambe\u0301 ajudant i aportant un <strong>valor afegit<\/strong> als seus processos productius.<\/p>\n<\/div>\n<\/div>\n<\/div>\n<\/div>\n[\/vc_column_text][\/vc_column][vc_column column_padding=\u00bbpadding-3-percent\u00bb column_padding_position=\u00bbleft-right\u00bb background_color_opacity=\u00bb1&#8243; background_hover_color_opacity=\u00bb1&#8243; bottom_margin=\u00bb0&#8243; column_shadow=\u00bbnone\u00bb width=\u00bb1\/2&#8243; tablet_text_alignment=\u00bbdefault\u00bb phone_text_alignment=\u00bbdefault\u00bb column_border_width=\u00bbnone\u00bb column_border_style=\u00bbsolid\u00bb][\/vc_column][\/vc_row][vc_row type=\u00bbin_container\u00bb full_screen_row_position=\u00bbmiddle\u00bb equal_height=\u00bbyes\u00bb content_placement=\u00bbmiddle\u00bb scene_position=\u00bbcenter\u00bb text_color=\u00bbdark\u00bb text_align=\u00bbleft\u00bb top_padding=\u00bb0&#8243; overlay_strength=\u00bb0.3&#8243;][vc_column column_padding=\u00bbpadding-3-percent\u00bb column_padding_position=\u00bbleft-right\u00bb background_color_opacity=\u00bb1&#8243; background_hover_color_opacity=\u00bb1&#8243; top_margin=\u00bb40&#8243; column_shadow=\u00bbnone\u00bb width=\u00bb1\/2&#8243; tablet_text_alignment=\u00bbdefault\u00bb phone_text_alignment=\u00bbdefault\u00bb column_border_width=\u00bbnone\u00bb column_border_style=\u00bbsolid\u00bb]<div class=\"img-with-aniamtion-wrap \" data-max-width=\"100%\"><div class=\"inner\"><img loading=\"lazy\" decoding=\"async\" data-shadow=\"none\" data-shadow-direction=\"middle\" class=\"img-with-animation \" data-delay=\"300\" height=\"1523\" width=\"1200\" data-animation=\"fade-in\" src=\"https:\/\/compostsegria.com\/wp-content\/uploads\/2024\/05\/referente-en-el-reciclaje-de-materia-organica.jpeg\" srcset=\"https:\/\/compostsegria.com\/wp-content\/uploads\/2024\/05\/referente-en-el-reciclaje-de-materia-organica.jpeg 1200w, https:\/\/compostsegria.com\/wp-content\/uploads\/2024\/05\/referente-en-el-reciclaje-de-materia-organica-236x300.jpeg 236w, https:\/\/compostsegria.com\/wp-content\/uploads\/2024\/05\/referente-en-el-reciclaje-de-materia-organica-807x1024.jpeg 807w, https:\/\/compostsegria.com\/wp-content\/uploads\/2024\/05\/referente-en-el-reciclaje-de-materia-organica-768x975.jpeg 768w\" alt=\"\" \/><\/div><\/div>[\/vc_column][vc_column column_padding=\u00bbno-extra-padding\u00bb column_padding_position=\u00bball\u00bb background_color_opacity=\u00bb1&#8243; background_hover_color_opacity=\u00bb1&#8243; top_margin=\u00bb0&#8243; column_shadow=\u00bbnone\u00bb width=\u00bb1\/2&#8243; tablet_text_alignment=\u00bbdefault\u00bb phone_text_alignment=\u00bbdefault\u00bb column_border_width=\u00bbnone\u00bb column_border_style=\u00bbsolid\u00bb][vc_column_text]\n<h2 style=\"text-align: left;\"><strong>Visi\u00f3<\/strong><\/h2>\n[\/vc_column_text][vc_column_text]A Compost Segri\u00e0 volem seguir avan\u00e7ant sent un <strong>referent en el reciclatge de mat\u00e8ria org\u00e0nica,<\/strong> apostant per una producci\u00f3 d\u2019aliments provinents d\u2019una <strong>agricultura ecol\u00f2gica i sostenible.<\/strong> Tamb\u00e9 volem insistir en la lluita contra el canvi clim\u00e0tic i en la protecci\u00f3 i conservaci\u00f3 dels s\u00f2ls agr\u00edcoles.<\/p>\n<p>Tot i que actualment la nostra activitat es centra principalment a Catalunya i l\u2019Arag\u00f3, tenim la intenci\u00f3 d\u2019augmentar la nostra \u00e0rea d\u2019influ\u00e8ncia a diferents zones geogr\u00e0fiques i aix\u00ed poder tenir un major impacte positiu.[\/vc_column_text][\/vc_column][\/vc_row][vc_row type=\u00bbfull_width_background\u00bb full_screen_row_position=\u00bbmiddle\u00bb bg_color=\u00bb#ffffff\u00bb scene_position=\u00bbcenter\u00bb text_color=\u00bbdark\u00bb text_align=\u00bbleft\u00bb top_padding=\u00bb75&#8243; bottom_padding=\u00bb10&#8243; overlay_strength=\u00bb0.3&#8243;][vc_column column_padding=\u00bbno-extra-padding\u00bb column_padding_position=\u00bball\u00bb background_color_opacity=\u00bb1&#8243; background_hover_color_opacity=\u00bb1&#8243; column_shadow=\u00bbnone\u00bb width=\u00bb1\/1&#8243; tablet_text_alignment=\u00bbdefault\u00bb phone_text_alignment=\u00bbdefault\u00bb column_border_width=\u00bbnone\u00bb column_border_style=\u00bbsolid\u00bb][vc_column_text]\n<h2 style=\"text-align: center;\"><strong>Valors<\/strong><\/h2>\n[\/vc_column_text][\/vc_column][\/vc_row][vc_row type=\u00bbfull_width_background\u00bb full_screen_row_position=\u00bbmiddle\u00bb bg_color=\u00bb#ffffff\u00bb scene_position=\u00bbcenter\u00bb text_color=\u00bbdark\u00bb text_align=\u00bbleft\u00bb top_padding=\u00bb45&#8243; bottom_padding=\u00bb40&#8243; overlay_strength=\u00bb0.3&#8243;][vc_column column_padding=\u00bbpadding-4-percent\u00bb column_padding_position=\u00bball\u00bb background_color=\u00bb#f4f4f4&#8243; background_color_opacity=\u00bb1&#8243; background_hover_color_opacity=\u00bb1&#8243; column_shadow=\u00bbnone\u00bb width=\u00bb1\/2&#8243; tablet_text_alignment=\u00bbdefault\u00bb phone_text_alignment=\u00bbdefault\u00bb column_border_width=\u00bbnone\u00bb column_border_style=\u00bbsolid\u00bb][vc_column_text]<img decoding=\"async\" style=\"width: 150px;\" src=\"https:\/\/compostsegria.com\/wp-content\/uploads\/2020\/07\/iconos_compost_segria_Artboard-1-copy@3x.png\" alt=\"\" \/><\/p>\n<h2 class=\"color-verde\"><b><span lang=\"CA\">Transpar\u00e8ncia i comprom\u00eds<\/span><\/b><\/h2>\n<p><span lang=\"CA\">Apostem per la transpar\u00e8ncia en totes les nostres activitats i tenim un fort comprom\u00eds amb la comunitat i l\u2019entorn.<\/span>[\/vc_column_text][\/vc_column][vc_column column_padding=\u00bbpadding-4-percent\u00bb column_padding_position=\u00bball\u00bb background_color=\u00bb#f4f4f4&#8243; background_color_opacity=\u00bb1&#8243; background_hover_color_opacity=\u00bb1&#8243; column_shadow=\u00bbnone\u00bb width=\u00bb1\/2&#8243; tablet_text_alignment=\u00bbdefault\u00bb phone_text_alignment=\u00bbdefault\u00bb column_border_width=\u00bbnone\u00bb column_border_style=\u00bbsolid\u00bb][vc_column_text]<img loading=\"lazy\" decoding=\"async\" style=\"width: 150px;\" src=\"https:\/\/compostsegria.com\/wp-content\/uploads\/2020\/07\/iconos_compost_segria_Artboard-1-copy-2@3x.png\" alt=\"\" width=\"150\" height=\"150\" \/><\/p>\n<h2 class=\"color-verde\"><b><span lang=\"CA\">Sostenibilitat i proximitat<\/span><\/b><\/h2>\n<p><span lang=\"CA\">Treballem per un m\u00f3n sostenible i col\u00b7laborem amb el nostre entorn m\u00e9s proper, tots els nostres prove\u00efdors s\u00f3n de la zona.<\/span>[\/vc_column_text][\/vc_column][\/vc_row][vc_row type=\u00bbfull_width_background\u00bb full_screen_row_position=\u00bbmiddle\u00bb bg_color=\u00bb#ffffff\u00bb scene_position=\u00bbcenter\u00bb text_color=\u00bbdark\u00bb text_align=\u00bbleft\u00bb bottom_padding=\u00bb75&#8243; overlay_strength=\u00bb0.3&#8243;][vc_column column_padding=\u00bbpadding-4-percent\u00bb column_padding_position=\u00bball\u00bb background_color=\u00bb#f4f4f4&#8243; background_color_opacity=\u00bb1&#8243; background_hover_color_opacity=\u00bb1&#8243; column_shadow=\u00bbnone\u00bb width=\u00bb1\/2&#8243; tablet_text_alignment=\u00bbdefault\u00bb phone_text_alignment=\u00bbdefault\u00bb column_border_width=\u00bbnone\u00bb column_border_style=\u00bbsolid\u00bb][vc_column_text]<img loading=\"lazy\" decoding=\"async\" style=\"width: 150px;\" src=\"https:\/\/compostsegria.com\/wp-content\/uploads\/2020\/07\/iconos_compost_segria_Artboard-1-copy-3@3x.png\" alt=\"\" width=\"150\" height=\"150\" \/><\/p>\n<h2 class=\"color-verde\"><b><span lang=\"CA\">Innovaci\u00f3 i millora constant<\/span><\/b><\/h2>\n<p><span lang=\"CA\">Implementem millores constants en el nostre proc\u00e9s de transformaci\u00f3 per ser m\u00e9s eficients i a la vegada aconseguir un producte final de m\u00e0xima qualitat.<\/span>[\/vc_column_text][\/vc_column][vc_column column_padding=\u00bbpadding-4-percent\u00bb column_padding_position=\u00bball\u00bb background_color=\u00bb#f4f4f4&#8243; background_color_opacity=\u00bb1&#8243; background_hover_color_opacity=\u00bb1&#8243; column_shadow=\u00bbnone\u00bb width=\u00bb1\/2&#8243; tablet_text_alignment=\u00bbdefault\u00bb phone_text_alignment=\u00bbdefault\u00bb column_border_width=\u00bbnone\u00bb column_border_style=\u00bbsolid\u00bb][vc_column_text]<img loading=\"lazy\" decoding=\"async\" style=\"width: 150px;\" src=\"https:\/\/compostsegria.com\/wp-content\/uploads\/2020\/07\/iconos_compost_segria_Artboard-1-copy-4@3x.png\" alt=\"\" width=\"150\" height=\"150\" \/><\/p>\n<h2 class=\"color-verde\"><b><span lang=\"CA\">Qualitat i servei<\/span><\/b><\/h2>\n<p><span lang=\"CA\">Treballem amb primeres mat\u00e8ries pr\u00e8viament seleccionades i analitzades per complir amb els nostre est\u00e0ndards de qualitat i poder oferir aix\u00ed un producte final excel\u00b7lent, tamb\u00e9 controlat i analitzat per laboratoris externs. La vocaci\u00f3 de servei forma part del nostre ADN, ja que la nostra ra\u00f3 es satisfer les necessitats dels nostres clients m\u00e9s exigents.<\/span>[\/vc_column_text][\/vc_column][\/vc_row]\n","protected":false},"excerpt":{"rendered":"<p>[vc_row type=\u00bbfull_width_background\u00bb full_screen_row_position=\u00bbmiddle\u00bb equal_height=\u00bbyes\u00bb content_placement=\u00bbmiddle\u00bb scene_position=\u00bbcenter\u00bb text_color=\u00bbdark\u00bb text_align=\u00bbleft\u00bb id=\u00bbtipos-cultivos\u00bb row_name=\u00bbTipos Cultivos\u00bb overlay_strength=\u00bb0.3&#8243;][vc_column column_padding=\u00bbno-extra-padding\u00bb column_padding_position=\u00bball\u00bb background_color_opacity=\u00bb1&#8243; background_hover_color_opacity=\u00bb1&#8243; top_margin=\u00bb120px\u00bb column_shadow=\u00bbnone\u00bb width=\u00bb1\/1&#8243; tablet_text_alignment=\u00bbdefault\u00bb phone_text_alignment=\u00bbdefault\u00bb column_border_width=\u00bbnone\u00bb column_border_style=\u00bbsolid\u00bb][vc_column_text css=\u00bb.vc_custom_1704379545782{margin-top: 120px !important;}\u00bb] Hist\u00f2ria [\/vc_column_text][vc_row_inner column_margin=\u00bbdefault\u00bb top_padding=\u00bb60&#8243;&#8230;<\/p>\n","protected":false},"author":7,"featured_media":0,"parent":0,"menu_order":0,"comment_status":"closed","ping_status":"closed","template":"","meta":{"footnotes":""},"_links":{"self":[{"href":"https:\/\/compostsegria.com\/ca\/wp-json\/wp\/v2\/pages\/942"}],"collection":[{"href":"https:\/\/compostsegria.com\/ca\/wp-json\/wp\/v2\/pages"}],"about":[{"href":"https:\/\/compostsegria.com\/ca\/wp-json\/wp\/v2\/types\/page"}],"author":[{"embeddable":true,"href":"https:\/\/compostsegria.com\/ca\/wp-json\/wp\/v2\/users\/7"}],"replies":[{"embeddable":true,"href":"https:\/\/compostsegria.com\/ca\/wp-json\/wp\/v2\/comments?post=942"}],"version-history":[{"count":45,"href":"https:\/\/compostsegria.com\/ca\/wp-json\/wp\/v2\/pages\/942\/revisions"}],"predecessor-version":[{"id":2734,"href":"https:\/\/compostsegria.com\/ca\/wp-json\/wp\/v2\/pages\/942\/revisions\/2734"}],"wp:attachment":[{"href":"https:\/\/compostsegria.com\/ca\/wp-json\/wp\/v2\/media?parent=942"}],"curies":[{"name":"wp","href":"https:\/\/api.w.org\/{rel}","templated":true}]}}