{"id":931,"date":"2020-12-22T14:59:24","date_gmt":"2020-12-22T14:59:24","guid":{"rendered":"http:\/\/www.newurl\/?page_id=931"},"modified":"2024-01-23T14:08:55","modified_gmt":"2024-01-23T14:08:55","slug":"compost","status":"publish","type":"page","link":"https:\/\/compostsegria.com\/ca\/ca\/productes\/compost\/","title":{"rendered":"Compost"},"content":{"rendered":"[vc_row type=\u00bbin_container\u00bb full_screen_row_position=\u00bbmiddle\u00bb scene_position=\u00bbcenter\u00bb text_color=\u00bbdark\u00bb text_align=\u00bbleft\u00bb top_padding=\u00bb40&#8243; overlay_strength=\u00bb0.3&#8243;][vc_column column_padding=\u00bbno-extra-padding\u00bb column_padding_position=\u00bball\u00bb background_color_opacity=\u00bb1&#8243; background_hover_color_opacity=\u00bb1&#8243; column_shadow=\u00bbnone\u00bb width=\u00bb1\/1&#8243; tablet_text_alignment=\u00bbdefault\u00bb phone_text_alignment=\u00bbdefault\u00bb column_border_width=\u00bbnone\u00bb column_border_style=\u00bbsolid\u00bb][vc_column_text]\n<h1 class=\"color-verde\" style=\"text-align: center;\"><strong>Compost S4<\/strong><\/h1>\n[\/vc_column_text][\/vc_column][\/vc_row][vc_row type=\u00bbin_container\u00bb full_screen_row_position=\u00bbmiddle\u00bb scene_position=\u00bbcenter\u00bb text_color=\u00bbdark\u00bb text_align=\u00bbleft\u00bb overlay_strength=\u00bb0.3&#8243;][vc_column column_padding=\u00bbno-extra-padding\u00bb column_padding_position=\u00bball\u00bb background_color_opacity=\u00bb1&#8243; background_hover_color_opacity=\u00bb1&#8243; column_shadow=\u00bbnone\u00bb width=\u00bb1\/2&#8243; tablet_text_alignment=\u00bbdefault\u00bb phone_text_alignment=\u00bbdefault\u00bb column_border_width=\u00bbnone\u00bb column_border_style=\u00bbsolid\u00bb][vc_column_text]El <strong>Compost s4<\/strong> \u00e9s un fertilitzant org\u00e0nic que s\u2019obt\u00e9 mitjan\u00e7ant un proc\u00e9s biol\u00f2gic natural. Comprar compost t\u00e9 molts avantatges, ja que \u00e9s ric en mat\u00e8ria org\u00e0nica i compta amb microorganismes essencials pel bon desenvolupament dels cultius i dels s\u00f2ls.<\/p>\n<p>El compost org\u00e0nic s\u2019obt\u00e9 a partir d\u2019un proc\u00e9s anomenat \u201ccompostatge\u201d, que consisteix en la descomposici\u00f3 de primeres mat\u00e8ries d\u2019origen org\u00e0nic. Aquest proc\u00e9s es duu a terme a unes instal\u00b7lacions especials, des d\u2019on es monitoritza tota la seva producci\u00f3 de forma controlada per aconseguir la millor qualitat possible. El producte resultant \u00e9s bioestable, homogeni, segur i lliure d\u2019olors.[\/vc_column_text][\/vc_column][vc_column column_padding=\u00bbno-extra-padding\u00bb column_padding_position=\u00bball\u00bb background_color_opacity=\u00bb1&#8243; background_hover_color_opacity=\u00bb1&#8243; column_shadow=\u00bbnone\u00bb width=\u00bb1\/2&#8243; tablet_text_alignment=\u00bbdefault\u00bb phone_text_alignment=\u00bbdefault\u00bb column_border_width=\u00bbnone\u00bb column_border_style=\u00bbsolid\u00bb][vc_column_text]Un altre dels avantatges del <strong>Compost s4<\/strong> \u00e9s que el seu transport i la seva aplicaci\u00f3 s\u00f3n f\u00e0cils i no resulten un perill per al medi ambient ni per a la salut. El compost org\u00e0nic \u00e9s molt utilitzat a l\u2019agricultura, ja que, al tenir un alt contingut de mat\u00e8ria org\u00e0nica, millora les caracter\u00edstiques de les terres on s\u2019aplica. Per exemple: incrementa l\u2019aigua disponible, augmenta la fertilitat, l\u2019activitat microbiol\u00f2gica puja, hi ha una major oxigenaci\u00f3, entre d\u2019altres.[\/vc_column_text][\/vc_column][\/vc_row]\n","protected":false},"excerpt":{"rendered":"<p>[vc_row type=\u00bbin_container\u00bb full_screen_row_position=\u00bbmiddle\u00bb scene_position=\u00bbcenter\u00bb text_color=\u00bbdark\u00bb text_align=\u00bbleft\u00bb top_padding=\u00bb40&#8243; overlay_strength=\u00bb0.3&#8243;][vc_column column_padding=\u00bbno-extra-padding\u00bb column_padding_position=\u00bball\u00bb background_color_opacity=\u00bb1&#8243; background_hover_color_opacity=\u00bb1&#8243; column_shadow=\u00bbnone\u00bb width=\u00bb1\/1&#8243; tablet_text_alignment=\u00bbdefault\u00bb phone_text_alignment=\u00bbdefault\u00bb column_border_width=\u00bbnone\u00bb column_border_style=\u00bbsolid\u00bb][vc_column_text] Compost S4 [\/vc_column_text][\/vc_column][\/vc_row][vc_row type=\u00bbin_container\u00bb full_screen_row_position=\u00bbmiddle\u00bb scene_position=\u00bbcenter\u00bb text_color=\u00bbdark\u00bb text_align=\u00bbleft\u00bb overlay_strength=\u00bb0.3&#8243;][vc_column column_padding=\u00bbno-extra-padding\u00bb column_padding_position=\u00bball\u00bb background_color_opacity=\u00bb1&#8243;&#8230;<\/p>\n","protected":false},"author":7,"featured_media":0,"parent":922,"menu_order":0,"comment_status":"closed","ping_status":"closed","template":"","meta":{"footnotes":""},"_links":{"self":[{"href":"https:\/\/compostsegria.com\/ca\/wp-json\/wp\/v2\/pages\/931"}],"collection":[{"href":"https:\/\/compostsegria.com\/ca\/wp-json\/wp\/v2\/pages"}],"about":[{"href":"https:\/\/compostsegria.com\/ca\/wp-json\/wp\/v2\/types\/page"}],"author":[{"embeddable":true,"href":"https:\/\/compostsegria.com\/ca\/wp-json\/wp\/v2\/users\/7"}],"replies":[{"embeddable":true,"href":"https:\/\/compostsegria.com\/ca\/wp-json\/wp\/v2\/comments?post=931"}],"version-history":[{"count":5,"href":"https:\/\/compostsegria.com\/ca\/wp-json\/wp\/v2\/pages\/931\/revisions"}],"predecessor-version":[{"id":1658,"href":"https:\/\/compostsegria.com\/ca\/wp-json\/wp\/v2\/pages\/931\/revisions\/1658"}],"up":[{"embeddable":true,"href":"https:\/\/compostsegria.com\/ca\/wp-json\/wp\/v2\/pages\/922"}],"wp:attachment":[{"href":"https:\/\/compostsegria.com\/ca\/wp-json\/wp\/v2\/media?parent=931"}],"curies":[{"name":"wp","href":"https:\/\/api.w.org\/{rel}","templated":true}]}}