{"id":839,"date":"2020-11-20T19:09:29","date_gmt":"2020-11-20T19:09:29","guid":{"rendered":"http:\/\/www.newurl\/?page_id=839"},"modified":"2024-02-26T11:57:13","modified_gmt":"2024-02-26T11:57:13","slug":"compost-segria-4","status":"publish","type":"page","link":"https:\/\/compostsegria.com\/ca\/en\/compost-segria-4\/","title":{"rendered":"Compost Segri\u00e0"},"content":{"rendered":"[vc_row type=\u00bbfull_width_background\u00bb full_screen_row_position=\u00bbmiddle\u00bb bg_image=\u00bb275&#8243; bg_position=\u00bbcenter top\u00bb bg_repeat=\u00bbno-repeat\u00bb bg_color=\u00bb#144d29&#8243; scene_position=\u00bbcenter\u00bb text_color=\u00bblight\u00bb text_align=\u00bbleft\u00bb top_padding=\u00bb9%\u00bb bottom_padding=\u00bb9%\u00bb id=\u00bbintro\u00bb row_name=\u00bbIntro\u00bb overlay_strength=\u00bb0.5&#8243;][vc_column centered_text=\u00bbtrue\u00bb column_padding=\u00bbpadding-2-percent\u00bb column_padding_position=\u00bball\u00bb background_color_opacity=\u00bb1&#8243; background_hover_color_opacity=\u00bb1&#8243; column_shadow=\u00bbnone\u00bb width=\u00bb1\/1&#8243; tablet_text_alignment=\u00bbdefault\u00bb phone_text_alignment=\u00bbdefault\u00bb column_border_width=\u00bbnone\u00bb column_border_style=\u00bbsolid\u00bb]<div class=\"img-with-aniamtion-wrap center\" data-max-width=\"100%\"><div class=\"inner\"><img loading=\"lazy\" decoding=\"async\" data-shadow=\"none\" data-shadow-direction=\"middle\" class=\"img-with-animation \" data-delay=\"0\" height=\"279\" width=\"300\" data-animation=\"fade-in\" src=\"https:\/\/compostsegria.com\/wp-content\/uploads\/2020\/12\/logo-intro-petit-2.png\" srcset=\"\" alt=\"\" \/><\/div><\/div>[vc_row_inner column_margin=\u00bbdefault\u00bb text_align=\u00bbleft\u00bb][vc_column_inner enable_animation=\u00bbtrue\u00bb animation=\u00bbfade-in-from-bottom\u00bb column_padding=\u00bbno-extra-padding\u00bb column_padding_position=\u00bball\u00bb background_color_opacity=\u00bb1&#8243; width=\u00bb1\/1&#8243; column_border_width=\u00bbnone\u00bb column_border_style=\u00bbsolid\u00bb][vc_column_text max_width=\u00bb700&#8243;]\n<h1>The compost that improves the perfomance of your crops<\/h1>\n<h4><span lang=\"CA\">With more than 30 years of experience, <b>Compost Segri\u00e0 <\/b>is a company that is dedicated to the manufacturing of organic compost and other organic farming products to fertilize soils. Thanks to our products, our clients can safely bet on organic agriculture.<\/span><\/h4>\n[\/vc_column_text][\/vc_column_inner][\/vc_row_inner][\/vc_column][\/vc_row][vc_row type=\u00bbfull_width_background\u00bb full_screen_row_position=\u00bbmiddle\u00bb equal_height=\u00bbyes\u00bb content_placement=\u00bbmiddle\u00bb bg_color=\u00bb#ffffff\u00bb scene_position=\u00bbcenter\u00bb text_color=\u00bbdark\u00bb text_align=\u00bbleft\u00bb top_padding=\u00bb4%\u00bb bottom_padding=\u00bb4%\u00bb id=\u00bbtipos-cultivos\u00bb row_name=\u00bbTipos Cultivos\u00bb overlay_strength=\u00bb0.3&#8243;][vc_column column_padding=\u00bbno-extra-padding\u00bb column_padding_position=\u00bball\u00bb background_color_opacity=\u00bb1&#8243; background_hover_color_opacity=\u00bb1&#8243; column_shadow=\u00bbnone\u00bb width=\u00bb7\/12&#8243; tablet_text_alignment=\u00bbdefault\u00bb phone_text_alignment=\u00bbdefault\u00bb column_border_width=\u00bbnone\u00bb column_border_style=\u00bbsolid\u00bb offset=\u00bbvc_col-xs-12&#8243;]<div class=\"img-with-aniamtion-wrap right\" data-max-width=\"100%\"><div class=\"inner\"><img loading=\"lazy\" decoding=\"async\" data-shadow=\"none\" data-shadow-direction=\"middle\" class=\"img-with-animation \" data-delay=\"0\" height=\"626\" width=\"858\" data-animation=\"fade-in-from-left\" src=\"https:\/\/compostsegria.com\/wp-content\/uploads\/2019\/02\/Compost-aplicat-cultius.png\" srcset=\"https:\/\/compostsegria.com\/wp-content\/uploads\/2019\/02\/Compost-aplicat-cultius.png 858w, https:\/\/compostsegria.com\/wp-content\/uploads\/2019\/02\/Compost-aplicat-cultius-300x219.png 300w, https:\/\/compostsegria.com\/wp-content\/uploads\/2019\/02\/Compost-aplicat-cultius-768x560.png 768w\" alt=\"\" \/><\/div><\/div>[\/vc_column][vc_column column_padding=\u00bbpadding-2-percent\u00bb column_padding_position=\u00bball\u00bb background_color_opacity=\u00bb1&#8243; background_hover_color_opacity=\u00bb1&#8243; column_shadow=\u00bbnone\u00bb width=\u00bb5\/12&#8243; tablet_text_alignment=\u00bbdefault\u00bb phone_text_alignment=\u00bbdefault\u00bb column_border_width=\u00bbnone\u00bb column_border_style=\u00bbsolid\u00bb offset=\u00bbvc_col-xs-12&#8243;][vc_column_text css=\u00bb.vc_custom_1605898850712{margin-bottom: 45px !important;}\u00bb]\n<h2 class=\"color-verde\">Ecological Products<\/h2>\n[\/vc_column_text][vc_row_inner column_margin=\u00bbdefault\u00bb text_align=\u00bbleft\u00bb][vc_column_inner enable_animation=\u00bbtrue\u00bb animation=\u00bbfade-in-from-bottom\u00bb column_padding=\u00bbno-extra-padding\u00bb column_padding_position=\u00bball\u00bb background_color_opacity=\u00bb1&#8243; width=\u00bb1\/1&#8243; column_border_width=\u00bbnone\u00bb column_border_style=\u00bbsolid\u00bb delay=\u00bb150&#8243;][vc_column_text]\n<p style=\"color: #999999;\"><span lang=\"es\">At Compost Segri\u00e0 we have more than just a compromise with authorized products used for environmental-friendly agriculture, we also play our part against climate change and soil degradation through recycling organic waste.<\/span><\/p>\n[\/vc_column_text][\/vc_column_inner][\/vc_row_inner][nectar_btn size=\u00bbmedium\u00bb button_style=\u00bbregular\u00bb button_color_2=\u00bbAccent-Color\u00bb icon_family=\u00bbnone\u00bb url=\u00bbhttp:\/\/compostsegria.com\/en\/products\/\u00bb text=\u00bbMore information\u00bb][\/vc_column][\/vc_row][vc_row type=\u00bbfull_width_background\u00bb full_screen_row_position=\u00bbmiddle\u00bb equal_height=\u00bbyes\u00bb content_placement=\u00bbmiddle\u00bb bg_image=\u00bb323&#8243; bg_position=\u00bbleft top\u00bb bg_repeat=\u00bbno-repeat\u00bb scene_position=\u00bbcenter\u00bb text_color=\u00bblight\u00bb text_align=\u00bbleft\u00bb top_padding=\u00bb120&#8243; bottom_padding=\u00bb120&#8243; id=\u00bbbeneficios\u00bb row_name=\u00bbBeneficios\u00bb overlay_strength=\u00bb0.3&#8243;][vc_column column_padding=\u00bbpadding-2-percent\u00bb column_padding_position=\u00bball\u00bb background_color_opacity=\u00bb1&#8243; background_hover_color_opacity=\u00bb1&#8243; font_color=\u00bb#ffffff\u00bb column_shadow=\u00bbnone\u00bb width=\u00bb1\/2&#8243; tablet_text_alignment=\u00bbdefault\u00bb phone_text_alignment=\u00bbdefault\u00bb column_border_width=\u00bbnone\u00bb column_border_style=\u00bbsolid\u00bb][vc_column_text css=\u00bb.vc_custom_1605898903961{margin-bottom: 45px !important;}\u00bb]\n<h2>Circular Economy<\/h2>\n<p>We are a circular economy benchmark and sustainable agriculture within the fertilizer industry. This is due to our commitment for the natural and organic, aside from also nurturing a close collaboration with our clients and the companies related to the industry.[\/vc_column_text][nectar_btn size=\u00bbmedium\u00bb button_style=\u00bbregular\u00bb button_color_2=\u00bbAccent-Color\u00bb icon_family=\u00bbnone\u00bb url=\u00bbhttp:\/\/compostsegria.com\/en\/about-us\/\u00bb text=\u00bbMore information\u00bb][\/vc_column][vc_column column_padding=\u00bbno-extra-padding\u00bb column_padding_position=\u00bball\u00bb background_color_opacity=\u00bb1&#8243; background_hover_color_opacity=\u00bb1&#8243; column_shadow=\u00bbnone\u00bb width=\u00bb1\/2&#8243; tablet_text_alignment=\u00bbdefault\u00bb phone_text_alignment=\u00bbdefault\u00bb column_border_width=\u00bbnone\u00bb column_border_style=\u00bbsolid\u00bb][\/vc_column][\/vc_row][vc_row type=\u00bbfull_width_background\u00bb full_screen_row_position=\u00bbmiddle\u00bb equal_height=\u00bbyes\u00bb content_placement=\u00bbmiddle\u00bb bg_image=\u00bb323&#8243; bg_position=\u00bbleft top\u00bb bg_repeat=\u00bbno-repeat\u00bb scene_position=\u00bbcenter\u00bb text_color=\u00bblight\u00bb text_align=\u00bbleft\u00bb top_padding=\u00bb120&#8243; bottom_padding=\u00bb120&#8243; id=\u00bbbeneficios\u00bb row_name=\u00bbBeneficios\u00bb disable_element=\u00bbyes\u00bb overlay_strength=\u00bb0.3&#8243;][vc_column column_padding=\u00bbpadding-2-percent\u00bb column_padding_position=\u00bball\u00bb background_color_opacity=\u00bb1&#8243; background_hover_color_opacity=\u00bb1&#8243; font_color=\u00bb#ffffff\u00bb column_shadow=\u00bbnone\u00bb width=\u00bb1\/2&#8243; tablet_text_alignment=\u00bbdefault\u00bb phone_text_alignment=\u00bbdefault\u00bb column_border_width=\u00bbnone\u00bb column_border_style=\u00bbsolid\u00bb][vc_column_text css=\u00bb.vc_custom_1549561128571{margin-bottom: 45px !important;}\u00bb]\n<h2>Beneficios<\/h2>\n[\/vc_column_text][nectar_icon_list animate=\u00bbtrue\u00bb color=\u00bbdefault\u00bb icon_size=\u00bbsmall\u00bb icon_style=\u00bbborder\u00bb][nectar_icon_list_item icon_type=\u00bbnumerical\u00bb title=\u00bbList Item\u00bb id=\u00bb1469496324-1-68&#8243; tab_id=\u00bb1469496380463-10&#8243; header=\u00bbAbono natural\u00bb text=\u00bbEl residuo org\u00e1nico es transformado en un extraordinario fertilizante gracias a su riqueza en oligoelementos.\u00bb] [\/nectar_icon_list_item][nectar_icon_list_item icon_type=\u00bbnumerical\u00bb title=\u00bbList Item\u00bb id=\u00bb1469496324-2-0&#8243; tab_id=\u00bb1469496380621-2&#8243; header=\u00bbAcelera los procesos\u00bb text=\u00bbAcelera el desarrollo radicular y los procesos fisiol\u00f3gicos de la brotadura, floraci\u00f3n, maduraci\u00f3n, sabor y color.\u00bb] [\/nectar_icon_list_item][nectar_icon_list_item icon_type=\u00bbnumerical\u00bb title=\u00bbList Item\u00bb id=\u00bb1469496416450-0-9&#8243; tab_id=\u00bb1469496416453-9&#8243; header=\u00bbAumenta la resistencia\u00bb text=\u00bbAumenta la resistencia al ataque de plagas y pat\u00f3genos as\u00ed la resistencia a las heladas.\u00bb][\/nectar_icon_list_item][\/nectar_icon_list][nectar_btn size=\u00bbmedium\u00bb button_style=\u00bbregular\u00bb button_color_2=\u00bbAccent-Color\u00bb icon_family=\u00bbnone\u00bb url=\u00bbhttp:\/\/compostsegria.com\/beneficios-compost\/\u00bb text=\u00bbLeer m\u00e1s beneficios\u00bb][\/vc_column][vc_column column_padding=\u00bbno-extra-padding\u00bb column_padding_position=\u00bball\u00bb background_color_opacity=\u00bb1&#8243; background_hover_color_opacity=\u00bb1&#8243; column_shadow=\u00bbnone\u00bb width=\u00bb1\/2&#8243; tablet_text_alignment=\u00bbdefault\u00bb phone_text_alignment=\u00bbdefault\u00bb column_border_width=\u00bbnone\u00bb column_border_style=\u00bbsolid\u00bb][\/vc_column][\/vc_row][vc_row type=\u00bbfull_width_background\u00bb full_screen_row_position=\u00bbmiddle\u00bb bg_color=\u00bb#ffffff\u00bb scene_position=\u00bbcenter\u00bb text_color=\u00bbdark\u00bb text_align=\u00bbleft\u00bb top_padding=\u00bb6%\u00bb bottom_padding=\u00bb6%\u00bb id=\u00bbproceso\u00bb row_name=\u00bbProceso\u00bb overlay_strength=\u00bb0.3&#8243;][vc_column centered_text=\u00bbtrue\u00bb column_padding=\u00bbno-extra-padding\u00bb column_padding_position=\u00bball\u00bb background_color_opacity=\u00bb1&#8243; background_hover_color_opacity=\u00bb1&#8243; column_shadow=\u00bbnone\u00bb width=\u00bb1\/1&#8243; tablet_text_alignment=\u00bbdefault\u00bb phone_text_alignment=\u00bbdefault\u00bb column_border_width=\u00bbnone\u00bb column_border_style=\u00bbsolid\u00bb][vc_row_inner column_margin=\u00bbdefault\u00bb text_align=\u00bbleft\u00bb][vc_column_inner enable_animation=\u00bbtrue\u00bb animation=\u00bbfade-in\u00bb column_padding=\u00bbno-extra-padding\u00bb column_padding_position=\u00bball\u00bb background_color_opacity=\u00bb1&#8243; width=\u00bb1\/1&#8243; column_border_width=\u00bbnone\u00bb column_border_style=\u00bbsolid\u00bb][vc_column_text css=\u00bb.vc_custom_1605898968239{padding-bottom: 10px !important;}\u00bb]\n<h2 class=\"color-verde\">Composting Plant<\/h2>\n[\/vc_column_text][vc_column_text max_width=\u00bb450&#8243; css=\u00bb.vc_custom_1605898974171{padding-bottom: 50px !important;}\u00bb]<span style=\"color: #999999;\">At Compost Segri\u00e0 we have a composting plant with the proper facilities in order to transform organic waste into compost.. These facilities allow the composting process to be completed in a controlled and environmentally-friendly way.<\/span>[\/vc_column_text][\/vc_column_inner][\/vc_row_inner][vc_row_inner column_margin=\u00bbdefault\u00bb text_align=\u00bbleft\u00bb][vc_column_inner column_padding=\u00bbno-extra-padding\u00bb column_padding_position=\u00bball\u00bb background_color_opacity=\u00bb1&#8243; width=\u00bb1\/2&#8243; column_border_width=\u00bbnone\u00bb column_border_style=\u00bbsolid\u00bb][nectar_flip_box image_url_1=\u00bb71&#8243; bg_color=\u00bb#144d29&#8243; bg_color_overlay=\u00bbtrue\u00bb text_color=\u00bblight\u00bb icon_family=\u00bbsteadysets\u00bb icon_color=\u00bbExtra-Color-2&#8243; image_url_2=\u00bb71&#8243; bg_color_2=\u00bb#0a0a0a\u00bb bg_color_overlay_2=\u00bbtrue\u00bb text_color_2=\u00bblight\u00bb h_text_align=\u00bbcenter\u00bb v_text_align=\u00bbcenter\u00bb flip_direction=\u00bbhorizontal-to-left\u00bb front_content=\u00bb<\/p>\n<h3>Reception Area<\/h3>\n<p>\u00bb min_height=\u00bb300&#8243; icon_size=\u00bb44&#8243; icon_steadysets=\u00bbsteadysets-icon-map-marker\u00bb]<span lang=\"CA\">This area is a surface that is properly waterproofed, and it wide enough to accomodate all of the different type of raw material that constantly arrive. It is in this stage where the raw material is analyzed and classified.<\/span>[\/nectar_flip_box][\/vc_column_inner][vc_column_inner column_padding=\u00bbno-extra-padding\u00bb column_padding_position=\u00bball\u00bb background_color_opacity=\u00bb1&#8243; width=\u00bb1\/2&#8243; column_border_width=\u00bbnone\u00bb column_border_style=\u00bbsolid\u00bb][nectar_flip_box bg_color=\u00bb#144d29&#8243; bg_color_overlay=\u00bbtrue\u00bb text_color=\u00bblight\u00bb icon_family=\u00bbsteadysets\u00bb icon_color=\u00bbExtra-Color-2&#8243; bg_color_2=\u00bb#0a0a0a\u00bb bg_color_overlay_2=\u00bbtrue\u00bb text_color_2=\u00bblight\u00bb h_text_align=\u00bbcenter\u00bb v_text_align=\u00bbcenter\u00bb flip_direction=\u00bbhorizontal-to-left\u00bb front_content=\u00bb<\/p>\n<h3>Fermentation Area<\/h3>\n<p>\u00bb min_height=\u00bb300&#8243; icon_size=\u00bb44&#8243; icon_steadysets=\u00bbsteadysets-icon-graph\u00bb]Here the raw materials are homogeneously mixed and the transformation process, properly known as \u00abcomposting\u00bb, takes place. Since organic matter, when decomposing and degrading naturally, can reach a temperature of 70 \u00baC, our facilities are optimal for this process to be carried out in a controlled manner, and without taking any risk.[\/nectar_flip_box][\/vc_column_inner][\/vc_row_inner][vc_row_inner column_margin=\u00bbdefault\u00bb text_align=\u00bbleft\u00bb][vc_column_inner column_padding=\u00bbno-extra-padding\u00bb column_padding_position=\u00bball\u00bb background_color_opacity=\u00bb1&#8243; width=\u00bb1\/2&#8243; column_border_width=\u00bbnone\u00bb column_border_style=\u00bbsolid\u00bb][nectar_flip_box image_url_1=\u00bb93&#8243; bg_color=\u00bb#144d29&#8243; bg_color_overlay=\u00bbtrue\u00bb text_color=\u00bblight\u00bb icon_family=\u00bbsteadysets\u00bb icon_color=\u00bbExtra-Color-2&#8243; image_url_2=\u00bb93&#8243; bg_color_2=\u00bb#0a0a0a\u00bb bg_color_overlay_2=\u00bbtrue\u00bb text_color_2=\u00bblight\u00bb h_text_align=\u00bbcenter\u00bb v_text_align=\u00bbcenter\u00bb flip_direction=\u00bbhorizontal-to-left\u00bb front_content=\u00bb<\/p>\n<h3>Maduration Zone<\/h3>\n<p>\u00bb min_height=\u00bb300&#8243; icon_size=\u00bb44&#8243; icon_steadysets=\u00bbsteadysets-icon-stopwatch\u00bb]<span lang=\"CA\">It is a waterproofed area in order to prevent the product from getting spoiled. In this place, the compost is left to rest and is periodically fliped to oxygenate the mixture, and to prevent microorganisms that are beneficial to crops and soil from dying beacuse of lack of oxygen.<\/span>[\/nectar_flip_box][\/vc_column_inner][vc_column_inner column_padding=\u00bbno-extra-padding\u00bb column_padding_position=\u00bball\u00bb background_color_opacity=\u00bb1&#8243; width=\u00bb1\/2&#8243; column_border_width=\u00bbnone\u00bb column_border_style=\u00bbsolid\u00bb][nectar_flip_box image_url_1=\u00bb87&#8243; bg_color=\u00bb#144d29&#8243; bg_color_overlay=\u00bbtrue\u00bb text_color=\u00bblight\u00bb icon_family=\u00bbsteadysets\u00bb icon_color=\u00bbExtra-Color-2&#8243; image_url_2=\u00bb87&#8243; bg_color_2=\u00bb#0a0a0a\u00bb bg_color_overlay_2=\u00bbtrue\u00bb text_color_2=\u00bblight\u00bb h_text_align=\u00bbcenter\u00bb v_text_align=\u00bbcenter\u00bb flip_direction=\u00bbhorizontal-to-left\u00bb front_content=\u00bb<\/p>\n<h3>Finished Product Area<\/h3>\n<p>\u00bb min_height=\u00bb300&#8243; icon_size=\u00bb44&#8243; icon_steadysets=\u00bbsteadysets-icon-flag\u00bb]<span lang=\"CA\">In this facility the end product is placed. Here our compost is stabilized and screened. One of the advantages of this product is that its storage and transport do not have any risk neither for health nor the environment.<\/span>[\/nectar_flip_box][\/vc_column_inner][\/vc_row_inner][nectar_btn size=\u00bbmedium\u00bb button_style=\u00bbregular\u00bb button_color_2=\u00bbAccent-Color\u00bb icon_family=\u00bbnone\u00bb url=\u00bbhttp:\/\/compostsegria.com\/en\/composting-plant\/\u00bb text=\u00bbMore information\u00bb margin_top=\u00bb40&#8243;][\/vc_column][\/vc_row][vc_row type=\u00bbfull_width_background\u00bb full_screen_row_position=\u00bbmiddle\u00bb bg_color=\u00bb#f7f7f7&#8243; scene_position=\u00bbcenter\u00bb text_color=\u00bbdark\u00bb text_align=\u00bbleft\u00bb top_padding=\u00bb6%\u00bb bottom_padding=\u00bb6%\u00bb id=\u00bbpricing\u00bb row_name=\u00bbPricing\u00bb overlay_strength=\u00bb0.95&#8243;][vc_column column_padding=\u00bbno-extra-padding\u00bb column_padding_position=\u00bball\u00bb background_color_opacity=\u00bb1&#8243; background_hover_color_opacity=\u00bb1&#8243; column_shadow=\u00bbnone\u00bb width=\u00bb1\/1&#8243; tablet_text_alignment=\u00bbdefault\u00bb phone_text_alignment=\u00bbdefault\u00bb column_border_width=\u00bbnone\u00bb column_border_style=\u00bbsolid\u00bb][vc_row_inner column_margin=\u00bbdefault\u00bb text_align=\u00bbleft\u00bb][vc_column_inner enable_animation=\u00bbtrue\u00bb animation=\u00bbfade-in\u00bb column_padding=\u00bbno-extra-padding\u00bb column_padding_position=\u00bball\u00bb background_color_opacity=\u00bb1&#8243; width=\u00bb1\/1&#8243; column_border_width=\u00bbnone\u00bb column_border_style=\u00bbsolid\u00bb][vc_column_text css=\u00bb.vc_custom_1605899071785{padding-bottom: 10px !important;}\u00bb]\n<h2 class=\"color-verde\">Contact Us<\/h2>\n[\/vc_column_text][vc_column_text max_width=\u00bb450&#8243; css=\u00bb.vc_custom_1605899105549{margin-bottom: 30px !important;}\u00bb]<span style=\"color: #999999;\">For more information about the services we provide in Compost Segri\u00e0, please contact us using the information below.<\/span>[\/vc_column_text][\/vc_column_inner][\/vc_row_inner][vc_row_inner equal_height=\u00bbyes\u00bb column_margin=\u00bbdefault\u00bb text_align=\u00bbleft\u00bb][vc_column_inner boxed=\u00bbtrue\u00bb column_padding=\u00bbpadding-4-percent\u00bb column_padding_position=\u00bball\u00bb background_color_opacity=\u00bb1&#8243; width=\u00bb1\/2&#8243; column_border_width=\u00bbnone\u00bb column_border_style=\u00bbsolid\u00bb]\n<div class=\"wpcf7 no-js\" id=\"wpcf7-f837-o1\" lang=\"es-ES\" dir=\"ltr\">\n<div class=\"screen-reader-response\"><p role=\"status\" aria-live=\"polite\" aria-atomic=\"true\"><\/p> <ul><\/ul><\/div>\n<form action=\"\/ca\/wp-json\/wp\/v2\/pages\/839#wpcf7-f837-o1\" method=\"post\" class=\"wpcf7-form init\" aria-label=\"Formulario de contacto\" novalidate=\"novalidate\" data-status=\"init\">\n<div style=\"display: none;\">\n<input type=\"hidden\" name=\"_wpcf7\" value=\"837\" \/>\n<input type=\"hidden\" name=\"_wpcf7_version\" value=\"5.9.8\" \/>\n<input type=\"hidden\" name=\"_wpcf7_locale\" value=\"es_ES\" \/>\n<input type=\"hidden\" name=\"_wpcf7_unit_tag\" value=\"wpcf7-f837-o1\" \/>\n<input type=\"hidden\" name=\"_wpcf7_container_post\" value=\"0\" \/>\n<input type=\"hidden\" name=\"_wpcf7_posted_data_hash\" value=\"\" \/>\n<input type=\"hidden\" name=\"_wpcf7_recaptcha_response\" value=\"\" \/>\n<\/div>\n<p><label> Name & Last Name*<br \/>\n<span class=\"wpcf7-form-control-wrap\" data-name=\"your-name\"><input size=\"40\" maxlength=\"400\" class=\"wpcf7-form-control wpcf7-text wpcf7-validates-as-required\" aria-required=\"true\" aria-invalid=\"false\" value=\"\" type=\"text\" name=\"your-name\" \/><\/span> <\/label>\n<\/p>\n<p><label> E-mail*<br \/>\n<span class=\"wpcf7-form-control-wrap\" data-name=\"your-email\"><input size=\"40\" maxlength=\"400\" class=\"wpcf7-form-control wpcf7-email wpcf7-validates-as-required wpcf7-text wpcf7-validates-as-email\" aria-required=\"true\" aria-invalid=\"false\" value=\"\" type=\"email\" name=\"your-email\" \/><\/span> <\/label>\n<\/p>\n<p><label> Company<br \/>\n<span class=\"wpcf7-form-control-wrap\" data-name=\"your-subject\"><input size=\"40\" maxlength=\"400\" class=\"wpcf7-form-control wpcf7-text\" aria-invalid=\"false\" value=\"\" type=\"text\" name=\"your-subject\" \/><\/span> <\/label>\n<\/p>\n<p><label> Message<br \/>\n<span class=\"wpcf7-form-control-wrap\" data-name=\"your-message\"><textarea cols=\"40\" rows=\"10\" maxlength=\"2000\" class=\"wpcf7-form-control wpcf7-textarea\" aria-invalid=\"false\" name=\"your-message\"><\/textarea><\/span> <\/label>\n<\/p>\n<p><span class=\"wpcf7-form-control-wrap\" data-name=\"acceptance-487\"><span class=\"wpcf7-form-control wpcf7-acceptance\"><span class=\"wpcf7-list-item\"><label><input type=\"checkbox\" name=\"acceptance-487\" value=\"1\" aria-invalid=\"false\" \/><span class=\"wpcf7-list-item-label\"><span>I read and accept the <\/span><span class=\"abrir-privacidad\">Legal Warning<\/span><\/span><\/label><\/span><\/span><\/span>\n<\/p>\n<p><input class=\"wpcf7-form-control wpcf7-submit has-spinner\" type=\"submit\" value=\"Send\" \/>\n<\/p><p style=\"display: none !important;\" class=\"akismet-fields-container\" data-prefix=\"_wpcf7_ak_\"><label>&#916;<textarea name=\"_wpcf7_ak_hp_textarea\" cols=\"45\" rows=\"8\" maxlength=\"100\"><\/textarea><\/label><input type=\"hidden\" id=\"ak_js_1\" name=\"_wpcf7_ak_js\" value=\"11\"\/><script>document.getElementById( \"ak_js_1\" ).setAttribute( \"value\", ( new Date() ).getTime() );<\/script><\/p><div class=\"wpcf7-response-output\" aria-hidden=\"true\"><\/div>\n<\/form>\n<\/div>\n[\/vc_column_inner][vc_column_inner column_padding=\u00bbpadding-4-percent\u00bb column_padding_position=\u00bbtop-right\u00bb background_color_opacity=\u00bb1&#8243; width=\u00bb1\/2&#8243; column_border_width=\u00bbnone\u00bb column_border_style=\u00bbsolid\u00bb][vc_column_text el_class=\u00bbcolor-verde\u00bb css=\u00bb.vc_custom_1595613815869{margin-bottom: 40px !important;}\u00bb]\n<h5 class=\"color-verde\">Pla de les Vinyes<\/h5>\n<h5 class=\"color-verde\">Tel.: 973 73 00 66<\/h5>\n<h5 class=\"color-verde\">25125 Alguaire (Lleida)<\/h5>\n<h5 class=\"color-verde\">e-mail: info@compostsegria.com<\/h5>\n[\/vc_column_text][nectar_gmap zoom=\u00bb14&#8243; enable_zoom=\u00bb1&#8243; marker_style=\u00bbnectar\u00bb nectar_marker_color=\u00bbaccent-color\u00bb map_greyscale=\u00bb1&#8243; map_color=\u00bb#004c1a\u00bb size=\u00bb350&#8243; map_center_lat=\u00bb41.714863&#8243; map_center_lng=\u00bb0.5634793&#8243; map_markers=\u00bb41.714863|0.5634793|Instalaciones Compost Segri\u00e0\u00bb][\/vc_column_inner][\/vc_row_inner][\/vc_column][\/vc_row]\n","protected":false},"excerpt":{"rendered":"<p>[vc_row type=\u00bbfull_width_background\u00bb full_screen_row_position=\u00bbmiddle\u00bb bg_image=\u00bb275&#8243; bg_position=\u00bbcenter top\u00bb bg_repeat=\u00bbno-repeat\u00bb bg_color=\u00bb#144d29&#8243; scene_position=\u00bbcenter\u00bb text_color=\u00bblight\u00bb text_align=\u00bbleft\u00bb top_padding=\u00bb9%\u00bb bottom_padding=\u00bb9%\u00bb id=\u00bbintro\u00bb row_name=\u00bbIntro\u00bb overlay_strength=\u00bb0.5&#8243;][vc_column centered_text=\u00bbtrue\u00bb column_padding=\u00bbpadding-2-percent\u00bb column_padding_position=\u00bball\u00bb background_color_opacity=\u00bb1&#8243; background_hover_color_opacity=\u00bb1&#8243; column_shadow=\u00bbnone\u00bb width=\u00bb1\/1&#8243; tablet_text_alignment=\u00bbdefault\u00bb phone_text_alignment=\u00bbdefault\u00bb column_border_width=\u00bbnone\u00bb column_border_style=\u00bbsolid\u00bb][vc_row_inner column_margin=\u00bbdefault\u00bb text_align=\u00bbleft\u00bb][vc_column_inner enable_animation=\u00bbtrue\u00bb&#8230;<\/p>\n","protected":false},"author":7,"featured_media":0,"parent":0,"menu_order":0,"comment_status":"closed","ping_status":"closed","template":"","meta":{"footnotes":""},"_links":{"self":[{"href":"https:\/\/compostsegria.com\/ca\/wp-json\/wp\/v2\/pages\/839"}],"collection":[{"href":"https:\/\/compostsegria.com\/ca\/wp-json\/wp\/v2\/pages"}],"about":[{"href":"https:\/\/compostsegria.com\/ca\/wp-json\/wp\/v2\/types\/page"}],"author":[{"embeddable":true,"href":"https:\/\/compostsegria.com\/ca\/wp-json\/wp\/v2\/users\/7"}],"replies":[{"embeddable":true,"href":"https:\/\/compostsegria.com\/ca\/wp-json\/wp\/v2\/comments?post=839"}],"version-history":[{"count":11,"href":"https:\/\/compostsegria.com\/ca\/wp-json\/wp\/v2\/pages\/839\/revisions"}],"predecessor-version":[{"id":1261,"href":"https:\/\/compostsegria.com\/ca\/wp-json\/wp\/v2\/pages\/839\/revisions\/1261"}],"wp:attachment":[{"href":"https:\/\/compostsegria.com\/ca\/wp-json\/wp\/v2\/media?parent=839"}],"curies":[{"name":"wp","href":"https:\/\/api.w.org\/{rel}","templated":true}]}}