{"id":3,"date":"2018-06-08T13:09:01","date_gmt":"2018-06-08T13:09:01","guid":{"rendered":"http:\/\/www.newurl\/?page_id=3"},"modified":"2024-02-26T11:58:17","modified_gmt":"2024-02-26T11:58:17","slug":"politica-privacidad","status":"publish","type":"page","link":"https:\/\/compostsegria.com\/ca\/es\/politica-privacidad\/","title":{"rendered":"Pol\u00edtica de privacidad"},"content":{"rendered":"<h2>Qui\u00e9nes somos<\/h2>\n<p>La direcci\u00f3n de nuestra web es: http:\/\/compostsegria.com.<\/p>\n<p><strong>Entidad:<\/strong>Compost Segri\u00e0 S.A.<br \/>\n<strong>CIF:<\/strong>A 25421546<br \/>\n<strong>Direcci\u00f3n:<\/strong>Pla de les Vinyes<br \/>\n<strong>Tel.:<\/strong> 973 730 066<br \/>\n<strong>Email:<\/strong>\u00a0<a href=\"mailto:compostsegria@compostsegria.com\">compostsegria@compostsegria.com<\/a><\/p>\n<p>\u201cSeg\u00fan la Ley Org\u00e1nica 15\/99 de 13 de diciembre de Protecci\u00f3n de datos de car\u00e1cter personal, le informamos que sus datos forman parte de un fichero, cuyo titular es COMPOST SEGRIA SA, cuya finalidad es dar respuesta a las consultas que nos plantea a\u00ed como publicitar nuestros productos y servicios, para lo cu\u00e1l, usted presta su consentimiento. En caso de oponerse, puede hacerlo en <a href=\"mailto:compostsegria@compostsegria.com\">compostsegria@compostsegria.com<\/a>.<br \/>\nAs\u00edmismo, puede ejercer sus derechos de acceso, cancel\u00b7laci\u00f3n y rectificaci\u00f3n en Pla de les Vinyes, S\/N \u00a025125 de Alguaire, adjuntando copia de su DNI\u201d<\/p>\n<p><strong>Aviso legal<\/strong><\/p>\n<p><strong>Compost Segri\u00e0 S.A.<\/strong>: en adelante <strong>La Empresa.<\/strong><\/p>\n<p>El web de <strong>La Empresa<\/strong> tiene por objeto facilitar el conocimiento de las distintas Entidades que integran el grupo <strong>La Empresa<\/strong> y de los productos y servicios ofrecidos y prestados por las mismas, as\u00ed como proporcionar distintos servicios a los clientes de nuestras sociedades.<\/p>\n<p>Todos los contenidos del sitio Web de <strong>La Empresa<\/strong>, incluidos, sin car\u00e1cter limitativo, textos, gr\u00e1ficos, logotipos, iconos de botones, im\u00e1genes, archivos de audio y software, etc. son bien propiedad de <strong>La Empresa<\/strong>, bien de sociedades del grupo al que <strong>La Empresa<\/strong> pertenece, bien de los clientes o proveedores, y est\u00e1n protegidos por las normas nacionales e internacionales de propiedad industrial e intelectual. La compilaci\u00f3n (entendi\u00e9ndose como tal la recopilaci\u00f3n, ordenaci\u00f3n y montaje) de todo el contenido del sitio Web de <strong>La Empresa<\/strong> es propiedad exclusiva de <strong>La Empresa<\/strong> y se encuentra protegida por las normas nacionales e internacionales de propiedad industrial e intelectual. Todo el software utilizado en el sitio Web de <strong>La Empresa<\/strong> es de <strong>La Empresa<\/strong> o de sus proveedores de software, y se encuentra protegido por las leyes nacionales e internacionales de propiedad industrial e intelectual.<\/p>\n<p>Queda terminantemente prohibida cualquier clase de utilizaci\u00f3n del contenido de este sitio Web, incluidas la reproducci\u00f3n, modificaci\u00f3n, distribuci\u00f3n, transmisi\u00f3n, posterior publicaci\u00f3n, exhibici\u00f3n o representaci\u00f3n total o parcial del mismo, sin consentimiento expreso de <strong>La Empresa<\/strong> o de sus proveedores.<\/p>\n<p><strong>La Empresa<\/strong> y dem\u00e1s denominaciones de productos, servicios, gr\u00e1ficos y logotipos de <strong>La Empresa<\/strong> son marcas protegidas por <strong>La Empresa<\/strong>. Las denominaciones de otros productos, servicios y compa\u00f1\u00edas mencionadas en este documento pueden ser marcas registradas de sus respectivos propietarios.<\/p>\n<p>La reproducci\u00f3n, modificaci\u00f3n, copia, uso, distribuci\u00f3n, comercializaci\u00f3n, comunicaci\u00f3n p\u00fablica o cualquier otra utilizaci\u00f3n de la informaci\u00f3n contenida en el sitio Web de <strong>La Empresa<\/strong> (incluidos su propio dise\u00f1o, configuraci\u00f3n y forma de exposici\u00f3n del sitio Web) que se realice sin autorizaci\u00f3n de <strong>La Empresa<\/strong> constituye una infracci\u00f3n de la legislaci\u00f3n vigente en materia de propiedad intelectual.<\/p>\n<p><strong>La Empresa<\/strong> se reserva todos los derechos para modificar, limitar o cancelar el acceso y contenidos del web en cualquier momento, no asumiendo responsabilidad alguna sobre su actualizaci\u00f3n. Asimismo, <strong>La Empresa<\/strong> se reserva la facultad de efectuar modificaciones en la configuraci\u00f3n o presentaci\u00f3n de su web, pudiendo hacer uso de tal facultad sin previo aviso.<\/p>\n<p>Tanto el acceso al web de <strong>La Empresa<\/strong> como el uso de cualquier informaci\u00f3n contenida en el mismo es de exclusiva responsabilidad de la persona que accede o lo usa, no respondiendo <strong>La Empresa<\/strong> de ninguna consecuencia, da\u00f1o o perjuicio que pudiera derivarse del acceso o uso de la informaci\u00f3n. <strong>La Empresa<\/strong> no garantiza que la informaci\u00f3n, texto, gr\u00e1ficos, v\u00ednculos, o cualquier otro contenido de su web sean exactos o completos, excluyendo especialmente, cualquier responsabilidad que pudiera derivarse de los contenidos y servicios comerciales o de otra \u00edndole de webs que se pudieran enlazar electr\u00f3nicamente (link), directa o indirectamente, a trav\u00e9s del web de <strong>La Empresa<\/strong>.<\/p>\n<p>Para facilitar su acceso, puede que <strong>La Empresa<\/strong> incluya v\u00ednculos a p\u00e1ginas de Internet pertenecientes o gestionados por terceros. Al entrar en esos sitios, revisar\u00e1 y aceptar\u00e1 usted las normas de uso de dicha p\u00e1gina antes de utilizarla. Tambi\u00e9n aceptar\u00e1 que <strong>La Empresa<\/strong> no tiene control alguno sobre el contenido de dichas p\u00e1ginas y que no puede asumir responsabilidad alguna por ning\u00fan material creado o publicado por los mismos. Adem\u00e1s, el v\u00ednculo a un sitio ajeno a <strong>La Empresa<\/strong> no implica que <strong>La Empresa<\/strong> apruebe dicho sitio, ni los productos o servicios a los que se hace referencia.<\/p>\n<p>El hecho de que en el web de <strong>La Empresa<\/strong> se haga referencia a productos, servicios, marcas, nombres comerciales, fabricantes, suministradores, etc., propiedad de terceros no constituye patrocinio o recomendaci\u00f3n de los mismos por parte de ninguna de las Entidades del grupo <strong>La Empresa<\/strong>.<\/p>\n<p><strong>La Empresa<\/strong> excluye y declina cualquier responsabilidad que pudiera derivarse de la transmisi\u00f3n de informaci\u00f3n entre usuarios a trav\u00e9s de la red Internet y no adquiere ninguna responsabilidad por causa de problemas t\u00e9cnicos o fallos mec\u00e1nicos en los equipos inform\u00e1ticos producidos durante la conexi\u00f3n a la red, ya sea a trav\u00e9s del web de <strong>La Empresa<\/strong> o de webs de terceros.<\/p>\n<p><strong>La Empresa<\/strong> no se responsabiliza de los virus que tengan su origen en una transmisi\u00f3n telem\u00e1tica infiltrados por terceras partes (por ejemplo, los macros de procesadores de texto, los applets de Java y los programas Active X), generados con la finalidad de obtener resultados negativos para un sistema inform\u00e1tico.<\/p>\n<p>La informaci\u00f3n de la informaci\u00f3n de esta web solo tiene caracter informativo y ning\u00fan caso tiene caracter contractual por parte de <strong>La Empresa<\/strong>.<\/p>\n<p>El contenido del web de <strong>La Empresa<\/strong> solamente es aplicable a territorio Espa\u00f1ol.<\/p>\n<p><strong>La Empresa<\/strong> garantiza la absoluta confidencialidad de los datos personales de los usuarios del web de <strong>La Empresa<\/strong>. Los datos proporcionados ser\u00e1n incorporados a una base de datos gestionada bajo la exclusiva responsabilidad de <strong>La Empresa<\/strong>, creada para facilitar a los usuarios el manejo de los servicios ofrecidos por esta as\u00ed como para informarles sobre los productos y servicios que puedan ser de su inter\u00e9s. En cumplimiento de lo dispuesto en la Ley Org\u00e1nica 15\/1999 de 13 de Diciembre de Protecci\u00f3n de Datos de car\u00e1cter personal, el usuario podr\u00e1 en todo momento ejercitar los derechos que la ley le confiere relativos al acceso, rectificaci\u00f3n, cancelaci\u00f3n y oposici\u00f3n a la cesi\u00f3n de sus datos al fichero de propiedad exclusiva de <strong>La Empresa<\/strong> enviando un e-mail a: <a href=\"mailto:compostsegria@compostsegria.com\"><strong>compostsegria@compostsegria.com<\/strong><\/a><\/p>\n<h2>Qu\u00e9 datos personales recogemos y por qu\u00e9 los recogemos<\/h2>\n<h3>Comentarios<\/h3>\n<p>Cuando los visitantes dejan comentarios en la web, recopilamos los datos que se muestran en el formulario de comentarios, as\u00ed como la direcci\u00f3n IP del visitante y la cadena de agentes de usuario del navegador para ayudar a la detecci\u00f3n de spam.<\/p>\n<p>Una cadena an\u00f3nima creada a partir de tu direcci\u00f3n de correo electr\u00f3nico (tambi\u00e9n llamada hash) puede ser proporcionada al servicio de Gravatar para ver si la est\u00e1s usando. La pol\u00edtica de privacidad del servicio Gravatar est\u00e1 disponible aqu\u00ed: https:\/\/automattic.com\/privacy\/. Despu\u00e9s de la aprobaci\u00f3n de tu comentario, la imagen de tu perfil es visible para el p\u00fablico en el contexto de su comentario.<\/p>\n<h3>Medios<\/h3>\n<p>Si subes im\u00e1genes a la web deber\u00edas evitar subir im\u00e1genes con datos de ubicaci\u00f3n (GPS EXIF) incluidos. Los visitantes de la web pueden descargar y extraer cualquier dato de localizaci\u00f3n de las im\u00e1genes de la web.<\/p>\n<h3>Formularios de contacto<\/h3>\n<h3>Cookies<\/h3>\n<p>Si dejas un comentario en nuestro sitio puedes elegir guardar tu nombre, direcci\u00f3n de correo electr\u00f3nico y web en cookies. Esto es para tu comodidad, para que no tengas que volver a rellenar tus datos cuando dejes otro comentario. Estas cookies tendr\u00e1n una duraci\u00f3n de un a\u00f1o.<\/p>\n<p>Si tienes una cuenta y te conectas a este sitio, instalaremos una cookie temporal para determinar si tu navegador acepta cookies. Esta cookie no contiene datos personales y se elimina al cerrar el navegador.<\/p>\n<p>Cuando inicias sesi\u00f3n, tambi\u00e9n instalaremos varias cookies para guardar tu informaci\u00f3n de inicio de sesi\u00f3n y tus opciones de visualizaci\u00f3n de pantalla. Las cookies de inicio de sesi\u00f3n duran dos d\u00edas, y las cookies de opciones de pantalla duran un a\u00f1o. Si seleccionas \u00abRecordarme\u00bb, tu inicio de sesi\u00f3n perdurar\u00e1 durante dos semanas. Si sales de tu cuenta, las cookies de inicio de sesi\u00f3n se eliminar\u00e1n.<\/p>\n<p>Si editas o publicas un art\u00edculo se guardar\u00e1 una cookie adicional en tu navegador. Esta cookie no incluye datos personales y simplemente indica el ID del art\u00edculo que acabas de editar. Caduca despu\u00e9s de 1 d\u00eda.<\/p>\n<h3>Contenido incrustado de otros sitios web<\/h3>\n<p>Los art\u00edculos de este sitio pueden incluir contenido incrustado (por ejemplo, v\u00eddeos, im\u00e1genes, art\u00edculos, etc.). El contenido incrustado de otras web se comporta exactamente de la misma manera que si el visitante hubiera visitado la otra web.<\/p>\n<p>Estas web pueden recopilar datos sobre ti, utilizar cookies, incrustar un seguimiento adicional de terceros, y supervisar tu interacci\u00f3n con ese contenido incrustado, incluido el seguimiento de su interacci\u00f3n con el contenido incrustado si tienes una cuenta y est\u00e1s conectado a esa web.<\/p>\n<h3>Anal\u00edtica<\/h3>\n<h2>Con qui\u00e9n compartimos tus datos<\/h2>\n<h2>Cu\u00e1nto tiempo conservamos tus datos<\/h2>\n<p>Si dejas un comentario, el comentario y sus metadatos se conservan indefinidamente. Esto es para que podamos reconocer y aprobar comentarios sucesivos autom\u00e1ticamente en lugar de mantenerlos en una cola de moderaci\u00f3n.<\/p>\n<p>De los usuarios que se registran en nuestra web (si los hay), tambi\u00e9n almacenamos la informaci\u00f3n personal que proporcionan en su perfil de usuario. Todos los usuarios pueden ver, editar o eliminar su informaci\u00f3n personal en cualquier momento (excepto que no pueden cambiar su nombre de usuario). Los administradores de la web tambi\u00e9n pueden ver y editar esa informaci\u00f3n.<\/p>\n<h2>Qu\u00e9 derechos tienes sobre tus datos<\/h2>\n<p>Si tienes una cuenta o has dejado comentarios en esta web, puedes solicitar recibir un archivo de exportaci\u00f3n de los datos personales que tenemos sobre ti, incluyendo cualquier dato que nos hayas proporcionado. Tambi\u00e9n puedes solicitar que eliminemos cualquier dato personal que tengamos sobre ti. Esto no incluye ning\u00fan dato que estemos obligados a conservar con fines administrativos, legales o de seguridad.<\/p>\n<h2>D\u00f3nde enviamos tus datos<\/h2>\n<p>Los comentarios de los visitantes puede que los revise un servicio de detecci\u00f3n autom\u00e1tica de spam.<\/p>\n","protected":false},"excerpt":{"rendered":"<p>Qui\u00e9nes somos La direcci\u00f3n de nuestra web es: http:\/\/compostsegria.com. Entidad:Compost Segri\u00e0 S.A. CIF:A 25421546 Direcci\u00f3n:Pla de les Vinyes Tel.: 973 730 066 Email:\u00a0compostsegria@compostsegria.com \u201cSeg\u00fan la Ley Org\u00e1nica 15\/99 de 13&#8230;<\/p>\n","protected":false},"author":7,"featured_media":0,"parent":0,"menu_order":0,"comment_status":"closed","ping_status":"open","template":"","meta":{"footnotes":""},"_links":{"self":[{"href":"https:\/\/compostsegria.com\/ca\/wp-json\/wp\/v2\/pages\/3"}],"collection":[{"href":"https:\/\/compostsegria.com\/ca\/wp-json\/wp\/v2\/pages"}],"about":[{"href":"https:\/\/compostsegria.com\/ca\/wp-json\/wp\/v2\/types\/page"}],"author":[{"embeddable":true,"href":"https:\/\/compostsegria.com\/ca\/wp-json\/wp\/v2\/users\/7"}],"replies":[{"embeddable":true,"href":"https:\/\/compostsegria.com\/ca\/wp-json\/wp\/v2\/comments?post=3"}],"version-history":[{"count":2,"href":"https:\/\/compostsegria.com\/ca\/wp-json\/wp\/v2\/pages\/3\/revisions"}],"predecessor-version":[{"id":385,"href":"https:\/\/compostsegria.com\/ca\/wp-json\/wp\/v2\/pages\/3\/revisions\/385"}],"wp:attachment":[{"href":"https:\/\/compostsegria.com\/ca\/wp-json\/wp\/v2\/media?parent=3"}],"curies":[{"name":"wp","href":"https:\/\/api.w.org\/{rel}","templated":true}]}}