{"id":2199,"date":"2024-03-08T10:14:01","date_gmt":"2024-03-08T10:14:01","guid":{"rendered":"https:\/\/compostsegria.com\/?page_id=2199"},"modified":"2024-03-08T10:14:01","modified_gmt":"2024-03-08T10:14:01","slug":"foire-aux-questions","status":"publish","type":"page","link":"https:\/\/compostsegria.com\/ca\/fr\/foire-aux-questions\/","title":{"rendered":"Foire aux questions"},"content":{"rendered":"[vc_row type=\u00bbfull_width_background\u00bb full_screen_row_position=\u00bbmiddle\u00bb bg_color=\u00bb#ffffff\u00bb scene_position=\u00bbcenter\u00bb text_color=\u00bbdark\u00bb text_align=\u00bbleft\u00bb bottom_padding=\u00bb100&#8243; overlay_strength=\u00bb0.3&#8243;][vc_column column_padding=\u00bbno-extra-padding\u00bb column_padding_position=\u00bball\u00bb background_color_opacity=\u00bb1&#8243; background_hover_color_opacity=\u00bb1&#8243; column_shadow=\u00bbnone\u00bb width=\u00bb1\/6&#8243; tablet_text_alignment=\u00bbdefault\u00bb phone_text_alignment=\u00bbdefault\u00bb column_border_width=\u00bbnone\u00bb column_border_style=\u00bbsolid\u00bb][\/vc_column][vc_column column_padding=\u00bbno-extra-padding\u00bb column_padding_position=\u00bball\u00bb background_color=\u00bb#1c4e27&#8243; background_color_opacity=\u00bb1&#8243; background_color_hover=\u00bb#ef9d00&#8243; background_hover_color_opacity=\u00bb1&#8243; font_color=\u00bb#ffffff\u00bb top_margin=\u00bb8&#8243; bottom_margin=\u00bb8&#8243; column_shadow=\u00bbnone\u00bb width=\u00bb2\/3&#8243; tablet_text_alignment=\u00bbdefault\u00bb phone_text_alignment=\u00bbdefault\u00bb column_border_width=\u00bbnone\u00bb column_border_style=\u00bbsolid\u00bb]<div class=\"toggles \" data-style=\"minimal\"><div class=\"toggle accent-color\"><h3><a href=\"#\"><i class=\"icon-plus-sign\"><\/i>Qu'est-ce qui rend vos engrais uniques?<\/a><\/h3><div>[vc_column_text]\n<div class=\"page\" title=\"Page 11\">\n<div class=\"section\">\n<div class=\"layoutArea\">\n<div class=\"column\">\n<p>Nos engrais se distinguent par leur qualit\u00e9 et leur efficacit\u00e9. Obtenus par compostage contr\u00f4l\u00e9 et riches en mati\u00e8re organique, les engrais Compost Segri\u00e0 apportent des b\u00e9n\u00e9fices exceptionnels aux cultures.<\/p>\n<\/div>\n<\/div>\n<\/div>\n<\/div>\n[\/vc_column_text]<\/div><\/div><div class=\"toggle default\"><h3><a href=\"#\"><i class=\"icon-plus-sign\"><\/i>Comment contribuez-vous \u00e0 la durabilit\u00e9 de l'environnement ?<\/a><\/h3><div>[vc_column_text]Notre pratique du compostage r\u00e9duit les d\u00e9chets organiques, encourage la r\u00e9utilisation et produit des engrais naturels. Ce faisant, nous contribuons \u00e0 la durabilit\u00e9 environnementale et favorisons un cycle de vie sain.[\/vc_column_text]<\/div><\/div><div class=\"toggle default\"><h3><a href=\"#\"><i class=\"icon-plus-sign\"><\/i>Quels services offrez-vous au-del\u00e0 du compostage?<\/a><\/h3><div>[vc_column_text]Nous allons plus loin que le compostage en offrant des conseils techniques, des services de gestion des d\u00e9chets et des services de compostage personnalis\u00e9s. Notre mission est d&#8217;\u00eatre un partenaire unique pour vos besoins en mati\u00e8re d&#8217;agriculture durable.[\/vc_column_text]<\/div><\/div><div class=\"toggle default\"><h3><a href=\"#\"><i class=\"icon-plus-sign\"><\/i> Comment pouvez-vous m'aider \u00e0 g\u00e9rer les d\u00e9chets organiques sur mon exploitation?<\/a><\/h3><div>[vc_column_text]Gr\u00e2ce \u00e0 nos services de collecte annuelle, \u00e0 notre expertise et \u00e0 notre gestion efficace des d\u00e9chets, nous nous engageons \u00e0 faciliter la gestion de vos d\u00e9chets organiques \u00e0 la ferme. Comptez sur nous pour une solution durable et efficace.[\/vc_column_text]<\/div><\/div><\/div>[\/vc_column][vc_column column_padding=\u00bbno-extra-padding\u00bb column_padding_position=\u00bball\u00bb background_color_opacity=\u00bb1&#8243; background_hover_color_opacity=\u00bb1&#8243; column_shadow=\u00bbnone\u00bb width=\u00bb1\/6&#8243; tablet_text_alignment=\u00bbdefault\u00bb phone_text_alignment=\u00bbdefault\u00bb column_border_width=\u00bbnone\u00bb column_border_style=\u00bbsolid\u00bb][\/vc_column][\/vc_row]\n","protected":false},"excerpt":{"rendered":"<p>[vc_row type=\u00bbfull_width_background\u00bb full_screen_row_position=\u00bbmiddle\u00bb bg_color=\u00bb#ffffff\u00bb scene_position=\u00bbcenter\u00bb text_color=\u00bbdark\u00bb text_align=\u00bbleft\u00bb bottom_padding=\u00bb100&#8243; overlay_strength=\u00bb0.3&#8243;][vc_column column_padding=\u00bbno-extra-padding\u00bb column_padding_position=\u00bball\u00bb background_color_opacity=\u00bb1&#8243; background_hover_color_opacity=\u00bb1&#8243; column_shadow=\u00bbnone\u00bb width=\u00bb1\/6&#8243; tablet_text_alignment=\u00bbdefault\u00bb phone_text_alignment=\u00bbdefault\u00bb column_border_width=\u00bbnone\u00bb column_border_style=\u00bbsolid\u00bb][\/vc_column][vc_column column_padding=\u00bbno-extra-padding\u00bb column_padding_position=\u00bball\u00bb background_color=\u00bb#1c4e27&#8243; background_color_opacity=\u00bb1&#8243; background_color_hover=\u00bb#ef9d00&#8243; background_hover_color_opacity=\u00bb1&#8243; font_color=\u00bb#ffffff\u00bb top_margin=\u00bb8&#8243; bottom_margin=\u00bb8&#8243; column_shadow=\u00bbnone\u00bb width=\u00bb2\/3&#8243;&#8230;<\/p>\n","protected":false},"author":7,"featured_media":0,"parent":0,"menu_order":0,"comment_status":"closed","ping_status":"closed","template":"","meta":{"footnotes":""},"_links":{"self":[{"href":"https:\/\/compostsegria.com\/ca\/wp-json\/wp\/v2\/pages\/2199"}],"collection":[{"href":"https:\/\/compostsegria.com\/ca\/wp-json\/wp\/v2\/pages"}],"about":[{"href":"https:\/\/compostsegria.com\/ca\/wp-json\/wp\/v2\/types\/page"}],"author":[{"embeddable":true,"href":"https:\/\/compostsegria.com\/ca\/wp-json\/wp\/v2\/users\/7"}],"replies":[{"embeddable":true,"href":"https:\/\/compostsegria.com\/ca\/wp-json\/wp\/v2\/comments?post=2199"}],"version-history":[{"count":2,"href":"https:\/\/compostsegria.com\/ca\/wp-json\/wp\/v2\/pages\/2199\/revisions"}],"predecessor-version":[{"id":2201,"href":"https:\/\/compostsegria.com\/ca\/wp-json\/wp\/v2\/pages\/2199\/revisions\/2201"}],"wp:attachment":[{"href":"https:\/\/compostsegria.com\/ca\/wp-json\/wp\/v2\/media?parent=2199"}],"curies":[{"name":"wp","href":"https:\/\/api.w.org\/{rel}","templated":true}]}}