{"id":2196,"date":"2024-03-08T10:09:43","date_gmt":"2024-03-08T10:09:43","guid":{"rendered":"https:\/\/compostsegria.com\/?page_id=2196"},"modified":"2024-03-08T10:09:57","modified_gmt":"2024-03-08T10:09:57","slug":"planta-de-compostatge-1","status":"publish","type":"page","link":"https:\/\/compostsegria.com\/ca\/fr\/planta-de-compostatge-1\/","title":{"rendered":"Planta de compostatge &#8211; 1 (fran)"},"content":{"rendered":"[vc_row type=\u00bbin_container\u00bb full_screen_row_position=\u00bbmiddle\u00bb scene_position=\u00bbcenter\u00bb text_color=\u00bbdark\u00bb text_align=\u00bbleft\u00bb top_padding=\u00bb40&#8243; id=\u00bbrecepcio\u00bb overlay_strength=\u00bb0.3&#8243;][vc_column centered_text=\u00bbtrue\u00bb column_padding=\u00bbno-extra-padding\u00bb column_padding_position=\u00bball\u00bb background_color_opacity=\u00bb1&#8243; background_color_hover=\u00bb#ef9d00&#8243; background_hover_color_opacity=\u00bb0.4&#8243; background_image=\u00bb1680&#8243; font_color=\u00bb#ffffff\u00bb column_shadow=\u00bbnone\u00bb width=\u00bb1\/1&#8243; tablet_text_alignment=\u00bbdefault\u00bb phone_text_alignment=\u00bbdefault\u00bb column_border_width=\u00bbnone\u00bb column_border_style=\u00bbsolid\u00bb][fancy_box image_url=\u00bb1680&#8243; color=\u00bbAccent-Color\u00bb]\n<h2>L&#8217;espace d&#8217;accueil<\/h2>\n<p>Cet espace est une zone correctement imperm\u00e9abilis\u00e9e et suffisamment grande pour accueillir les diff\u00e9rents types de mati\u00e8res premi\u00e8res qui arrivent en permanence. C&#8217;est \u00e0 ce stade que la mati\u00e8re premi\u00e8re est analys\u00e9e et class\u00e9e.[\/fancy_box][\/vc_column][\/vc_row][vc_row type=\u00bbin_container\u00bb full_screen_row_position=\u00bbmiddle\u00bb scene_position=\u00bbcenter\u00bb text_color=\u00bbdark\u00bb text_align=\u00bbleft\u00bb top_padding=\u00bb40&#8243; id=\u00bbfermentacio\u00bb overlay_strength=\u00bb0.3&#8243;][vc_column centered_text=\u00bbtrue\u00bb column_padding=\u00bbno-extra-padding\u00bb column_padding_position=\u00bball\u00bb background_color_opacity=\u00bb1&#8243; background_color_hover=\u00bb#ef9d00&#8243; background_hover_color_opacity=\u00bb0.4&#8243; background_image=\u00bb1680&#8243; font_color=\u00bb#ffffff\u00bb column_shadow=\u00bbnone\u00bb width=\u00bb1\/1&#8243; tablet_text_alignment=\u00bbdefault\u00bb phone_text_alignment=\u00bbdefault\u00bb column_border_width=\u00bbnone\u00bb column_border_style=\u00bbsolid\u00bb][fancy_box image_url=\u00bb1684&#8243; color=\u00bbAccent-Color\u00bb]\n<h2>Zone de fermentation<\/h2>\n<p>C&#8217;est l\u00e0 que les mati\u00e8res premi\u00e8res m\u00e9lang\u00e9es de mani\u00e8re homog\u00e8ne sont plac\u00e9es et que le processus de transformation, appel\u00e9 \u00ab\u00a0compostage\u00a0\u00bb\u00bb, a lieu. La mati\u00e8re organique se d\u00e9gradant naturellement et atteignant une temp\u00e9rature de plus de 70 \u00b0C, nos installations sont id\u00e9ales pour que ce processus se d\u00e9roule de mani\u00e8re contr\u00f4l\u00e9e et sans risque.[\/fancy_box][\/vc_column][\/vc_row][vc_row type=\u00bbin_container\u00bb full_screen_row_position=\u00bbmiddle\u00bb scene_position=\u00bbcenter\u00bb text_color=\u00bbdark\u00bb text_align=\u00bbleft\u00bb top_padding=\u00bb40&#8243; id=\u00bbmaduracio\u00bb overlay_strength=\u00bb0.3&#8243;][vc_column centered_text=\u00bbtrue\u00bb column_padding=\u00bbno-extra-padding\u00bb column_padding_position=\u00bball\u00bb background_color_opacity=\u00bb1&#8243; background_color_hover=\u00bb#ef9d00&#8243; background_hover_color_opacity=\u00bb0.4&#8243; background_image=\u00bb1680&#8243; font_color=\u00bb#ffffff\u00bb column_shadow=\u00bbnone\u00bb width=\u00bb1\/1&#8243; tablet_text_alignment=\u00bbdefault\u00bb phone_text_alignment=\u00bbdefault\u00bb column_border_width=\u00bbnone\u00bb column_border_style=\u00bbsolid\u00bb][fancy_box image_url=\u00bb1686&#8243; color=\u00bbAccent-Color\u00bb]\n<h2>Zone de maturation<\/h2>\n<p>Cette zone est imperm\u00e9abilis\u00e9e afin d&#8217;\u00e9viter que le produit ne se d\u00e9t\u00e9riore. Le compost y repose et est p\u00e9riodiquement remu\u00e9 pour oxyg\u00e9ner le m\u00e9lange, et \u00e9viter que les micro-organismes b\u00e9n\u00e9fiques pour les cultures et les sols ne meurent en raison du manque d&#8217;oxyg\u00e8ne.[\/fancy_box][\/vc_column][\/vc_row][vc_row type=\u00bbin_container\u00bb full_screen_row_position=\u00bbmiddle\u00bb scene_position=\u00bbcenter\u00bb text_color=\u00bbdark\u00bb text_align=\u00bbleft\u00bb id=\u00bbproducteacabat\u00bb overlay_strength=\u00bb0.3&#8243;][vc_column centered_text=\u00bbtrue\u00bb column_padding=\u00bbno-extra-padding\u00bb column_padding_position=\u00bball\u00bb background_color_opacity=\u00bb1&#8243; background_color_hover=\u00bb#ef9d00&#8243; background_hover_color_opacity=\u00bb0.4&#8243; background_image=\u00bb1680&#8243; font_color=\u00bb#ffffff\u00bb column_shadow=\u00bbnone\u00bb width=\u00bb1\/1&#8243; tablet_text_alignment=\u00bbdefault\u00bb phone_text_alignment=\u00bbdefault\u00bb column_border_width=\u00bbnone\u00bb column_border_style=\u00bbsolid\u00bb][fancy_box image_url=\u00bb1688&#8243; color=\u00bbAccent-Color\u00bb]\n<h2>Zone des produits finis<\/h2>\n<p>C&#8217;est ici que le produit final est d\u00e9pos\u00e9. Ici, notre compost est d\u00e9j\u00e0 stabilis\u00e9 et cribl\u00e9. L&#8217;un des avantages de ce produit est que son stockage et son transport ne pr\u00e9sentent aucun risque pour la sant\u00e9 ou l&#8217;environnement.[\/fancy_box][\/vc_column][\/vc_row]\n","protected":false},"excerpt":{"rendered":"<p>[vc_row type=\u00bbin_container\u00bb full_screen_row_position=\u00bbmiddle\u00bb scene_position=\u00bbcenter\u00bb text_color=\u00bbdark\u00bb text_align=\u00bbleft\u00bb top_padding=\u00bb40&#8243; id=\u00bbrecepcio\u00bb overlay_strength=\u00bb0.3&#8243;][vc_column centered_text=\u00bbtrue\u00bb column_padding=\u00bbno-extra-padding\u00bb column_padding_position=\u00bball\u00bb background_color_opacity=\u00bb1&#8243; background_color_hover=\u00bb#ef9d00&#8243; background_hover_color_opacity=\u00bb0.4&#8243; background_image=\u00bb1680&#8243; font_color=\u00bb#ffffff\u00bb column_shadow=\u00bbnone\u00bb width=\u00bb1\/1&#8243; tablet_text_alignment=\u00bbdefault\u00bb phone_text_alignment=\u00bbdefault\u00bb column_border_width=\u00bbnone\u00bb column_border_style=\u00bbsolid\u00bb][fancy_box image_url=\u00bb1680&#8243; color=\u00bbAccent-Color\u00bb] L&#8217;espace d&#8217;accueil Cet espace est&#8230;<\/p>\n","protected":false},"author":7,"featured_media":0,"parent":0,"menu_order":0,"comment_status":"closed","ping_status":"closed","template":"","meta":{"footnotes":""},"_links":{"self":[{"href":"https:\/\/compostsegria.com\/ca\/wp-json\/wp\/v2\/pages\/2196"}],"collection":[{"href":"https:\/\/compostsegria.com\/ca\/wp-json\/wp\/v2\/pages"}],"about":[{"href":"https:\/\/compostsegria.com\/ca\/wp-json\/wp\/v2\/types\/page"}],"author":[{"embeddable":true,"href":"https:\/\/compostsegria.com\/ca\/wp-json\/wp\/v2\/users\/7"}],"replies":[{"embeddable":true,"href":"https:\/\/compostsegria.com\/ca\/wp-json\/wp\/v2\/comments?post=2196"}],"version-history":[{"count":2,"href":"https:\/\/compostsegria.com\/ca\/wp-json\/wp\/v2\/pages\/2196\/revisions"}],"predecessor-version":[{"id":2198,"href":"https:\/\/compostsegria.com\/ca\/wp-json\/wp\/v2\/pages\/2196\/revisions\/2198"}],"wp:attachment":[{"href":"https:\/\/compostsegria.com\/ca\/wp-json\/wp\/v2\/media?parent=2196"}],"curies":[{"name":"wp","href":"https:\/\/api.w.org\/{rel}","templated":true}]}}