{"id":2193,"date":"2024-03-08T10:42:27","date_gmt":"2024-03-08T10:42:27","guid":{"rendered":"https:\/\/compostsegria.com\/?page_id=2193"},"modified":"2024-06-12T07:36:14","modified_gmt":"2024-06-12T07:36:14","slug":"noticies-3","status":"publish","type":"page","link":"https:\/\/compostsegria.com\/ca\/ca\/noticies-3\/","title":{"rendered":"Not\u00edcies"},"content":{"rendered":"[vc_row type=\u00bbin_container\u00bb full_screen_row_position=\u00bbmiddle\u00bb scene_position=\u00bbcenter\u00bb text_color=\u00bbdark\u00bb text_align=\u00bbleft\u00bb overlay_strength=\u00bb0.3&#8243;][vc_column column_padding=\u00bbno-extra-padding\u00bb column_padding_position=\u00bball\u00bb background_color_opacity=\u00bb1&#8243; background_hover_color_opacity=\u00bb1&#8243; column_shadow=\u00bbnone\u00bb width=\u00bb1\/1&#8243; tablet_text_alignment=\u00bbdefault\u00bb phone_text_alignment=\u00bbdefault\u00bb column_border_width=\u00bbnone\u00bb column_border_style=\u00bbsolid\u00bb]\t\t\t\r\n\t\t\t<div class=\"row blog-recent columns-3\" data-style=\"minimal\" data-color-scheme=\"light\">\r\n\t\t\t\t\r\n\t\t\t\t\r\n\t\t\t\t<div class=\"col span_4\">\r\n\t\t\t\t\t\r\n\t\t\t\t\t\r\n\t\t\t\t\t\t\t<a href=\"https:\/\/compostsegria.com\/ca\/ca\/compostatge-2-0-com-la-tecnologia-revoluciona-la-gestio-de-residus-organics\/\"><\/a>\r\n\t\t\t\t\t\t\t<div class=\"post-header\">\r\n\t\t\t\t\t\t\t\t<span class=\"meta\"> 8 octubre, 2024 in <a href=\"https:\/\/compostsegria.com\/ca\/ca\/category\/noticies\/\">Not\u00edcies<\/a> <\/span> \r\n\t\t\t\t\t\t\t\t<h3 class=\"title\">Compostatge 2.0: Com la tecnologia revoluciona la gesti\u00f3 de residus org\u00e0nics<\/h3>\t\r\n\t\t\t\t\t\t\t<\/div><!--\/post-header-->\r\n\t\t\t\t\t\t\t<p>Vivim en una era on la tecnologia transforma tots els aspectes de les nostres vides, incloent-hi la manera com gestionem els residus. El compostatge, una pr\u00e0ctica que fa anys que&#8230;<\/p>\n\t\t\t\t\t\t\t<span>Read More <i class=\"icon-button-arrow\"><\/i><\/span>\r\n\r\n\t\t\t\t\t\t\t\t\t\t\t\r\n\t\t\t\t<\/div><!--\/col-->\r\n\t\t\t\t\r\n\t\t\t\t\r\n\t\t\t\t<div class=\"col span_4\">\r\n\t\t\t\t\t\r\n\t\t\t\t\t\r\n\t\t\t\t\t\t\t<a href=\"https:\/\/compostsegria.com\/ca\/ca\/mostra-entrada-cat\/\"><\/a>\r\n\t\t\t\t\t\t\t<div class=\"post-header\">\r\n\t\t\t\t\t\t\t\t<span class=\"meta\"> 6 junio, 2024 in <a href=\"https:\/\/compostsegria.com\/ca\/ca\/category\/noticies\/\">Not\u00edcies<\/a> <\/span> \r\n\t\t\t\t\t\t\t\t<h3 class=\"title\">Conreant un futur sostenible<\/h3>\t\r\n\t\t\t\t\t\t\t<\/div><!--\/post-header-->\r\n\t\t\t\t\t\t\t<p>En Compost Segri\u00e0 ens apassiona el s\u00f2l. Per aix\u00f2, estem fermament compromesos amb l&#8217;agricultura ecol\u00f2gica i les pr\u00e0ctiques sostenibles que protegeixen el medi ambient i promouen el benestar de les&#8230;<\/p>\n\t\t\t\t\t\t\t<span>Read More <i class=\"icon-button-arrow\"><\/i><\/span>\r\n\r\n\t\t\t\t\t\t\t\t\t\t\t\r\n\t\t\t\t<\/div><!--\/col-->\r\n\t\t\t\t\r\n\t\t\t\t\t\t\r\n\t\t\t<\/div><!--\/blog-recent-->\r\n\t\t\r\n\t\t[\/vc_column][\/vc_row]\n","protected":false},"excerpt":{"rendered":"<p>[vc_row type=\u00bbin_container\u00bb full_screen_row_position=\u00bbmiddle\u00bb scene_position=\u00bbcenter\u00bb text_color=\u00bbdark\u00bb text_align=\u00bbleft\u00bb overlay_strength=\u00bb0.3&#8243;][vc_column column_padding=\u00bbno-extra-padding\u00bb column_padding_position=\u00bball\u00bb background_color_opacity=\u00bb1&#8243; background_hover_color_opacity=\u00bb1&#8243; column_shadow=\u00bbnone\u00bb width=\u00bb1\/1&#8243; tablet_text_alignment=\u00bbdefault\u00bb phone_text_alignment=\u00bbdefault\u00bb column_border_width=\u00bbnone\u00bb column_border_style=\u00bbsolid\u00bb][\/vc_column][\/vc_row]<\/p>\n","protected":false},"author":7,"featured_media":19,"parent":0,"menu_order":0,"comment_status":"closed","ping_status":"closed","template":"","meta":{"footnotes":""},"_links":{"self":[{"href":"https:\/\/compostsegria.com\/ca\/wp-json\/wp\/v2\/pages\/2193"}],"collection":[{"href":"https:\/\/compostsegria.com\/ca\/wp-json\/wp\/v2\/pages"}],"about":[{"href":"https:\/\/compostsegria.com\/ca\/wp-json\/wp\/v2\/types\/page"}],"author":[{"embeddable":true,"href":"https:\/\/compostsegria.com\/ca\/wp-json\/wp\/v2\/users\/7"}],"replies":[{"embeddable":true,"href":"https:\/\/compostsegria.com\/ca\/wp-json\/wp\/v2\/comments?post=2193"}],"version-history":[{"count":5,"href":"https:\/\/compostsegria.com\/ca\/wp-json\/wp\/v2\/pages\/2193\/revisions"}],"predecessor-version":[{"id":2626,"href":"https:\/\/compostsegria.com\/ca\/wp-json\/wp\/v2\/pages\/2193\/revisions\/2626"}],"wp:featuredmedia":[{"embeddable":true,"href":"https:\/\/compostsegria.com\/ca\/wp-json\/wp\/v2\/media\/19"}],"wp:attachment":[{"href":"https:\/\/compostsegria.com\/ca\/wp-json\/wp\/v2\/media?parent=2193"}],"curies":[{"name":"wp","href":"https:\/\/api.w.org\/{rel}","templated":true}]}}