{"id":2190,"date":"2024-03-08T10:03:18","date_gmt":"2024-03-08T10:03:18","guid":{"rendered":"https:\/\/compostsegria.com\/?page_id=2190"},"modified":"2024-05-10T08:53:06","modified_gmt":"2024-05-10T08:53:06","slug":"usine-de-compostage","status":"publish","type":"page","link":"https:\/\/compostsegria.com\/ca\/fr\/usine-de-compostage\/","title":{"rendered":"Usine de compostage"},"content":{"rendered":"[vc_row type=\u00bbfull_width_background\u00bb full_screen_row_position=\u00bbmiddle\u00bb equal_height=\u00bbyes\u00bb content_placement=\u00bbmiddle\u00bb bg_image=\u00bb995&#8243; bg_position=\u00bbleft top\u00bb bg_repeat=\u00bbno-repeat\u00bb parallax_bg=\u00bbtrue\u00bb parallax_bg_speed=\u00bbslow\u00bb scene_position=\u00bbcenter\u00bb text_color=\u00bblight\u00bb text_align=\u00bbleft\u00bb top_padding=\u00bb250&#8243; bottom_padding=\u00bb200&#8243; class=\u00bbaltura-minima-2&#8243; overlay_strength=\u00bb0.3&#8243;][vc_column column_padding=\u00bbno-extra-padding\u00bb column_padding_position=\u00bball\u00bb background_color_opacity=\u00bb1&#8243; background_hover_color_opacity=\u00bb1&#8243; column_shadow=\u00bbnone\u00bb width=\u00bb3\/4&#8243; tablet_text_alignment=\u00bbdefault\u00bb phone_text_alignment=\u00bbdefault\u00bb column_border_width=\u00bbnone\u00bb column_border_style=\u00bbsolid\u00bb][vc_column_text]\n<h1 style=\"text-align: left;\">Usine de compostage<\/h1>\n<div class=\"page\" title=\"Page 8\">\n<div class=\"section\">\n<div class=\"layoutArea\">\n<div class=\"column\">\n<p>Chez <strong>Compost Segri\u00e0<\/strong>, nous nous distinguons par notre grande exp\u00e9rience et notre relation \u00e9troite avec nos clients. Forts de nombreuses ann\u00e9es de travail c\u00f4te \u00e0 c\u00f4te, nous nous diff\u00e9rencions des autres entreprises de compostage en nous engageant \u00e0 fournir<strong> le meilleur service possible et \u00e0 nous adapter \u00e0 leurs besoins sp\u00e9cifiques.<\/strong> Nous offrons donc \u00e0 nos clients un <strong>service complet et personnalis\u00e9<\/strong> pour chaque situation.<\/p>\n<\/div>\n<\/div>\n<\/div>\n<\/div>\n[\/vc_column_text][nectar_btn size=\u00bbsmall\u00bb button_style=\u00bbregular\u00bb button_color_2=\u00bbAccent-Color\u00bb color_override=\u00bb#ffffff\u00bb icon_family=\u00bbnone\u00bb text=\u00bbConna\u00eetre nos services\u00bb margin_top=\u00bb20&#8243; url=\u00bb\/fr\/services\/\u00bb][\/vc_column][vc_column column_padding=\u00bbno-extra-padding\u00bb column_padding_position=\u00bball\u00bb background_color_opacity=\u00bb1&#8243; background_hover_color_opacity=\u00bb1&#8243; column_shadow=\u00bbnone\u00bb width=\u00bb1\/4&#8243; tablet_text_alignment=\u00bbdefault\u00bb phone_text_alignment=\u00bbdefault\u00bb column_border_width=\u00bbnone\u00bb column_border_style=\u00bbsolid\u00bb][\/vc_column][\/vc_row][vc_row type=\u00bbfull_width_background\u00bb full_screen_row_position=\u00bbmiddle\u00bb equal_height=\u00bbyes\u00bb content_placement=\u00bbmiddle\u00bb bg_color=\u00bb#efefef\u00bb scene_position=\u00bbcenter\u00bb text_color=\u00bbdark\u00bb text_align=\u00bbleft\u00bb top_padding=\u00bb4%\u00bb bottom_padding=\u00bb4%\u00bb id=\u00bbtipos-cultivos\u00bb row_name=\u00bbTipos Cultivos\u00bb overlay_strength=\u00bb0.3&#8243;][vc_column column_padding=\u00bbpadding-3-percent\u00bb column_padding_position=\u00bbleft-right\u00bb background_color_opacity=\u00bb1&#8243; background_hover_color_opacity=\u00bb1&#8243; column_shadow=\u00bbnone\u00bb width=\u00bb1\/2&#8243; tablet_text_alignment=\u00bbdefault\u00bb phone_text_alignment=\u00bbdefault\u00bb column_border_width=\u00bbnone\u00bb column_border_style=\u00bbsolid\u00bb offset=\u00bbvc_col-xs-12&#8243;][vc_column_text css=\u00bb.vc_custom_1709891885083{margin-bottom: 45px !important;}\u00bb]\n<h2 class=\"color-verde\">Qu&#8217;est-ce qu&#8217;une usine de compostage?<\/h2>\n[\/vc_column_text][vc_row_inner column_margin=\u00bbdefault\u00bb text_align=\u00bbleft\u00bb][vc_column_inner enable_animation=\u00bbtrue\u00bb animation=\u00bbfade-in-from-bottom\u00bb column_padding=\u00bbno-extra-padding\u00bb column_padding_position=\u00bball\u00bb background_color_opacity=\u00bb1&#8243; width=\u00bb1\/1&#8243; column_border_width=\u00bbnone\u00bb column_border_style=\u00bbsolid\u00bb delay=\u00bb150&#8243;][vc_column_text]Chez <strong>Compost Segri\u00e0<\/strong>, nous disposons d&#8217;une <strong>usine de compostage<\/strong> dot\u00e9e des installations appropri\u00e9es pour transformer les d\u00e9chets organiques en compost. Ces installations permettent de r\u00e9aliser le processus de compostage de mani\u00e8re contr\u00f4l\u00e9e et respectueuse de l&#8217;environnement.[\/vc_column_text][\/vc_column_inner][\/vc_row_inner][\/vc_column][vc_column column_padding=\u00bbno-extra-padding\u00bb column_padding_position=\u00bball\u00bb background_color_opacity=\u00bb1&#8243; background_hover_color_opacity=\u00bb1&#8243; column_shadow=\u00bbnone\u00bb width=\u00bb1\/2&#8243; tablet_text_alignment=\u00bbdefault\u00bb phone_text_alignment=\u00bbdefault\u00bb column_border_width=\u00bbnone\u00bb column_border_style=\u00bbsolid\u00bb offset=\u00bbvc_col-xs-12&#8243;]<div class=\"img-with-aniamtion-wrap right\" data-max-width=\"100%\"><div class=\"inner\"><img loading=\"lazy\" decoding=\"async\" data-shadow=\"none\" data-shadow-direction=\"middle\" class=\"img-with-animation \" data-delay=\"0\" height=\"464\" width=\"652\" data-animation=\"fade-in\" src=\"https:\/\/compostsegria.com\/wp-content\/uploads\/2019\/02\/aeri.jpg\" srcset=\"https:\/\/compostsegria.com\/wp-content\/uploads\/2019\/02\/aeri.jpg 652w, https:\/\/compostsegria.com\/wp-content\/uploads\/2019\/02\/aeri-300x213.jpg 300w\" alt=\"\" \/><\/div><\/div>[\/vc_column][\/vc_row][vc_row type=\u00bbfull_width_background\u00bb full_screen_row_position=\u00bbmiddle\u00bb bg_color=\u00bb#ffffff\u00bb scene_position=\u00bbcenter\u00bb text_color=\u00bbdark\u00bb text_align=\u00bbleft\u00bb top_padding=\u00bb6%\u00bb bottom_padding=\u00bb6%\u00bb id=\u00bbproceso\u00bb row_name=\u00bbProceso\u00bb overlay_strength=\u00bb0.3&#8243;][vc_column centered_text=\u00bbtrue\u00bb column_padding=\u00bbno-extra-padding\u00bb column_padding_position=\u00bball\u00bb background_color_opacity=\u00bb1&#8243; background_hover_color_opacity=\u00bb1&#8243; column_shadow=\u00bbnone\u00bb width=\u00bb1\/1&#8243; tablet_text_alignment=\u00bbdefault\u00bb phone_text_alignment=\u00bbdefault\u00bb column_border_width=\u00bbnone\u00bb column_border_style=\u00bbsolid\u00bb][vc_row_inner column_margin=\u00bbdefault\u00bb top_padding=\u00bb40&#8243; text_align=\u00bbleft\u00bb css=\u00bb.vc_custom_1705584381663{margin-top: 40px !important;}\u00bb][vc_column_inner enable_animation=\u00bbtrue\u00bb animation=\u00bbfade-in\u00bb column_padding=\u00bbno-extra-padding\u00bb column_padding_position=\u00bball\u00bb background_color_opacity=\u00bb1&#8243; width=\u00bb1\/1&#8243; column_border_width=\u00bbnone\u00bb column_border_style=\u00bbsolid\u00bb][vc_column_text css=\u00bb.vc_custom_1709891898804{padding-bottom: 10px !important;}\u00bb]\n<h2 class=\"color-verde\" style=\"text-align: center;\">Notre usine de compostage<\/h2>\n[\/vc_column_text][\/vc_column_inner][\/vc_row_inner][vc_row_inner column_margin=\u00bbdefault\u00bb text_align=\u00bbleft\u00bb css=\u00bb.vc_custom_1549910850039{margin-top: 60px !important;}\u00bb][vc_column_inner background_image=\u00bb2599&#8243; enable_bg_scale=\u00bbtrue\u00bb column_padding=\u00bbpadding-10-percent\u00bb column_padding_position=\u00bbtop-bottom\u00bb background_color_opacity=\u00bb1&#8243; font_color=\u00bb#ffffff\u00bb width=\u00bb1\/4&#8243; column_border_width=\u00bbnone\u00bb column_border_style=\u00bbsolid\u00bb column_link=\u00bb\/fr\/planta-de-compostatge-1&#8243;][vc_column_text]\n<h3>Zone d&#8217;accueil<\/h3>\n<p>En savoir plus[\/vc_column_text][\/vc_column_inner][vc_column_inner background_image=\u00bb2601&#8243; enable_bg_scale=\u00bbtrue\u00bb column_padding=\u00bbpadding-10-percent\u00bb column_padding_position=\u00bbtop-bottom\u00bb background_color_opacity=\u00bb1&#8243; font_color=\u00bb#ffffff\u00bb width=\u00bb1\/4&#8243; column_border_width=\u00bbnone\u00bb column_border_style=\u00bbsolid\u00bb column_link=\u00bb\/fr\/planta-de-compostatge-1&#8243;][vc_column_text]\n<h3>Zone de fermentation<\/h3>\n<p>En savoir plus[\/vc_column_text][\/vc_column_inner][vc_column_inner background_image=\u00bb2603&#8243; enable_bg_scale=\u00bbtrue\u00bb column_padding=\u00bbpadding-10-percent\u00bb column_padding_position=\u00bbtop-bottom\u00bb background_color_opacity=\u00bb1&#8243; font_color=\u00bb#ffffff\u00bb width=\u00bb1\/4&#8243; column_border_width=\u00bbnone\u00bb column_border_style=\u00bbsolid\u00bb column_link=\u00bb\/fr\/planta-de-compostatge-1&#8243;][vc_column_text]\n<h3>Zone de maturation<\/h3>\n<p>En savoir plus[\/vc_column_text][\/vc_column_inner][vc_column_inner background_image=\u00bb2604&#8243; enable_bg_scale=\u00bbtrue\u00bb column_padding=\u00bbpadding-10-percent\u00bb column_padding_position=\u00bbtop-bottom\u00bb background_color_opacity=\u00bb1&#8243; font_color=\u00bb#ffffff\u00bb width=\u00bb1\/4&#8243; column_border_width=\u00bbnone\u00bb column_border_style=\u00bbsolid\u00bb column_link=\u00bb\/fr\/planta-de-compostatge-1&#8243;][vc_column_text]\n<h3>Zone de produits finis<\/h3>\n<p>En savoir plus[\/vc_column_text][\/vc_column_inner][\/vc_row_inner][vc_row_inner column_margin=\u00bbdefault\u00bb text_align=\u00bbleft\u00bb][vc_column_inner column_padding=\u00bbno-extra-padding\u00bb column_padding_position=\u00bball\u00bb background_color_opacity=\u00bb1&#8243; width=\u00bb1\/1&#8243; column_border_width=\u00bbnone\u00bb column_border_style=\u00bbsolid\u00bb][vc_column_text css=\u00bb.vc_custom_1709892025359{margin-top: 40px !important;padding-bottom: 10px !important;}\u00bb]\n<div class=\"page\" title=\"Page 8\">\n<div class=\"section\">\n<div class=\"layoutArea\">\n<div class=\"column\">\n<h2 style=\"text-align: center;\">Qu&#8217;est-ce que le processus de compostage?<\/h2>\n<\/div>\n<\/div>\n<\/div>\n<\/div>\n[\/vc_column_text][\/vc_column_inner][\/vc_row_inner][vc_row_inner column_margin=\u00bbdefault\u00bb text_align=\u00bbleft\u00bb css=\u00bb.vc_custom_1706182830578{margin-top: 10px !important;}\u00bb][vc_column_inner column_padding=\u00bbno-extra-padding\u00bb column_padding_position=\u00bball\u00bb background_color_opacity=\u00bb1&#8243; width=\u00bb1\/3&#8243; column_border_width=\u00bbnone\u00bb column_border_style=\u00bbsolid\u00bb]<div class=\"img-with-aniamtion-wrap \" data-max-width=\"100%\"><div class=\"inner\"><img loading=\"lazy\" decoding=\"async\" data-shadow=\"none\" data-shadow-direction=\"middle\" class=\"img-with-animation \" data-delay=\"0\" height=\"1356\" width=\"863\" data-animation=\"fade-in\" src=\"https:\/\/compostsegria.com\/wp-content\/uploads\/2024\/05\/201118_CompostSegria_025-scaled-e1708605708403-3.jpeg\" srcset=\"https:\/\/compostsegria.com\/wp-content\/uploads\/2024\/05\/201118_CompostSegria_025-scaled-e1708605708403-3.jpeg 863w, https:\/\/compostsegria.com\/wp-content\/uploads\/2024\/05\/201118_CompostSegria_025-scaled-e1708605708403-3-191x300.jpeg 191w, https:\/\/compostsegria.com\/wp-content\/uploads\/2024\/05\/201118_CompostSegria_025-scaled-e1708605708403-3-652x1024.jpeg 652w, https:\/\/compostsegria.com\/wp-content\/uploads\/2024\/05\/201118_CompostSegria_025-scaled-e1708605708403-3-768x1207.jpeg 768w\" alt=\"\" \/><\/div><\/div>[\/vc_column_inner][vc_column_inner column_padding=\u00bbno-extra-padding\u00bb column_padding_position=\u00bball\u00bb background_color_opacity=\u00bb1&#8243; width=\u00bb2\/3&#8243; column_border_width=\u00bbnone\u00bb column_border_style=\u00bbsolid\u00bb][vc_column_text]\n<div class=\"page\" title=\"Page 8\">\n<div class=\"section\">\n<div class=\"layoutArea\">\n<div class=\"column\">\n<p>Le processus de compostage fait partie int\u00e9grante de la mission de Compost Segri\u00e0, car il nous permet de cr\u00e9er des <strong>engrais et des fertilisants organiques de haute qualit\u00e9.<\/strong> Le compost, l&#8217;un de nos engrais les plus polyvalents, est le r\u00e9sultat d&#8217;une d\u00e9composition naturelle de la mati\u00e8re organique primaire, r\u00e9alis\u00e9e de mani\u00e8re contr\u00f4l\u00e9e. Ce processus implique la participation de micro-organismes b\u00e9n\u00e9fiques \u00e0 la vie des plantes, transformant le compos\u00e9 en un m\u00e9lange hautement nutritif et b\u00e9n\u00e9fique pour la croissance de tous les types de cultures et de plantes.<\/p>\n<p>Il est essentiel d&#8217;effectuer le traitement de compostage dans des installations sp\u00e9cifiques afin de garantir que le <strong>produit final<\/strong> pr\u00e9sente une <strong>qualit\u00e9 optimale<\/strong>, comme c&#8217;est le cas pour notre compost chez Compost Segri\u00e0. Nos produits ne sont pas seulement id\u00e9aux pour l&#8217;agriculture, ils jouent \u00e9galement un r\u00f4le important dans le jardinage ainsi que dans la conservation et la r\u00e9cup\u00e9ration des sols d\u00e9grad\u00e9s.<\/p>\n<p>Il est important de noter que le processus de compostage n&#8217;a pas d&#8217;incidence n\u00e9gative sur l&#8217;environnement ou la sant\u00e9, \u00e0 condition qu&#8217;il soit effectu\u00e9 correctement. En compostant les d\u00e9chets organiques, nous contribuons \u00e0 leur <strong>r\u00e9duction<\/strong> et encourageons le recyclage afin de minimiser notre impact sur la plan\u00e8te Terre et ses ressources naturelles.<\/p>\n<\/div>\n<\/div>\n<\/div>\n<\/div>\n[\/vc_column_text][\/vc_column_inner][\/vc_row_inner][\/vc_column][\/vc_row][vc_row type=\u00bbfull_width_content\u00bb full_screen_row_position=\u00bbmiddle\u00bb scene_position=\u00bbcenter\u00bb text_color=\u00bbdark\u00bb text_align=\u00bbleft\u00bb overlay_strength=\u00bb0.3&#8243;][vc_column column_padding=\u00bbno-extra-padding\u00bb column_padding_position=\u00bball\u00bb background_color_opacity=\u00bb1&#8243; background_hover_color_opacity=\u00bb1&#8243; column_shadow=\u00bbnone\u00bb width=\u00bb1\/1&#8243; tablet_text_alignment=\u00bbdefault\u00bb phone_text_alignment=\u00bbdefault\u00bb column_border_width=\u00bbnone\u00bb column_border_style=\u00bbsolid\u00bb][vc_gallery type=\u00bbflickity_style\u00bb images=\u00bb451,448,450,449,452&#8243; flickity_controls=\u00bbnone\u00bb flickity_desktop_columns=\u00bb3&#8243; flickity_small_desktop_columns=\u00bb2&#8243; flickity_tablet_columns=\u00bb1&#8243; flickity_autoplay=\u00bbtrue\u00bb flickity_box_shadow=\u00bbsmall_depth\u00bb onclick=\u00bblink_image\u00bb flickity_autoplay_dur=\u00bb5000&#8243;][\/vc_column][\/vc_row]\n","protected":false},"excerpt":{"rendered":"<p>[vc_row type=\u00bbfull_width_background\u00bb full_screen_row_position=\u00bbmiddle\u00bb equal_height=\u00bbyes\u00bb content_placement=\u00bbmiddle\u00bb bg_image=\u00bb995&#8243; bg_position=\u00bbleft top\u00bb bg_repeat=\u00bbno-repeat\u00bb parallax_bg=\u00bbtrue\u00bb parallax_bg_speed=\u00bbslow\u00bb scene_position=\u00bbcenter\u00bb text_color=\u00bblight\u00bb text_align=\u00bbleft\u00bb top_padding=\u00bb250&#8243; bottom_padding=\u00bb200&#8243; class=\u00bbaltura-minima-2&#8243; overlay_strength=\u00bb0.3&#8243;][vc_column column_padding=\u00bbno-extra-padding\u00bb column_padding_position=\u00bball\u00bb background_color_opacity=\u00bb1&#8243; background_hover_color_opacity=\u00bb1&#8243; column_shadow=\u00bbnone\u00bb width=\u00bb3\/4&#8243; tablet_text_alignment=\u00bbdefault\u00bb phone_text_alignment=\u00bbdefault\u00bb column_border_width=\u00bbnone\u00bb column_border_style=\u00bbsolid\u00bb][vc_column_text] Usine de&#8230;<\/p>\n","protected":false},"author":7,"featured_media":0,"parent":0,"menu_order":0,"comment_status":"closed","ping_status":"closed","template":"","meta":{"footnotes":""},"_links":{"self":[{"href":"https:\/\/compostsegria.com\/ca\/wp-json\/wp\/v2\/pages\/2190"}],"collection":[{"href":"https:\/\/compostsegria.com\/ca\/wp-json\/wp\/v2\/pages"}],"about":[{"href":"https:\/\/compostsegria.com\/ca\/wp-json\/wp\/v2\/types\/page"}],"author":[{"embeddable":true,"href":"https:\/\/compostsegria.com\/ca\/wp-json\/wp\/v2\/users\/7"}],"replies":[{"embeddable":true,"href":"https:\/\/compostsegria.com\/ca\/wp-json\/wp\/v2\/comments?post=2190"}],"version-history":[{"count":7,"href":"https:\/\/compostsegria.com\/ca\/wp-json\/wp\/v2\/pages\/2190\/revisions"}],"predecessor-version":[{"id":2605,"href":"https:\/\/compostsegria.com\/ca\/wp-json\/wp\/v2\/pages\/2190\/revisions\/2605"}],"wp:attachment":[{"href":"https:\/\/compostsegria.com\/ca\/wp-json\/wp\/v2\/media?parent=2190"}],"curies":[{"name":"wp","href":"https:\/\/api.w.org\/{rel}","templated":true}]}}