{"id":2184,"date":"2024-03-08T09:46:52","date_gmt":"2024-03-08T09:46:52","guid":{"rendered":"https:\/\/compostsegria.com\/?page_id=2184"},"modified":"2024-05-10T08:46:08","modified_gmt":"2024-05-10T08:46:08","slug":"composition-du-compost","status":"publish","type":"page","link":"https:\/\/compostsegria.com\/ca\/fr\/composition-du-compost\/","title":{"rendered":"Composition du compost"},"content":{"rendered":"[vc_row type=\u00bbin_container\u00bb full_screen_row_position=\u00bbmiddle\u00bb scene_position=\u00bbcenter\u00bb text_color=\u00bbdark\u00bb text_align=\u00bbleft\u00bb overlay_strength=\u00bb0.3&#8243;][vc_column column_padding=\u00bbno-extra-padding\u00bb column_padding_position=\u00bball\u00bb background_color_opacity=\u00bb1&#8243; background_hover_color_opacity=\u00bb1&#8243; top_margin=\u00bb60&#8243; column_shadow=\u00bbnone\u00bb width=\u00bb1\/2&#8243; tablet_text_alignment=\u00bbdefault\u00bb phone_text_alignment=\u00bbdefault\u00bb column_border_width=\u00bbnone\u00bb column_border_style=\u00bbsolid\u00bb][vc_column_text]\n<p style=\"text-align: left;\">Le compost est produit \u00e0 partir de mati\u00e8res organiques et son utilisation principale est la fertilisation des sols cultiv\u00e9s. C&#8217;est aussi l&#8217;engrais le plus complet et le plus complexe disponible sur le march\u00e9. Les engrais conventionnels ou inorganiques ont une composition tr\u00e8s simple et sont donc tr\u00e8s homog\u00e8nes. En revanche, la composition du compost est tr\u00e8s diff\u00e9rente, puisque son origine est naturelle. Mais son principal avantage par rapport aux autres engrais est qu&#8217;il contient des \u00e9l\u00e9ments nutritifs qui forment des r\u00e9seaux complexes avec plus de mol\u00e9cules organiques, ce qui favorise la lib\u00e9ration et l&#8217;absorption des \u00e9l\u00e9ments nutritifs.<\/p>\n[\/vc_column_text][\/vc_column][vc_column column_padding=\u00bbno-extra-padding\u00bb column_padding_position=\u00bball\u00bb background_color_opacity=\u00bb1&#8243; background_hover_color_opacity=\u00bb1&#8243; top_margin=\u00bb60&#8243; column_shadow=\u00bbnone\u00bb width=\u00bb1\/2&#8243; tablet_text_alignment=\u00bbdefault\u00bb phone_text_alignment=\u00bbdefault\u00bb column_border_width=\u00bbnone\u00bb column_border_style=\u00bbsolid\u00bb]<div class=\"img-with-aniamtion-wrap \" data-max-width=\"100%\"><div class=\"inner\"><img loading=\"lazy\" decoding=\"async\" data-shadow=\"none\" data-shadow-direction=\"middle\" class=\"img-with-animation \" data-delay=\"0\" height=\"1025\" width=\"1536\" data-animation=\"fade-in\" src=\"https:\/\/compostsegria.com\/wp-content\/uploads\/2024\/05\/201118_CompostSegria_007-scaled-1-1536x1025-1.jpeg\" srcset=\"https:\/\/compostsegria.com\/wp-content\/uploads\/2024\/05\/201118_CompostSegria_007-scaled-1-1536x1025-1.jpeg 1536w, https:\/\/compostsegria.com\/wp-content\/uploads\/2024\/05\/201118_CompostSegria_007-scaled-1-1536x1025-1-300x200.jpeg 300w, https:\/\/compostsegria.com\/wp-content\/uploads\/2024\/05\/201118_CompostSegria_007-scaled-1-1536x1025-1-1024x683.jpeg 1024w, https:\/\/compostsegria.com\/wp-content\/uploads\/2024\/05\/201118_CompostSegria_007-scaled-1-1536x1025-1-768x513.jpeg 768w\" alt=\"\" \/><\/div><\/div>[\/vc_column][\/vc_row][vc_row type=\u00bbin_container\u00bb full_screen_row_position=\u00bbmiddle\u00bb scene_position=\u00bbcenter\u00bb text_color=\u00bbdark\u00bb text_align=\u00bbleft\u00bb overlay_strength=\u00bb0.3&#8243;][vc_column column_padding=\u00bbno-extra-padding\u00bb column_padding_position=\u00bball\u00bb background_color_opacity=\u00bb1&#8243; background_hover_color_opacity=\u00bb1&#8243; column_shadow=\u00bbnone\u00bb width=\u00bb1\/1&#8243; tablet_text_alignment=\u00bbdefault\u00bb phone_text_alignment=\u00bbdefault\u00bb column_border_width=\u00bbnone\u00bb column_border_style=\u00bbsolid\u00bb][vc_column_text]\n<h2 style=\"text-align: center;\">Composants nutritionnels du compost:<\/h2>\n[\/vc_column_text][\/vc_column][\/vc_row][vc_row type=\u00bbin_container\u00bb full_screen_row_position=\u00bbmiddle\u00bb scene_position=\u00bbcenter\u00bb text_color=\u00bbdark\u00bb text_align=\u00bbleft\u00bb overlay_strength=\u00bb0.3&#8243;][vc_column column_padding=\u00bbno-extra-padding\u00bb column_padding_position=\u00bball\u00bb background_color_opacity=\u00bb1&#8243; background_hover_color_opacity=\u00bb1&#8243; column_shadow=\u00bbnone\u00bb width=\u00bb1\/2&#8243; tablet_text_alignment=\u00bbdefault\u00bb phone_text_alignment=\u00bbdefault\u00bb column_border_width=\u00bbnone\u00bb column_border_style=\u00bbsolid\u00bb]<div class=\"img-with-aniamtion-wrap \" data-max-width=\"100%\"><div class=\"inner\"><img loading=\"lazy\" decoding=\"async\" data-shadow=\"none\" data-shadow-direction=\"middle\" class=\"img-with-animation \" data-delay=\"0\" height=\"1105\" width=\"1656\" data-animation=\"fade-in\" src=\"https:\/\/compostsegria.com\/wp-content\/uploads\/2024\/01\/productes-1.jpg\" srcset=\"https:\/\/compostsegria.com\/wp-content\/uploads\/2024\/01\/productes-1.jpg 1656w, https:\/\/compostsegria.com\/wp-content\/uploads\/2024\/01\/productes-1-300x200.jpg 300w, https:\/\/compostsegria.com\/wp-content\/uploads\/2024\/01\/productes-1-1024x683.jpg 1024w, https:\/\/compostsegria.com\/wp-content\/uploads\/2024\/01\/productes-1-768x512.jpg 768w, https:\/\/compostsegria.com\/wp-content\/uploads\/2024\/01\/productes-1-1536x1025.jpg 1536w\" alt=\"\" \/><\/div><\/div>[\/vc_column][vc_column column_padding=\u00bbno-extra-padding\u00bb column_padding_position=\u00bball\u00bb background_color_opacity=\u00bb1&#8243; background_hover_color_opacity=\u00bb1&#8243; column_shadow=\u00bbnone\u00bb width=\u00bb1\/2&#8243; tablet_text_alignment=\u00bbdefault\u00bb phone_text_alignment=\u00bbdefault\u00bb column_border_width=\u00bbnone\u00bb column_border_style=\u00bbsolid\u00bb][vc_column_text]Le compost est un mat\u00e9riau tr\u00e8s h\u00e9t\u00e9rog\u00e8ne qui contient tous les \u00e9l\u00e9ments n\u00e9cessaires \u00e0 l&#8217;accomplissement d&#8217;un cycle v\u00e9g\u00e9tatif optimal. Nous savons que la nutrition des cultures d\u00e9pend directement de la fertilit\u00e9 du sol et de l&#8217;\u00e9tat du mat\u00e9riel v\u00e9g\u00e9tal. Par cons\u00e9quent, chaque \u00e9l\u00e9ment joue un r\u00f4le dans le d\u00e9veloppement de toute esp\u00e8ce et, en cas de carence, la production est affect\u00e9e.<\/p>\n<p>Voici un aper\u00e7u g\u00e9n\u00e9ral des principales fonctions de ces \u00e9l\u00e9ments :[\/vc_column_text][\/vc_column][\/vc_row][vc_row type=\u00bbin_container\u00bb full_screen_row_position=\u00bbmiddle\u00bb scene_position=\u00bbcenter\u00bb text_color=\u00bbcustom\u00bb custom_text_color=\u00bb#ffffff\u00bb text_align=\u00bbleft\u00bb overlay_strength=\u00bb0.3&#8243;][vc_column column_padding=\u00bbpadding-2-percent\u00bb column_padding_position=\u00bball\u00bb background_color=\u00bb#144d29&#8243; background_color_opacity=\u00bb1&#8243; background_hover_color_opacity=\u00bb1&#8243; column_shadow=\u00bbnone\u00bb width=\u00bb1\/1&#8243; tablet_text_alignment=\u00bbdefault\u00bb phone_text_alignment=\u00bbdefault\u00bb column_border_width=\u00bbnone\u00bb column_border_style=\u00bbsolid\u00bb][vc_column_text]\n<h3>Macronutriments<\/h3>\n[\/vc_column_text][vc_column_text]<strong>Azote:<\/strong> C&#8217;est un \u00e9l\u00e9ment structurel des acides amin\u00e9s, qui forment les prot\u00e9ines, et de la chlorophylle. Il joue donc un r\u00f4le fondamental dans le d\u00e9veloppement v\u00e9g\u00e9tatif des plantes.<\/p>\n<p><strong>Phosphore:<\/strong> C&#8217;est un \u00e9l\u00e9ment structurel de l&#8217;ADN, des phospholipides et de la mol\u00e9cule d&#8217;ATP, et il joue un r\u00f4le \u00e9nerg\u00e9tique important.<\/p>\n<p><strong>Potassium: <\/strong>Il poss\u00e8de trois fonctions principales, il est impliqu\u00e9 dans l&#8217;activation des enzymes, le mouvement des sucres et est un r\u00e9gulateur osmotique. Sa carence entra\u00eene une r\u00e9duction de la croissance et du rendement des cultures.<\/p>\n<p><strong>Calcium:<\/strong> Ilfait partie de la structure de la paroi cellulaire. Sa carence provoque d&#8217;importants d\u00e9sordres physiologiques dans les tissus \u00e0 croissance rapide tels que les fruits. Le \u00ab\u00a0bitter pit\u201d des pommes en est un exemple.<\/p>\n<p><strong>Magn\u00e9sium:<\/strong> Il fait partie de la mol\u00e9cule de chlorophylle. Il est donc indispensable \u00e0 la photosynth\u00e8se. La carence de cet \u00e9l\u00e9ment provoque le jaunissement des feuilles.<\/p>\n<p><strong>Soufre:<\/strong> Il poss\u00e8de des fonctions structurelles dans certains acides amin\u00e9s. La carence de cet \u00e9l\u00e9ment provoque la *chlorose des feuilles.[\/vc_column_text][\/vc_column][\/vc_row][vc_row type=\u00bbin_container\u00bb full_screen_row_position=\u00bbmiddle\u00bb scene_position=\u00bbcenter\u00bb text_color=\u00bbcustom\u00bb custom_text_color=\u00bb#ffffff\u00bb text_align=\u00bbleft\u00bb overlay_strength=\u00bb0.3&#8243;][vc_column column_padding=\u00bbpadding-2-percent\u00bb column_padding_position=\u00bball\u00bb background_color=\u00bb#144d29&#8243; background_color_opacity=\u00bb1&#8243; background_hover_color_opacity=\u00bb1&#8243; top_margin=\u00bb-100&#8243; column_shadow=\u00bbnone\u00bb width=\u00bb1\/1&#8243; tablet_text_alignment=\u00bbdefault\u00bb phone_text_alignment=\u00bbdefault\u00bb column_border_width=\u00bbnone\u00bb column_border_style=\u00bbsolid\u00bb][vc_column_text]\n<h3>Micronutriments<\/h3>\n[\/vc_column_text][vc_column_text]Les \u00e9l\u00e9ments tels que le bore, le chlore, le cuivre, le nickel, le magn\u00e9sium, le molybd\u00e8ne, le zinc et le fer sont consid\u00e9r\u00e9s comme des micronutriments essentiels \u00e0 la croissance des plantes. Ces derni\u00e8res en ont besoin en petites quantit\u00e9s et leur exc\u00e8s peut entra\u00eener une phytotoxicit\u00e9. Ils remplissent une grande vari\u00e9t\u00e9 de fonctions structurelles, enzymatiques, photosynth\u00e9tiques, hormonales et autres.[\/vc_column_text][\/vc_column][\/vc_row]\n","protected":false},"excerpt":{"rendered":"<p>[vc_row type=\u00bbin_container\u00bb full_screen_row_position=\u00bbmiddle\u00bb scene_position=\u00bbcenter\u00bb text_color=\u00bbdark\u00bb text_align=\u00bbleft\u00bb overlay_strength=\u00bb0.3&#8243;][vc_column column_padding=\u00bbno-extra-padding\u00bb column_padding_position=\u00bball\u00bb background_color_opacity=\u00bb1&#8243; background_hover_color_opacity=\u00bb1&#8243; top_margin=\u00bb60&#8243; column_shadow=\u00bbnone\u00bb width=\u00bb1\/2&#8243; tablet_text_alignment=\u00bbdefault\u00bb phone_text_alignment=\u00bbdefault\u00bb column_border_width=\u00bbnone\u00bb column_border_style=\u00bbsolid\u00bb][vc_column_text] Le compost est produit \u00e0 partir de mati\u00e8res organiques et son utilisation&#8230;<\/p>\n","protected":false},"author":7,"featured_media":0,"parent":0,"menu_order":0,"comment_status":"closed","ping_status":"closed","template":"","meta":{"footnotes":""},"_links":{"self":[{"href":"https:\/\/compostsegria.com\/ca\/wp-json\/wp\/v2\/pages\/2184"}],"collection":[{"href":"https:\/\/compostsegria.com\/ca\/wp-json\/wp\/v2\/pages"}],"about":[{"href":"https:\/\/compostsegria.com\/ca\/wp-json\/wp\/v2\/types\/page"}],"author":[{"embeddable":true,"href":"https:\/\/compostsegria.com\/ca\/wp-json\/wp\/v2\/users\/7"}],"replies":[{"embeddable":true,"href":"https:\/\/compostsegria.com\/ca\/wp-json\/wp\/v2\/comments?post=2184"}],"version-history":[{"count":3,"href":"https:\/\/compostsegria.com\/ca\/wp-json\/wp\/v2\/pages\/2184\/revisions"}],"predecessor-version":[{"id":2594,"href":"https:\/\/compostsegria.com\/ca\/wp-json\/wp\/v2\/pages\/2184\/revisions\/2594"}],"wp:attachment":[{"href":"https:\/\/compostsegria.com\/ca\/wp-json\/wp\/v2\/media?parent=2184"}],"curies":[{"name":"wp","href":"https:\/\/api.w.org\/{rel}","templated":true}]}}