{"id":2177,"date":"2024-03-08T09:21:21","date_gmt":"2024-03-08T09:21:21","guid":{"rendered":"https:\/\/compostsegria.com\/?page_id=2177"},"modified":"2024-05-10T08:21:07","modified_gmt":"2024-05-10T08:21:07","slug":"tout-sur-le-compost","status":"publish","type":"page","link":"https:\/\/compostsegria.com\/ca\/fr\/tout-sur-le-compost\/","title":{"rendered":"Tout sur le compost"},"content":{"rendered":"[vc_row type=\u00bbfull_width_background\u00bb full_screen_row_position=\u00bbmiddle\u00bb equal_height=\u00bbyes\u00bb bg_image=\u00bb2587&#8243; bg_position=\u00bbcenter bottom\u00bb bg_repeat=\u00bbno-repeat\u00bb parallax_bg=\u00bbtrue\u00bb parallax_bg_speed=\u00bbslow\u00bb scene_position=\u00bbcenter\u00bb text_color=\u00bblight\u00bb text_align=\u00bbleft\u00bb top_padding=\u00bb250&#8243; bottom_padding=\u00bb150&#8243; class=\u00bbaltura-minima-2&#8243; overlay_strength=\u00bb0.3&#8243;][vc_column column_padding=\u00bbno-extra-padding\u00bb column_padding_position=\u00bball\u00bb background_color_opacity=\u00bb1&#8243; background_hover_color_opacity=\u00bb1&#8243; column_shadow=\u00bbnone\u00bb width=\u00bb1\/2&#8243; tablet_text_alignment=\u00bbdefault\u00bb phone_text_alignment=\u00bbdefault\u00bb column_border_width=\u00bbnone\u00bb column_border_style=\u00bbsolid\u00bb][vc_column_text]\n<h1 style=\"text-align: left;\">Tout sur le compost<\/h1>\n<div class=\"page\" title=\"Page 6\">\n<div class=\"section\">\n<div class=\"layoutArea\">\n<div class=\"column\">\n<p>Le compost est bien plus qu&#8217;un simple fertilisant\u00a0; c&#8217;est le r\u00e9sultat de la d\u00e9composition contr\u00f4l\u00e9e d&#8217;\u00e9l\u00e9ments organiques. D\u00e9couvrez la mani\u00e8re dont ce processus transforme les d\u00e9chets en une riche source de nutriments pour le sol et les plantes.<\/p>\n<\/div>\n<\/div>\n<\/div>\n<\/div>\n[\/vc_column_text][\/vc_column][vc_column column_padding=\u00bbno-extra-padding\u00bb column_padding_position=\u00bball\u00bb background_color_opacity=\u00bb1&#8243; background_hover_color_opacity=\u00bb1&#8243; column_shadow=\u00bbnone\u00bb width=\u00bb1\/2&#8243; tablet_text_alignment=\u00bbdefault\u00bb phone_text_alignment=\u00bbdefault\u00bb column_border_width=\u00bbnone\u00bb column_border_style=\u00bbsolid\u00bb][\/vc_column][\/vc_row][vc_row type=\u00bbin_container\u00bb full_screen_row_position=\u00bbmiddle\u00bb equal_height=\u00bbyes\u00bb content_placement=\u00bbtop\u00bb scene_position=\u00bbcenter\u00bb text_color=\u00bblight\u00bb text_align=\u00bbleft\u00bb top_padding=\u00bb100&#8243; bottom_padding=\u00bb4&#8243; overlay_strength=\u00bb0.3&#8243;][vc_column centered_text=\u00bbtrue\u00bb column_padding=\u00bbpadding-10-percent\u00bb column_padding_position=\u00bball\u00bb background_color_opacity=\u00bb1&#8243; background_color_hover=\u00bb#ef9d00&#8243; background_hover_color_opacity=\u00bb0.4&#8243; background_image=\u00bb1446&#8243; enable_bg_scale=\u00bbtrue\u00bb column_shadow=\u00bbnone\u00bb width=\u00bb1\/1&#8243; tablet_text_alignment=\u00bbdefault\u00bb phone_text_alignment=\u00bbdefault\u00bb column_border_width=\u00bbnone\u00bb column_border_style=\u00bbsolid\u00bb column_link=\u00bb\/fr\/quest-ce-que-le-compost\/\u00bb][vc_column_text]\n<h2 class=\"color-verde\" style=\"text-align: center;\">Qu&#8217;est-ce que le compost ?<\/h2>\n<p style=\"text-align: center;\">En savoir plus<\/p>\n[\/vc_column_text][\/vc_column][\/vc_row][vc_row type=\u00bbin_container\u00bb full_screen_row_position=\u00bbmiddle\u00bb equal_height=\u00bbyes\u00bb content_placement=\u00bbtop\u00bb scene_position=\u00bbcenter\u00bb text_color=\u00bblight\u00bb text_align=\u00bbcenter\u00bb top_padding=\u00bb4&#8243; bottom_padding=\u00bb4&#8243; overlay_strength=\u00bb0.3&#8243;][vc_column column_padding=\u00bbpadding-10-percent\u00bb column_padding_position=\u00bball\u00bb background_color_opacity=\u00bb1&#8243; background_color_hover=\u00bb#ef9d00&#8243; background_hover_color_opacity=\u00bb0.4&#8243; background_image=\u00bb1453&#8243; enable_bg_scale=\u00bbtrue\u00bb column_shadow=\u00bbnone\u00bb width=\u00bb1\/2&#8243; tablet_text_alignment=\u00bbdefault\u00bb phone_text_alignment=\u00bbdefault\u00bb column_border_width=\u00bbnone\u00bb column_border_style=\u00bbsolid\u00bb column_link=\u00bb\/fr\/lelaboracio-del-compost\/\u00bb][vc_column_text]\n<h2 class=\"color-verde\" style=\"text-align: center;\">L&#8217;\u00e9laboration<\/h2>\n<p style=\"text-align: center;\">En savoir plus<\/p>\n[\/vc_column_text][\/vc_column][vc_column column_padding=\u00bbno-extra-padding\u00bb column_padding_position=\u00bball\u00bb background_color_opacity=\u00bb1&#8243; background_color_hover=\u00bb#ef9d00&#8243; background_hover_color_opacity=\u00bb0.4&#8243; background_image=\u00bb1460&#8243; enable_bg_scale=\u00bbtrue\u00bb column_shadow=\u00bbnone\u00bb width=\u00bb1\/2&#8243; tablet_text_alignment=\u00bbdefault\u00bb phone_text_alignment=\u00bbdefault\u00bb column_border_width=\u00bbnone\u00bb column_border_style=\u00bbsolid\u00bb column_link=\u00bb\/fr\/composition-du-compost\/\u00bb][vc_column_text]\n<h2 class=\"color-verde\" style=\"text-align: center;\">La composition<\/h2>\n<p style=\"text-align: center;\">En savoir plus<\/p>\n[\/vc_column_text][\/vc_column][\/vc_row][vc_row type=\u00bbin_container\u00bb full_screen_row_position=\u00bbmiddle\u00bb equal_height=\u00bbyes\u00bb content_placement=\u00bbtop\u00bb scene_position=\u00bbcenter\u00bb text_color=\u00bblight\u00bb text_align=\u00bbleft\u00bb top_padding=\u00bb4&#8243; bottom_padding=\u00bb100&#8243; overlay_strength=\u00bb0.3&#8243;][vc_column centered_text=\u00bbtrue\u00bb column_padding=\u00bbpadding-10-percent\u00bb column_padding_position=\u00bball\u00bb background_color_opacity=\u00bb1&#8243; background_color_hover=\u00bb#ef9d00&#8243; background_hover_color_opacity=\u00bb0.4&#8243; background_image=\u00bb1506&#8243; enable_bg_scale=\u00bbtrue\u00bb column_shadow=\u00bbnone\u00bb width=\u00bb1\/1&#8243; tablet_text_alignment=\u00bbdefault\u00bb phone_text_alignment=\u00bbdefault\u00bb column_border_width=\u00bbnone\u00bb column_border_style=\u00bbsolid\u00bb column_link=\u00bb\/fr\/phases-du-compostage\/\u00bb][vc_column_text]\n<h2 class=\"color-verde\" style=\"text-align: center;\">Les phases<\/h2>\n<p style=\"text-align: center;\">\u00a0En savoir plus<\/p>\n[\/vc_column_text][\/vc_column][\/vc_row]\n","protected":false},"excerpt":{"rendered":"<p>[vc_row type=\u00bbfull_width_background\u00bb full_screen_row_position=\u00bbmiddle\u00bb equal_height=\u00bbyes\u00bb bg_image=\u00bb2587&#8243; bg_position=\u00bbcenter bottom\u00bb bg_repeat=\u00bbno-repeat\u00bb parallax_bg=\u00bbtrue\u00bb parallax_bg_speed=\u00bbslow\u00bb scene_position=\u00bbcenter\u00bb text_color=\u00bblight\u00bb text_align=\u00bbleft\u00bb top_padding=\u00bb250&#8243; bottom_padding=\u00bb150&#8243; class=\u00bbaltura-minima-2&#8243; overlay_strength=\u00bb0.3&#8243;][vc_column column_padding=\u00bbno-extra-padding\u00bb column_padding_position=\u00bball\u00bb background_color_opacity=\u00bb1&#8243; background_hover_color_opacity=\u00bb1&#8243; column_shadow=\u00bbnone\u00bb width=\u00bb1\/2&#8243; tablet_text_alignment=\u00bbdefault\u00bb phone_text_alignment=\u00bbdefault\u00bb column_border_width=\u00bbnone\u00bb column_border_style=\u00bbsolid\u00bb][vc_column_text] Tout sur le&#8230;<\/p>\n","protected":false},"author":7,"featured_media":0,"parent":0,"menu_order":0,"comment_status":"closed","ping_status":"closed","template":"","meta":{"footnotes":""},"_links":{"self":[{"href":"https:\/\/compostsegria.com\/ca\/wp-json\/wp\/v2\/pages\/2177"}],"collection":[{"href":"https:\/\/compostsegria.com\/ca\/wp-json\/wp\/v2\/pages"}],"about":[{"href":"https:\/\/compostsegria.com\/ca\/wp-json\/wp\/v2\/types\/page"}],"author":[{"embeddable":true,"href":"https:\/\/compostsegria.com\/ca\/wp-json\/wp\/v2\/users\/7"}],"replies":[{"embeddable":true,"href":"https:\/\/compostsegria.com\/ca\/wp-json\/wp\/v2\/comments?post=2177"}],"version-history":[{"count":4,"href":"https:\/\/compostsegria.com\/ca\/wp-json\/wp\/v2\/pages\/2177\/revisions"}],"predecessor-version":[{"id":2588,"href":"https:\/\/compostsegria.com\/ca\/wp-json\/wp\/v2\/pages\/2177\/revisions\/2588"}],"wp:attachment":[{"href":"https:\/\/compostsegria.com\/ca\/wp-json\/wp\/v2\/media?parent=2177"}],"curies":[{"name":"wp","href":"https:\/\/api.w.org\/{rel}","templated":true}]}}