{"id":2175,"date":"2024-03-08T09:17:23","date_gmt":"2024-03-08T09:17:23","guid":{"rendered":"https:\/\/compostsegria.com\/?page_id=2175"},"modified":"2024-05-10T08:19:57","modified_gmt":"2024-05-10T08:19:57","slug":"services","status":"publish","type":"page","link":"https:\/\/compostsegria.com\/ca\/fr\/services\/","title":{"rendered":"Services"},"content":{"rendered":"[vc_row type=\u00bbfull_width_background\u00bb full_screen_row_position=\u00bbmiddle\u00bb equal_height=\u00bbyes\u00bb content_placement=\u00bbmiddle\u00bb bg_image=\u00bb2585&#8243; bg_position=\u00bbleft top\u00bb bg_repeat=\u00bbno-repeat\u00bb parallax_bg=\u00bbtrue\u00bb parallax_bg_speed=\u00bbslow\u00bb scene_position=\u00bbcenter\u00bb text_color=\u00bblight\u00bb text_align=\u00bbleft\u00bb top_padding=\u00bb250&#8243; bottom_padding=\u00bb200&#8243; class=\u00bbaltura-minima-2&#8243; overlay_strength=\u00bb0.3&#8243;][vc_column column_padding=\u00bbno-extra-padding\u00bb column_padding_position=\u00bball\u00bb background_color_opacity=\u00bb1&#8243; background_hover_color_opacity=\u00bb1&#8243; column_shadow=\u00bbnone\u00bb width=\u00bb1\/2&#8243; tablet_text_alignment=\u00bbdefault\u00bb phone_text_alignment=\u00bbdefault\u00bb column_border_width=\u00bbnone\u00bb column_border_style=\u00bbsolid\u00bb][vc_column_text css=\u00bb.vc_custom_1709889110217{margin-bottom: 40px !important;}\u00bb]\n<h1 style=\"text-align: left;\">Services<\/h1>\n<div class=\"page\" title=\"Page 5\">\n<div class=\"section\">\n<div class=\"layoutArea\">\n<div class=\"column\">\n<p>Forts d&#8217;une relation de proximit\u00e9 et d&#8217;une longue exp\u00e9rience, nous vous proposons des <strong>services adapt\u00e9s \u00e0 vos besoins sp\u00e9cifiques<\/strong>, de la collecte des d\u00e9chets au conseil agricole personnalis\u00e9. D\u00e9couvrez comment nous pouvons transformer votre activit\u00e9 agricole avec engagement et efficacit\u00e9.<\/p>\n<\/div>\n<\/div>\n<\/div>\n<\/div>\n[\/vc_column_text][\/vc_column][vc_column column_padding=\u00bbno-extra-padding\u00bb column_padding_position=\u00bball\u00bb background_color_opacity=\u00bb1&#8243; background_hover_color_opacity=\u00bb1&#8243; column_shadow=\u00bbnone\u00bb width=\u00bb1\/2&#8243; tablet_text_alignment=\u00bbdefault\u00bb phone_text_alignment=\u00bbdefault\u00bb column_border_width=\u00bbnone\u00bb column_border_style=\u00bbsolid\u00bb][\/vc_column][\/vc_row][vc_row type=\u00bbin_container\u00bb full_screen_row_position=\u00bbmiddle\u00bb scene_position=\u00bbcenter\u00bb text_color=\u00bbdark\u00bb text_align=\u00bbleft\u00bb top_padding=\u00bb40&#8243; overlay_strength=\u00bb0.3&#8243;][vc_column column_padding=\u00bbno-extra-padding\u00bb column_padding_position=\u00bball\u00bb background_color_opacity=\u00bb1&#8243; background_hover_color_opacity=\u00bb1&#8243; column_shadow=\u00bbnone\u00bb width=\u00bb1\/1&#8243; tablet_text_alignment=\u00bbdefault\u00bb phone_text_alignment=\u00bbdefault\u00bb column_border_width=\u00bbnone\u00bb column_border_style=\u00bbsolid\u00bb][vc_row_inner column_margin=\u00bbdefault\u00bb text_align=\u00bbleft\u00bb][vc_column_inner column_padding=\u00bbpadding-4-percent\u00bb column_padding_position=\u00bball\u00bb background_color=\u00bb#ededed\u00bb background_color_opacity=\u00bb1&#8243; width=\u00bb1\/2&#8243; column_border_width=\u00bbnone\u00bb column_border_style=\u00bbsolid\u00bb][vc_column_text]<img decoding=\"async\" style=\"width: 150px;\" src=\"https:\/\/compostsegria.com\/wp-content\/uploads\/2020\/07\/iconos_compost_segria_Artboard-1-copy-5@3x.png\" alt=\"\" \/><\/p>\n<h2 class=\"color-verde\">Conseils sur les champs et la gestion des d\u00e9chets<\/h2>\n<div class=\"page\" title=\"Page 5\">\n<div class=\"section\">\n<div class=\"layoutArea\">\n<div class=\"column\">\n<p>Compost Segri\u00e0 vous offre des conseils d&#8217;experts et des recommandations pour l&#8217;utilisation du compost ainsi que d&#8217;autres engrais, tant dans l&#8217;agriculture que dans le jardinage. Nous vous aidons \u00e9galement \u00e0 \u00e9laborer des programmes de fertilisation personnalis\u00e9s pour vos cultures, en assurant une utilisation optimale des produits pour le plus grand b\u00e9n\u00e9fice des cultures.<\/p>\n<p>En outre, nous g\u00e9rons efficacement les d\u00e9chets organiques, en offrant une assistance directe \u00e0 nos usines sp\u00e9cialis\u00e9es ou en prodiguant des conseils techniques pour am\u00e9liorer le recyclage des mati\u00e8res organiques et rendre votre processus de production plus efficace.<\/p>\n<p>&nbsp;<\/p>\n<\/div>\n<\/div>\n<\/div>\n<\/div>\n[\/vc_column_text][nectar_btn size=\u00bblarge\u00bb button_style=\u00bbregular\u00bb button_color_2=\u00bbAccent-Color\u00bb icon_family=\u00bbnone\u00bb text=\u00bbContact\u00bb margin_top=\u00bb20&#8243; url=\u00bb\/fr\/contactez-nous\/\u00bb][\/vc_column_inner][vc_column_inner column_padding=\u00bbpadding-4-percent\u00bb column_padding_position=\u00bball\u00bb background_color=\u00bb#ededed\u00bb background_color_opacity=\u00bb1&#8243; width=\u00bb1\/2&#8243; column_border_width=\u00bbnone\u00bb column_border_style=\u00bbsolid\u00bb][vc_column_text]<img decoding=\"async\" style=\"width: 150px;\" src=\"https:\/\/compostsegria.com\/wp-content\/uploads\/2020\/07\/iconos_compost_segria_Artboard-1-copy-6@3x.png\" alt=\"\" \/><\/p>\n<h2 class=\"color-verde\">Processus d&#8217;application du compost<\/h2>\n<div class=\"page\" title=\"Page 5\">\n<div class=\"section\">\n<div class=\"layoutArea\">\n<div class=\"column\">\n<p class=\"p1\">Si vous ne disposez pas des machines ad\u00e9quates pour appliquer les engrais sur le terrain, Compuesto Segri\u00e0 est l\u00e0 pour vous aider. Avec des machines sp\u00e9cialis\u00e9es et des professionnels exp\u00e9riment\u00e9s, nous sommes pr\u00eats \u00e0 appliquer le compost sur le sol, en nous adaptant \u00e0 tous les types de cultures, de plantations et de terrains. De la fertilisation en sur-rang pour les arbres fruitiers \u00e0 l&#8217;incorporation directe dans le sol, nous sommes pr\u00eats \u00e0 r\u00e9pondre \u00e0 vos besoins en mati\u00e8re de fertilisation.<\/p>\n<\/div>\n<\/div>\n<\/div>\n<\/div>\n[\/vc_column_text][nectar_btn size=\u00bblarge\u00bb button_style=\u00bbregular\u00bb button_color_2=\u00bbAccent-Color\u00bb icon_family=\u00bbnone\u00bb text=\u00bbContact\u00bb margin_top=\u00bb20&#8243; url=\u00bb\/fr\/contactez-nous\/\u00bb][\/vc_column_inner][\/vc_row_inner][vc_row_inner column_margin=\u00bbdefault\u00bb text_align=\u00bbleft\u00bb][vc_column_inner column_padding=\u00bbpadding-4-percent\u00bb column_padding_position=\u00bball\u00bb background_color=\u00bb#ededed\u00bb background_color_opacity=\u00bb1&#8243; width=\u00bb1\/2&#8243; column_border_width=\u00bbnone\u00bb column_border_style=\u00bbsolid\u00bb][vc_column_text]<img loading=\"lazy\" decoding=\"async\" class=\"alignnone wp-image-1433\" src=\"https:\/\/compostsegria.com\/wp-content\/uploads\/2024\/01\/serveis-1-289x300.png\" alt=\"\" width=\"131\" height=\"136\" srcset=\"https:\/\/compostsegria.com\/wp-content\/uploads\/2024\/01\/serveis-1-289x300.png 289w, https:\/\/compostsegria.com\/wp-content\/uploads\/2024\/01\/serveis-1-985x1024.png 985w, https:\/\/compostsegria.com\/wp-content\/uploads\/2024\/01\/serveis-1-768x798.png 768w, https:\/\/compostsegria.com\/wp-content\/uploads\/2024\/01\/serveis-1-1478x1536.png 1478w, https:\/\/compostsegria.com\/wp-content\/uploads\/2024\/01\/serveis-1.png 1547w\" sizes=\"(max-width: 131px) 100vw, 131px\" \/><\/p>\n<h2 class=\"color-verde\">Gestion des d\u00e9chets organiques et conseils techniques en mati\u00e8re de recyclage<\/h2>\n<div class=\"page\" title=\"Page 5\">\n<div class=\"section\">\n<div class=\"layoutArea\">\n<div class=\"column\">\n<div class=\"page\" title=\"Page 5\">\n<div class=\"section\">\n<div class=\"layoutArea\">\n<div class=\"column\">\n<p class=\"p1\">Nous contribuons \u00e0 la gestion responsable des d\u00e9chets organiques de votre entreprise ou de votre exploitation agricole par le biais d&#8217;un service de collecte annuelle.<\/p>\n<p class=\"p1\">R\u00e9duisez votre impact sur l&#8217;environnement gr\u00e2ce \u00e0 notre solution durable.<\/p>\n<\/div>\n<\/div>\n<\/div>\n<\/div>\n<\/div>\n<\/div>\n<\/div>\n<\/div>\n[\/vc_column_text][nectar_btn size=\u00bblarge\u00bb button_style=\u00bbregular\u00bb button_color_2=\u00bbAccent-Color\u00bb icon_family=\u00bbnone\u00bb text=\u00bbContact\u00bb margin_top=\u00bb20&#8243; url=\u00bb\/fr\/contactez-nous\/\u00bb][\/vc_column_inner][vc_column_inner column_padding=\u00bbpadding-4-percent\u00bb column_padding_position=\u00bball\u00bb background_color=\u00bb#ef9d00&#8243; background_color_opacity=\u00bb1&#8243; font_color=\u00bb#ffffff\u00bb width=\u00bb1\/2&#8243; column_border_width=\u00bbnone\u00bb column_border_style=\u00bbsolid\u00bb][vc_column_text]\n<h2>Contact avec le service commercial<\/h2>\n<p><img loading=\"lazy\" decoding=\"async\" class=\"alignnone wp-image-1436\" src=\"https:\/\/compostsegria.com\/wp-content\/uploads\/2024\/01\/icones-289x300.png\" alt=\"\" width=\"33\" height=\"34\" srcset=\"https:\/\/compostsegria.com\/wp-content\/uploads\/2024\/01\/icones-289x300.png 289w, https:\/\/compostsegria.com\/wp-content\/uploads\/2024\/01\/icones-985x1024.png 985w, https:\/\/compostsegria.com\/wp-content\/uploads\/2024\/01\/icones-150x150.png 150w, https:\/\/compostsegria.com\/wp-content\/uploads\/2024\/01\/icones-768x798.png 768w, https:\/\/compostsegria.com\/wp-content\/uploads\/2024\/01\/icones-1478x1536.png 1478w, https:\/\/compostsegria.com\/wp-content\/uploads\/2024\/01\/icones-100x100.png 100w, https:\/\/compostsegria.com\/wp-content\/uploads\/2024\/01\/icones-500x500.png 500w, https:\/\/compostsegria.com\/wp-content\/uploads\/2024\/01\/icones-350x350.png 350w, https:\/\/compostsegria.com\/wp-content\/uploads\/2024\/01\/icones-1000x1000.png 1000w, https:\/\/compostsegria.com\/wp-content\/uploads\/2024\/01\/icones.png 1547w\" sizes=\"(max-width: 33px) 100vw, 33px\" \/>\u00a0 973 73 00 66<\/p>\n<p><img loading=\"lazy\" decoding=\"async\" class=\"alignnone wp-image-1435\" src=\"https:\/\/compostsegria.com\/wp-content\/uploads\/2024\/01\/icones-1-289x300.png\" alt=\"\" width=\"33\" height=\"34\" srcset=\"https:\/\/compostsegria.com\/wp-content\/uploads\/2024\/01\/icones-1-289x300.png 289w, https:\/\/compostsegria.com\/wp-content\/uploads\/2024\/01\/icones-1-985x1024.png 985w, https:\/\/compostsegria.com\/wp-content\/uploads\/2024\/01\/icones-1-150x150.png 150w, https:\/\/compostsegria.com\/wp-content\/uploads\/2024\/01\/icones-1-768x798.png 768w, https:\/\/compostsegria.com\/wp-content\/uploads\/2024\/01\/icones-1-1478x1536.png 1478w, https:\/\/compostsegria.com\/wp-content\/uploads\/2024\/01\/icones-1-100x100.png 100w, https:\/\/compostsegria.com\/wp-content\/uploads\/2024\/01\/icones-1-500x500.png 500w, https:\/\/compostsegria.com\/wp-content\/uploads\/2024\/01\/icones-1-350x350.png 350w, https:\/\/compostsegria.com\/wp-content\/uploads\/2024\/01\/icones-1-1000x1000.png 1000w, https:\/\/compostsegria.com\/wp-content\/uploads\/2024\/01\/icones-1.png 1547w\" sizes=\"(max-width: 33px) 100vw, 33px\" \/> info@compostsegria.com[\/vc_column_text][\/vc_column_inner][\/vc_row_inner][\/vc_column][\/vc_row]\n","protected":false},"excerpt":{"rendered":"<p>[vc_row type=\u00bbfull_width_background\u00bb full_screen_row_position=\u00bbmiddle\u00bb equal_height=\u00bbyes\u00bb content_placement=\u00bbmiddle\u00bb bg_image=\u00bb2585&#8243; bg_position=\u00bbleft top\u00bb bg_repeat=\u00bbno-repeat\u00bb parallax_bg=\u00bbtrue\u00bb parallax_bg_speed=\u00bbslow\u00bb scene_position=\u00bbcenter\u00bb text_color=\u00bblight\u00bb text_align=\u00bbleft\u00bb top_padding=\u00bb250&#8243; bottom_padding=\u00bb200&#8243; class=\u00bbaltura-minima-2&#8243; overlay_strength=\u00bb0.3&#8243;][vc_column column_padding=\u00bbno-extra-padding\u00bb column_padding_position=\u00bball\u00bb background_color_opacity=\u00bb1&#8243; background_hover_color_opacity=\u00bb1&#8243; column_shadow=\u00bbnone\u00bb width=\u00bb1\/2&#8243; tablet_text_alignment=\u00bbdefault\u00bb phone_text_alignment=\u00bbdefault\u00bb column_border_width=\u00bbnone\u00bb column_border_style=\u00bbsolid\u00bb][vc_column_text css=\u00bb.vc_custom_1709889110217{margin-bottom: 40px&#8230;<\/p>\n","protected":false},"author":7,"featured_media":0,"parent":0,"menu_order":0,"comment_status":"closed","ping_status":"closed","template":"","meta":{"footnotes":""},"_links":{"self":[{"href":"https:\/\/compostsegria.com\/ca\/wp-json\/wp\/v2\/pages\/2175"}],"collection":[{"href":"https:\/\/compostsegria.com\/ca\/wp-json\/wp\/v2\/pages"}],"about":[{"href":"https:\/\/compostsegria.com\/ca\/wp-json\/wp\/v2\/types\/page"}],"author":[{"embeddable":true,"href":"https:\/\/compostsegria.com\/ca\/wp-json\/wp\/v2\/users\/7"}],"replies":[{"embeddable":true,"href":"https:\/\/compostsegria.com\/ca\/wp-json\/wp\/v2\/comments?post=2175"}],"version-history":[{"count":4,"href":"https:\/\/compostsegria.com\/ca\/wp-json\/wp\/v2\/pages\/2175\/revisions"}],"predecessor-version":[{"id":2586,"href":"https:\/\/compostsegria.com\/ca\/wp-json\/wp\/v2\/pages\/2175\/revisions\/2586"}],"wp:attachment":[{"href":"https:\/\/compostsegria.com\/ca\/wp-json\/wp\/v2\/media?parent=2175"}],"curies":[{"name":"wp","href":"https:\/\/api.w.org\/{rel}","templated":true}]}}