{"id":2172,"date":"2024-03-08T09:09:45","date_gmt":"2024-03-08T09:09:45","guid":{"rendered":"https:\/\/compostsegria.com\/?page_id=2172"},"modified":"2024-03-28T08:20:52","modified_gmt":"2024-03-28T08:20:52","slug":"mineral-2","status":"publish","type":"page","link":"https:\/\/compostsegria.com\/ca\/fr\/mineral-2\/","title":{"rendered":"Organo-min\u00e9ral"},"content":{"rendered":"[vc_row type=\u00bbin_container\u00bb full_screen_row_position=\u00bbmiddle\u00bb scene_position=\u00bbcenter\u00bb text_color=\u00bbdark\u00bb text_align=\u00bbleft\u00bb top_padding=\u00bb40&#8243; overlay_strength=\u00bb0.3&#8243;][vc_column column_padding=\u00bbno-extra-padding\u00bb column_padding_position=\u00bball\u00bb background_color_opacity=\u00bb1&#8243; background_hover_color_opacity=\u00bb1&#8243; column_shadow=\u00bbnone\u00bb width=\u00bb1\/1&#8243; tablet_text_alignment=\u00bbdefault\u00bb phone_text_alignment=\u00bbdefault\u00bb column_border_width=\u00bbnone\u00bb column_border_style=\u00bbsolid\u00bb][vc_column_text]\n<h1 style=\"text-align: center;\">Compost organo-min\u00e9ral<\/h1>\n[\/vc_column_text][\/vc_column][\/vc_row][vc_row type=\u00bbin_container\u00bb full_screen_row_position=\u00bbmiddle\u00bb scene_position=\u00bbcenter\u00bb text_color=\u00bbdark\u00bb text_align=\u00bbleft\u00bb overlay_strength=\u00bb0.3&#8243;][vc_column column_padding=\u00bbno-extra-padding\u00bb column_padding_position=\u00bball\u00bb background_color_opacity=\u00bb1&#8243; background_hover_color_opacity=\u00bb1&#8243; column_shadow=\u00bbnone\u00bb width=\u00bb1\/2&#8243; tablet_text_alignment=\u00bbdefault\u00bb phone_text_alignment=\u00bbdefault\u00bb column_border_width=\u00bbnone\u00bb column_border_style=\u00bbsolid\u00bb][vc_column_text]Le <strong>compost organo-min\u00e9ral<\/strong> est fabriqu\u00e9 \u00e0 partir de m\u00e9langes de composts avec des fertilisants conventionnels, ce qui permet d&#8217;obtenir un excellent engrais organo-min\u00e9ral, id\u00e9al pour tous les types de cultures. Gr\u00e2ce aux m\u00e9langes qu&#8217;il contient, les concentrations en nutriments peuvent \u00eatre augment\u00e9es en fonction des besoins sp\u00e9cifiques de chaque culture. En fait, cet engrais organo-min\u00e9ral nous permet de personnaliser autant que possible le fertilisant que nous voulons utiliser. Cela rend l&#8217;ensemble du processus de fertilisation des cultures et des sols plus facile pour nos clients.[\/vc_column_text][\/vc_column][vc_column column_padding=\u00bbno-extra-padding\u00bb column_padding_position=\u00bball\u00bb background_color_opacity=\u00bb1&#8243; background_hover_color_opacity=\u00bb1&#8243; column_shadow=\u00bbnone\u00bb width=\u00bb1\/2&#8243; tablet_text_alignment=\u00bbdefault\u00bb phone_text_alignment=\u00bbdefault\u00bb column_border_width=\u00bbnone\u00bb column_border_style=\u00bbsolid\u00bb][vc_column_text]Les avantages de ce fertilisant organo-min\u00e9ral sont tr\u00e8s importants, car il nous permet de contr\u00f4ler la quantit\u00e9 d&#8217;azote, de phosphore et de potassium que nous voulons appliquer au sol. De cette mani\u00e8re, nous aidons le sol \u00e0 compenser ses d\u00e9ficiences et \u00e9vitons \u00e9galement la sur-fertilisation ou la cr\u00e9ation de carences nutritionnelles, g\u00e9n\u00e9r\u00e9es par l&#8217;application d&#8217;un dosage incorrect du produit.<\/p>\n<p>Avec notre <strong>compost organo-min\u00e9ral<\/strong>, il n\u2019y a que des avantages\u00a0![\/vc_column_text][\/vc_column][\/vc_row]\n","protected":false},"excerpt":{"rendered":"<p>[vc_row type=\u00bbin_container\u00bb full_screen_row_position=\u00bbmiddle\u00bb scene_position=\u00bbcenter\u00bb text_color=\u00bbdark\u00bb text_align=\u00bbleft\u00bb top_padding=\u00bb40&#8243; overlay_strength=\u00bb0.3&#8243;][vc_column column_padding=\u00bbno-extra-padding\u00bb column_padding_position=\u00bball\u00bb background_color_opacity=\u00bb1&#8243; background_hover_color_opacity=\u00bb1&#8243; column_shadow=\u00bbnone\u00bb width=\u00bb1\/1&#8243; tablet_text_alignment=\u00bbdefault\u00bb phone_text_alignment=\u00bbdefault\u00bb column_border_width=\u00bbnone\u00bb column_border_style=\u00bbsolid\u00bb][vc_column_text] Compost organo-min\u00e9ral [\/vc_column_text][\/vc_column][\/vc_row][vc_row type=\u00bbin_container\u00bb full_screen_row_position=\u00bbmiddle\u00bb scene_position=\u00bbcenter\u00bb text_color=\u00bbdark\u00bb text_align=\u00bbleft\u00bb overlay_strength=\u00bb0.3&#8243;][vc_column column_padding=\u00bbno-extra-padding\u00bb column_padding_position=\u00bball\u00bb background_color_opacity=\u00bb1&#8243;&#8230;<\/p>\n","protected":false},"author":7,"featured_media":0,"parent":0,"menu_order":0,"comment_status":"closed","ping_status":"closed","template":"","meta":{"footnotes":""},"_links":{"self":[{"href":"https:\/\/compostsegria.com\/ca\/wp-json\/wp\/v2\/pages\/2172"}],"collection":[{"href":"https:\/\/compostsegria.com\/ca\/wp-json\/wp\/v2\/pages"}],"about":[{"href":"https:\/\/compostsegria.com\/ca\/wp-json\/wp\/v2\/types\/page"}],"author":[{"embeddable":true,"href":"https:\/\/compostsegria.com\/ca\/wp-json\/wp\/v2\/users\/7"}],"replies":[{"embeddable":true,"href":"https:\/\/compostsegria.com\/ca\/wp-json\/wp\/v2\/comments?post=2172"}],"version-history":[{"count":2,"href":"https:\/\/compostsegria.com\/ca\/wp-json\/wp\/v2\/pages\/2172\/revisions"}],"predecessor-version":[{"id":2365,"href":"https:\/\/compostsegria.com\/ca\/wp-json\/wp\/v2\/pages\/2172\/revisions\/2365"}],"wp:attachment":[{"href":"https:\/\/compostsegria.com\/ca\/wp-json\/wp\/v2\/media?parent=2172"}],"curies":[{"name":"wp","href":"https:\/\/api.w.org\/{rel}","templated":true}]}}