{"id":2170,"date":"2024-03-08T09:06:00","date_gmt":"2024-03-08T09:06:00","guid":{"rendered":"https:\/\/compostsegria.com\/?page_id=2170"},"modified":"2024-03-08T11:42:46","modified_gmt":"2024-03-08T11:42:46","slug":"compost-fran","status":"publish","type":"page","link":"https:\/\/compostsegria.com\/ca\/fr\/compost-fran\/","title":{"rendered":"Compost"},"content":{"rendered":"[vc_row type=\u00bbin_container\u00bb full_screen_row_position=\u00bbmiddle\u00bb scene_position=\u00bbcenter\u00bb text_color=\u00bbdark\u00bb text_align=\u00bbleft\u00bb top_padding=\u00bb40&#8243; overlay_strength=\u00bb0.3&#8243;][vc_column column_padding=\u00bbno-extra-padding\u00bb column_padding_position=\u00bball\u00bb background_color_opacity=\u00bb1&#8243; background_hover_color_opacity=\u00bb1&#8243; column_shadow=\u00bbnone\u00bb width=\u00bb1\/1&#8243; tablet_text_alignment=\u00bbdefault\u00bb phone_text_alignment=\u00bbdefault\u00bb column_border_width=\u00bbnone\u00bb column_border_style=\u00bbsolid\u00bb][vc_column_text]\n<h1 class=\"color-verde\" style=\"text-align: center;\"><strong>Compost S4<\/strong><\/h1>\n[\/vc_column_text][\/vc_column][\/vc_row][vc_row type=\u00bbin_container\u00bb full_screen_row_position=\u00bbmiddle\u00bb scene_position=\u00bbcenter\u00bb text_color=\u00bbdark\u00bb text_align=\u00bbleft\u00bb overlay_strength=\u00bb0.3&#8243;][vc_column column_padding=\u00bbno-extra-padding\u00bb column_padding_position=\u00bball\u00bb background_color_opacity=\u00bb1&#8243; background_hover_color_opacity=\u00bb1&#8243; column_shadow=\u00bbnone\u00bb width=\u00bb1\/2&#8243; tablet_text_alignment=\u00bbdefault\u00bb phone_text_alignment=\u00bbdefault\u00bb column_border_width=\u00bbnone\u00bb column_border_style=\u00bbsolid\u00bb][vc_column_text]Le <strong>compost S4<\/strong> est un fertilisant organique obtenu par un processus biologique naturel. L&#8217;achat de compost pr\u00e9sente de nombreux avantages, car il est riche en mati\u00e8re organique, et contient des micro-organismes essentiels au bon d\u00e9veloppement des cultures et des sols.<\/p>\n<p>Le compost organique est obtenu \u00e0 partir d&#8217;un processus appel\u00e9 \u00ab\u00a0compostage\u00a0\u00bb, qui consiste en la d\u00e9composition de mati\u00e8res premi\u00e8res organiques. Ce processus est r\u00e9alis\u00e9 dans des installations sp\u00e9ciales, o\u00f9 toute la production est surveill\u00e9e de mani\u00e8re contr\u00f4l\u00e9e pour obtenir la meilleure qualit\u00e9 possible. Le produit r\u00e9sultant est biostable, homog\u00e8ne, s\u00fbr et sans odeur.[\/vc_column_text][\/vc_column][vc_column column_padding=\u00bbno-extra-padding\u00bb column_padding_position=\u00bball\u00bb background_color_opacity=\u00bb1&#8243; background_hover_color_opacity=\u00bb1&#8243; column_shadow=\u00bbnone\u00bb width=\u00bb1\/2&#8243; tablet_text_alignment=\u00bbdefault\u00bb phone_text_alignment=\u00bbdefault\u00bb column_border_width=\u00bbnone\u00bb column_border_style=\u00bbsolid\u00bb][vc_column_text]Un autre avantage du<strong> compost S4<\/strong> est que son transport et son application sont faciles, et ne pr\u00e9sentent aucun danger pour l&#8217;environnement et la sant\u00e9. Le compost organique est largement utilis\u00e9 en agriculture, car sa teneur \u00e9lev\u00e9e en mati\u00e8re organique am\u00e9liore les caract\u00e9ristiques des sols sur lesquels il est appliqu\u00e9. Par exemple : il augmente l&#8217;eau disponible, accro\u00eet la fertilit\u00e9, augmente l&#8217;activit\u00e9 microbiologique, favorise une meilleure oxyg\u00e9nation, entre autres.[\/vc_column_text][\/vc_column][\/vc_row]\n","protected":false},"excerpt":{"rendered":"<p>[vc_row type=\u00bbin_container\u00bb full_screen_row_position=\u00bbmiddle\u00bb scene_position=\u00bbcenter\u00bb text_color=\u00bbdark\u00bb text_align=\u00bbleft\u00bb top_padding=\u00bb40&#8243; overlay_strength=\u00bb0.3&#8243;][vc_column column_padding=\u00bbno-extra-padding\u00bb column_padding_position=\u00bball\u00bb background_color_opacity=\u00bb1&#8243; background_hover_color_opacity=\u00bb1&#8243; column_shadow=\u00bbnone\u00bb width=\u00bb1\/1&#8243; tablet_text_alignment=\u00bbdefault\u00bb phone_text_alignment=\u00bbdefault\u00bb column_border_width=\u00bbnone\u00bb column_border_style=\u00bbsolid\u00bb][vc_column_text] Compost S4 [\/vc_column_text][\/vc_column][\/vc_row][vc_row type=\u00bbin_container\u00bb full_screen_row_position=\u00bbmiddle\u00bb scene_position=\u00bbcenter\u00bb text_color=\u00bbdark\u00bb text_align=\u00bbleft\u00bb overlay_strength=\u00bb0.3&#8243;][vc_column column_padding=\u00bbno-extra-padding\u00bb column_padding_position=\u00bball\u00bb background_color_opacity=\u00bb1&#8243;&#8230;<\/p>\n","protected":false},"author":7,"featured_media":0,"parent":0,"menu_order":0,"comment_status":"closed","ping_status":"closed","template":"","meta":{"footnotes":""},"_links":{"self":[{"href":"https:\/\/compostsegria.com\/ca\/wp-json\/wp\/v2\/pages\/2170"}],"collection":[{"href":"https:\/\/compostsegria.com\/ca\/wp-json\/wp\/v2\/pages"}],"about":[{"href":"https:\/\/compostsegria.com\/ca\/wp-json\/wp\/v2\/types\/page"}],"author":[{"embeddable":true,"href":"https:\/\/compostsegria.com\/ca\/wp-json\/wp\/v2\/users\/7"}],"replies":[{"embeddable":true,"href":"https:\/\/compostsegria.com\/ca\/wp-json\/wp\/v2\/comments?post=2170"}],"version-history":[{"count":2,"href":"https:\/\/compostsegria.com\/ca\/wp-json\/wp\/v2\/pages\/2170\/revisions"}],"predecessor-version":[{"id":2239,"href":"https:\/\/compostsegria.com\/ca\/wp-json\/wp\/v2\/pages\/2170\/revisions\/2239"}],"wp:attachment":[{"href":"https:\/\/compostsegria.com\/ca\/wp-json\/wp\/v2\/media?parent=2170"}],"curies":[{"name":"wp","href":"https:\/\/api.w.org\/{rel}","templated":true}]}}