{"id":2164,"date":"2024-03-08T08:51:06","date_gmt":"2024-03-08T08:51:06","guid":{"rendered":"https:\/\/compostsegria.com\/?page_id=2164"},"modified":"2024-05-10T08:18:40","modified_gmt":"2024-05-10T08:18:40","slug":"produits","status":"publish","type":"page","link":"https:\/\/compostsegria.com\/ca\/fr\/produits\/","title":{"rendered":"Produits"},"content":{"rendered":"[vc_row type=\u00bbfull_width_background\u00bb full_screen_row_position=\u00bbmiddle\u00bb equal_height=\u00bbyes\u00bb content_placement=\u00bbmiddle\u00bb bg_image=\u00bb1375&#8243; bg_position=\u00bbleft top\u00bb bg_repeat=\u00bbno-repeat\u00bb parallax_bg=\u00bbtrue\u00bb parallax_bg_speed=\u00bbslow\u00bb scene_position=\u00bbcenter\u00bb text_color=\u00bblight\u00bb text_align=\u00bbleft\u00bb top_padding=\u00bb250&#8243; bottom_padding=\u00bb150&#8243; class=\u00bbaltura-minima-2&#8243; overlay_strength=\u00bb0.3&#8243;][vc_column column_padding=\u00bbno-extra-padding\u00bb column_padding_position=\u00bball\u00bb background_color_opacity=\u00bb1&#8243; background_hover_color_opacity=\u00bb1&#8243; column_shadow=\u00bbnone\u00bb width=\u00bb1\/2&#8243; tablet_text_alignment=\u00bbdefault\u00bb phone_text_alignment=\u00bbdefault\u00bb column_border_width=\u00bbnone\u00bb column_border_style=\u00bbsolid\u00bb][vc_column_text]\n<h1 style=\"text-align: left;\">Produits<\/h1>\n<div class=\"page\" title=\"Page 3\">\n<div class=\"section\">\n<div class=\"layoutArea\">\n<div class=\"column\">\n<p>Chez Compost Segri\u00e0, nous sommes sp\u00e9cialis\u00e9s dans l&#8217;\u00e9laboration de produits pour la fertilisation du sol, en particulier les engrais ou fertilisants organiques.<\/p>\n<\/div>\n<\/div>\n<\/div>\n<\/div>\n[\/vc_column_text][nectar_btn size=\u00bbsmall\u00bb button_style=\u00bbregular\u00bb button_color_2=\u00bbAccent-Color\u00bb icon_family=\u00bbnone\u00bb text=\u00bbVoir Produits\u00bb margin_top=\u00bb20&#8243; url=\u00bb#tots\u00bb][\/vc_column][vc_column column_padding=\u00bbno-extra-padding\u00bb column_padding_position=\u00bball\u00bb background_color_opacity=\u00bb1&#8243; background_hover_color_opacity=\u00bb1&#8243; column_shadow=\u00bbnone\u00bb width=\u00bb1\/2&#8243; tablet_text_alignment=\u00bbdefault\u00bb phone_text_alignment=\u00bbdefault\u00bb column_border_width=\u00bbnone\u00bb column_border_style=\u00bbsolid\u00bb][\/vc_column][\/vc_row][vc_row type=\u00bbin_container\u00bb full_screen_row_position=\u00bbmiddle\u00bb equal_height=\u00bbyes\u00bb content_placement=\u00bbtop\u00bb scene_position=\u00bbcenter\u00bb text_color=\u00bbdark\u00bb text_align=\u00bbleft\u00bb bottom_padding=\u00bb0&#8243; class=\u00bbespacio-extra\u00bb overlay_strength=\u00bb0.3&#8243;][vc_column column_padding=\u00bbno-extra-padding\u00bb column_padding_position=\u00bball\u00bb background_color_opacity=\u00bb1&#8243; background_hover_color_opacity=\u00bb1&#8243; background_image=\u00bb547&#8243; column_shadow=\u00bbnone\u00bb el_class=\u00bbaltura-minima\u00bb width=\u00bb1\/2&#8243; tablet_text_alignment=\u00bbdefault\u00bb phone_text_alignment=\u00bbdefault\u00bb column_border_width=\u00bbnone\u00bb column_border_style=\u00bbsolid\u00bb]<div class=\"img-with-aniamtion-wrap \" data-max-width=\"100%\"><div class=\"inner\"><img loading=\"lazy\" decoding=\"async\" data-shadow=\"none\" data-shadow-direction=\"middle\" class=\"img-with-animation \" data-delay=\"0\" height=\"1105\" width=\"1656\" data-animation=\"fade-in\" src=\"https:\/\/compostsegria.com\/wp-content\/uploads\/2024\/01\/productes-1.jpg\" srcset=\"https:\/\/compostsegria.com\/wp-content\/uploads\/2024\/01\/productes-1.jpg 1656w, https:\/\/compostsegria.com\/wp-content\/uploads\/2024\/01\/productes-1-300x200.jpg 300w, https:\/\/compostsegria.com\/wp-content\/uploads\/2024\/01\/productes-1-1024x683.jpg 1024w, https:\/\/compostsegria.com\/wp-content\/uploads\/2024\/01\/productes-1-768x512.jpg 768w, https:\/\/compostsegria.com\/wp-content\/uploads\/2024\/01\/productes-1-1536x1025.jpg 1536w\" alt=\"\" \/><\/div><\/div>[\/vc_column][vc_column column_padding=\u00bbpadding-3-percent\u00bb column_padding_position=\u00bball\u00bb background_color_opacity=\u00bb1&#8243; background_hover_color_opacity=\u00bb1&#8243; column_shadow=\u00bbnone\u00bb width=\u00bb1\/2&#8243; tablet_text_alignment=\u00bbdefault\u00bb phone_text_alignment=\u00bbdefault\u00bb column_border_width=\u00bbnone\u00bb column_border_style=\u00bbsolid\u00bb][vc_column_text]\n<div class=\"page\" title=\"Page 3\">\n<div class=\"section\">\n<div class=\"layoutArea\">\n<div class=\"column\">\n<p>Gr\u00e2ce au <strong>processus de fertilisation<\/strong>, nous augmentons la production des cultures, car nous fournissons les \u00e9l\u00e9ments essentiels n\u00e9cessaires \u00e0 la croissance des plantes et des arbres. De plus, ces produits am\u00e9liorent la vigueur et la r\u00e9sistance des plantes aux agents pathog\u00e8nes pouvant causer des maladies. Les produits d\u00e9di\u00e9s \u00e0 ces fonctions de nourrir et de prot\u00e9ger peuvent \u00eatre regroup\u00e9s en deux grandes cat\u00e9gories : <strong>les engrais conventionnels ou inorganiques et les engrais organiques.<\/strong><\/p>\n<p>Nous nous engageons \u00e0 fournir des <strong>solutions d&#8217;engrais durables et de qualit\u00e9<\/strong> afin d&#8217;am\u00e9liorer la sant\u00e9 de nos cultures et la biodiversit\u00e9 de nos \u00e9cosyst\u00e8mes.<\/p>\n<\/div>\n<\/div>\n<\/div>\n<\/div>\n[\/vc_column_text][\/vc_column][\/vc_row][vc_row type=\u00bbfull_width_background\u00bb full_screen_row_position=\u00bbmiddle\u00bb bg_image=\u00bb1383&#8243; bg_position=\u00bbleft top\u00bb bg_repeat=\u00bbno-repeat\u00bb scene_position=\u00bbcenter\u00bb text_color=\u00bblight\u00bb text_align=\u00bbleft\u00bb top_padding=\u00bb75&#8243; bottom_padding=\u00bb135&#8243; overlay_strength=\u00bb0.3&#8243;][vc_column column_padding=\u00bbno-extra-padding\u00bb column_padding_position=\u00bball\u00bb background_color_opacity=\u00bb1&#8243; background_hover_color_opacity=\u00bb1&#8243; column_shadow=\u00bbnone\u00bb width=\u00bb1\/4&#8243; tablet_text_alignment=\u00bbdefault\u00bb phone_text_alignment=\u00bbdefault\u00bb column_border_width=\u00bbnone\u00bb column_border_style=\u00bbsolid\u00bb][\/vc_column][vc_column column_padding=\u00bbno-extra-padding\u00bb column_padding_position=\u00bball\u00bb background_color_opacity=\u00bb1&#8243; background_hover_color_opacity=\u00bb1&#8243; column_shadow=\u00bbnone\u00bb width=\u00bb1\/2&#8243; tablet_text_alignment=\u00bbdefault\u00bb phone_text_alignment=\u00bbdefault\u00bb column_border_width=\u00bbnone\u00bb column_border_style=\u00bbsolid\u00bb][vc_column_text]\n<h2 style=\"text-align: center;\">Types d&#8217;engrais que nous offrons<\/h2>\n[\/vc_column_text][\/vc_column][vc_column column_padding=\u00bbno-extra-padding\u00bb column_padding_position=\u00bball\u00bb background_color_opacity=\u00bb1&#8243; background_hover_color_opacity=\u00bb1&#8243; column_shadow=\u00bbnone\u00bb width=\u00bb1\/4&#8243; tablet_text_alignment=\u00bbdefault\u00bb phone_text_alignment=\u00bbdefault\u00bb column_border_width=\u00bbnone\u00bb column_border_style=\u00bbsolid\u00bb][\/vc_column][\/vc_row][vc_row type=\u00bbin_container\u00bb full_screen_row_position=\u00bbmiddle\u00bb scene_position=\u00bbcenter\u00bb text_color=\u00bbdark\u00bb text_align=\u00bbleft\u00bb top_padding=\u00bb40&#8243; overlay_strength=\u00bb0.3&#8243;][vc_column column_padding=\u00bbno-extra-padding\u00bb column_padding_position=\u00bball\u00bb background_color_opacity=\u00bb1&#8243; background_hover_color_opacity=\u00bb1&#8243; column_shadow=\u00bbnone\u00bb width=\u00bb1\/1&#8243; tablet_text_alignment=\u00bbdefault\u00bb phone_text_alignment=\u00bbdefault\u00bb column_border_width=\u00bbnone\u00bb column_border_style=\u00bbsolid\u00bb][vc_column_text]\n<div id=\"tots\" class=\"page\" title=\"Page 3\">\n<div class=\"section\">\n<div class=\"layoutArea\">\n<div class=\"column\">\n<p style=\"text-align: center;\">D\u00e9couvrez nos engrais organiques pour chaque besoin : qualit\u00e9 et fertilisation garanties.<\/p>\n<\/div>\n<\/div>\n<\/div>\n<\/div>\n[\/vc_column_text][\/vc_column][\/vc_row][vc_row type=\u00bbin_container\u00bb full_screen_row_position=\u00bbmiddle\u00bb scene_position=\u00bbcenter\u00bb text_color=\u00bbcustom\u00bb custom_text_color=\u00bb#ffffff\u00bb text_align=\u00bbleft\u00bb overlay_strength=\u00bb0.3&#8243;][vc_column centered_text=\u00bbtrue\u00bb column_padding=\u00bbpadding-15-percent\u00bb column_padding_position=\u00bbtop-bottom\u00bb background_color_opacity=\u00bb1&#8243; background_color_hover=\u00bb#ef9d00&#8243; background_hover_color_opacity=\u00bb0.4&#8243; background_image=\u00bb1302&#8243; enable_bg_scale=\u00bbtrue\u00bb font_color=\u00bb#ffffff\u00bb column_shadow=\u00bbnone\u00bb width=\u00bb1\/3&#8243; tablet_text_alignment=\u00bbdefault\u00bb phone_text_alignment=\u00bbdefault\u00bb column_border_width=\u00bbnone\u00bb column_border_style=\u00bbsolid\u00bb column_link=\u00bb\/fr\/biologiques\/\u00bb][vc_column_text]\n<h3 style=\"text-align: center;\"><strong>\u00c9cologiques<\/strong><\/h3>\n<p style=\"text-align: center;\">En savoir plus<\/p>\n[\/vc_column_text][\/vc_column][vc_column centered_text=\u00bbtrue\u00bb column_padding=\u00bbpadding-15-percent\u00bb column_padding_position=\u00bbtop-bottom\u00bb background_color_opacity=\u00bb1&#8243; background_color_hover=\u00bb#ef9d00&#8243; background_hover_color_opacity=\u00bb0.4&#8243; background_image=\u00bb1303&#8243; enable_bg_scale=\u00bbtrue\u00bb font_color=\u00bb#ffffff\u00bb column_shadow=\u00bbnone\u00bb width=\u00bb1\/3&#8243; tablet_text_alignment=\u00bbdefault\u00bb phone_text_alignment=\u00bbdefault\u00bb column_border_width=\u00bbnone\u00bb column_border_style=\u00bbsolid\u00bb column_link=\u00bb\/fr\/compost-fran\/\u00bb][vc_column_text]\n<h3 style=\"text-align: center;\"><strong>Compost<\/strong><\/h3>\n<p style=\"text-align: center;\">En savoir plus<\/p>\n[\/vc_column_text][\/vc_column][vc_column column_padding=\u00bbpadding-15-percent\u00bb column_padding_position=\u00bbtop-bottom\u00bb background_color_opacity=\u00bb1&#8243; background_color_hover=\u00bb#ef9d00&#8243; background_hover_color_opacity=\u00bb0.4&#8243; background_image=\u00bb1304&#8243; enable_bg_scale=\u00bbtrue\u00bb font_color=\u00bb#ffffff\u00bb column_shadow=\u00bbnone\u00bb width=\u00bb1\/3&#8243; tablet_text_alignment=\u00bbdefault\u00bb phone_text_alignment=\u00bbdefault\u00bb column_border_width=\u00bbnone\u00bb column_border_style=\u00bbsolid\u00bb column_link=\u00bb\/fr\/mineral-2\/\u00bb][vc_column_text]\n<h3 style=\"text-align: center;\"><strong>Organo-min\u00e9ral<\/strong><\/h3>\n<p style=\"text-align: center;\">En savoir plus<\/p>\n[\/vc_column_text][\/vc_column][\/vc_row][vc_row type=\u00bbin_container\u00bb full_screen_row_position=\u00bbmiddle\u00bb scene_position=\u00bbcenter\u00bb text_color=\u00bbdark\u00bb text_align=\u00bbleft\u00bb overlay_strength=\u00bb0.3&#8243;][vc_column column_padding=\u00bbno-extra-padding\u00bb column_padding_position=\u00bball\u00bb background_color_opacity=\u00bb1&#8243; background_hover_color_opacity=\u00bb1&#8243; column_shadow=\u00bbnone\u00bb width=\u00bb1\/1&#8243; tablet_text_alignment=\u00bbdefault\u00bb phone_text_alignment=\u00bbdefault\u00bb column_border_width=\u00bbnone\u00bb column_border_style=\u00bbsolid\u00bb][vc_column_text css=\u00bb.vc_custom_1709887699210{margin-top: 40px !important;margin-bottom: 40px !important;}\u00bb]\n<h2 style=\"text-align: center;\">Engrais inorganiques et organiques<\/h2>\n[\/vc_column_text][\/vc_column][\/vc_row][vc_row type=\u00bbin_container\u00bb full_screen_row_position=\u00bbmiddle\u00bb scene_position=\u00bbcenter\u00bb text_color=\u00bbdark\u00bb text_align=\u00bbleft\u00bb overlay_strength=\u00bb0.3&#8243;][vc_column column_padding=\u00bbno-extra-padding\u00bb column_padding_position=\u00bball\u00bb background_color_opacity=\u00bb1&#8243; background_hover_color_opacity=\u00bb1&#8243; column_shadow=\u00bbnone\u00bb width=\u00bb1\/2&#8243; tablet_text_alignment=\u00bbdefault\u00bb phone_text_alignment=\u00bbdefault\u00bb column_border_width=\u00bbnone\u00bb column_border_style=\u00bbsolid\u00bb][vc_column_text css=\u00bb.vc_custom_1711460923060{padding-top: 70px !important;}\u00bb el_class=\u00bbside-text\u00bb]\n<div class=\"page\" title=\"Page 3\">\n<div class=\"section\">\n<div class=\"layoutArea\">\n<div class=\"column\">\n<p>L&#8217;engrais est un produit utilis\u00e9 par l&#8217;humanit\u00e9 depuis de nombreux si\u00e8cles, et <strong>gr\u00e2ce \u00e0 lui, les cultures ont pu augmenter leur production et leur qualit\u00e9<\/strong> tout au long de l&#8217;histoire. Tous sont b\u00e9n\u00e9fiques tant pour les utilisations agricoles que pour le jardinage ou la r\u00e9habilitation des sols.<\/p>\n<p>Les engrais sont tr\u00e8s utiles pour corriger des d\u00e9ficiences sp\u00e9cifiques dans certains types de sols, comme le manque d&#8217;azote, de phosphore ou de potassium, entre autres. Cependant, avant de les appliquer, il est n\u00e9cessaire de conna\u00eetre les nutriments et les composants dont le sol que nous voulons fertiliser a besoin et de d\u00e9terminer ainsi quel type d&#8217;engrais est le plus appropri\u00e9.<\/p>\n<\/div>\n<\/div>\n<\/div>\n<\/div>\n[\/vc_column_text][\/vc_column][vc_column column_padding=\u00bbno-extra-padding\u00bb column_padding_position=\u00bball\u00bb background_color_opacity=\u00bb1&#8243; background_hover_color_opacity=\u00bb1&#8243; column_shadow=\u00bbnone\u00bb width=\u00bb1\/2&#8243; tablet_text_alignment=\u00bbdefault\u00bb phone_text_alignment=\u00bbdefault\u00bb column_border_width=\u00bbnone\u00bb column_border_style=\u00bbsolid\u00bb]<div class=\"img-with-aniamtion-wrap \" data-max-width=\"100%\"><div class=\"inner\"><img loading=\"lazy\" decoding=\"async\" data-shadow=\"none\" data-shadow-direction=\"middle\" class=\"img-with-animation \" data-delay=\"0\" height=\"958\" width=\"1138\" data-animation=\"fade-in\" src=\"https:\/\/compostsegria.com\/wp-content\/uploads\/2024\/05\/adobs-1-1-3.jpeg\" srcset=\"https:\/\/compostsegria.com\/wp-content\/uploads\/2024\/05\/adobs-1-1-3.jpeg 1138w, https:\/\/compostsegria.com\/wp-content\/uploads\/2024\/05\/adobs-1-1-3-300x253.jpeg 300w, https:\/\/compostsegria.com\/wp-content\/uploads\/2024\/05\/adobs-1-1-3-1024x862.jpeg 1024w, https:\/\/compostsegria.com\/wp-content\/uploads\/2024\/05\/adobs-1-1-3-768x647.jpeg 768w\" alt=\"\" \/><\/div><\/div>[\/vc_column][\/vc_row][vc_row type=\u00bbin_container\u00bb full_screen_row_position=\u00bbmiddle\u00bb scene_position=\u00bbcenter\u00bb text_color=\u00bbdark\u00bb text_align=\u00bbleft\u00bb overlay_strength=\u00bb0.3&#8243;][vc_column column_padding=\u00bbno-extra-padding\u00bb column_padding_position=\u00bball\u00bb background_color_opacity=\u00bb1&#8243; background_hover_color_opacity=\u00bb1&#8243; column_shadow=\u00bbnone\u00bb width=\u00bb1\/2&#8243; tablet_text_alignment=\u00bbdefault\u00bb phone_text_alignment=\u00bbdefault\u00bb column_border_width=\u00bbnone\u00bb column_border_style=\u00bbsolid\u00bb]<div class=\"img-with-aniamtion-wrap \" data-max-width=\"100%\"><div class=\"inner\"><img loading=\"lazy\" decoding=\"async\" data-shadow=\"none\" data-shadow-direction=\"middle\" class=\"img-with-animation \" data-delay=\"0\" height=\"2048\" width=\"1714\" data-animation=\"fade-in\" src=\"https:\/\/compostsegria.com\/wp-content\/uploads\/2024\/05\/adobs-2-1714x2048-1.jpeg\" srcset=\"https:\/\/compostsegria.com\/wp-content\/uploads\/2024\/05\/adobs-2-1714x2048-1.jpeg 1714w, https:\/\/compostsegria.com\/wp-content\/uploads\/2024\/05\/adobs-2-1714x2048-1-251x300.jpeg 251w, https:\/\/compostsegria.com\/wp-content\/uploads\/2024\/05\/adobs-2-1714x2048-1-857x1024.jpeg 857w, https:\/\/compostsegria.com\/wp-content\/uploads\/2024\/05\/adobs-2-1714x2048-1-768x918.jpeg 768w, https:\/\/compostsegria.com\/wp-content\/uploads\/2024\/05\/adobs-2-1714x2048-1-1286x1536.jpeg 1286w\" alt=\"\" \/><\/div><\/div>[\/vc_column][vc_column column_padding=\u00bbno-extra-padding\u00bb column_padding_position=\u00bball\u00bb background_color_opacity=\u00bb1&#8243; background_hover_color_opacity=\u00bb1&#8243; column_shadow=\u00bbnone\u00bb width=\u00bb1\/2&#8243; tablet_text_alignment=\u00bbdefault\u00bb phone_text_alignment=\u00bbdefault\u00bb column_border_width=\u00bbnone\u00bb column_border_style=\u00bbsolid\u00bb][vc_column_text el_class=\u00bbside-text\u00bb css=\u00bb.vc_custom_1711460941742{margin-top: 100px !important;}\u00bb]\n<div class=\"page\" title=\"Page 3\">\n<div class=\"section\">\n<div class=\"layoutArea\">\n<div class=\"column\">\n<h2>Mais, concr\u00e8tement, qu&#8217;est-ce qu&#8217;un engrais organique ?<\/h2>\n<p>Eh bien, ce sont tous les engrais qui proviennent de la d\u00e9composition de la mati\u00e8re organique, parmi eux le compost. De plus, parce qu&#8217;il est consid\u00e9r\u00e9 comme organique, son processus d\u2019\u00e9laboration doit \u00eatre conforme \u00e0 la r\u00e9glementation pour ce type de produits fertilisants.<\/p>\n<p>Une autre caract\u00e9ristique est que son stockage et son transport sont sans danger, et qu\u2019il est directement appliqu\u00e9 sur le sol, c&#8217;est-\u00e0-dire qu&#8217;il est simplement appliqu\u00e9 sur le sol \u00e0 fertiliser. <strong>De tous les diff\u00e9rents types d&#8217;engrais ou de fertilisant, l&#8217;engrais organique est notre plus grand pari.<\/strong><\/p>\n<p>En bref, bien qu&#8217;il existe de nombreuses vari\u00e9t\u00e9s d&#8217;engrais adapt\u00e9s \u00e0 tous les types de cultures et de plantes en g\u00e9n\u00e9ral, en raison de leurs multiples qualit\u00e9s, les engrais organiques sont de plus en plus privil\u00e9gi\u00e9s.<\/p>\n<\/div>\n<\/div>\n<\/div>\n<\/div>\n[\/vc_column_text][\/vc_column][\/vc_row][vc_row type=\u00bbin_container\u00bb full_screen_row_position=\u00bbmiddle\u00bb scene_position=\u00bbcenter\u00bb text_color=\u00bbdark\u00bb text_align=\u00bbleft\u00bb row_name=\u00bbTipos Cultivos\u00bb disable_element=\u00bbyes\u00bb overlay_strength=\u00bb0.3&#8243;][vc_column column_padding=\u00bbno-extra-padding\u00bb column_padding_position=\u00bball\u00bb background_color_opacity=\u00bb1&#8243; background_hover_color_opacity=\u00bb1&#8243; bottom_margin=\u00bb25&#8243; column_shadow=\u00bbnone\u00bb width=\u00bb1\/1&#8243; tablet_text_alignment=\u00bbdefault\u00bb phone_text_alignment=\u00bbdefault\u00bb column_border_width=\u00bbnone\u00bb column_border_style=\u00bbsolid\u00bb offset=\u00bbvc_col-xs-12&#8243;][vc_column_text css=\u00bb.vc_custom_1549897135952{margin-top: 55px !important;margin-bottom: 35px !important;}\u00bb]\n<h2 class=\"color-verde\">Caracter\u00edsticas<\/h2>\n[\/vc_column_text][nectar_horizontal_list_item columns=\u00bb2&#8243; column_layout_using_2_columns=\u00bblarge_first\u00bb col_1_text_align=\u00bbleft\u00bb col_2_text_align=\u00bbright\u00bb font_family=\u00bbp\u00bb hover_color=\u00bbaccent-color\u00bb col_1_content=\u00bbMaterial org\u00e1nico total\u00bb col_2_content=\u00bb35-60 %\u00bb][nectar_horizontal_list_item columns=\u00bb2&#8243; column_layout_using_2_columns=\u00bblarge_first\u00bb col_1_text_align=\u00bbleft\u00bb col_2_text_align=\u00bbright\u00bb font_family=\u00bbp\u00bb hover_color=\u00bbaccent-color\u00bb col_1_content=\u00bbNitr\u00f3geno total (N)\u00bb col_2_content=\u00bb1-3 %\u00bb][nectar_horizontal_list_item columns=\u00bb2&#8243; column_layout_using_2_columns=\u00bblarge_first\u00bb col_1_text_align=\u00bbleft\u00bb col_2_text_align=\u00bbright\u00bb font_family=\u00bbp\u00bb hover_color=\u00bbaccent-color\u00bb col_1_content=\u00bbF\u00f3sforo (P2O5)\u00bb col_2_content=\u00bb1-3 %\u00bb][nectar_horizontal_list_item columns=\u00bb2&#8243; column_layout_using_2_columns=\u00bblarge_first\u00bb col_1_text_align=\u00bbleft\u00bb col_2_text_align=\u00bbright\u00bb font_family=\u00bbp\u00bb hover_color=\u00bbaccent-color\u00bb col_1_content=\u00bbPotasio (K2O)\u00bb col_2_content=\u00bb1-3 %\u00bb][nectar_horizontal_list_item columns=\u00bb2&#8243; column_layout_using_2_columns=\u00bblarge_first\u00bb col_1_text_align=\u00bbleft\u00bb col_2_text_align=\u00bbright\u00bb font_family=\u00bbp\u00bb hover_color=\u00bbaccent-color\u00bb col_1_content=\u00bb\u00c1cidos h\u00famicos\u00bb col_2_content=\u00bb5-7 %\u00bb][nectar_horizontal_list_item columns=\u00bb2&#8243; column_layout_using_2_columns=\u00bblarge_first\u00bb col_1_text_align=\u00bbleft\u00bb col_2_text_align=\u00bbright\u00bb font_family=\u00bbp\u00bb hover_color=\u00bbaccent-color\u00bb col_1_content=\u00bbpH\u00bb col_2_content=\u00bb7-9 %\u00bb][nectar_horizontal_list_item columns=\u00bb2&#8243; column_layout_using_2_columns=\u00bblarge_first\u00bb col_1_text_align=\u00bbleft\u00bb col_2_text_align=\u00bbright\u00bb font_family=\u00bbp\u00bb hover_color=\u00bbaccent-color\u00bb col_1_content=\u00bbHumedad m\u00e1xima\u00bb col_2_content=\u00bb15-30 %\u00bb][nectar_btn size=\u00bbmedium\u00bb open_new_tab=\u00bbtrue\u00bb button_style=\u00bbregular\u00bb button_color_2=\u00bbAccent-Color\u00bb icon_family=\u00bbfontawesome\u00bb url=\u00bbhttp:\/\/compostsegria.com\/wp-content\/uploads\/2019\/02\/Flyer-A5-CS-Castellano-web.pdf\u00bb text=\u00bbDescargar Flyer\u00bb icon_fontawesome=\u00bbfa fa-file-text-o\u00bb margin_top=\u00bb25px\u00bb][\/vc_column][\/vc_row]\n","protected":false},"excerpt":{"rendered":"<p>[vc_row type=\u00bbfull_width_background\u00bb full_screen_row_position=\u00bbmiddle\u00bb equal_height=\u00bbyes\u00bb content_placement=\u00bbmiddle\u00bb bg_image=\u00bb1375&#8243; bg_position=\u00bbleft top\u00bb bg_repeat=\u00bbno-repeat\u00bb parallax_bg=\u00bbtrue\u00bb parallax_bg_speed=\u00bbslow\u00bb scene_position=\u00bbcenter\u00bb text_color=\u00bblight\u00bb text_align=\u00bbleft\u00bb top_padding=\u00bb250&#8243; bottom_padding=\u00bb150&#8243; class=\u00bbaltura-minima-2&#8243; overlay_strength=\u00bb0.3&#8243;][vc_column column_padding=\u00bbno-extra-padding\u00bb column_padding_position=\u00bball\u00bb background_color_opacity=\u00bb1&#8243; background_hover_color_opacity=\u00bb1&#8243; column_shadow=\u00bbnone\u00bb width=\u00bb1\/2&#8243; tablet_text_alignment=\u00bbdefault\u00bb phone_text_alignment=\u00bbdefault\u00bb column_border_width=\u00bbnone\u00bb column_border_style=\u00bbsolid\u00bb][vc_column_text] Produits Chez&#8230;<\/p>\n","protected":false},"author":7,"featured_media":0,"parent":0,"menu_order":0,"comment_status":"closed","ping_status":"closed","template":"","meta":{"footnotes":""},"_links":{"self":[{"href":"https:\/\/compostsegria.com\/ca\/wp-json\/wp\/v2\/pages\/2164"}],"collection":[{"href":"https:\/\/compostsegria.com\/ca\/wp-json\/wp\/v2\/pages"}],"about":[{"href":"https:\/\/compostsegria.com\/ca\/wp-json\/wp\/v2\/types\/page"}],"author":[{"embeddable":true,"href":"https:\/\/compostsegria.com\/ca\/wp-json\/wp\/v2\/users\/7"}],"replies":[{"embeddable":true,"href":"https:\/\/compostsegria.com\/ca\/wp-json\/wp\/v2\/comments?post=2164"}],"version-history":[{"count":7,"href":"https:\/\/compostsegria.com\/ca\/wp-json\/wp\/v2\/pages\/2164\/revisions"}],"predecessor-version":[{"id":2584,"href":"https:\/\/compostsegria.com\/ca\/wp-json\/wp\/v2\/pages\/2164\/revisions\/2584"}],"wp:attachment":[{"href":"https:\/\/compostsegria.com\/ca\/wp-json\/wp\/v2\/media?parent=2164"}],"curies":[{"name":"wp","href":"https:\/\/api.w.org\/{rel}","templated":true}]}}