{"id":2161,"date":"2024-03-08T08:40:25","date_gmt":"2024-03-08T08:40:25","guid":{"rendered":"https:\/\/compostsegria.com\/?page_id=2161"},"modified":"2025-12-11T21:02:12","modified_gmt":"2025-12-11T21:02:12","slug":"a-propos-de-nous","status":"publish","type":"page","link":"https:\/\/compostsegria.com\/ca\/fr\/a-propos-de-nous\/","title":{"rendered":"\u00c0 propos de nous"},"content":{"rendered":"[vc_row type=\u00bbfull_width_background\u00bb full_screen_row_position=\u00bbmiddle\u00bb equal_height=\u00bbyes\u00bb content_placement=\u00bbmiddle\u00bb scene_position=\u00bbcenter\u00bb text_color=\u00bbdark\u00bb text_align=\u00bbleft\u00bb id=\u00bbtipos-cultivos\u00bb row_name=\u00bbTipos Cultivos\u00bb overlay_strength=\u00bb0.3&#8243;][vc_column column_padding=\u00bbno-extra-padding\u00bb column_padding_position=\u00bball\u00bb background_color_opacity=\u00bb1&#8243; background_hover_color_opacity=\u00bb1&#8243; top_margin=\u00bb120px\u00bb column_shadow=\u00bbnone\u00bb width=\u00bb1\/1&#8243; tablet_text_alignment=\u00bbdefault\u00bb phone_text_alignment=\u00bbdefault\u00bb column_border_width=\u00bbnone\u00bb column_border_style=\u00bbsolid\u00bb][vc_column_text css=\u00bb.vc_custom_1711017065859{margin-top: 120px !important;}\u00bb]\n<h2 style=\"text-align: center;\"><strong>Histoire<\/strong><\/h2>\n[\/vc_column_text][vc_row_inner column_margin=\u00bbdefault\u00bb top_padding=\u00bb60&#8243; bottom_padding=\u00bb60&#8243; text_align=\u00bbleft\u00bb][vc_column_inner column_padding=\u00bbno-extra-padding\u00bb column_padding_position=\u00bball\u00bb background_color_opacity=\u00bb1&#8243; width=\u00bb1\/2&#8243; column_border_width=\u00bbnone\u00bb column_border_style=\u00bbsolid\u00bb]<div class=\"img-with-aniamtion-wrap \" data-max-width=\"100%\"><div class=\"inner\"><img loading=\"lazy\" decoding=\"async\" data-shadow=\"none\" data-shadow-direction=\"middle\" class=\"img-with-animation \" data-delay=\"0\" height=\"1440\" width=\"2560\" data-animation=\"fade-in\" src=\"https:\/\/compostsegria.com\/wp-content\/uploads\/2024\/01\/WhatsApp-Image-2023-12-20-at-15.56.43-scaled.jpeg\" srcset=\"https:\/\/compostsegria.com\/wp-content\/uploads\/2024\/01\/WhatsApp-Image-2023-12-20-at-15.56.43-scaled.jpeg 2560w, https:\/\/compostsegria.com\/wp-content\/uploads\/2024\/01\/WhatsApp-Image-2023-12-20-at-15.56.43-300x169.jpeg 300w, https:\/\/compostsegria.com\/wp-content\/uploads\/2024\/01\/WhatsApp-Image-2023-12-20-at-15.56.43-1024x576.jpeg 1024w, https:\/\/compostsegria.com\/wp-content\/uploads\/2024\/01\/WhatsApp-Image-2023-12-20-at-15.56.43-768x432.jpeg 768w, https:\/\/compostsegria.com\/wp-content\/uploads\/2024\/01\/WhatsApp-Image-2023-12-20-at-15.56.43-1536x864.jpeg 1536w, https:\/\/compostsegria.com\/wp-content\/uploads\/2024\/01\/WhatsApp-Image-2023-12-20-at-15.56.43-2048x1152.jpeg 2048w\" alt=\"\" \/><\/div><\/div>[\/vc_column_inner][vc_column_inner column_padding=\u00bbno-extra-padding\u00bb column_padding_position=\u00bball\u00bb background_color_opacity=\u00bb1&#8243; width=\u00bb1\/2&#8243; column_border_width=\u00bbnone\u00bb column_border_style=\u00bbsolid\u00bb][vc_column_text css=\u00bb.vc_custom_1709886633750{margin-top: 50px !important;margin-bottom: 50px !important;}\u00bb]\n<div class=\"page\" title=\"Page 2\">\n<div class=\"section\">\n<div class=\"layoutArea\">\n<div class=\"column\">\n<p class=\"p1\"><strong>Depuis plus de 30 ans<\/strong>, Compost Segri\u00e0 s&#8217;inqui\u00e8te de la bonne gestion des d\u00e9chets produits par les usines de la r\u00e9gion de Lleida.<\/p>\n<p class=\"p1\">Nous sommes <strong>une entreprise de valorisation des d\u00e9chets par le compostage<\/strong>. Au fil des ann\u00e9es, nous avons grandi et am\u00e9lior\u00e9 nos installations ainsi que nos services, gr\u00e2ce \u00e0 la confiance et \u00e0 la collaboration \u00e9troite avec nos clients. D\u00e8s le d\u00e9but, nous avons acquis de l&#8217;exp\u00e9rience en travaillant pour des entreprises de l&#8217;industrie agroalimentaire, des entreprises de gestion des d\u00e9chets urbains et des agriculteurs \/ \u00e9leveurs.<\/p>\n<p>.<\/p>\n<\/div>\n<\/div>\n<\/div>\n<\/div>\n[\/vc_column_text][\/vc_column_inner][\/vc_row_inner][\/vc_column][\/vc_row][vc_row type=\u00bbfull_width_background\u00bb full_screen_row_position=\u00bbmiddle\u00bb equal_height=\u00bbyes\u00bb content_placement=\u00bbmiddle\u00bb bg_image=\u00bb1345&#8243; bg_position=\u00bbleft top\u00bb bg_repeat=\u00bbno-repeat\u00bb scene_position=\u00bbcenter\u00bb text_color=\u00bbcustom\u00bb custom_text_color=\u00bb#ffffff\u00bb text_align=\u00bbleft\u00bb top_padding=\u00bb50&#8243; bottom_padding=\u00bb50&#8243; overlay_strength=\u00bb0.3&#8243;][vc_column column_padding=\u00bbno-extra-padding\u00bb column_padding_position=\u00bball\u00bb background_color_opacity=\u00bb1&#8243; background_hover_color_opacity=\u00bb1&#8243; font_color=\u00bb#ffffff\u00bb bottom_margin=\u00bb0&#8243; column_shadow=\u00bbnone\u00bb width=\u00bb1\/2&#8243; tablet_text_alignment=\u00bbdefault\u00bb phone_text_alignment=\u00bbdefault\u00bb column_border_width=\u00bbnone\u00bb column_border_style=\u00bbsolid\u00bb][vc_column_text css=\u00bb.vc_custom_1711017071745{margin-bottom: 20px !important;}\u00bb]\n<h2 style=\"text-align: left;\"><strong>Mission<\/strong><\/h2>\n[\/vc_column_text][vc_column_text]\n<div class=\"page\" title=\"Page 2\">\n<div class=\"section\">\n<div class=\"layoutArea\">\n<div class=\"column\">\n<p>Notre objectif principal est de <strong>g\u00e9rer et de valoriser les d\u00e9chets<\/strong> afin de les transformer en engrais organique de la plus haute qualit\u00e9, misant toujours sur un monde durable.<\/p>\n<p>Dans notre entreprise, nou<strong>s traitons diff\u00e9rents types de mat\u00e9riaux organiques et biod\u00e9gradables sans danger<\/strong> provenant des industries agroalimentaires, urbaines, industrielles, agricoles et d&#8217;\u00e9levage. Gr\u00e2ce \u00e0 leur recyclage par le processus de compostage, nous pouvons r\u00e9duire la quantit\u00e9 de d\u00e9chets et en outre, <strong>obtenir un excellent engrais.<\/strong> De cette mani\u00e8re, nous contribuons au d\u00e9veloppement d&#8217;une <strong>\u00e9conomie circulaire<\/strong>, et luttons en m\u00eame temps contre le changement climatique et la conservation des sols<\/p>\n<p class=\"p1\">Nous travaillons en \u00e9troite collaboration avec nos clients, non seulement en tant que fournisseur ou prestataire de services, mais \u00e9galement en les soutenant et en <strong>apportant de la valeur<\/strong> \u00e0 leurs processus de production.<\/p>\n<\/div>\n<\/div>\n<\/div>\n<\/div>\n[\/vc_column_text][\/vc_column][vc_column column_padding=\u00bbpadding-3-percent\u00bb column_padding_position=\u00bbleft-right\u00bb background_color_opacity=\u00bb1&#8243; background_hover_color_opacity=\u00bb1&#8243; bottom_margin=\u00bb0&#8243; column_shadow=\u00bbnone\u00bb width=\u00bb1\/2&#8243; tablet_text_alignment=\u00bbdefault\u00bb phone_text_alignment=\u00bbdefault\u00bb column_border_width=\u00bbnone\u00bb column_border_style=\u00bbsolid\u00bb][\/vc_column][\/vc_row][vc_row type=\u00bbin_container\u00bb full_screen_row_position=\u00bbmiddle\u00bb equal_height=\u00bbyes\u00bb content_placement=\u00bbmiddle\u00bb scene_position=\u00bbcenter\u00bb text_color=\u00bbdark\u00bb text_align=\u00bbleft\u00bb top_padding=\u00bb0&#8243; overlay_strength=\u00bb0.3&#8243;][vc_column column_padding=\u00bbpadding-3-percent\u00bb column_padding_position=\u00bbleft-right\u00bb background_color_opacity=\u00bb1&#8243; background_hover_color_opacity=\u00bb1&#8243; top_margin=\u00bb40&#8243; column_shadow=\u00bbnone\u00bb width=\u00bb1\/2&#8243; tablet_text_alignment=\u00bbdefault\u00bb phone_text_alignment=\u00bbdefault\u00bb column_border_width=\u00bbnone\u00bb column_border_style=\u00bbsolid\u00bb]<div class=\"img-with-aniamtion-wrap \" data-max-width=\"100%\"><div class=\"inner\"><img loading=\"lazy\" decoding=\"async\" data-shadow=\"none\" data-shadow-direction=\"middle\" class=\"img-with-animation \" data-delay=\"300\" height=\"1523\" width=\"1200\" data-animation=\"fade-in\" src=\"https:\/\/compostsegria.com\/wp-content\/uploads\/2024\/05\/referente-en-el-reciclaje-de-materia-organica-3.jpeg\" srcset=\"https:\/\/compostsegria.com\/wp-content\/uploads\/2024\/05\/referente-en-el-reciclaje-de-materia-organica-3.jpeg 1200w, https:\/\/compostsegria.com\/wp-content\/uploads\/2024\/05\/referente-en-el-reciclaje-de-materia-organica-3-236x300.jpeg 236w, https:\/\/compostsegria.com\/wp-content\/uploads\/2024\/05\/referente-en-el-reciclaje-de-materia-organica-3-807x1024.jpeg 807w, https:\/\/compostsegria.com\/wp-content\/uploads\/2024\/05\/referente-en-el-reciclaje-de-materia-organica-3-768x975.jpeg 768w\" alt=\"\" \/><\/div><\/div>[\/vc_column][vc_column column_padding=\u00bbno-extra-padding\u00bb column_padding_position=\u00bball\u00bb background_color_opacity=\u00bb1&#8243; background_hover_color_opacity=\u00bb1&#8243; top_margin=\u00bb0&#8243; column_shadow=\u00bbnone\u00bb width=\u00bb1\/2&#8243; tablet_text_alignment=\u00bbdefault\u00bb phone_text_alignment=\u00bbdefault\u00bb column_border_width=\u00bbnone\u00bb column_border_style=\u00bbsolid\u00bb][vc_column_text]\n<h2 style=\"text-align: left;\"><strong>Vision<\/strong><\/h2>\n[\/vc_column_text][vc_column_text]Chez Compost Segri\u00e0, nous voulons continuer \u00e0 <strong>progresser en devenant une r\u00e9f\u00e9rence dans le recyclage de mati\u00e8res organiques<\/strong>, en misant sur une production d\u2019aliments \u00e0 partir d&#8217;une <strong>agriculture biologique et durable<\/strong>. Nous voulons \u00e9galement insister sur la lutte contre le changement climatique ainsi que sur la protection et la conservation des sols agricoles.<\/p>\n<p>Bien que notre activit\u00e9 soit actuellement principalement ax\u00e9e sur la Catalogne et l&#8217;Aragon, nous avons l&#8217;intention d&#8217;\u00e9largir notre zone d&#8217;influence dans diff\u00e9rentes r\u00e9gions g\u00e9ographiques afin d&#8217;avoir un plus grand impact positif.[\/vc_column_text][\/vc_column][\/vc_row][vc_row type=\u00bbfull_width_background\u00bb full_screen_row_position=\u00bbmiddle\u00bb bg_color=\u00bb#ffffff\u00bb scene_position=\u00bbcenter\u00bb text_color=\u00bbdark\u00bb text_align=\u00bbleft\u00bb top_padding=\u00bb75&#8243; bottom_padding=\u00bb10&#8243; overlay_strength=\u00bb0.3&#8243;][vc_column column_padding=\u00bbno-extra-padding\u00bb column_padding_position=\u00bball\u00bb background_color_opacity=\u00bb1&#8243; background_hover_color_opacity=\u00bb1&#8243; column_shadow=\u00bbnone\u00bb width=\u00bb1\/1&#8243; tablet_text_alignment=\u00bbdefault\u00bb phone_text_alignment=\u00bbdefault\u00bb column_border_width=\u00bbnone\u00bb column_border_style=\u00bbsolid\u00bb][vc_column_text]\n<h2 style=\"text-align: center;\"><strong>Valeurs<\/strong><\/h2>\n[\/vc_column_text][\/vc_column][\/vc_row][vc_row type=\u00bbfull_width_background\u00bb full_screen_row_position=\u00bbmiddle\u00bb bg_color=\u00bb#ffffff\u00bb scene_position=\u00bbcenter\u00bb text_color=\u00bbdark\u00bb text_align=\u00bbleft\u00bb top_padding=\u00bb45&#8243; bottom_padding=\u00bb40&#8243; overlay_strength=\u00bb0.3&#8243;][vc_column column_padding=\u00bbpadding-4-percent\u00bb column_padding_position=\u00bball\u00bb background_color=\u00bb#f4f4f4&#8243; background_color_opacity=\u00bb1&#8243; background_hover_color_opacity=\u00bb1&#8243; column_shadow=\u00bbnone\u00bb width=\u00bb1\/2&#8243; tablet_text_alignment=\u00bbdefault\u00bb phone_text_alignment=\u00bbdefault\u00bb column_border_width=\u00bbnone\u00bb column_border_style=\u00bbsolid\u00bb][vc_column_text]<img decoding=\"async\" style=\"width: 150px;\" src=\"https:\/\/compostsegria.com\/wp-content\/uploads\/2020\/07\/iconos_compost_segria_Artboard-1-copy@3x.png\" alt=\"\" \/><\/p>\n<h2 class=\"color-verde\"><strong>Transparence et engagement<\/strong><\/h2>\n<p>Nous misons sur la transparence dans toutes nos activit\u00e9s, et sommes fortement engag\u00e9s envers la communaut\u00e9 et l&#8217;environnement.[\/vc_column_text][\/vc_column][vc_column column_padding=\u00bbpadding-4-percent\u00bb column_padding_position=\u00bball\u00bb background_color=\u00bb#f4f4f4&#8243; background_color_opacity=\u00bb1&#8243; background_hover_color_opacity=\u00bb1&#8243; column_shadow=\u00bbnone\u00bb width=\u00bb1\/2&#8243; tablet_text_alignment=\u00bbdefault\u00bb phone_text_alignment=\u00bbdefault\u00bb column_border_width=\u00bbnone\u00bb column_border_style=\u00bbsolid\u00bb][vc_column_text]<img loading=\"lazy\" decoding=\"async\" style=\"width: 150px;\" src=\"https:\/\/compostsegria.com\/wp-content\/uploads\/2020\/07\/iconos_compost_segria_Artboard-1-copy-2@3x.png\" alt=\"\" width=\"150\" height=\"150\" \/><\/p>\n<h2 class=\"color-verde\"><strong>Durabilit\u00e9 et proximit\u00e9<\/strong><\/h2>\n<p>Nous \u0153uvrons pour un monde durable et collaborons avec notre environnement imm\u00e9diat, tous nos fournisseurs \u00e9tant locaux.[\/vc_column_text][\/vc_column][\/vc_row][vc_row type=\u00bbfull_width_background\u00bb full_screen_row_position=\u00bbmiddle\u00bb bg_color=\u00bb#ffffff\u00bb scene_position=\u00bbcenter\u00bb text_color=\u00bbdark\u00bb text_align=\u00bbleft\u00bb bottom_padding=\u00bb75&#8243; overlay_strength=\u00bb0.3&#8243;][vc_column column_padding=\u00bbpadding-4-percent\u00bb column_padding_position=\u00bball\u00bb background_color=\u00bb#f4f4f4&#8243; background_color_opacity=\u00bb1&#8243; background_hover_color_opacity=\u00bb1&#8243; column_shadow=\u00bbnone\u00bb width=\u00bb1\/2&#8243; tablet_text_alignment=\u00bbdefault\u00bb phone_text_alignment=\u00bbdefault\u00bb column_border_width=\u00bbnone\u00bb column_border_style=\u00bbsolid\u00bb][vc_column_text]<img loading=\"lazy\" decoding=\"async\" style=\"width: 150px;\" src=\"https:\/\/compostsegria.com\/wp-content\/uploads\/2020\/07\/iconos_compost_segria_Artboard-1-copy-3@3x.png\" alt=\"\" width=\"150\" height=\"150\" \/><\/p>\n<h2 class=\"color-verde\"><strong>Innovation et am\u00e9lioration constante<\/strong><\/h2>\n<p>Nous mettons en \u0153uvre des am\u00e9liorations constantes dans notre processus de transformation afin d&#8217;\u00eatre plus efficaces et d&#8217;obtenir en m\u00eame temps un produit final de la plus haute qualit\u00e9.[\/vc_column_text][\/vc_column][vc_column column_padding=\u00bbpadding-4-percent\u00bb column_padding_position=\u00bball\u00bb background_color=\u00bb#f4f4f4&#8243; background_color_opacity=\u00bb1&#8243; background_hover_color_opacity=\u00bb1&#8243; column_shadow=\u00bbnone\u00bb width=\u00bb1\/2&#8243; tablet_text_alignment=\u00bbdefault\u00bb phone_text_alignment=\u00bbdefault\u00bb column_border_width=\u00bbnone\u00bb column_border_style=\u00bbsolid\u00bb][vc_column_text]<img loading=\"lazy\" decoding=\"async\" style=\"width: 150px;\" src=\"https:\/\/compostsegria.com\/wp-content\/uploads\/2020\/07\/iconos_compost_segria_Artboard-1-copy-4@3x.png\" alt=\"\" width=\"150\" height=\"150\" \/><\/p>\n<h2 class=\"color-verde\"><strong>Qualit\u00e9 et service<\/strong><\/h2>\n<p>Nous travaillons avec des mati\u00e8res premi\u00e8res s\u00e9lectionn\u00e9es et analys\u00e9es pour respecter nos normes de qualit\u00e9 et pour pouvoir ainsi offrir un excellent produit final, \u00e9galement contr\u00f4l\u00e9 et analys\u00e9 par des laboratoires externes. Notre vocation pour le service fait partie de notre ADN, car notre objectif est de satisfaire les besoins de nos clients les plus exigeants.[\/vc_column_text][\/vc_column][\/vc_row]\n","protected":false},"excerpt":{"rendered":"<p>[vc_row type=\u00bbfull_width_background\u00bb full_screen_row_position=\u00bbmiddle\u00bb equal_height=\u00bbyes\u00bb content_placement=\u00bbmiddle\u00bb scene_position=\u00bbcenter\u00bb text_color=\u00bbdark\u00bb text_align=\u00bbleft\u00bb id=\u00bbtipos-cultivos\u00bb row_name=\u00bbTipos Cultivos\u00bb overlay_strength=\u00bb0.3&#8243;][vc_column column_padding=\u00bbno-extra-padding\u00bb column_padding_position=\u00bball\u00bb background_color_opacity=\u00bb1&#8243; background_hover_color_opacity=\u00bb1&#8243; top_margin=\u00bb120px\u00bb column_shadow=\u00bbnone\u00bb width=\u00bb1\/1&#8243; tablet_text_alignment=\u00bbdefault\u00bb phone_text_alignment=\u00bbdefault\u00bb column_border_width=\u00bbnone\u00bb column_border_style=\u00bbsolid\u00bb][vc_column_text css=\u00bb.vc_custom_1711017065859{margin-top: 120px !important;}\u00bb] Histoire [\/vc_column_text][vc_row_inner column_margin=\u00bbdefault\u00bb top_padding=\u00bb60&#8243;&#8230;<\/p>\n","protected":false},"author":7,"featured_media":0,"parent":0,"menu_order":0,"comment_status":"closed","ping_status":"closed","template":"","meta":{"footnotes":""},"_links":{"self":[{"href":"https:\/\/compostsegria.com\/ca\/wp-json\/wp\/v2\/pages\/2161"}],"collection":[{"href":"https:\/\/compostsegria.com\/ca\/wp-json\/wp\/v2\/pages"}],"about":[{"href":"https:\/\/compostsegria.com\/ca\/wp-json\/wp\/v2\/types\/page"}],"author":[{"embeddable":true,"href":"https:\/\/compostsegria.com\/ca\/wp-json\/wp\/v2\/users\/7"}],"replies":[{"embeddable":true,"href":"https:\/\/compostsegria.com\/ca\/wp-json\/wp\/v2\/comments?post=2161"}],"version-history":[{"count":6,"href":"https:\/\/compostsegria.com\/ca\/wp-json\/wp\/v2\/pages\/2161\/revisions"}],"predecessor-version":[{"id":2737,"href":"https:\/\/compostsegria.com\/ca\/wp-json\/wp\/v2\/pages\/2161\/revisions\/2737"}],"wp:attachment":[{"href":"https:\/\/compostsegria.com\/ca\/wp-json\/wp\/v2\/media?parent=2161"}],"curies":[{"name":"wp","href":"https:\/\/api.w.org\/{rel}","templated":true}]}}