{"id":2144,"date":"2024-03-21T10:45:31","date_gmt":"2024-03-21T10:45:31","guid":{"rendered":"https:\/\/compostsegria.com\/?page_id=2144"},"modified":"2024-05-20T07:19:02","modified_gmt":"2024-05-20T07:19:02","slug":"planta-de-compostaje","status":"publish","type":"page","link":"https:\/\/compostsegria.com\/ca\/es\/planta-de-compostaje\/","title":{"rendered":"Planta de Compostaje"},"content":{"rendered":"[vc_row type=\u00bbfull_width_background\u00bb full_screen_row_position=\u00bbmiddle\u00bb equal_height=\u00bbyes\u00bb content_placement=\u00bbmiddle\u00bb bg_image=\u00bb995&#8243; bg_position=\u00bbleft top\u00bb bg_repeat=\u00bbno-repeat\u00bb parallax_bg=\u00bbtrue\u00bb parallax_bg_speed=\u00bbslow\u00bb scene_position=\u00bbcenter\u00bb text_color=\u00bblight\u00bb text_align=\u00bbleft\u00bb top_padding=\u00bb250&#8243; bottom_padding=\u00bb200&#8243; class=\u00bbaltura-minima-2&#8243; overlay_strength=\u00bb0.3&#8243;][vc_column column_padding=\u00bbno-extra-padding\u00bb column_padding_position=\u00bball\u00bb background_color_opacity=\u00bb1&#8243; background_hover_color_opacity=\u00bb1&#8243; column_shadow=\u00bbnone\u00bb width=\u00bb3\/4&#8243; tablet_text_alignment=\u00bbdefault\u00bb phone_text_alignment=\u00bbdefault\u00bb column_border_width=\u00bbnone\u00bb column_border_style=\u00bbsolid\u00bb][vc_column_text]\n<h1 style=\"text-align: left;\"><strong>Planta de compostaje<\/strong><\/h1>\n<div class=\"page\" title=\"Page 8\">\n<div class=\"section\">\n<div class=\"layoutArea\">\n<div class=\"column\">\n<p>En <strong>Compost Segri\u00e0<\/strong> destacamos por nuestra extensa experiencia y nuestra relaci\u00f3n pr\u00f3xima con los clientes. Con muchos a\u00f1os de trabajo codo a codo, nos diferenciamos otras empresas de compostaje comprometi\u00e9ndonos a proporcionar el <strong>mejor servicio posible y adapt\u00e1ndonos a sus necesidades espec\u00edficas.<\/strong> As\u00ed, ofrecemos a nuestros clientes un <strong>servicio integral y personalizado<\/strong> para cada situaci\u00f3n.<\/p>\n<\/div>\n<\/div>\n<\/div>\n<\/div>\n[\/vc_column_text][nectar_btn size=\u00bbsmall\u00bb button_style=\u00bbregular\u00bb button_color_2=\u00bbAccent-Color\u00bb color_override=\u00bb#ffffff\u00bb icon_family=\u00bbnone\u00bb text=\u00bbConoce Nuestros Servicios\u00bb margin_top=\u00bb20&#8243;][\/vc_column][vc_column column_padding=\u00bbno-extra-padding\u00bb column_padding_position=\u00bball\u00bb background_color_opacity=\u00bb1&#8243; background_hover_color_opacity=\u00bb1&#8243; column_shadow=\u00bbnone\u00bb width=\u00bb1\/4&#8243; tablet_text_alignment=\u00bbdefault\u00bb phone_text_alignment=\u00bbdefault\u00bb column_border_width=\u00bbnone\u00bb column_border_style=\u00bbsolid\u00bb][\/vc_column][\/vc_row][vc_row type=\u00bbfull_width_background\u00bb full_screen_row_position=\u00bbmiddle\u00bb equal_height=\u00bbyes\u00bb content_placement=\u00bbmiddle\u00bb bg_color=\u00bb#efefef\u00bb scene_position=\u00bbcenter\u00bb text_color=\u00bbdark\u00bb text_align=\u00bbleft\u00bb top_padding=\u00bb4%\u00bb bottom_padding=\u00bb4%\u00bb id=\u00bbtipos-cultivos\u00bb row_name=\u00bbTipos Cultivos\u00bb overlay_strength=\u00bb0.3&#8243;][vc_column column_padding=\u00bbpadding-3-percent\u00bb column_padding_position=\u00bbleft-right\u00bb background_color_opacity=\u00bb1&#8243; background_hover_color_opacity=\u00bb1&#8243; column_shadow=\u00bbnone\u00bb width=\u00bb1\/2&#8243; tablet_text_alignment=\u00bbdefault\u00bb phone_text_alignment=\u00bbdefault\u00bb column_border_width=\u00bbnone\u00bb column_border_style=\u00bbsolid\u00bb offset=\u00bbvc_col-xs-12&#8243;][vc_column_text css=\u00bb.vc_custom_1711018052345{margin-bottom: 45px !important;}\u00bb]\n<h2 class=\"color-verde\"><strong>\u00bfQu\u00e9 es una planta de compostaje?<\/strong><\/h2>\n[\/vc_column_text][vc_row_inner column_margin=\u00bbdefault\u00bb text_align=\u00bbleft\u00bb][vc_column_inner enable_animation=\u00bbtrue\u00bb animation=\u00bbfade-in-from-bottom\u00bb column_padding=\u00bbno-extra-padding\u00bb column_padding_position=\u00bball\u00bb background_color_opacity=\u00bb1&#8243; width=\u00bb1\/1&#8243; column_border_width=\u00bbnone\u00bb column_border_style=\u00bbsolid\u00bb delay=\u00bb150&#8243;][vc_column_text]<span lang=\"CA\">En <strong>Compost Segri\u00e0<\/strong> disponemos de una <strong>planta de compostaje<\/strong> con las instalaciones adecuadas para que los residuos org\u00e1nicos sean transformados en compost. Estas instalaciones permiten que el proceso de compostaje se lleve a cabo de forma controlada y respetuosa con el medio ambiente.<\/span>[\/vc_column_text][\/vc_column_inner][\/vc_row_inner][\/vc_column][vc_column column_padding=\u00bbno-extra-padding\u00bb column_padding_position=\u00bball\u00bb background_color_opacity=\u00bb1&#8243; background_hover_color_opacity=\u00bb1&#8243; column_shadow=\u00bbnone\u00bb width=\u00bb1\/2&#8243; tablet_text_alignment=\u00bbdefault\u00bb phone_text_alignment=\u00bbdefault\u00bb column_border_width=\u00bbnone\u00bb column_border_style=\u00bbsolid\u00bb offset=\u00bbvc_col-xs-12&#8243;]<div class=\"img-with-aniamtion-wrap right\" data-max-width=\"100%\"><div class=\"inner\"><img loading=\"lazy\" decoding=\"async\" data-shadow=\"none\" data-shadow-direction=\"middle\" class=\"img-with-animation \" data-delay=\"0\" height=\"464\" width=\"652\" data-animation=\"fade-in\" src=\"https:\/\/compostsegria.com\/wp-content\/uploads\/2019\/02\/aeri.jpg\" srcset=\"https:\/\/compostsegria.com\/wp-content\/uploads\/2019\/02\/aeri.jpg 652w, https:\/\/compostsegria.com\/wp-content\/uploads\/2019\/02\/aeri-300x213.jpg 300w\" alt=\"\" \/><\/div><\/div>[\/vc_column][\/vc_row][vc_row type=\u00bbfull_width_background\u00bb full_screen_row_position=\u00bbmiddle\u00bb bg_color=\u00bb#ffffff\u00bb scene_position=\u00bbcenter\u00bb text_color=\u00bbdark\u00bb text_align=\u00bbleft\u00bb top_padding=\u00bb6%\u00bb bottom_padding=\u00bb6%\u00bb id=\u00bbproceso\u00bb row_name=\u00bbProceso\u00bb overlay_strength=\u00bb0.3&#8243;][vc_column centered_text=\u00bbtrue\u00bb column_padding=\u00bbno-extra-padding\u00bb column_padding_position=\u00bball\u00bb background_color_opacity=\u00bb1&#8243; background_hover_color_opacity=\u00bb1&#8243; column_shadow=\u00bbnone\u00bb width=\u00bb1\/1&#8243; tablet_text_alignment=\u00bbdefault\u00bb phone_text_alignment=\u00bbdefault\u00bb column_border_width=\u00bbnone\u00bb column_border_style=\u00bbsolid\u00bb][vc_row_inner column_margin=\u00bbdefault\u00bb top_padding=\u00bb40&#8243; text_align=\u00bbleft\u00bb css=\u00bb.vc_custom_1705584381663{margin-top: 40px !important;}\u00bb][vc_column_inner enable_animation=\u00bbtrue\u00bb animation=\u00bbfade-in\u00bb column_padding=\u00bbno-extra-padding\u00bb column_padding_position=\u00bball\u00bb background_color_opacity=\u00bb1&#8243; width=\u00bb1\/1&#8243; column_border_width=\u00bbnone\u00bb column_border_style=\u00bbsolid\u00bb][vc_column_text css=\u00bb.vc_custom_1711018043913{padding-bottom: 10px !important;}\u00bb]\n<h2 class=\"color-verde\" style=\"text-align: center;\"><strong>Nuestra planta de compostaje<\/strong><\/h2>\n[\/vc_column_text][\/vc_column_inner][\/vc_row_inner][vc_row_inner column_margin=\u00bbdefault\u00bb text_align=\u00bbleft\u00bb css=\u00bb.vc_custom_1549910850039{margin-top: 60px !important;}\u00bb][vc_column_inner background_image=\u00bb2510&#8243; enable_bg_scale=\u00bbtrue\u00bb column_padding=\u00bbpadding-10-percent\u00bb column_padding_position=\u00bbtop-bottom\u00bb background_color_opacity=\u00bb1&#8243; font_color=\u00bb#ffffff\u00bb width=\u00bb1\/4&#8243; column_border_width=\u00bbnone\u00bb column_border_style=\u00bbsolid\u00bb column_link=\u00bb\/es\/planta-de-compostaje-1\/\u00bb][vc_column_text]\n<h3>Zona de recepci\u00f3n<\/h3>\n<p>Ver m\u00e1s[\/vc_column_text][\/vc_column_inner][vc_column_inner background_image=\u00bb2506&#8243; enable_bg_scale=\u00bbtrue\u00bb column_padding=\u00bbpadding-10-percent\u00bb column_padding_position=\u00bbtop-bottom\u00bb background_color_opacity=\u00bb1&#8243; font_color=\u00bb#ffffff\u00bb width=\u00bb1\/4&#8243; column_border_width=\u00bbnone\u00bb column_border_style=\u00bbsolid\u00bb column_link=\u00bb\/es\/planta-de-compostaje-1\/\u00bb][vc_column_text]\n<h3>Zona de fermentaci\u00f3n<\/h3>\n<p>Ver m\u00e1s[\/vc_column_text][\/vc_column_inner][vc_column_inner background_image=\u00bb2507&#8243; enable_bg_scale=\u00bbtrue\u00bb column_padding=\u00bbpadding-10-percent\u00bb column_padding_position=\u00bbtop-bottom\u00bb background_color_opacity=\u00bb1&#8243; font_color=\u00bb#ffffff\u00bb width=\u00bb1\/4&#8243; column_border_width=\u00bbnone\u00bb column_border_style=\u00bbsolid\u00bb column_link=\u00bb\/es\/planta-de-compostaje-1\/\u00bb][vc_column_text]\n<h3>Zona de maduraci\u00f3n<\/h3>\n<p>Ver m\u00e1s[\/vc_column_text][\/vc_column_inner][vc_column_inner background_image=\u00bb2508&#8243; enable_bg_scale=\u00bbtrue\u00bb column_padding=\u00bbpadding-10-percent\u00bb column_padding_position=\u00bbtop-bottom\u00bb background_color_opacity=\u00bb1&#8243; font_color=\u00bb#ffffff\u00bb width=\u00bb1\/4&#8243; column_border_width=\u00bbnone\u00bb column_border_style=\u00bbsolid\u00bb column_link=\u00bb\/es\/planta-de-compostaje-1\/\u00bb][vc_column_text]\n<h3>Zona de producto acabado<\/h3>\n<p>Ver m\u00e1s[\/vc_column_text][\/vc_column_inner][\/vc_row_inner][vc_row_inner column_margin=\u00bbdefault\u00bb text_align=\u00bbleft\u00bb][vc_column_inner column_padding=\u00bbno-extra-padding\u00bb column_padding_position=\u00bball\u00bb background_color_opacity=\u00bb1&#8243; width=\u00bb1\/1&#8243; column_border_width=\u00bbnone\u00bb column_border_style=\u00bbsolid\u00bb][vc_column_text css=\u00bb.vc_custom_1711018060480{margin-top: 40px !important;padding-bottom: 10px !important;}\u00bb]\n<div class=\"page\" title=\"Page 8\">\n<div class=\"section\">\n<div class=\"layoutArea\">\n<div class=\"column\">\n<h2 style=\"text-align: center;\"><strong>\u00bfEn que consiste<\/strong><br \/>\n<strong>el proceso de compostaje?<\/strong><\/h2>\n<\/div>\n<\/div>\n<\/div>\n<\/div>\n[\/vc_column_text][\/vc_column_inner][\/vc_row_inner][vc_row_inner column_margin=\u00bbdefault\u00bb text_align=\u00bbleft\u00bb css=\u00bb.vc_custom_1706182830578{margin-top: 10px !important;}\u00bb][vc_column_inner column_padding=\u00bbno-extra-padding\u00bb column_padding_position=\u00bball\u00bb background_color_opacity=\u00bb1&#8243; width=\u00bb1\/3&#8243; column_border_width=\u00bbnone\u00bb column_border_style=\u00bbsolid\u00bb]<div class=\"img-with-aniamtion-wrap \" data-max-width=\"100%\"><div class=\"inner\"><img loading=\"lazy\" decoding=\"async\" data-shadow=\"none\" data-shadow-direction=\"middle\" class=\"img-with-animation \" data-delay=\"0\" height=\"1356\" width=\"863\" data-animation=\"fade-in\" src=\"https:\/\/compostsegria.com\/wp-content\/uploads\/2024\/05\/201118_CompostSegria_025-scaled-e1708605708403-1.jpeg\" srcset=\"https:\/\/compostsegria.com\/wp-content\/uploads\/2024\/05\/201118_CompostSegria_025-scaled-e1708605708403-1.jpeg 863w, https:\/\/compostsegria.com\/wp-content\/uploads\/2024\/05\/201118_CompostSegria_025-scaled-e1708605708403-1-191x300.jpeg 191w, https:\/\/compostsegria.com\/wp-content\/uploads\/2024\/05\/201118_CompostSegria_025-scaled-e1708605708403-1-652x1024.jpeg 652w, https:\/\/compostsegria.com\/wp-content\/uploads\/2024\/05\/201118_CompostSegria_025-scaled-e1708605708403-1-768x1207.jpeg 768w\" alt=\"\" \/><\/div><\/div>[\/vc_column_inner][vc_column_inner column_padding=\u00bbno-extra-padding\u00bb column_padding_position=\u00bball\u00bb background_color_opacity=\u00bb1&#8243; width=\u00bb2\/3&#8243; column_border_width=\u00bbnone\u00bb column_border_style=\u00bbsolid\u00bb][vc_column_text]\n<div class=\"page\" title=\"Page 8\">\n<div class=\"section\">\n<div class=\"layoutArea\">\n<div class=\"column\">\n<p>El proceso de compostaje es una parte integral de nuestra misi\u00f3n a Compost Segri\u00e0, puesto que nos permite crear abonos y <strong>fertilizantes org\u00e1nicos de primera calidad<\/strong>. El compost, uno de nuestros abonos m\u00e1s vers\u00e1tiles, es resultado de una descomposici\u00f3n natural de materias org\u00e1nicas iniciales, realizada de manera controlada. Este proceso implica la participaci\u00f3n de microorganismos beneficiosos para la vida vegetal, convirtiendo el compuesto en una mezcla altamente nutritiva y beneficiosa para el crecimiento de todo tipo de cultivos y vegetales.<\/p>\n<p>Es esencial realizar el tratamiento de compostaje en instalaciones espec\u00edficas para asegurarnos que el <strong>producto final<\/strong> sea de <strong>\u00f3ptima calidad<\/strong>, como es el caso de nuestro compost a Compost Segri\u00e0. Nuestros abonos y fertilizantes no solo son \u00f3ptimos para la agricultura, sino que tambi\u00e9n juegan un papel importante en la jardiner\u00eda y en la conservaci\u00f3n y recuperaci\u00f3n de suelos degradados.<\/p>\n<p>Es importante destacar que el proceso de compostaje no afecta negativamente el medio ambiente ni la salud, siempre que se realice correctamente. A trav\u00e9s del compostaje de restos org\u00e1nicos, contribuimos a la <strong>reducci\u00f3n de los residuos<\/strong> y fomentamos el reciclaje como una manera de minimizar nuestro impacto en el planeta Tierra y sus recursos naturales.<\/p>\n<\/div>\n<\/div>\n<\/div>\n<\/div>\n[\/vc_column_text][\/vc_column_inner][\/vc_row_inner][\/vc_column][\/vc_row][vc_row type=\u00bbfull_width_content\u00bb full_screen_row_position=\u00bbmiddle\u00bb scene_position=\u00bbcenter\u00bb text_color=\u00bbdark\u00bb text_align=\u00bbleft\u00bb overlay_strength=\u00bb0.3&#8243;][vc_column column_padding=\u00bbno-extra-padding\u00bb column_padding_position=\u00bball\u00bb background_color_opacity=\u00bb1&#8243; background_hover_color_opacity=\u00bb1&#8243; column_shadow=\u00bbnone\u00bb width=\u00bb1\/1&#8243; tablet_text_alignment=\u00bbdefault\u00bb phone_text_alignment=\u00bbdefault\u00bb column_border_width=\u00bbnone\u00bb column_border_style=\u00bbsolid\u00bb][vc_gallery type=\u00bbflickity_style\u00bb images=\u00bb451,448,450,449,452&#8243; flickity_controls=\u00bbnone\u00bb flickity_desktop_columns=\u00bb3&#8243; flickity_small_desktop_columns=\u00bb2&#8243; flickity_tablet_columns=\u00bb1&#8243; flickity_autoplay=\u00bbtrue\u00bb flickity_box_shadow=\u00bbsmall_depth\u00bb onclick=\u00bblink_image\u00bb flickity_autoplay_dur=\u00bb5000&#8243;][\/vc_column][\/vc_row]\n","protected":false},"excerpt":{"rendered":"<p>[vc_row type=\u00bbfull_width_background\u00bb full_screen_row_position=\u00bbmiddle\u00bb equal_height=\u00bbyes\u00bb content_placement=\u00bbmiddle\u00bb bg_image=\u00bb995&#8243; bg_position=\u00bbleft top\u00bb bg_repeat=\u00bbno-repeat\u00bb parallax_bg=\u00bbtrue\u00bb parallax_bg_speed=\u00bbslow\u00bb scene_position=\u00bbcenter\u00bb text_color=\u00bblight\u00bb text_align=\u00bbleft\u00bb top_padding=\u00bb250&#8243; bottom_padding=\u00bb200&#8243; class=\u00bbaltura-minima-2&#8243; overlay_strength=\u00bb0.3&#8243;][vc_column column_padding=\u00bbno-extra-padding\u00bb column_padding_position=\u00bball\u00bb background_color_opacity=\u00bb1&#8243; background_hover_color_opacity=\u00bb1&#8243; column_shadow=\u00bbnone\u00bb width=\u00bb3\/4&#8243; tablet_text_alignment=\u00bbdefault\u00bb phone_text_alignment=\u00bbdefault\u00bb column_border_width=\u00bbnone\u00bb column_border_style=\u00bbsolid\u00bb][vc_column_text] Planta de&#8230;<\/p>\n","protected":false},"author":7,"featured_media":0,"parent":0,"menu_order":0,"comment_status":"closed","ping_status":"closed","template":"","meta":{"footnotes":""},"_links":{"self":[{"href":"https:\/\/compostsegria.com\/ca\/wp-json\/wp\/v2\/pages\/2144"}],"collection":[{"href":"https:\/\/compostsegria.com\/ca\/wp-json\/wp\/v2\/pages"}],"about":[{"href":"https:\/\/compostsegria.com\/ca\/wp-json\/wp\/v2\/types\/page"}],"author":[{"embeddable":true,"href":"https:\/\/compostsegria.com\/ca\/wp-json\/wp\/v2\/users\/7"}],"replies":[{"embeddable":true,"href":"https:\/\/compostsegria.com\/ca\/wp-json\/wp\/v2\/comments?post=2144"}],"version-history":[{"count":5,"href":"https:\/\/compostsegria.com\/ca\/wp-json\/wp\/v2\/pages\/2144\/revisions"}],"predecessor-version":[{"id":2616,"href":"https:\/\/compostsegria.com\/ca\/wp-json\/wp\/v2\/pages\/2144\/revisions\/2616"}],"wp:attachment":[{"href":"https:\/\/compostsegria.com\/ca\/wp-json\/wp\/v2\/media?parent=2144"}],"curies":[{"name":"wp","href":"https:\/\/api.w.org\/{rel}","templated":true}]}}