{"id":2141,"date":"2024-03-21T10:43:49","date_gmt":"2024-03-21T10:43:49","guid":{"rendered":"https:\/\/compostsegria.com\/?page_id=2141"},"modified":"2024-06-03T08:24:21","modified_gmt":"2024-06-03T08:24:21","slug":"fases-del-compostaje-2","status":"publish","type":"page","link":"https:\/\/compostsegria.com\/ca\/es\/fases-del-compostaje-2\/","title":{"rendered":"Fases del compostaje"},"content":{"rendered":"[vc_row type=\u00bbin_container\u00bb full_screen_row_position=\u00bbmiddle\u00bb scene_position=\u00bbcenter\u00bb text_color=\u00bbdark\u00bb text_align=\u00bbleft\u00bb top_padding=\u00bb40&#8243; overlay_strength=\u00bb0.3&#8243;][vc_column column_padding=\u00bbno-extra-padding\u00bb column_padding_position=\u00bball\u00bb background_color_opacity=\u00bb1&#8243; background_hover_color_opacity=\u00bb1&#8243; top_margin=\u00bb60&#8243; column_shadow=\u00bbnone\u00bb width=\u00bb1\/2&#8243; tablet_text_alignment=\u00bbdefault\u00bb phone_text_alignment=\u00bbdefault\u00bb column_border_width=\u00bbnone\u00bb column_border_style=\u00bbsolid\u00bb][vc_column_text]El compostaje es un proceso bioqu\u00edmico mediante el cual se descompone materia org\u00e1nica y se obtiene un humus llamado compost. Las fases del proceso de compostaje son muy concretas y tienen que ser controladas frecuentemente para que la temperatura, la humedad, el ox\u00edgeno y otros factores sean los id\u00f3neos y se desarrollen correctamente. Por norma general se requiere de unas instalaciones espec\u00edficas donde llevar a cabo todo el compostaje, precisamente para asegurar un mayor control sobre c\u00f3mo evoluciona etapa por etapa la materia prima que se tiene que convertir en el compost.<\/p>\n<p>A continuaci\u00f3n te explicamos las diferentes etapas del proceso de compostaje:[\/vc_column_text][\/vc_column][vc_column column_padding=\u00bbno-extra-padding\u00bb column_padding_position=\u00bball\u00bb background_color_opacity=\u00bb1&#8243; background_hover_color_opacity=\u00bb1&#8243; column_shadow=\u00bbnone\u00bb width=\u00bb1\/2&#8243; tablet_text_alignment=\u00bbdefault\u00bb phone_text_alignment=\u00bbdefault\u00bb column_border_width=\u00bbnone\u00bb column_border_style=\u00bbsolid\u00bb]<div class=\"img-with-aniamtion-wrap \" data-max-width=\"100%\"><div class=\"inner\"><img loading=\"lazy\" decoding=\"async\" data-shadow=\"none\" data-shadow-direction=\"middle\" class=\"img-with-animation \" data-delay=\"0\" height=\"1709\" width=\"2560\" data-animation=\"fade-in\" src=\"https:\/\/compostsegria.com\/wp-content\/uploads\/2024\/05\/201118_CompostSegria_056-scaled-1.jpeg\" srcset=\"https:\/\/compostsegria.com\/wp-content\/uploads\/2024\/05\/201118_CompostSegria_056-scaled-1.jpeg 2560w, https:\/\/compostsegria.com\/wp-content\/uploads\/2024\/05\/201118_CompostSegria_056-scaled-1-300x200.jpeg 300w, https:\/\/compostsegria.com\/wp-content\/uploads\/2024\/05\/201118_CompostSegria_056-scaled-1-1024x684.jpeg 1024w, https:\/\/compostsegria.com\/wp-content\/uploads\/2024\/05\/201118_CompostSegria_056-scaled-1-768x513.jpeg 768w, https:\/\/compostsegria.com\/wp-content\/uploads\/2024\/05\/201118_CompostSegria_056-scaled-1-1536x1025.jpeg 1536w, https:\/\/compostsegria.com\/wp-content\/uploads\/2024\/05\/201118_CompostSegria_056-scaled-1-2048x1367.jpeg 2048w\" alt=\"\" \/><\/div><\/div>[\/vc_column][\/vc_row][vc_row type=\u00bbin_container\u00bb full_screen_row_position=\u00bbmiddle\u00bb scene_position=\u00bbcenter\u00bb text_color=\u00bbcustom\u00bb custom_text_color=\u00bb#ffffff\u00bb text_align=\u00bbleft\u00bb overlay_strength=\u00bb0.3&#8243;][vc_column column_padding=\u00bbpadding-2-percent\u00bb column_padding_position=\u00bball\u00bb background_color=\u00bb#144d29&#8243; background_color_opacity=\u00bb1&#8243; background_hover_color_opacity=\u00bb1&#8243; font_color=\u00bb#ffffff\u00bb column_shadow=\u00bbnone\u00bb width=\u00bb1\/2&#8243; tablet_text_alignment=\u00bbdefault\u00bb phone_text_alignment=\u00bbdefault\u00bb column_border_width=\u00bbnone\u00bb column_border_style=\u00bbsolid\u00bb][vc_column_text]\n<h3>1. Fase Mes\u00f3fila<\/h3>\n[\/vc_column_text][vc_column_text]La mezcla de primeras materias todav\u00eda est\u00e1 a una temperatura ambiente y sin humedecer. Los microorganismos \u201cmes\u00f3filos\u201d (microorganismos que crecen entre los 20-45\u202f\u00b0C) empiezan a reproducirse descomponiendo mol\u00e9culas org\u00e1nicas. La actividad metab\u00f3lica de los microorganismos eleva la temperatura a 40-45\u202f\u00b0C en un periodo de dos a ocho d\u00edas. Tambi\u00e9n baja el pH de la mezcla a causa de la producci\u00f3n de \u00e1cidos org\u00e1nicos.[\/vc_column_text][\/vc_column][vc_column column_padding=\u00bbpadding-2-percent\u00bb column_padding_position=\u00bball\u00bb background_color=\u00bb#ef9d00&#8243; background_color_opacity=\u00bb1&#8243; background_hover_color_opacity=\u00bb1&#8243; font_color=\u00bb#ffffff\u00bb column_shadow=\u00bbnone\u00bb width=\u00bb1\/2&#8243; tablet_text_alignment=\u00bbdefault\u00bb phone_text_alignment=\u00bbdefault\u00bb column_border_width=\u00bbnone\u00bb column_border_style=\u00bbsolid\u00bb][vc_column_text]\n<h3>2. Fase Term\u00f3fila<\/h3>\n[\/vc_column_text][vc_column_text]Tambi\u00e9n llamada fase de \u201chigienizaci\u00f3n\u201d, en esta etapa la temperatura sube adem\u00e1s de 45\u202f\u00b0C y los microorganismos mes\u00f3filos son sustituidos por los \u201cterm\u00f3filos\u201d (microorganismos que proliferan a temperaturas de entre 45\u202f\u00b0C y 70\u202f\u00b0C). Los term\u00f3filos descomponen fuentes m\u00e1s complejas de carbono, como la celulosa y la lignina. Otro cambio importante es que el nitr\u00f3geno se transforma en amon\u00edaco y el pH de la mezcla se vuelve alcalino.<br \/>\nA partir de 60\u00b0 empieza la etapa term\u00f3fila del proceso. En el cual los organismos capaces de vivir en condiciones de mucho calor degradan mol\u00e9culas complejas.<br \/>\nPosteriormente y durante varios d\u00edas, incluso meses (dependiente de las primeras materias empleadas), se mantiene la temperatura elevada y se reduce la actividad biol\u00f3gica de los microorganismos. Entonces se produce un proceso de pasteurizaci\u00f3n en el que mueren bacterias y contaminantes perjudiciales (como la Salmonela o la Escherichia coli). Este proceso permite que se higienice el producto.<br \/>\nDurante esta fase se tiene que airear la mezcla de forma frecuente con el objetivo de aportar ox\u00edgeno a los microorganismos y que puedan seguir descomponiendo.[\/vc_column_text][\/vc_column][\/vc_row][vc_row type=\u00bbin_container\u00bb full_screen_row_position=\u00bbmiddle\u00bb scene_position=\u00bbcenter\u00bb text_color=\u00bbcustom\u00bb custom_text_color=\u00bb#ffffff\u00bb text_align=\u00bbleft\u00bb overlay_strength=\u00bb0.3&#8243;][vc_column column_padding=\u00bbpadding-2-percent\u00bb column_padding_position=\u00bball\u00bb background_color=\u00bb#ef9d00&#8243; background_color_opacity=\u00bb1&#8243; background_hover_color_opacity=\u00bb1&#8243; font_color=\u00bb#ffffff\u00bb top_margin=\u00bb-380&#8243; column_shadow=\u00bbnone\u00bb width=\u00bb1\/2&#8243; tablet_text_alignment=\u00bbdefault\u00bb phone_text_alignment=\u00bbdefault\u00bb column_border_width=\u00bbnone\u00bb column_border_style=\u00bbsolid\u00bb][vc_column_text]\n<h3>3. Fase de Enfriamiento<\/h3>\n[\/vc_column_text][vc_column_text]Cuando el carbono y el nitr\u00f3geno han sido consumidos, baja la temperatura de nuevo hasta los 40-45\u202f\u00b0C. Los mes\u00f3filos vuelven a aparecer y descomponen el material restante de celulosa y lignina. Tambi\u00e9n el pH desciende otra vez ligeramente.[\/vc_column_text][\/vc_column][\/vc_row][vc_row type=\u00bbin_container\u00bb full_screen_row_position=\u00bbmiddle\u00bb scene_position=\u00bbcenter\u00bb text_color=\u00bbcustom\u00bb custom_text_color=\u00bb#ffffff\u00bb text_align=\u00bbleft\u00bb overlay_strength=\u00bb0.3&#8243;][vc_column column_padding=\u00bbpadding-2-percent\u00bb column_padding_position=\u00bball\u00bb background_color=\u00bb#144d29&#8243; background_color_opacity=\u00bb1&#8243; background_hover_color_opacity=\u00bb1&#8243; top_margin=\u00bb-182&#8243; column_shadow=\u00bbnone\u00bb width=\u00bb1\/2&#8243; tablet_text_alignment=\u00bbdefault\u00bb phone_text_alignment=\u00bbdefault\u00bb column_border_width=\u00bbnone\u00bb column_border_style=\u00bbsolid\u00bb][vc_column_text]\n<h3>4. Fase de maduraci\u00f3n<\/h3>\n[\/vc_column_text][vc_column_text]Esta etapa del proceso requiere que la mezcla se mantenga a temperatura ambiente. Durante este tiempo se producen una serie de reacciones secundarias que provocan una condensaci\u00f3n y polimerizaci\u00f3n del humus. Al finalizar este periodo obtenemos un producto que ya se puede denominar compost.[\/vc_column_text][\/vc_column][\/vc_row][vc_row type=\u00bbin_container\u00bb full_screen_row_position=\u00bbmiddle\u00bb scene_position=\u00bbcenter\u00bb text_color=\u00bbdark\u00bb text_align=\u00bbleft\u00bb overlay_strength=\u00bb0.3&#8243;][vc_column column_padding=\u00bbno-extra-padding\u00bb column_padding_position=\u00bball\u00bb background_color_opacity=\u00bb1&#8243; background_hover_color_opacity=\u00bb1&#8243; column_shadow=\u00bbnone\u00bb width=\u00bb1\/1&#8243; tablet_text_alignment=\u00bbdefault\u00bb phone_text_alignment=\u00bbdefault\u00bb column_border_width=\u00bbnone\u00bb column_border_style=\u00bbsolid\u00bb][vc_column_text]El proceso de compostaje aporta grandes beneficios a las enmiendas org\u00e1nicas, le ofrece una higienizaci\u00f3n, una reducci\u00f3n de los malos olores y disminuye los vol\u00famenes que se tienen que aplicar. Sin duda el compuesto es uno de los fertilizantes m\u00e1s completos y provechosos para la vida vegetal.[\/vc_column_text][\/vc_column][\/vc_row]\n","protected":false},"excerpt":{"rendered":"<p>[vc_row type=\u00bbin_container\u00bb full_screen_row_position=\u00bbmiddle\u00bb scene_position=\u00bbcenter\u00bb text_color=\u00bbdark\u00bb text_align=\u00bbleft\u00bb top_padding=\u00bb40&#8243; overlay_strength=\u00bb0.3&#8243;][vc_column column_padding=\u00bbno-extra-padding\u00bb column_padding_position=\u00bball\u00bb background_color_opacity=\u00bb1&#8243; background_hover_color_opacity=\u00bb1&#8243; top_margin=\u00bb60&#8243; column_shadow=\u00bbnone\u00bb width=\u00bb1\/2&#8243; tablet_text_alignment=\u00bbdefault\u00bb phone_text_alignment=\u00bbdefault\u00bb column_border_width=\u00bbnone\u00bb column_border_style=\u00bbsolid\u00bb][vc_column_text]El compostaje es un proceso bioqu\u00edmico mediante el cual se descompone materia&#8230;<\/p>\n","protected":false},"author":7,"featured_media":0,"parent":0,"menu_order":0,"comment_status":"closed","ping_status":"closed","template":"","meta":{"footnotes":""},"_links":{"self":[{"href":"https:\/\/compostsegria.com\/ca\/wp-json\/wp\/v2\/pages\/2141"}],"collection":[{"href":"https:\/\/compostsegria.com\/ca\/wp-json\/wp\/v2\/pages"}],"about":[{"href":"https:\/\/compostsegria.com\/ca\/wp-json\/wp\/v2\/types\/page"}],"author":[{"embeddable":true,"href":"https:\/\/compostsegria.com\/ca\/wp-json\/wp\/v2\/users\/7"}],"replies":[{"embeddable":true,"href":"https:\/\/compostsegria.com\/ca\/wp-json\/wp\/v2\/comments?post=2141"}],"version-history":[{"count":5,"href":"https:\/\/compostsegria.com\/ca\/wp-json\/wp\/v2\/pages\/2141\/revisions"}],"predecessor-version":[{"id":2619,"href":"https:\/\/compostsegria.com\/ca\/wp-json\/wp\/v2\/pages\/2141\/revisions\/2619"}],"wp:attachment":[{"href":"https:\/\/compostsegria.com\/ca\/wp-json\/wp\/v2\/media?parent=2141"}],"curies":[{"name":"wp","href":"https:\/\/api.w.org\/{rel}","templated":true}]}}