{"id":2010,"date":"2024-02-29T11:08:44","date_gmt":"2024-02-29T11:08:44","guid":{"rendered":"https:\/\/compostsegria.com\/?page_id=2010"},"modified":"2024-05-09T10:49:21","modified_gmt":"2024-05-09T10:49:21","slug":"la-elaboracion-del-compuesto","status":"publish","type":"page","link":"https:\/\/compostsegria.com\/ca\/es\/la-elaboracion-del-compuesto\/","title":{"rendered":"La elaboraci\u00f3n del compost"},"content":{"rendered":"[vc_row type=\u00bbin_container\u00bb full_screen_row_position=\u00bbmiddle\u00bb scene_position=\u00bbcenter\u00bb text_color=\u00bbdark\u00bb text_align=\u00bbleft\u00bb top_padding=\u00bb40&#8243; overlay_strength=\u00bb0.3&#8243;][vc_column column_padding=\u00bbno-extra-padding\u00bb column_padding_position=\u00bball\u00bb background_color_opacity=\u00bb1&#8243; background_hover_color_opacity=\u00bb1&#8243; column_shadow=\u00bbnone\u00bb width=\u00bb1\/2&#8243; tablet_text_alignment=\u00bbdefault\u00bb phone_text_alignment=\u00bbdefault\u00bb column_border_width=\u00bbnone\u00bb column_border_style=\u00bbsolid\u00bb]<div class=\"img-with-aniamtion-wrap \" data-max-width=\"100%\"><div class=\"inner\"><img loading=\"lazy\" decoding=\"async\" data-shadow=\"none\" data-shadow-direction=\"middle\" class=\"img-with-animation \" data-delay=\"0\" height=\"1709\" width=\"2560\" data-animation=\"fade-in\" src=\"https:\/\/compostsegria.com\/wp-content\/uploads\/2024\/05\/201118_CompostSegria_024-scaled-2.jpeg\" srcset=\"https:\/\/compostsegria.com\/wp-content\/uploads\/2024\/05\/201118_CompostSegria_024-scaled-2.jpeg 2560w, https:\/\/compostsegria.com\/wp-content\/uploads\/2024\/05\/201118_CompostSegria_024-scaled-2-300x200.jpeg 300w, https:\/\/compostsegria.com\/wp-content\/uploads\/2024\/05\/201118_CompostSegria_024-scaled-2-1024x684.jpeg 1024w, https:\/\/compostsegria.com\/wp-content\/uploads\/2024\/05\/201118_CompostSegria_024-scaled-2-768x513.jpeg 768w, https:\/\/compostsegria.com\/wp-content\/uploads\/2024\/05\/201118_CompostSegria_024-scaled-2-1536x1025.jpeg 1536w, https:\/\/compostsegria.com\/wp-content\/uploads\/2024\/05\/201118_CompostSegria_024-scaled-2-2048x1367.jpeg 2048w\" alt=\"\" \/><\/div><\/div>[\/vc_column][vc_column column_padding=\u00bbno-extra-padding\u00bb column_padding_position=\u00bball\u00bb background_color_opacity=\u00bb1&#8243; background_hover_color_opacity=\u00bb1&#8243; top_margin=\u00bb60&#8243; column_shadow=\u00bbnone\u00bb width=\u00bb1\/2&#8243; tablet_text_alignment=\u00bbdefault\u00bb phone_text_alignment=\u00bbdefault\u00bb column_border_width=\u00bbnone\u00bb column_border_style=\u00bbsolid\u00bb][vc_column_text]El compost es un fertilizante natural creado a partir de material biodegradable. Esto quiere decir que para la elaboraci\u00f3n del compuesto siempre se requiere utilizar materia org\u00e1nica. <strong>La elaboraci\u00f3n del compuesto<\/strong> no es complicada, pero se necesita tiempo y dedicaci\u00f3n, as\u00ed como un espacio y unas instalaciones adecuadas.<\/p>\n<p>El proceso de compostaje se apoya en la acci\u00f3n de microorganismos que act\u00faan sobre esta materia org\u00e1nica, y el que hacen es transformar este elemento en compuesto mediante un proceso de descomposici\u00f3n. Por aquellos que no lo sepan, la materia org\u00e1nica es todo aquel producto o elemento obtenido de los tejidos de seres vivos, generalmente plantas y animales.[\/vc_column_text][\/vc_column][\/vc_row][vc_row type=\u00bbin_container\u00bb full_screen_row_position=\u00bbmiddle\u00bb scene_position=\u00bbcenter\u00bb text_color=\u00bbdark\u00bb text_align=\u00bbleft\u00bb overlay_strength=\u00bb0.3&#8243;][vc_column column_padding=\u00bbno-extra-padding\u00bb column_padding_position=\u00bball\u00bb background_color_opacity=\u00bb1&#8243; background_hover_color_opacity=\u00bb1&#8243; top_margin=\u00bb40&#8243; column_shadow=\u00bbnone\u00bb width=\u00bb1\/1&#8243; tablet_text_alignment=\u00bbdefault\u00bb phone_text_alignment=\u00bbdefault\u00bb column_border_width=\u00bbnone\u00bb column_border_style=\u00bbsolid\u00bb][vc_column_text]\n<h2 style=\"text-align: center;\"><strong>\u00bfQu\u00e9 se puede poner en el compost?<\/strong><\/h2>\n[\/vc_column_text][vc_column_text css=\u00bb.vc_custom_1709285548285{margin-top: 20px !important;margin-bottom: 40px !important;}\u00bb]\n<p style=\"text-align: center;\">El compost se puede hacer con cualquier materia org\u00e1nica, siempre que esta no se encuentre contaminada. Las primeras materias suelen ser las siguientes:<\/p>\n[\/vc_column_text][\/vc_column][\/vc_row][vc_row type=\u00bbin_container\u00bb full_screen_row_position=\u00bbmiddle\u00bb scene_position=\u00bbcenter\u00bb text_color=\u00bbdark\u00bb text_align=\u00bbleft\u00bb overlay_strength=\u00bb0.3&#8243;][vc_column column_padding=\u00bbpadding-3-percent\u00bb column_padding_position=\u00bball\u00bb background_color=\u00bb#ededed\u00bb background_color_opacity=\u00bb1&#8243; background_color_hover=\u00bb#ef9d00&#8243; background_hover_color_opacity=\u00bb1&#8243; column_shadow=\u00bbnone\u00bb width=\u00bb1\/4&#8243; tablet_text_alignment=\u00bbdefault\u00bb phone_text_alignment=\u00bbdefault\u00bb column_border_width=\u00bbnone\u00bb column_border_style=\u00bbsolid\u00bb][vc_column_text]Las <strong>ramas y troncos<\/strong> provenientes de podas que se trituran para evitar que tarden mucho a descomponerse.[\/vc_column_text][\/vc_column][vc_column column_padding=\u00bbpadding-4-percent\u00bb column_padding_position=\u00bball\u00bb background_color=\u00bb#ededed\u00bb background_color_opacity=\u00bb1&#8243; background_color_hover=\u00bb#ef9d00&#8243; background_hover_color_opacity=\u00bb1&#8243; column_shadow=\u00bbnone\u00bb width=\u00bb1\/4&#8243; tablet_text_alignment=\u00bbdefault\u00bb phone_text_alignment=\u00bbdefault\u00bb column_border_width=\u00bbnone\u00bb column_border_style=\u00bbsolid\u00bb][vc_column_text]<strong>Abono verde, siega de c\u00e9sped, todas las malas hierbas.<\/strong>[\/vc_column_text][\/vc_column][vc_column column_padding=\u00bbpadding-3-percent\u00bb column_padding_position=\u00bball\u00bb background_color=\u00bb#ededed\u00bb background_color_opacity=\u00bb1&#8243; background_color_hover=\u00bb#ef9d00&#8243; background_hover_color_opacity=\u00bb1&#8243; column_shadow=\u00bbnone\u00bb width=\u00bb1\/4&#8243; tablet_text_alignment=\u00bbdefault\u00bb phone_text_alignment=\u00bbdefault\u00bb column_border_width=\u00bbnone\u00bb column_border_style=\u00bbsolid\u00bb][vc_column_text]<strong>Esti\u00e9rcol de animales:<\/strong> excrementos provenientes de animales de granja como vacas, caballos o gallinas.[\/vc_column_text][\/vc_column][vc_column column_padding=\u00bbpadding-6-percent\u00bb column_padding_position=\u00bball\u00bb background_color=\u00bb#ededed\u00bb background_color_opacity=\u00bb1&#8243; background_color_hover=\u00bb#ef9d00&#8243; background_hover_color_opacity=\u00bb1&#8243; column_shadow=\u00bbnone\u00bb width=\u00bb1\/4&#8243; tablet_text_alignment=\u00bbdefault\u00bb phone_text_alignment=\u00bbdefault\u00bb column_border_width=\u00bbnone\u00bb column_border_style=\u00bbsolid\u00bb][vc_column_text]<strong>Plantas marinas.<\/strong>[\/vc_column_text][\/vc_column][\/vc_row][vc_row type=\u00bbin_container\u00bb full_screen_row_position=\u00bbmiddle\u00bb scene_position=\u00bbcenter\u00bb text_color=\u00bbdark\u00bb text_align=\u00bbleft\u00bb overlay_strength=\u00bb0.3&#8243;][vc_column column_padding=\u00bbpadding-5-percent\u00bb column_padding_position=\u00bball\u00bb background_color=\u00bb#ededed\u00bb background_color_opacity=\u00bb1&#8243; background_color_hover=\u00bb#ef9d00&#8243; background_hover_color_opacity=\u00bb1&#8243; column_shadow=\u00bbnone\u00bb width=\u00bb1\/4&#8243; tablet_text_alignment=\u00bbdefault\u00bb phone_text_alignment=\u00bbdefault\u00bb column_border_width=\u00bbnone\u00bb column_border_style=\u00bbsolid\u00bb][vc_column_text]<strong>Algas:<\/strong> tienen agentes antibacterianos y antif\u00fangicos ideales para proteger cultivos y vegetaci\u00f3n.[\/vc_column_text][\/vc_column][vc_column column_padding=\u00bbpadding-2-percent\u00bb column_padding_position=\u00bball\u00bb background_color=\u00bb#ededed\u00bb background_color_opacity=\u00bb1&#8243; background_color_hover=\u00bb#ef9d00&#8243; background_hover_color_opacity=\u00bb1&#8243; column_shadow=\u00bbnone\u00bb width=\u00bb1\/4&#8243; tablet_text_alignment=\u00bbdefault\u00bb phone_text_alignment=\u00bbdefault\u00bb column_border_width=\u00bbnone\u00bb column_border_style=\u00bbsolid\u00bb][vc_column_text]<strong>Restos urbanos:<\/strong> se entiende toda aquella materia org\u00e1nica que proviene de cocinas o de uso dom\u00e9stico. El que com\u00fanmente se denomina fracci\u00f3n org\u00e1nica y que en su reciclaje se deposita al contenedor marr\u00f3n.[\/vc_column_text][\/vc_column][vc_column column_padding=\u00bbpadding-5-percent\u00bb column_padding_position=\u00bball\u00bb background_color=\u00bb#ededed\u00bb background_color_opacity=\u00bb1&#8243; background_color_hover=\u00bb#ef9d00&#8243; background_hover_color_opacity=\u00bb1&#8243; column_shadow=\u00bbnone\u00bb width=\u00bb1\/2&#8243; tablet_text_alignment=\u00bbdefault\u00bb phone_text_alignment=\u00bbdefault\u00bb column_border_width=\u00bbnone\u00bb column_border_style=\u00bbsolid\u00bb][vc_column_text]<strong>Complementos minerales:<\/strong> A veces se a\u00f1aden a los compost minerales triturados en polvo, con el objetivo de corregir las carencias de determinados suelos. Algunos ejemplos son: rocas ricas en potasio, rocas calc\u00e1reas, rocas magn\u00e9sicas y fosfatos naturales.[\/vc_column_text][\/vc_column][\/vc_row][vc_row type=\u00bbin_container\u00bb full_screen_row_position=\u00bbmiddle\u00bb scene_position=\u00bbcenter\u00bb text_color=\u00bbdark\u00bb text_align=\u00bbleft\u00bb overlay_strength=\u00bb0.3&#8243;][vc_column column_padding=\u00bbno-extra-padding\u00bb column_padding_position=\u00bball\u00bb background_color_opacity=\u00bb1&#8243; background_hover_color_opacity=\u00bb1&#8243; column_shadow=\u00bbnone\u00bb width=\u00bb1\/1&#8243; tablet_text_alignment=\u00bbdefault\u00bb phone_text_alignment=\u00bbdefault\u00bb column_border_width=\u00bbnone\u00bb column_border_style=\u00bbsolid\u00bb][vc_column_text]\n<h2 style=\"text-align: center;\">\u00bfQue no tirar al compost?<\/h2>\n[\/vc_column_text][\/vc_column][\/vc_row][vc_row type=\u00bbin_container\u00bb full_screen_row_position=\u00bbmiddle\u00bb scene_position=\u00bbcenter\u00bb text_color=\u00bbdark\u00bb text_align=\u00bbleft\u00bb overlay_strength=\u00bb0.3&#8243;][vc_column column_padding=\u00bbno-extra-padding\u00bb column_padding_position=\u00bball\u00bb background_color_opacity=\u00bb1&#8243; background_hover_color_opacity=\u00bb1&#8243; column_shadow=\u00bbnone\u00bb width=\u00bb1\/2&#8243; tablet_text_alignment=\u00bbdefault\u00bb phone_text_alignment=\u00bbdefault\u00bb column_border_width=\u00bbnone\u00bb column_border_style=\u00bbsolid\u00bb][vc_column_text]Para una buena elaboraci\u00f3n del compost es necesario evitar aquel material org\u00e1nico que est\u00e9 contaminado con alg\u00fan elemento no biodegradable. Se desaconseja el uso de:<\/p>\n<ul>\n<li><strong>Cenizas de carb\u00f3n.<\/strong><\/li>\n<li><strong>Filtros de cigarros.<\/strong><\/li>\n<li><strong>Restos de aspiradora.<\/strong><\/li>\n<li><strong>Tejidos sint\u00e9ticos.<\/strong><\/li>\n<li><strong>Residuos org\u00e1nicos con una carga de metales pesados muy alta.<\/strong><\/li>\n<\/ul>\n[\/vc_column_text][\/vc_column][vc_column column_padding=\u00bbno-extra-padding\u00bb column_padding_position=\u00bball\u00bb background_color_opacity=\u00bb1&#8243; background_hover_color_opacity=\u00bb1&#8243; column_shadow=\u00bbnone\u00bb width=\u00bb1\/2&#8243; tablet_text_alignment=\u00bbdefault\u00bb phone_text_alignment=\u00bbdefault\u00bb column_border_width=\u00bbnone\u00bb column_border_style=\u00bbsolid\u00bb]<div class=\"img-with-aniamtion-wrap \" data-max-width=\"100%\"><div class=\"inner\"><img loading=\"lazy\" decoding=\"async\" data-shadow=\"none\" data-shadow-direction=\"middle\" class=\"img-with-animation \" data-delay=\"0\" height=\"1026\" width=\"1537\" data-animation=\"fade-in\" src=\"https:\/\/compostsegria.com\/wp-content\/uploads\/2024\/01\/que-es-el-compsot-2.jpg\" srcset=\"https:\/\/compostsegria.com\/wp-content\/uploads\/2024\/01\/que-es-el-compsot-2.jpg 1537w, https:\/\/compostsegria.com\/wp-content\/uploads\/2024\/01\/que-es-el-compsot-2-300x200.jpg 300w, https:\/\/compostsegria.com\/wp-content\/uploads\/2024\/01\/que-es-el-compsot-2-1024x684.jpg 1024w, https:\/\/compostsegria.com\/wp-content\/uploads\/2024\/01\/que-es-el-compsot-2-768x513.jpg 768w\" alt=\"\" \/><\/div><\/div>[\/vc_column][\/vc_row][vc_row type=\u00bbin_container\u00bb full_screen_row_position=\u00bbmiddle\u00bb scene_position=\u00bbcenter\u00bb text_color=\u00bbdark\u00bb text_align=\u00bbleft\u00bb overlay_strength=\u00bb0.3&#8243;][vc_column column_padding=\u00bbno-extra-padding\u00bb column_padding_position=\u00bball\u00bb background_color_opacity=\u00bb1&#8243; background_hover_color_opacity=\u00bb1&#8243; top_margin=\u00bb40&#8243; column_shadow=\u00bbnone\u00bb width=\u00bb1\/1&#8243; tablet_text_alignment=\u00bbdefault\u00bb phone_text_alignment=\u00bbdefault\u00bb column_border_width=\u00bbnone\u00bb column_border_style=\u00bbsolid\u00bb][vc_column_text]\n<h2 style=\"text-align: center;\">Factores que pueden condicionar la elaboraci\u00f3n del compost.<\/h2>\n[\/vc_column_text][vc_column_text css=\u00bb.vc_custom_1709285779221{margin-top: 20px !important;margin-bottom: 40px !important;}\u00bb]\n<p style=\"text-align: center;\">Tambi\u00e9n se tiene que tener en cuenta determinados par\u00e1metros para hacer un buen compost, por eso y por un mayor control del proceso, el compost se elabora a instalaciones preparadas y espec\u00edficas. Los factores que intervienen son:<\/p>\n[\/vc_column_text][\/vc_column][\/vc_row][vc_row type=\u00bbin_container\u00bb full_screen_row_position=\u00bbmiddle\u00bb scene_position=\u00bbcenter\u00bb text_color=\u00bbcustom\u00bb custom_text_color=\u00bb#ffffff\u00bb text_align=\u00bbleft\u00bb overlay_strength=\u00bb0.3&#8243;][vc_column column_padding=\u00bbpadding-2-percent\u00bb column_padding_position=\u00bball\u00bb background_color=\u00bb#1c4e27&#8243; background_color_opacity=\u00bb1&#8243; background_color_hover=\u00bb#ef9d00&#8243; background_hover_color_opacity=\u00bb1&#8243; font_color=\u00bb#ffffff\u00bb column_shadow=\u00bbnone\u00bb width=\u00bb1\/3&#8243; tablet_text_alignment=\u00bbdefault\u00bb phone_text_alignment=\u00bbdefault\u00bb column_border_width=\u00bbnone\u00bb column_border_style=\u00bbsolid\u00bb][vc_column_text css=\u00bb.vc_custom_1709205621692{padding-top: 4px !important;padding-bottom: 4px !important;}\u00bb]\n<h3>Poblaci\u00f3n microbiana:<\/h3>\n<p>El compostaje al ser un proceso de descomposici\u00f3n de la materia org\u00e1nica, necesita una amplia gama de poblaciones de bacterias, hongos y actinomices.[\/vc_column_text][\/vc_column][vc_column column_padding=\u00bbpadding-2-percent\u00bb column_padding_position=\u00bball\u00bb background_color=\u00bb#1c4e27&#8243; background_color_opacity=\u00bb1&#8243; background_color_hover=\u00bb#ef9d00&#8243; background_hover_color_opacity=\u00bb1&#8243; column_shadow=\u00bbnone\u00bb width=\u00bb1\/3&#8243; tablet_text_alignment=\u00bbdefault\u00bb phone_text_alignment=\u00bbdefault\u00bb column_border_width=\u00bbnone\u00bb column_border_style=\u00bbsolid\u00bb][vc_column_text css=\u00bb.vc_custom_1709205639264{padding-top: 20px !important;padding-bottom: 20px !important;}\u00bb]\n<h3><strong>Temperatura:<\/strong><\/h3>\n<p>Tiene que aumentar hasta un pico alrededor de 60-80\u202f\u00b0C para su higienizaci\u00f3n, despu\u00e9s la temperatura tiene que disminuir.[\/vc_column_text][\/vc_column][vc_column column_padding=\u00bbpadding-2-percent\u00bb column_padding_position=\u00bball\u00bb background_color=\u00bb#1c4e27&#8243; background_color_opacity=\u00bb1&#8243; background_color_hover=\u00bb#ef9d00&#8243; background_hover_color_opacity=\u00bb1&#8243; column_shadow=\u00bbnone\u00bb width=\u00bb1\/3&#8243; tablet_text_alignment=\u00bbdefault\u00bb phone_text_alignment=\u00bbdefault\u00bb column_border_width=\u00bbnone\u00bb column_border_style=\u00bbsolid\u00bb][vc_column_text css=\u00bb.vc_custom_1709205667089{padding-top: 20px !important;padding-bottom: 20px !important;}\u00bb]\n<h3><strong>Humedad:\u00a0<\/strong><\/h3>\n<p>La cantidad de humedad tiene que llegar al 40-60%. As\u00ed mismo, depende del tipo de materias primas utilizadas.[\/vc_column_text][\/vc_column][\/vc_row][vc_row type=\u00bbin_container\u00bb full_screen_row_position=\u00bbmiddle\u00bb scene_position=\u00bbcenter\u00bb text_color=\u00bbcustom\u00bb custom_text_color=\u00bb#ffffff\u00bb text_align=\u00bbleft\u00bb overlay_strength=\u00bb0.3&#8243;][vc_column column_padding=\u00bbpadding-3-percent\u00bb column_padding_position=\u00bball\u00bb background_color=\u00bb#1c4e27&#8243; background_color_opacity=\u00bb1&#8243; background_color_hover=\u00bb#ef9d00&#8243; background_hover_color_opacity=\u00bb1&#8243; font_color=\u00bb#ffffff\u00bb column_shadow=\u00bbnone\u00bb width=\u00bb1\/2&#8243; tablet_text_alignment=\u00bbdefault\u00bb phone_text_alignment=\u00bbdefault\u00bb column_border_width=\u00bbnone\u00bb column_border_style=\u00bbsolid\u00bb][vc_column_text]\n<h3><strong>pH:<\/strong><\/h3>\n<p>Es importante que se mantenga el pH en un margen de 5-8, puesto que esto evita que los microorganismos que producen el compuesto se mueran.[\/vc_column_text][\/vc_column][vc_column column_padding=\u00bbpadding-2-percent\u00bb column_padding_position=\u00bball\u00bb background_color=\u00bb#1c4e27&#8243; background_color_opacity=\u00bb1&#8243; background_color_hover=\u00bb#ef9d00&#8243; background_hover_color_opacity=\u00bb1&#8243; font_color=\u00bb#ffffff\u00bb column_shadow=\u00bbnone\u00bb width=\u00bb1\/2&#8243; tablet_text_alignment=\u00bbdefault\u00bb phone_text_alignment=\u00bbdefault\u00bb column_border_width=\u00bbnone\u00bb column_border_style=\u00bbsolid\u00bb][vc_column_text css=\u00bb.vc_custom_1709205712236{padding-top: 14px !important;padding-bottom: 14px !important;}\u00bb]\n<h3><strong>Ox\u00edgeno:<\/strong><\/h3>\n<p>Es esencial para el proceso de compostaje, puesto que es aer\u00f3bico, es decir, necesita el aire (ox\u00edgeno) para funcionar.[\/vc_column_text][\/vc_column][\/vc_row][vc_row type=\u00bbin_container\u00bb full_screen_row_position=\u00bbmiddle\u00bb scene_position=\u00bbcenter\u00bb text_color=\u00bbdark\u00bb text_align=\u00bbleft\u00bb overlay_strength=\u00bb0.3&#8243;][vc_column column_padding=\u00bbno-extra-padding\u00bb column_padding_position=\u00bball\u00bb background_color_opacity=\u00bb1&#8243; background_hover_color_opacity=\u00bb1&#8243; column_shadow=\u00bbnone\u00bb width=\u00bb1\/1&#8243; tablet_text_alignment=\u00bbdefault\u00bb phone_text_alignment=\u00bbdefault\u00bb column_border_width=\u00bbnone\u00bb column_border_style=\u00bbsolid\u00bb][vc_column_text]\n<p style=\"text-align: left;\"><strong>Relaci\u00f3n entre Carbono (C) y Nitr\u00f3geno (N):<\/strong>\u00a0en teor\u00eda la relaci\u00f3n ideal est\u00e1 entre 10 y 20. Pero siempre puede variar en funci\u00f3n de la materia org\u00e1nica empleada. Una mala proporci\u00f3n puede afectar al proceso biol\u00f3gico de los microorganismos.<\/p>\n[\/vc_column_text][\/vc_column][\/vc_row]\n","protected":false},"excerpt":{"rendered":"<p>[vc_row type=\u00bbin_container\u00bb full_screen_row_position=\u00bbmiddle\u00bb scene_position=\u00bbcenter\u00bb text_color=\u00bbdark\u00bb text_align=\u00bbleft\u00bb top_padding=\u00bb40&#8243; overlay_strength=\u00bb0.3&#8243;][vc_column column_padding=\u00bbno-extra-padding\u00bb column_padding_position=\u00bball\u00bb background_color_opacity=\u00bb1&#8243; background_hover_color_opacity=\u00bb1&#8243; column_shadow=\u00bbnone\u00bb width=\u00bb1\/2&#8243; tablet_text_alignment=\u00bbdefault\u00bb phone_text_alignment=\u00bbdefault\u00bb column_border_width=\u00bbnone\u00bb column_border_style=\u00bbsolid\u00bb][\/vc_column][vc_column column_padding=\u00bbno-extra-padding\u00bb column_padding_position=\u00bball\u00bb background_color_opacity=\u00bb1&#8243; background_hover_color_opacity=\u00bb1&#8243; top_margin=\u00bb60&#8243; column_shadow=\u00bbnone\u00bb width=\u00bb1\/2&#8243; tablet_text_alignment=\u00bbdefault\u00bb phone_text_alignment=\u00bbdefault\u00bb column_border_width=\u00bbnone\u00bb column_border_style=\u00bbsolid\u00bb][vc_column_text]El compost&#8230;<\/p>\n","protected":false},"author":7,"featured_media":0,"parent":0,"menu_order":0,"comment_status":"closed","ping_status":"closed","template":"","meta":{"footnotes":""},"_links":{"self":[{"href":"https:\/\/compostsegria.com\/ca\/wp-json\/wp\/v2\/pages\/2010"}],"collection":[{"href":"https:\/\/compostsegria.com\/ca\/wp-json\/wp\/v2\/pages"}],"about":[{"href":"https:\/\/compostsegria.com\/ca\/wp-json\/wp\/v2\/types\/page"}],"author":[{"embeddable":true,"href":"https:\/\/compostsegria.com\/ca\/wp-json\/wp\/v2\/users\/7"}],"replies":[{"embeddable":true,"href":"https:\/\/compostsegria.com\/ca\/wp-json\/wp\/v2\/comments?post=2010"}],"version-history":[{"count":5,"href":"https:\/\/compostsegria.com\/ca\/wp-json\/wp\/v2\/pages\/2010\/revisions"}],"predecessor-version":[{"id":2529,"href":"https:\/\/compostsegria.com\/ca\/wp-json\/wp\/v2\/pages\/2010\/revisions\/2529"}],"wp:attachment":[{"href":"https:\/\/compostsegria.com\/ca\/wp-json\/wp\/v2\/media?parent=2010"}],"curies":[{"name":"wp","href":"https:\/\/api.w.org\/{rel}","templated":true}]}}