{"id":1997,"date":"2024-02-29T10:58:27","date_gmt":"2024-02-29T10:58:27","guid":{"rendered":"https:\/\/compostsegria.com\/?page_id=1997"},"modified":"2024-05-09T10:50:32","modified_gmt":"2024-05-09T10:50:32","slug":"composicion-del-compuesto","status":"publish","type":"page","link":"https:\/\/compostsegria.com\/ca\/es\/composicion-del-compuesto\/","title":{"rendered":"Composici\u00f3n del Compost"},"content":{"rendered":"[vc_row type=\u00bbin_container\u00bb full_screen_row_position=\u00bbmiddle\u00bb scene_position=\u00bbcenter\u00bb text_color=\u00bbdark\u00bb text_align=\u00bbleft\u00bb overlay_strength=\u00bb0.3&#8243;][vc_column column_padding=\u00bbno-extra-padding\u00bb column_padding_position=\u00bball\u00bb background_color_opacity=\u00bb1&#8243; background_hover_color_opacity=\u00bb1&#8243; top_margin=\u00bb60&#8243; column_shadow=\u00bbnone\u00bb width=\u00bb1\/2&#8243; tablet_text_alignment=\u00bbdefault\u00bb phone_text_alignment=\u00bbdefault\u00bb column_border_width=\u00bbnone\u00bb column_border_style=\u00bbsolid\u00bb][vc_column_text]\n<p style=\"text-align: left;\">El compost se produce a partir de materia org\u00e1nica y su principal uso es el de fertilizar suelos de cultivos. Al mismo tiempo, es un abono m\u00e1s completo y complejo que existe en el mercado. Los abonos convencionales o inorg\u00e1nicos tienen una composici\u00f3n muy sencilla, por lo cual son muy homog\u00e9neos. Por el contrario, la composici\u00f3n del compost es muy diferente, puesto que su origen es natural. Pero su mayor ventaja respecto al resto de abonos, es que cuenta con nutrientes que forman redes complejas junto con m\u00e1s mol\u00e9culas org\u00e1nicas, favoreciendo as\u00ed la liberaci\u00f3n y absorci\u00f3n de nutrientes.<\/p>\n[\/vc_column_text][\/vc_column][vc_column column_padding=\u00bbno-extra-padding\u00bb column_padding_position=\u00bball\u00bb background_color_opacity=\u00bb1&#8243; background_hover_color_opacity=\u00bb1&#8243; top_margin=\u00bb60&#8243; column_shadow=\u00bbnone\u00bb width=\u00bb1\/2&#8243; tablet_text_alignment=\u00bbdefault\u00bb phone_text_alignment=\u00bbdefault\u00bb column_border_width=\u00bbnone\u00bb column_border_style=\u00bbsolid\u00bb]<div class=\"img-with-aniamtion-wrap \" data-max-width=\"100%\"><div class=\"inner\"><img loading=\"lazy\" decoding=\"async\" data-shadow=\"none\" data-shadow-direction=\"middle\" class=\"img-with-animation \" data-delay=\"0\" height=\"1709\" width=\"2560\" data-animation=\"fade-in\" src=\"https:\/\/compostsegria.com\/wp-content\/uploads\/2024\/05\/201118_CompostSegria_007-scaled-3.jpeg\" srcset=\"https:\/\/compostsegria.com\/wp-content\/uploads\/2024\/05\/201118_CompostSegria_007-scaled-3.jpeg 2560w, https:\/\/compostsegria.com\/wp-content\/uploads\/2024\/05\/201118_CompostSegria_007-scaled-3-300x200.jpeg 300w, https:\/\/compostsegria.com\/wp-content\/uploads\/2024\/05\/201118_CompostSegria_007-scaled-3-1024x684.jpeg 1024w, https:\/\/compostsegria.com\/wp-content\/uploads\/2024\/05\/201118_CompostSegria_007-scaled-3-768x513.jpeg 768w, https:\/\/compostsegria.com\/wp-content\/uploads\/2024\/05\/201118_CompostSegria_007-scaled-3-1536x1025.jpeg 1536w, https:\/\/compostsegria.com\/wp-content\/uploads\/2024\/05\/201118_CompostSegria_007-scaled-3-2048x1367.jpeg 2048w\" alt=\"\" \/><\/div><\/div>[\/vc_column][\/vc_row][vc_row type=\u00bbin_container\u00bb full_screen_row_position=\u00bbmiddle\u00bb scene_position=\u00bbcenter\u00bb text_color=\u00bbdark\u00bb text_align=\u00bbleft\u00bb overlay_strength=\u00bb0.3&#8243;][vc_column column_padding=\u00bbno-extra-padding\u00bb column_padding_position=\u00bball\u00bb background_color_opacity=\u00bb1&#8243; background_hover_color_opacity=\u00bb1&#8243; column_shadow=\u00bbnone\u00bb width=\u00bb1\/1&#8243; tablet_text_alignment=\u00bbdefault\u00bb phone_text_alignment=\u00bbdefault\u00bb column_border_width=\u00bbnone\u00bb column_border_style=\u00bbsolid\u00bb][vc_column_text]\n<h2 style=\"text-align: center;\">Componentes nutricionales del compost:<\/h2>\n[\/vc_column_text][\/vc_column][\/vc_row][vc_row type=\u00bbin_container\u00bb full_screen_row_position=\u00bbmiddle\u00bb scene_position=\u00bbcenter\u00bb text_color=\u00bbdark\u00bb text_align=\u00bbleft\u00bb overlay_strength=\u00bb0.3&#8243;][vc_column column_padding=\u00bbno-extra-padding\u00bb column_padding_position=\u00bball\u00bb background_color_opacity=\u00bb1&#8243; background_hover_color_opacity=\u00bb1&#8243; column_shadow=\u00bbnone\u00bb width=\u00bb1\/2&#8243; tablet_text_alignment=\u00bbdefault\u00bb phone_text_alignment=\u00bbdefault\u00bb column_border_width=\u00bbnone\u00bb column_border_style=\u00bbsolid\u00bb]<div class=\"img-with-aniamtion-wrap \" data-max-width=\"100%\"><div class=\"inner\"><img loading=\"lazy\" decoding=\"async\" data-shadow=\"none\" data-shadow-direction=\"middle\" class=\"img-with-animation \" data-delay=\"0\" height=\"1105\" width=\"1656\" data-animation=\"fade-in\" src=\"https:\/\/compostsegria.com\/wp-content\/uploads\/2024\/01\/productes-1.jpg\" srcset=\"https:\/\/compostsegria.com\/wp-content\/uploads\/2024\/01\/productes-1.jpg 1656w, https:\/\/compostsegria.com\/wp-content\/uploads\/2024\/01\/productes-1-300x200.jpg 300w, https:\/\/compostsegria.com\/wp-content\/uploads\/2024\/01\/productes-1-1024x683.jpg 1024w, https:\/\/compostsegria.com\/wp-content\/uploads\/2024\/01\/productes-1-768x512.jpg 768w, https:\/\/compostsegria.com\/wp-content\/uploads\/2024\/01\/productes-1-1536x1025.jpg 1536w\" alt=\"\" \/><\/div><\/div>[\/vc_column][vc_column column_padding=\u00bbno-extra-padding\u00bb column_padding_position=\u00bball\u00bb background_color_opacity=\u00bb1&#8243; background_hover_color_opacity=\u00bb1&#8243; column_shadow=\u00bbnone\u00bb width=\u00bb1\/2&#8243; tablet_text_alignment=\u00bbdefault\u00bb phone_text_alignment=\u00bbdefault\u00bb column_border_width=\u00bbnone\u00bb column_border_style=\u00bbsolid\u00bb][vc_column_text]El compost es un material muy heterog\u00e9neo que contiene todos los elementos necesarios para completar un ciclo vegetativo \u00f3ptimo. Sabemos que la nutrici\u00f3n de los cultivos depende directamente de la fertilidad del suelo y del estado del material vegetal, por lo tanto, cada elemento cumple una funci\u00f3n en el desarrollo de cualquier especie y, en el caso de existir carencias, se ve afectada la producci\u00f3n.<\/p>\n<p>A continuaci\u00f3n mostraremos de forma general las principales funciones de estos elementos:[\/vc_column_text][\/vc_column][\/vc_row][vc_row type=\u00bbin_container\u00bb full_screen_row_position=\u00bbmiddle\u00bb scene_position=\u00bbcenter\u00bb text_color=\u00bbcustom\u00bb custom_text_color=\u00bb#ffffff\u00bb text_align=\u00bbleft\u00bb overlay_strength=\u00bb0.3&#8243;][vc_column column_padding=\u00bbpadding-2-percent\u00bb column_padding_position=\u00bball\u00bb background_color=\u00bb#144d29&#8243; background_color_opacity=\u00bb1&#8243; background_hover_color_opacity=\u00bb1&#8243; column_shadow=\u00bbnone\u00bb width=\u00bb1\/1&#8243; tablet_text_alignment=\u00bbdefault\u00bb phone_text_alignment=\u00bbdefault\u00bb column_border_width=\u00bbnone\u00bb column_border_style=\u00bbsolid\u00bb][vc_column_text]\n<h3><strong>Macronutrientes<\/strong><\/h3>\n[\/vc_column_text][vc_column_text]\n<ul>\n<li><strong>Nitr\u00f3geno<\/strong>: forma parte estructural de los amino\u00e1cidos, los cuales forman prote\u00ednas, y tambi\u00e9n de la clorofila. Por lo tanto, tiene un rol fundamental para el desarrollo vegetativo de las plantas.<\/li>\n<li><strong>F\u00f3sforo<\/strong>: es un elemento estructural del ADN, de los fosfol\u00edpidos y de la mol\u00e9cula de ATP, y cumple una importante funci\u00f3n energ\u00e9tica. Su carencia puede afectar el desarrollo de brotes en los fruteros, el mazolaje en cereales y el desarrollo radicular.<\/li>\n<li><strong>Potasio<\/strong>: tiene tres funciones principales, interviene en la activaci\u00f3n enzim\u00e1tica, el movimiento de az\u00facares y es regulador osm\u00f3tico. Su carencia produce una reducci\u00f3n en el crecimiento y el rendimiento de los cultivos.<\/li>\n<li><strong>Calcio<\/strong>: es parte de la estructura de la pared celular. Su deficiencia genera des\u00f3rdenes fisiol\u00f3gicos importantes en tejidos de crecimiento r\u00e1pido como los frutos. Un ejemplo de esto es el \u201cbitter pit\u201d en las manzanas.<\/li>\n<li><strong>Magnesio<\/strong>: forma parte de la mol\u00e9cula de la clorofila. Por lo cual es fundamental para la fotos\u00edntesis. La diferencia de este elemento produce que las hojas se vuelvan amarillas.<\/li>\n<li><strong>Azufre<\/strong>: tiene funciones estructurales en algunos amino\u00e1cidos. La carencia de este elemento produce clorosis a las hojas.<\/li>\n<\/ul>\n[\/vc_column_text][\/vc_column][\/vc_row][vc_row type=\u00bbin_container\u00bb full_screen_row_position=\u00bbmiddle\u00bb scene_position=\u00bbcenter\u00bb text_color=\u00bbcustom\u00bb custom_text_color=\u00bb#ffffff\u00bb text_align=\u00bbleft\u00bb overlay_strength=\u00bb0.3&#8243;][vc_column column_padding=\u00bbpadding-2-percent\u00bb column_padding_position=\u00bball\u00bb background_color=\u00bb#144d29&#8243; background_color_opacity=\u00bb1&#8243; background_hover_color_opacity=\u00bb1&#8243; top_margin=\u00bb-100&#8243; column_shadow=\u00bbnone\u00bb width=\u00bb1\/1&#8243; tablet_text_alignment=\u00bbdefault\u00bb phone_text_alignment=\u00bbdefault\u00bb column_border_width=\u00bbnone\u00bb column_border_style=\u00bbsolid\u00bb][vc_column_text]\n<h3><strong>Micronutrientes<\/strong><\/h3>\n[\/vc_column_text][vc_column_text]Elementos como el boro, el cloro, el cobre, el n\u00edquel, el magnesio, el molibdeno, el zinc y el hierro son considerados micronutrientes esenciales para el desarrollo de los vegetales. Las plantas los necesitan en menor cantidad y sus excesos pueden producir fitotoxicidad. Cumplen una gran variedad de funciones estructurales, enzim\u00e1ticas, fotosint\u00e9ticas, hormonales, entre otros.[\/vc_column_text][\/vc_column][\/vc_row]\n","protected":false},"excerpt":{"rendered":"<p>[vc_row type=\u00bbin_container\u00bb full_screen_row_position=\u00bbmiddle\u00bb scene_position=\u00bbcenter\u00bb text_color=\u00bbdark\u00bb text_align=\u00bbleft\u00bb overlay_strength=\u00bb0.3&#8243;][vc_column column_padding=\u00bbno-extra-padding\u00bb column_padding_position=\u00bball\u00bb background_color_opacity=\u00bb1&#8243; background_hover_color_opacity=\u00bb1&#8243; top_margin=\u00bb60&#8243; column_shadow=\u00bbnone\u00bb width=\u00bb1\/2&#8243; tablet_text_alignment=\u00bbdefault\u00bb phone_text_alignment=\u00bbdefault\u00bb column_border_width=\u00bbnone\u00bb column_border_style=\u00bbsolid\u00bb][vc_column_text] El compost se produce a partir de materia org\u00e1nica y su principal&#8230;<\/p>\n","protected":false},"author":7,"featured_media":0,"parent":0,"menu_order":0,"comment_status":"closed","ping_status":"closed","template":"","meta":{"footnotes":""},"_links":{"self":[{"href":"https:\/\/compostsegria.com\/ca\/wp-json\/wp\/v2\/pages\/1997"}],"collection":[{"href":"https:\/\/compostsegria.com\/ca\/wp-json\/wp\/v2\/pages"}],"about":[{"href":"https:\/\/compostsegria.com\/ca\/wp-json\/wp\/v2\/types\/page"}],"author":[{"embeddable":true,"href":"https:\/\/compostsegria.com\/ca\/wp-json\/wp\/v2\/users\/7"}],"replies":[{"embeddable":true,"href":"https:\/\/compostsegria.com\/ca\/wp-json\/wp\/v2\/comments?post=1997"}],"version-history":[{"count":7,"href":"https:\/\/compostsegria.com\/ca\/wp-json\/wp\/v2\/pages\/1997\/revisions"}],"predecessor-version":[{"id":2530,"href":"https:\/\/compostsegria.com\/ca\/wp-json\/wp\/v2\/pages\/1997\/revisions\/2530"}],"wp:attachment":[{"href":"https:\/\/compostsegria.com\/ca\/wp-json\/wp\/v2\/media?parent=1997"}],"curies":[{"name":"wp","href":"https:\/\/api.w.org\/{rel}","templated":true}]}}