{"id":1991,"date":"2024-02-29T10:43:07","date_gmt":"2024-02-29T10:43:07","guid":{"rendered":"https:\/\/compostsegria.com\/?page_id=1991"},"modified":"2025-12-11T20:56:55","modified_gmt":"2025-12-11T20:56:55","slug":"sobre-nosotros","status":"publish","type":"page","link":"https:\/\/compostsegria.com\/ca\/es\/sobre-nosotros\/","title":{"rendered":"Sobre Nosotros"},"content":{"rendered":"[vc_row type=\u00bbfull_width_background\u00bb full_screen_row_position=\u00bbmiddle\u00bb equal_height=\u00bbyes\u00bb content_placement=\u00bbmiddle\u00bb scene_position=\u00bbcenter\u00bb text_color=\u00bbdark\u00bb text_align=\u00bbleft\u00bb id=\u00bbtipos-cultivos\u00bb row_name=\u00bbTipos Cultivos\u00bb overlay_strength=\u00bb0.3&#8243;][vc_column column_padding=\u00bbno-extra-padding\u00bb column_padding_position=\u00bball\u00bb background_color_opacity=\u00bb1&#8243; background_hover_color_opacity=\u00bb1&#8243; top_margin=\u00bb120px\u00bb column_shadow=\u00bbnone\u00bb width=\u00bb1\/1&#8243; tablet_text_alignment=\u00bbdefault\u00bb phone_text_alignment=\u00bbdefault\u00bb column_border_width=\u00bbnone\u00bb column_border_style=\u00bbsolid\u00bb][vc_column_text css=\u00bb.vc_custom_1716189351947{margin-top: 120px !important;}\u00bb]\n<h2 style=\"text-align: center;\"><strong>Historia<\/strong><\/h2>\n[\/vc_column_text][vc_row_inner column_margin=\u00bbdefault\u00bb top_padding=\u00bb60&#8243; bottom_padding=\u00bb60&#8243; text_align=\u00bbleft\u00bb][vc_column_inner column_padding=\u00bbno-extra-padding\u00bb column_padding_position=\u00bball\u00bb background_color_opacity=\u00bb1&#8243; width=\u00bb1\/2&#8243; column_border_width=\u00bbnone\u00bb column_border_style=\u00bbsolid\u00bb]<div class=\"img-with-aniamtion-wrap \" data-max-width=\"100%\"><div class=\"inner\"><img loading=\"lazy\" decoding=\"async\" data-shadow=\"none\" data-shadow-direction=\"middle\" class=\"img-with-animation \" data-delay=\"0\" height=\"1440\" width=\"2560\" data-animation=\"fade-in\" src=\"https:\/\/compostsegria.com\/wp-content\/uploads\/2024\/01\/WhatsApp-Image-2023-12-20-at-15.56.43-scaled.jpeg\" srcset=\"https:\/\/compostsegria.com\/wp-content\/uploads\/2024\/01\/WhatsApp-Image-2023-12-20-at-15.56.43-scaled.jpeg 2560w, https:\/\/compostsegria.com\/wp-content\/uploads\/2024\/01\/WhatsApp-Image-2023-12-20-at-15.56.43-300x169.jpeg 300w, https:\/\/compostsegria.com\/wp-content\/uploads\/2024\/01\/WhatsApp-Image-2023-12-20-at-15.56.43-1024x576.jpeg 1024w, https:\/\/compostsegria.com\/wp-content\/uploads\/2024\/01\/WhatsApp-Image-2023-12-20-at-15.56.43-768x432.jpeg 768w, https:\/\/compostsegria.com\/wp-content\/uploads\/2024\/01\/WhatsApp-Image-2023-12-20-at-15.56.43-1536x864.jpeg 1536w, https:\/\/compostsegria.com\/wp-content\/uploads\/2024\/01\/WhatsApp-Image-2023-12-20-at-15.56.43-2048x1152.jpeg 2048w\" alt=\"\" \/><\/div><\/div>[\/vc_column_inner][vc_column_inner column_padding=\u00bbno-extra-padding\u00bb column_padding_position=\u00bball\u00bb background_color_opacity=\u00bb1&#8243; width=\u00bb1\/2&#8243; column_border_width=\u00bbnone\u00bb column_border_style=\u00bbsolid\u00bb][vc_column_text css=\u00bb.vc_custom_1709287446778{margin-top: 50px !important;margin-bottom: 50px !important;}\u00bb]\n<div class=\"page\" title=\"Page 2\">\n<div class=\"section\">\n<div class=\"layoutArea\">\n<div class=\"column\">\n<p>Hace <strong>m\u00e1s de 30 a\u00f1os<\/strong> que en Compost Segri\u00e0 nos preocupamos por la gesti\u00f3n adecuada de los residuos producidos por las f\u00e1bricas alrededor de la zona de Lleida.<\/p>\n<p>Somos una <strong>empresa de valorizaci\u00f3n de los residuos mediante el compostaje<\/strong>. A lo largo de tantos a\u00f1os hemos crecido y mejorado nuestras instalaciones y servicios, gracias a la confianza y la estrecha colaboraci\u00f3n con nuestros clientes. Desde los inicios hemos ido ganando experiencia trabajando para empresas de la industria agroalimentaria, para entidades gestoras de residuos urbanos y para agricultores\/ganaderos.<\/p>\n<\/div>\n<\/div>\n<\/div>\n<\/div>\n[\/vc_column_text][\/vc_column_inner][\/vc_row_inner][\/vc_column][\/vc_row][vc_row type=\u00bbfull_width_background\u00bb full_screen_row_position=\u00bbmiddle\u00bb equal_height=\u00bbyes\u00bb content_placement=\u00bbmiddle\u00bb bg_image=\u00bb1345&#8243; bg_position=\u00bbleft top\u00bb bg_repeat=\u00bbno-repeat\u00bb scene_position=\u00bbcenter\u00bb text_color=\u00bbcustom\u00bb custom_text_color=\u00bb#ffffff\u00bb text_align=\u00bbleft\u00bb top_padding=\u00bb50&#8243; bottom_padding=\u00bb50&#8243; overlay_strength=\u00bb0.3&#8243;][vc_column column_padding=\u00bbno-extra-padding\u00bb column_padding_position=\u00bball\u00bb background_color_opacity=\u00bb1&#8243; background_hover_color_opacity=\u00bb1&#8243; font_color=\u00bb#ffffff\u00bb bottom_margin=\u00bb0&#8243; column_shadow=\u00bbnone\u00bb width=\u00bb1\/2&#8243; tablet_text_alignment=\u00bbdefault\u00bb phone_text_alignment=\u00bbdefault\u00bb column_border_width=\u00bbnone\u00bb column_border_style=\u00bbsolid\u00bb][vc_column_text css=\u00bb.vc_custom_1709202925793{margin-bottom: 20px !important;}\u00bb]\n<h2 style=\"text-align: left;\"><strong>Misi\u00f3n<\/strong><\/h2>\n[\/vc_column_text][vc_column_text]\n<div class=\"page\" title=\"Page 2\">\n<div class=\"section\">\n<div class=\"layoutArea\">\n<div class=\"column\">\n<p>Nuestro principal objetivo es <strong>gestionar y valorizar los residuos<\/strong> para poder transformarlos en un fertilizante org\u00e1nico de m\u00e1xima calidad, apostando siempre por un mundo sostenible.<\/p>\n<p>En nuestra empresa <strong>procesamos diferentes tipos de materiales org\u00e1nicos y biodegradables no peligrosos<\/strong> provenientes de la industria agroalimentaria, urbanos, industriales, agr\u00edcolas y ganaderos. Gracias a su reciclaje mediante el proceso de compostaje podemos reducir la cantidad de residuos y, adem\u00e1s, <strong>obtener un excelente fertilizante<\/strong>. De esta forma ayudamos al desarrollo de una <strong>econom\u00eda circular<\/strong> y tambi\u00e9n luchamos juntos contra el cambio clim\u00e1tico y la conservaci\u00f3n de los suelos.<\/p>\n<p>Trabajamos estrechamente con nuestros clientes, siente no solo un proveedor o prestamista de servicios, sino tambi\u00e9n ayudando y aportando un <strong>valor a\u00f1adido<\/strong> a sus procesos productivos.<\/p>\n<\/div>\n<\/div>\n<\/div>\n<\/div>\n[\/vc_column_text][\/vc_column][vc_column column_padding=\u00bbpadding-3-percent\u00bb column_padding_position=\u00bbleft-right\u00bb background_color_opacity=\u00bb1&#8243; background_hover_color_opacity=\u00bb1&#8243; bottom_margin=\u00bb0&#8243; column_shadow=\u00bbnone\u00bb width=\u00bb1\/2&#8243; tablet_text_alignment=\u00bbdefault\u00bb phone_text_alignment=\u00bbdefault\u00bb column_border_width=\u00bbnone\u00bb column_border_style=\u00bbsolid\u00bb][\/vc_column][\/vc_row][vc_row type=\u00bbin_container\u00bb full_screen_row_position=\u00bbmiddle\u00bb equal_height=\u00bbyes\u00bb content_placement=\u00bbmiddle\u00bb scene_position=\u00bbcenter\u00bb text_color=\u00bbdark\u00bb text_align=\u00bbleft\u00bb top_padding=\u00bb0&#8243; overlay_strength=\u00bb0.3&#8243;][vc_column column_padding=\u00bbpadding-3-percent\u00bb column_padding_position=\u00bbleft-right\u00bb background_color_opacity=\u00bb1&#8243; background_hover_color_opacity=\u00bb1&#8243; top_margin=\u00bb40&#8243; column_shadow=\u00bbnone\u00bb width=\u00bb1\/2&#8243; tablet_text_alignment=\u00bbdefault\u00bb phone_text_alignment=\u00bbdefault\u00bb column_border_width=\u00bbnone\u00bb column_border_style=\u00bbsolid\u00bb]<div class=\"img-with-aniamtion-wrap \" data-max-width=\"100%\"><div class=\"inner\"><img loading=\"lazy\" decoding=\"async\" data-shadow=\"none\" data-shadow-direction=\"middle\" class=\"img-with-animation \" data-delay=\"300\" height=\"1523\" width=\"1200\" data-animation=\"fade-in\" src=\"https:\/\/compostsegria.com\/wp-content\/uploads\/2024\/05\/referente-en-el-reciclaje-de-materia-organica-1.jpeg\" srcset=\"https:\/\/compostsegria.com\/wp-content\/uploads\/2024\/05\/referente-en-el-reciclaje-de-materia-organica-1.jpeg 1200w, https:\/\/compostsegria.com\/wp-content\/uploads\/2024\/05\/referente-en-el-reciclaje-de-materia-organica-1-236x300.jpeg 236w, https:\/\/compostsegria.com\/wp-content\/uploads\/2024\/05\/referente-en-el-reciclaje-de-materia-organica-1-807x1024.jpeg 807w, https:\/\/compostsegria.com\/wp-content\/uploads\/2024\/05\/referente-en-el-reciclaje-de-materia-organica-1-768x975.jpeg 768w\" alt=\"\" \/><\/div><\/div>[\/vc_column][vc_column column_padding=\u00bbno-extra-padding\u00bb column_padding_position=\u00bball\u00bb background_color_opacity=\u00bb1&#8243; background_hover_color_opacity=\u00bb1&#8243; top_margin=\u00bb0&#8243; column_shadow=\u00bbnone\u00bb width=\u00bb1\/2&#8243; tablet_text_alignment=\u00bbdefault\u00bb phone_text_alignment=\u00bbdefault\u00bb column_border_width=\u00bbnone\u00bb column_border_style=\u00bbsolid\u00bb][vc_column_text]\n<h2 style=\"text-align: left;\"><strong>Visi\u00f3n<\/strong><\/h2>\n[\/vc_column_text][vc_column_text]En Compost Segri\u00e0 queremos seguir avanzando, siendo un <strong>referente en el reciclaje de materia org\u00e1nica<\/strong>, apostando por una producci\u00f3n de alimentos provenientes de una <strong>agricultura ecol\u00f3gica y sostenible<\/strong>. Tambi\u00e9n queremos insistir en la lucha contra el cambio clim\u00e1tico y en la protecci\u00f3n y conservaci\u00f3n de los suelos agr\u00edcolas.<\/p>\n<p>A pesar de que actualmente nuestra actividad se centra principalmente en Catalu\u00f1a y el Arag\u00f3n, tenemos la intenci\u00f3n de aumentar nuestra \u00e1rea de influencia en diferentes zonas geogr\u00e1ficas y as\u00ed poder tener un mayor impacto positivo.[\/vc_column_text][\/vc_column][\/vc_row][vc_row type=\u00bbfull_width_background\u00bb full_screen_row_position=\u00bbmiddle\u00bb bg_color=\u00bb#ffffff\u00bb scene_position=\u00bbcenter\u00bb text_color=\u00bbdark\u00bb text_align=\u00bbleft\u00bb top_padding=\u00bb75&#8243; bottom_padding=\u00bb10&#8243; overlay_strength=\u00bb0.3&#8243;][vc_column column_padding=\u00bbno-extra-padding\u00bb column_padding_position=\u00bball\u00bb background_color_opacity=\u00bb1&#8243; background_hover_color_opacity=\u00bb1&#8243; column_shadow=\u00bbnone\u00bb width=\u00bb1\/1&#8243; tablet_text_alignment=\u00bbdefault\u00bb phone_text_alignment=\u00bbdefault\u00bb column_border_width=\u00bbnone\u00bb column_border_style=\u00bbsolid\u00bb][vc_column_text]\n<h2 style=\"text-align: center;\"><strong>Valores<\/strong><\/h2>\n[\/vc_column_text][\/vc_column][\/vc_row][vc_row type=\u00bbfull_width_background\u00bb full_screen_row_position=\u00bbmiddle\u00bb bg_color=\u00bb#ffffff\u00bb scene_position=\u00bbcenter\u00bb text_color=\u00bbdark\u00bb text_align=\u00bbleft\u00bb top_padding=\u00bb45&#8243; bottom_padding=\u00bb40&#8243; overlay_strength=\u00bb0.3&#8243;][vc_column column_padding=\u00bbpadding-4-percent\u00bb column_padding_position=\u00bball\u00bb background_color=\u00bb#f4f4f4&#8243; background_color_opacity=\u00bb1&#8243; background_hover_color_opacity=\u00bb1&#8243; column_shadow=\u00bbnone\u00bb width=\u00bb1\/2&#8243; tablet_text_alignment=\u00bbdefault\u00bb phone_text_alignment=\u00bbdefault\u00bb column_border_width=\u00bbnone\u00bb column_border_style=\u00bbsolid\u00bb][vc_column_text]<img decoding=\"async\" style=\"width: 150px;\" src=\"https:\/\/compostsegria.com\/wp-content\/uploads\/2020\/07\/iconos_compost_segria_Artboard-1-copy@3x.png\" alt=\"\" \/><\/p>\n<h2 class=\"color-verde\"><b><span lang=\"CA\">Transparencia y compromiso<\/span><\/b><\/h2>\n<p>Apostamos por la transparencia en todas nuestras actividades y tenemos un fuerte compromiso con la comunidad y el entorno.[\/vc_column_text][\/vc_column][vc_column column_padding=\u00bbpadding-4-percent\u00bb column_padding_position=\u00bball\u00bb background_color=\u00bb#f4f4f4&#8243; background_color_opacity=\u00bb1&#8243; background_hover_color_opacity=\u00bb1&#8243; column_shadow=\u00bbnone\u00bb width=\u00bb1\/2&#8243; tablet_text_alignment=\u00bbdefault\u00bb phone_text_alignment=\u00bbdefault\u00bb column_border_width=\u00bbnone\u00bb column_border_style=\u00bbsolid\u00bb][vc_column_text]<img loading=\"lazy\" decoding=\"async\" style=\"width: 150px;\" src=\"https:\/\/compostsegria.com\/wp-content\/uploads\/2020\/07\/iconos_compost_segria_Artboard-1-copy-2@3x.png\" alt=\"\" width=\"150\" height=\"150\" \/><\/p>\n<h2 class=\"color-verde\"><b><span lang=\"CA\">Sostenibilidad y proximidad<\/span><\/b><\/h2>\n<p>Trabajamos por un mundo sostenible y colaboramos con nuestro entorno m\u00e1s pr\u00f3ximo, todos nuestros proveedores son de la zona.[\/vc_column_text][\/vc_column][\/vc_row][vc_row type=\u00bbfull_width_background\u00bb full_screen_row_position=\u00bbmiddle\u00bb bg_color=\u00bb#ffffff\u00bb scene_position=\u00bbcenter\u00bb text_color=\u00bbdark\u00bb text_align=\u00bbleft\u00bb bottom_padding=\u00bb75&#8243; overlay_strength=\u00bb0.3&#8243;][vc_column column_padding=\u00bbpadding-4-percent\u00bb column_padding_position=\u00bball\u00bb background_color=\u00bb#f4f4f4&#8243; background_color_opacity=\u00bb1&#8243; background_hover_color_opacity=\u00bb1&#8243; column_shadow=\u00bbnone\u00bb width=\u00bb1\/2&#8243; tablet_text_alignment=\u00bbdefault\u00bb phone_text_alignment=\u00bbdefault\u00bb column_border_width=\u00bbnone\u00bb column_border_style=\u00bbsolid\u00bb][vc_column_text]<img loading=\"lazy\" decoding=\"async\" style=\"width: 150px;\" src=\"https:\/\/compostsegria.com\/wp-content\/uploads\/2020\/07\/iconos_compost_segria_Artboard-1-copy-3@3x.png\" alt=\"\" width=\"150\" height=\"150\" \/><\/p>\n<h2 class=\"color-verde\"><b><span lang=\"CA\">Innovaci\u00f3n y mejora constante<\/span><\/b><\/h2>\n<p>Implementamos mejoras constantes en nuestro proceso de transformaci\u00f3n para ser m\u00e1s eficientes y a la vez conseguir un producto final de m\u00e1xima calidad.[\/vc_column_text][\/vc_column][vc_column column_padding=\u00bbpadding-4-percent\u00bb column_padding_position=\u00bball\u00bb background_color=\u00bb#f4f4f4&#8243; background_color_opacity=\u00bb1&#8243; background_hover_color_opacity=\u00bb1&#8243; column_shadow=\u00bbnone\u00bb width=\u00bb1\/2&#8243; tablet_text_alignment=\u00bbdefault\u00bb phone_text_alignment=\u00bbdefault\u00bb column_border_width=\u00bbnone\u00bb column_border_style=\u00bbsolid\u00bb][vc_column_text]<img loading=\"lazy\" decoding=\"async\" style=\"width: 150px;\" src=\"https:\/\/compostsegria.com\/wp-content\/uploads\/2020\/07\/iconos_compost_segria_Artboard-1-copy-4@3x.png\" alt=\"\" width=\"150\" height=\"150\" \/><\/p>\n<h2 class=\"color-verde\"><b><span lang=\"CA\">Calidad y servicio<\/span><\/b><\/h2>\n<p>Trabajamos con primeras materias previamente seleccionadas y analizadas para cumplir con los nuestros est\u00e1ndares de calidad y poder ofrecer as\u00ed un producto final excelente, tambi\u00e9n controlado y analizado por laboratorios externos. La vocaci\u00f3n de servicio forma parte de nuestro ADN, puesto que nuestra raz\u00f3n es satisfacer las necesidades de nuestros clientes m\u00e1s exigentes.[\/vc_column_text][\/vc_column][\/vc_row]\n","protected":false},"excerpt":{"rendered":"<p>[vc_row type=\u00bbfull_width_background\u00bb full_screen_row_position=\u00bbmiddle\u00bb equal_height=\u00bbyes\u00bb content_placement=\u00bbmiddle\u00bb scene_position=\u00bbcenter\u00bb text_color=\u00bbdark\u00bb text_align=\u00bbleft\u00bb id=\u00bbtipos-cultivos\u00bb row_name=\u00bbTipos Cultivos\u00bb overlay_strength=\u00bb0.3&#8243;][vc_column column_padding=\u00bbno-extra-padding\u00bb column_padding_position=\u00bball\u00bb background_color_opacity=\u00bb1&#8243; background_hover_color_opacity=\u00bb1&#8243; top_margin=\u00bb120px\u00bb column_shadow=\u00bbnone\u00bb width=\u00bb1\/1&#8243; tablet_text_alignment=\u00bbdefault\u00bb phone_text_alignment=\u00bbdefault\u00bb column_border_width=\u00bbnone\u00bb column_border_style=\u00bbsolid\u00bb][vc_column_text css=\u00bb.vc_custom_1716189351947{margin-top: 120px !important;}\u00bb] Historia [\/vc_column_text][vc_row_inner column_margin=\u00bbdefault\u00bb top_padding=\u00bb60&#8243;&#8230;<\/p>\n","protected":false},"author":7,"featured_media":0,"parent":0,"menu_order":0,"comment_status":"closed","ping_status":"closed","template":"","meta":{"footnotes":""},"_links":{"self":[{"href":"https:\/\/compostsegria.com\/ca\/wp-json\/wp\/v2\/pages\/1991"}],"collection":[{"href":"https:\/\/compostsegria.com\/ca\/wp-json\/wp\/v2\/pages"}],"about":[{"href":"https:\/\/compostsegria.com\/ca\/wp-json\/wp\/v2\/types\/page"}],"author":[{"embeddable":true,"href":"https:\/\/compostsegria.com\/ca\/wp-json\/wp\/v2\/users\/7"}],"replies":[{"embeddable":true,"href":"https:\/\/compostsegria.com\/ca\/wp-json\/wp\/v2\/comments?post=1991"}],"version-history":[{"count":10,"href":"https:\/\/compostsegria.com\/ca\/wp-json\/wp\/v2\/pages\/1991\/revisions"}],"predecessor-version":[{"id":2735,"href":"https:\/\/compostsegria.com\/ca\/wp-json\/wp\/v2\/pages\/1991\/revisions\/2735"}],"wp:attachment":[{"href":"https:\/\/compostsegria.com\/ca\/wp-json\/wp\/v2\/media?parent=1991"}],"curies":[{"name":"wp","href":"https:\/\/api.w.org\/{rel}","templated":true}]}}