{"id":1988,"date":"2024-02-29T10:33:03","date_gmt":"2024-02-29T10:33:03","guid":{"rendered":"https:\/\/compostsegria.com\/?page_id=1988"},"modified":"2024-05-09T10:46:38","modified_gmt":"2024-05-09T10:46:38","slug":"servicios","status":"publish","type":"page","link":"https:\/\/compostsegria.com\/ca\/es\/servicios\/","title":{"rendered":"Servicios"},"content":{"rendered":"[vc_row type=\u00bbfull_width_background\u00bb full_screen_row_position=\u00bbmiddle\u00bb equal_height=\u00bbyes\u00bb content_placement=\u00bbmiddle\u00bb bg_image=\u00bb2511&#8243; bg_position=\u00bbleft top\u00bb bg_repeat=\u00bbno-repeat\u00bb parallax_bg=\u00bbtrue\u00bb parallax_bg_speed=\u00bbslow\u00bb scene_position=\u00bbcenter\u00bb text_color=\u00bblight\u00bb text_align=\u00bbleft\u00bb top_padding=\u00bb250&#8243; bottom_padding=\u00bb200&#8243; class=\u00bbaltura-minima-2&#8243; overlay_strength=\u00bb0.3&#8243;][vc_column column_padding=\u00bbno-extra-padding\u00bb column_padding_position=\u00bball\u00bb background_color_opacity=\u00bb1&#8243; background_hover_color_opacity=\u00bb1&#8243; column_shadow=\u00bbnone\u00bb width=\u00bb1\/2&#8243; tablet_text_alignment=\u00bbdefault\u00bb phone_text_alignment=\u00bbdefault\u00bb column_border_width=\u00bbnone\u00bb column_border_style=\u00bbsolid\u00bb][vc_column_text css=\u00bb.vc_custom_1709202561144{margin-bottom: 40px !important;}\u00bb]\n<h1 style=\"text-align: left;\">Servicios<\/h1>\n<div class=\"page\" title=\"Page 5\">\n<div class=\"section\">\n<div class=\"layoutArea\">\n<div class=\"column\">\n<p>Con una relaci\u00f3n pr\u00f3xima y a\u00f1os de experiencia, ofrecemos <strong>servicios adaptados a tus necesidades<\/strong> espec\u00edficas, desde la recogida de residuos hasta el asesoramiento agr\u00edcola personalizado. Descubre como podemos transformar tu actividad agr\u00edcola con compromiso y eficiencia.<\/p>\n<\/div>\n<\/div>\n<\/div>\n<\/div>\n[\/vc_column_text][\/vc_column][vc_column column_padding=\u00bbno-extra-padding\u00bb column_padding_position=\u00bball\u00bb background_color_opacity=\u00bb1&#8243; background_hover_color_opacity=\u00bb1&#8243; column_shadow=\u00bbnone\u00bb width=\u00bb1\/2&#8243; tablet_text_alignment=\u00bbdefault\u00bb phone_text_alignment=\u00bbdefault\u00bb column_border_width=\u00bbnone\u00bb column_border_style=\u00bbsolid\u00bb][\/vc_column][\/vc_row][vc_row type=\u00bbin_container\u00bb full_screen_row_position=\u00bbmiddle\u00bb scene_position=\u00bbcenter\u00bb text_color=\u00bbdark\u00bb text_align=\u00bbleft\u00bb top_padding=\u00bb40&#8243; overlay_strength=\u00bb0.3&#8243;][vc_column column_padding=\u00bbno-extra-padding\u00bb column_padding_position=\u00bball\u00bb background_color_opacity=\u00bb1&#8243; background_hover_color_opacity=\u00bb1&#8243; column_shadow=\u00bbnone\u00bb width=\u00bb1\/1&#8243; tablet_text_alignment=\u00bbdefault\u00bb phone_text_alignment=\u00bbdefault\u00bb column_border_width=\u00bbnone\u00bb column_border_style=\u00bbsolid\u00bb][vc_row_inner column_margin=\u00bbdefault\u00bb text_align=\u00bbleft\u00bb][vc_column_inner column_padding=\u00bbpadding-4-percent\u00bb column_padding_position=\u00bball\u00bb background_color=\u00bb#ededed\u00bb background_color_opacity=\u00bb1&#8243; width=\u00bb1\/2&#8243; column_border_width=\u00bbnone\u00bb column_border_style=\u00bbsolid\u00bb][vc_column_text]<img decoding=\"async\" style=\"width: 150px;\" src=\"https:\/\/compostsegria.com\/wp-content\/uploads\/2020\/07\/iconos_compost_segria_Artboard-1-copy-5@3x.png\" alt=\"\" \/><\/p>\n<h2 class=\"color-verde\">Asesoramiento en campos y gesti\u00f3n de residuos<\/h2>\n<div class=\"page\" title=\"Page 5\">\n<div class=\"section\">\n<div class=\"layoutArea\">\n<div class=\"column\">\n<p>Compost Segri\u00e0 te ofrece asesoramiento experto y recomendaciones para el uso de compost y otros abonos, tanto en el \u00e1mbito agr\u00edcola como en el de la jardiner\u00eda. Tambi\u00e9n apoyamos la creaci\u00f3n de programas de fertilizaci\u00f3n personalizados para tu cultivo, asegurando una \u00f3ptima utilizaci\u00f3n de los productos para m\u00e1ximo beneficio de los cultivos.<\/p>\n<p>Adem\u00e1s, gestionamos eficientemente los residuos org\u00e1nicos, ofreciendo asistencia directa a nuestras plantas especializadas o mediante asesoramiento t\u00e9cnico para mejorar el reciclaje de la materia org\u00e1nica y hacer m\u00e1s eficiente tu proceso productivo.<\/p>\n<\/div>\n<\/div>\n<\/div>\n<\/div>\n[\/vc_column_text][nectar_btn size=\u00bblarge\u00bb button_style=\u00bbregular\u00bb button_color_2=\u00bbAccent-Color\u00bb icon_family=\u00bbnone\u00bb text=\u00bbContacta\u00bb margin_top=\u00bb20&#8243; url=\u00bbhttps:\/\/compostsegria.com\/es\/contacta-amb-nosaltres\/\u00bb][\/vc_column_inner][vc_column_inner column_padding=\u00bbpadding-4-percent\u00bb column_padding_position=\u00bball\u00bb background_color=\u00bb#ededed\u00bb background_color_opacity=\u00bb1&#8243; width=\u00bb1\/2&#8243; column_border_width=\u00bbnone\u00bb column_border_style=\u00bbsolid\u00bb][vc_column_text]<img decoding=\"async\" style=\"width: 150px;\" src=\"https:\/\/compostsegria.com\/wp-content\/uploads\/2020\/07\/iconos_compost_segria_Artboard-1-copy-6@3x.png\" alt=\"\" \/><\/p>\n<h2 class=\"color-verde\">Proceso de aplicaci\u00f3n del compost<\/h2>\n<div class=\"page\" title=\"Page 5\">\n<div class=\"section\">\n<div class=\"layoutArea\">\n<div class=\"column\">\n<p>Si no cuentas con la maquinaria adecuada para aplicar abonos en el campo, Compost Segri\u00e0 est\u00e1 aqu\u00ed para apoyarte. Con maquinaria especializada y profesionales experimentados, estamos preparados para aplicar el compost al suelo, adapt\u00e1ndonos a todo tipo de cultivos, plantaciones y terrenos. Ya sea desde la fertilizaci\u00f3n a la sobre hilera para fruteros hasta la incorporaci\u00f3n directa al suelo, estamos preparados para atender tus necesidades de fertilizaci\u00f3n.<\/p>\n<p>Con nuestro apoyo y asesoramiento, podr\u00e1s optimizar el rendimiento de tus cultivos y plantaciones. Si surgen dudas durante el proceso, tambi\u00e9n estamos disponibles para ofrecerte orientaci\u00f3n. Nos preocupamos por el bienestar de nuestros clientes, creando un v\u00ednculo que enriquece la experiencia del cliente con empresas de compostaje como la nuestra.<\/p>\n<\/div>\n<\/div>\n<\/div>\n<\/div>\n[\/vc_column_text][nectar_btn size=\u00bblarge\u00bb button_style=\u00bbregular\u00bb button_color_2=\u00bbAccent-Color\u00bb icon_family=\u00bbnone\u00bb text=\u00bbContacta\u00bb margin_top=\u00bb20&#8243; url=\u00bbhttps:\/\/compostsegria.com\/es\/contacta-amb-nosaltres\/\u00bb][\/vc_column_inner][\/vc_row_inner][vc_row_inner column_margin=\u00bbdefault\u00bb text_align=\u00bbleft\u00bb][vc_column_inner column_padding=\u00bbpadding-4-percent\u00bb column_padding_position=\u00bball\u00bb background_color=\u00bb#ededed\u00bb background_color_opacity=\u00bb1&#8243; width=\u00bb1\/2&#8243; column_border_width=\u00bbnone\u00bb column_border_style=\u00bbsolid\u00bb][vc_column_text]<img loading=\"lazy\" decoding=\"async\" class=\"alignnone wp-image-1433\" src=\"https:\/\/compostsegria.com\/wp-content\/uploads\/2024\/01\/serveis-1-289x300.png\" alt=\"\" width=\"131\" height=\"136\" srcset=\"https:\/\/compostsegria.com\/wp-content\/uploads\/2024\/01\/serveis-1-289x300.png 289w, https:\/\/compostsegria.com\/wp-content\/uploads\/2024\/01\/serveis-1-985x1024.png 985w, https:\/\/compostsegria.com\/wp-content\/uploads\/2024\/01\/serveis-1-768x798.png 768w, https:\/\/compostsegria.com\/wp-content\/uploads\/2024\/01\/serveis-1-1478x1536.png 1478w, https:\/\/compostsegria.com\/wp-content\/uploads\/2024\/01\/serveis-1.png 1547w\" sizes=\"(max-width: 131px) 100vw, 131px\" \/><\/p>\n<h2 class=\"color-verde\"><span lang=\"CA\">Gesti\u00f3n de residuos org\u00e1nicos y asesor\u00eda t\u00e9cnica de reciclaje<\/span><\/h2>\n<div class=\"page\" title=\"Page 5\">\n<div class=\"section\">\n<div class=\"layoutArea\">\n<div class=\"column\">\n<div class=\"page\" title=\"Page 5\">\n<div class=\"section\">\n<div class=\"layoutArea\">\n<div class=\"column\">\n<p>Contribuimos a la gesti\u00f3n responsable de los residuos org\u00e1nicos de tu empresa o explotaci\u00f3n agr\u00edcola mediante un servicio de recogida anual.<\/p>\n<p>Reduce el impacto ambiental con nuestra soluci\u00f3n sostenible.<\/p>\n<\/div>\n<\/div>\n<\/div>\n<\/div>\n<\/div>\n<\/div>\n<\/div>\n<\/div>\n[\/vc_column_text][nectar_btn size=\u00bblarge\u00bb button_style=\u00bbregular\u00bb button_color_2=\u00bbAccent-Color\u00bb icon_family=\u00bbnone\u00bb text=\u00bbContacta\u00bb margin_top=\u00bb20&#8243; url=\u00bbhttps:\/\/compostsegria.com\/es\/contacta-amb-nosaltres\/\u00bb][\/vc_column_inner][vc_column_inner column_padding=\u00bbpadding-4-percent\u00bb column_padding_position=\u00bball\u00bb background_color=\u00bb#ef9d00&#8243; background_color_opacity=\u00bb1&#8243; font_color=\u00bb#ffffff\u00bb width=\u00bb1\/2&#8243; column_border_width=\u00bbnone\u00bb column_border_style=\u00bbsolid\u00bb][vc_column_text]\n<h2><strong>Contacta con el departamento comercial<\/strong><\/h2>\n<p><img loading=\"lazy\" decoding=\"async\" class=\"alignnone wp-image-1436\" src=\"https:\/\/compostsegria.com\/wp-content\/uploads\/2024\/01\/icones-289x300.png\" alt=\"\" width=\"33\" height=\"34\" srcset=\"https:\/\/compostsegria.com\/wp-content\/uploads\/2024\/01\/icones-289x300.png 289w, https:\/\/compostsegria.com\/wp-content\/uploads\/2024\/01\/icones-985x1024.png 985w, https:\/\/compostsegria.com\/wp-content\/uploads\/2024\/01\/icones-150x150.png 150w, https:\/\/compostsegria.com\/wp-content\/uploads\/2024\/01\/icones-768x798.png 768w, https:\/\/compostsegria.com\/wp-content\/uploads\/2024\/01\/icones-1478x1536.png 1478w, https:\/\/compostsegria.com\/wp-content\/uploads\/2024\/01\/icones-100x100.png 100w, https:\/\/compostsegria.com\/wp-content\/uploads\/2024\/01\/icones-500x500.png 500w, https:\/\/compostsegria.com\/wp-content\/uploads\/2024\/01\/icones-350x350.png 350w, https:\/\/compostsegria.com\/wp-content\/uploads\/2024\/01\/icones-1000x1000.png 1000w, https:\/\/compostsegria.com\/wp-content\/uploads\/2024\/01\/icones.png 1547w\" sizes=\"(max-width: 33px) 100vw, 33px\" \/>\u00a0 973 73 00 66<\/p>\n<p><img loading=\"lazy\" decoding=\"async\" class=\"alignnone wp-image-1435\" src=\"https:\/\/compostsegria.com\/wp-content\/uploads\/2024\/01\/icones-1-289x300.png\" alt=\"\" width=\"33\" height=\"34\" srcset=\"https:\/\/compostsegria.com\/wp-content\/uploads\/2024\/01\/icones-1-289x300.png 289w, https:\/\/compostsegria.com\/wp-content\/uploads\/2024\/01\/icones-1-985x1024.png 985w, https:\/\/compostsegria.com\/wp-content\/uploads\/2024\/01\/icones-1-150x150.png 150w, https:\/\/compostsegria.com\/wp-content\/uploads\/2024\/01\/icones-1-768x798.png 768w, https:\/\/compostsegria.com\/wp-content\/uploads\/2024\/01\/icones-1-1478x1536.png 1478w, https:\/\/compostsegria.com\/wp-content\/uploads\/2024\/01\/icones-1-100x100.png 100w, https:\/\/compostsegria.com\/wp-content\/uploads\/2024\/01\/icones-1-500x500.png 500w, https:\/\/compostsegria.com\/wp-content\/uploads\/2024\/01\/icones-1-350x350.png 350w, https:\/\/compostsegria.com\/wp-content\/uploads\/2024\/01\/icones-1-1000x1000.png 1000w, https:\/\/compostsegria.com\/wp-content\/uploads\/2024\/01\/icones-1.png 1547w\" sizes=\"(max-width: 33px) 100vw, 33px\" \/> info@compostsegria.com[\/vc_column_text][\/vc_column_inner][\/vc_row_inner][\/vc_column][\/vc_row]\n","protected":false},"excerpt":{"rendered":"<p>[vc_row type=\u00bbfull_width_background\u00bb full_screen_row_position=\u00bbmiddle\u00bb equal_height=\u00bbyes\u00bb content_placement=\u00bbmiddle\u00bb bg_image=\u00bb2511&#8243; bg_position=\u00bbleft top\u00bb bg_repeat=\u00bbno-repeat\u00bb parallax_bg=\u00bbtrue\u00bb parallax_bg_speed=\u00bbslow\u00bb scene_position=\u00bbcenter\u00bb text_color=\u00bblight\u00bb text_align=\u00bbleft\u00bb top_padding=\u00bb250&#8243; bottom_padding=\u00bb200&#8243; class=\u00bbaltura-minima-2&#8243; overlay_strength=\u00bb0.3&#8243;][vc_column column_padding=\u00bbno-extra-padding\u00bb column_padding_position=\u00bball\u00bb background_color_opacity=\u00bb1&#8243; background_hover_color_opacity=\u00bb1&#8243; column_shadow=\u00bbnone\u00bb width=\u00bb1\/2&#8243; tablet_text_alignment=\u00bbdefault\u00bb phone_text_alignment=\u00bbdefault\u00bb column_border_width=\u00bbnone\u00bb column_border_style=\u00bbsolid\u00bb][vc_column_text css=\u00bb.vc_custom_1709202561144{margin-bottom: 40px&#8230;<\/p>\n","protected":false},"author":7,"featured_media":0,"parent":0,"menu_order":0,"comment_status":"closed","ping_status":"closed","template":"","meta":{"footnotes":""},"_links":{"self":[{"href":"https:\/\/compostsegria.com\/ca\/wp-json\/wp\/v2\/pages\/1988"}],"collection":[{"href":"https:\/\/compostsegria.com\/ca\/wp-json\/wp\/v2\/pages"}],"about":[{"href":"https:\/\/compostsegria.com\/ca\/wp-json\/wp\/v2\/types\/page"}],"author":[{"embeddable":true,"href":"https:\/\/compostsegria.com\/ca\/wp-json\/wp\/v2\/users\/7"}],"replies":[{"embeddable":true,"href":"https:\/\/compostsegria.com\/ca\/wp-json\/wp\/v2\/comments?post=1988"}],"version-history":[{"count":5,"href":"https:\/\/compostsegria.com\/ca\/wp-json\/wp\/v2\/pages\/1988\/revisions"}],"predecessor-version":[{"id":2526,"href":"https:\/\/compostsegria.com\/ca\/wp-json\/wp\/v2\/pages\/1988\/revisions\/2526"}],"wp:attachment":[{"href":"https:\/\/compostsegria.com\/ca\/wp-json\/wp\/v2\/media?parent=1988"}],"curies":[{"name":"wp","href":"https:\/\/api.w.org\/{rel}","templated":true}]}}