{"id":1985,"date":"2024-02-29T10:24:34","date_gmt":"2024-02-29T10:24:34","guid":{"rendered":"https:\/\/compostsegria.com\/?page_id=1985"},"modified":"2024-05-09T10:55:38","modified_gmt":"2024-05-09T10:55:38","slug":"planta-de-compostaje-1","status":"publish","type":"page","link":"https:\/\/compostsegria.com\/ca\/es\/planta-de-compostaje-1\/","title":{"rendered":"Planta de compostaje-1"},"content":{"rendered":"[vc_row type=\u00bbin_container\u00bb full_screen_row_position=\u00bbmiddle\u00bb scene_position=\u00bbcenter\u00bb text_color=\u00bbdark\u00bb text_align=\u00bbleft\u00bb top_padding=\u00bb40&#8243; id=\u00bbrecepcio\u00bb overlay_strength=\u00bb0.3&#8243;][vc_column centered_text=\u00bbtrue\u00bb column_padding=\u00bbno-extra-padding\u00bb column_padding_position=\u00bball\u00bb background_color_opacity=\u00bb1&#8243; background_color_hover=\u00bb#ef9d00&#8243; background_hover_color_opacity=\u00bb0.4&#8243; background_image=\u00bb1680&#8243; font_color=\u00bb#ffffff\u00bb column_shadow=\u00bbnone\u00bb width=\u00bb1\/1&#8243; tablet_text_alignment=\u00bbdefault\u00bb phone_text_alignment=\u00bbdefault\u00bb column_border_width=\u00bbnone\u00bb column_border_style=\u00bbsolid\u00bb][fancy_box image_url=\u00bb2510&#8243; color=\u00bbAccent-Color\u00bb]\n<h2>Zona de recepci\u00f3n<\/h2>\n<p>Este espacio es una superficie que est\u00e1 correctamente impermeabilizada y es tan amplia como para acoger los diferentes tipos de primeras materias que nos llegan constantemente. Es en esta etapa cuando se analiza y se clasifica la materia prima.[\/fancy_box][\/vc_column][\/vc_row][vc_row type=\u00bbin_container\u00bb full_screen_row_position=\u00bbmiddle\u00bb scene_position=\u00bbcenter\u00bb text_color=\u00bbdark\u00bb text_align=\u00bbleft\u00bb top_padding=\u00bb40&#8243; id=\u00bbfermentacio\u00bb overlay_strength=\u00bb0.3&#8243;][vc_column centered_text=\u00bbtrue\u00bb column_padding=\u00bbno-extra-padding\u00bb column_padding_position=\u00bball\u00bb background_color_opacity=\u00bb1&#8243; background_color_hover=\u00bb#ef9d00&#8243; background_hover_color_opacity=\u00bb0.4&#8243; background_image=\u00bb1680&#8243; font_color=\u00bb#ffffff\u00bb column_shadow=\u00bbnone\u00bb width=\u00bb1\/1&#8243; tablet_text_alignment=\u00bbdefault\u00bb phone_text_alignment=\u00bbdefault\u00bb column_border_width=\u00bbnone\u00bb column_border_style=\u00bbsolid\u00bb][fancy_box image_url=\u00bb2506&#8243; color=\u00bbAccent-Color\u00bb]\n<h2>Zona de fermentaci\u00f3n<\/h2>\n<p>Aqu\u00ed se sit\u00faan las materias primas mezcladas de forma homog\u00e9nea y se produce el proceso de transformaci\u00f3n, propiamente conocido como \u201ccompostaje\u201d. Puesto que la materia org\u00e1nica se degrada de forma natural, llegando a una temperatura superior a 70\u202f\u00b0C, nuestras instalaciones son las \u00f3ptimas para llevar a cabo todo esto de manera controlada y sin correr ning\u00fan riesgo[\/fancy_box][\/vc_column][\/vc_row][vc_row type=\u00bbin_container\u00bb full_screen_row_position=\u00bbmiddle\u00bb scene_position=\u00bbcenter\u00bb text_color=\u00bbdark\u00bb text_align=\u00bbleft\u00bb top_padding=\u00bb40&#8243; id=\u00bbmaduracio\u00bb overlay_strength=\u00bb0.3&#8243;][vc_column centered_text=\u00bbtrue\u00bb column_padding=\u00bbno-extra-padding\u00bb column_padding_position=\u00bball\u00bb background_color_opacity=\u00bb1&#8243; background_color_hover=\u00bb#ef9d00&#8243; background_hover_color_opacity=\u00bb0.4&#8243; background_image=\u00bb1680&#8243; font_color=\u00bb#ffffff\u00bb column_shadow=\u00bbnone\u00bb width=\u00bb1\/1&#8243; tablet_text_alignment=\u00bbdefault\u00bb phone_text_alignment=\u00bbdefault\u00bb column_border_width=\u00bbnone\u00bb column_border_style=\u00bbsolid\u00bb][fancy_box image_url=\u00bb2507&#8243; color=\u00bbAccent-Color\u00bb]\n<h2>Zona de maduraci\u00f3n<\/h2>\n<p>Es una zona impermeabilizada con el fin de impedir que se eche a perder el producto. En este lugar se deja reposar el compuesto y se remueve de forma peri\u00f3dica para oxigenar la mezcla y evitar que los microorganismos beneficiosos para los cultivos y los suelos se mueran por falta de ox\u00edgeno.[\/fancy_box][\/vc_column][\/vc_row][vc_row type=\u00bbin_container\u00bb full_screen_row_position=\u00bbmiddle\u00bb scene_position=\u00bbcenter\u00bb text_color=\u00bbdark\u00bb text_align=\u00bbleft\u00bb id=\u00bbproducteacabat\u00bb overlay_strength=\u00bb0.3&#8243;][vc_column centered_text=\u00bbtrue\u00bb column_padding=\u00bbno-extra-padding\u00bb column_padding_position=\u00bball\u00bb background_color_opacity=\u00bb1&#8243; background_color_hover=\u00bb#ef9d00&#8243; background_hover_color_opacity=\u00bb0.4&#8243; background_image=\u00bb1680&#8243; font_color=\u00bb#ffffff\u00bb column_shadow=\u00bbnone\u00bb width=\u00bb1\/1&#8243; tablet_text_alignment=\u00bbdefault\u00bb phone_text_alignment=\u00bbdefault\u00bb column_border_width=\u00bbnone\u00bb column_border_style=\u00bbsolid\u00bb][fancy_box image_url=\u00bb2508&#8243; color=\u00bbAccent-Color\u00bb]\n<h2>Zona de producto acabado<\/h2>\n<p>En esta instalaci\u00f3n se deposita el producto final. Aqu\u00ed nuestro compuesto ya se encuentra estabilizado y cribado. Una de las ventajas de este producto es que su almacenamiento y transporte no suponen ning\u00fan riesgo ni por la salud ni para el medio ambiente.[\/fancy_box][\/vc_column][\/vc_row]\n","protected":false},"excerpt":{"rendered":"<p>[vc_row type=\u00bbin_container\u00bb full_screen_row_position=\u00bbmiddle\u00bb scene_position=\u00bbcenter\u00bb text_color=\u00bbdark\u00bb text_align=\u00bbleft\u00bb top_padding=\u00bb40&#8243; id=\u00bbrecepcio\u00bb overlay_strength=\u00bb0.3&#8243;][vc_column centered_text=\u00bbtrue\u00bb column_padding=\u00bbno-extra-padding\u00bb column_padding_position=\u00bball\u00bb background_color_opacity=\u00bb1&#8243; background_color_hover=\u00bb#ef9d00&#8243; background_hover_color_opacity=\u00bb0.4&#8243; background_image=\u00bb1680&#8243; font_color=\u00bb#ffffff\u00bb column_shadow=\u00bbnone\u00bb width=\u00bb1\/1&#8243; tablet_text_alignment=\u00bbdefault\u00bb phone_text_alignment=\u00bbdefault\u00bb column_border_width=\u00bbnone\u00bb column_border_style=\u00bbsolid\u00bb][fancy_box image_url=\u00bb2510&#8243; color=\u00bbAccent-Color\u00bb] Zona de recepci\u00f3n Este espacio&#8230;<\/p>\n","protected":false},"author":7,"featured_media":0,"parent":0,"menu_order":0,"comment_status":"closed","ping_status":"closed","template":"","meta":{"footnotes":""},"_links":{"self":[{"href":"https:\/\/compostsegria.com\/ca\/wp-json\/wp\/v2\/pages\/1985"}],"collection":[{"href":"https:\/\/compostsegria.com\/ca\/wp-json\/wp\/v2\/pages"}],"about":[{"href":"https:\/\/compostsegria.com\/ca\/wp-json\/wp\/v2\/types\/page"}],"author":[{"embeddable":true,"href":"https:\/\/compostsegria.com\/ca\/wp-json\/wp\/v2\/users\/7"}],"replies":[{"embeddable":true,"href":"https:\/\/compostsegria.com\/ca\/wp-json\/wp\/v2\/comments?post=1985"}],"version-history":[{"count":3,"href":"https:\/\/compostsegria.com\/ca\/wp-json\/wp\/v2\/pages\/1985\/revisions"}],"predecessor-version":[{"id":2534,"href":"https:\/\/compostsegria.com\/ca\/wp-json\/wp\/v2\/pages\/1985\/revisions\/2534"}],"wp:attachment":[{"href":"https:\/\/compostsegria.com\/ca\/wp-json\/wp\/v2\/media?parent=1985"}],"curies":[{"name":"wp","href":"https:\/\/api.w.org\/{rel}","templated":true}]}}