{"id":1971,"date":"2024-02-29T09:36:05","date_gmt":"2024-02-29T09:36:05","guid":{"rendered":"https:\/\/compostsegria.com\/?page_id=1971"},"modified":"2024-12-04T11:02:29","modified_gmt":"2024-12-04T11:02:29","slug":"productes-2","status":"publish","type":"page","link":"https:\/\/compostsegria.com\/ca\/es\/productes-2\/","title":{"rendered":"Productos"},"content":{"rendered":"[vc_row type=\u00bbfull_width_background\u00bb full_screen_row_position=\u00bbmiddle\u00bb equal_height=\u00bbyes\u00bb content_placement=\u00bbmiddle\u00bb bg_image=\u00bb1375&#8243; bg_position=\u00bbleft top\u00bb bg_repeat=\u00bbno-repeat\u00bb parallax_bg=\u00bbtrue\u00bb parallax_bg_speed=\u00bbslow\u00bb scene_position=\u00bbcenter\u00bb text_color=\u00bblight\u00bb text_align=\u00bbleft\u00bb top_padding=\u00bb250&#8243; bottom_padding=\u00bb150&#8243; class=\u00bbaltura-minima-2&#8243; overlay_strength=\u00bb0.3&#8243;][vc_column column_padding=\u00bbno-extra-padding\u00bb column_padding_position=\u00bball\u00bb background_color_opacity=\u00bb1&#8243; background_hover_color_opacity=\u00bb1&#8243; column_shadow=\u00bbnone\u00bb width=\u00bb1\/2&#8243; tablet_text_alignment=\u00bbdefault\u00bb phone_text_alignment=\u00bbdefault\u00bb column_border_width=\u00bbnone\u00bb column_border_style=\u00bbsolid\u00bb][vc_column_text]\n<h1 style=\"text-align: left;\"><strong>Productos<\/strong><\/h1>\n<div class=\"page\" title=\"Page 3\">\n<div class=\"section\">\n<div class=\"layoutArea\">\n<div class=\"column\">\n<p>En Compost Segri\u00e0, nos especializamos en la elaboraci\u00f3n de productos para la fertilizaci\u00f3n de los suelos, destacando sobre todo los abonos o fertilizantes org\u00e1nicos.<\/p>\n<\/div>\n<\/div>\n<\/div>\n<\/div>\n[\/vc_column_text][nectar_btn size=\u00bbsmall\u00bb button_style=\u00bbregular\u00bb button_color_2=\u00bbAccent-Color\u00bb icon_family=\u00bbnone\u00bb text=\u00bbVer productos\u00bb margin_top=\u00bb20&#8243; url=\u00bb#todos\u00bb][\/vc_column][vc_column column_padding=\u00bbno-extra-padding\u00bb column_padding_position=\u00bball\u00bb background_color_opacity=\u00bb1&#8243; background_hover_color_opacity=\u00bb1&#8243; column_shadow=\u00bbnone\u00bb width=\u00bb1\/2&#8243; tablet_text_alignment=\u00bbdefault\u00bb phone_text_alignment=\u00bbdefault\u00bb column_border_width=\u00bbnone\u00bb column_border_style=\u00bbsolid\u00bb][\/vc_column][\/vc_row][vc_row type=\u00bbin_container\u00bb full_screen_row_position=\u00bbmiddle\u00bb equal_height=\u00bbyes\u00bb content_placement=\u00bbtop\u00bb scene_position=\u00bbcenter\u00bb text_color=\u00bbdark\u00bb text_align=\u00bbleft\u00bb bottom_padding=\u00bb0&#8243; class=\u00bbespacio-extra\u00bb overlay_strength=\u00bb0.3&#8243;][vc_column column_padding=\u00bbno-extra-padding\u00bb column_padding_position=\u00bball\u00bb background_color_opacity=\u00bb1&#8243; background_hover_color_opacity=\u00bb1&#8243; background_image=\u00bb547&#8243; column_shadow=\u00bbnone\u00bb el_class=\u00bbaltura-minima\u00bb width=\u00bb1\/2&#8243; tablet_text_alignment=\u00bbdefault\u00bb phone_text_alignment=\u00bbdefault\u00bb column_border_width=\u00bbnone\u00bb column_border_style=\u00bbsolid\u00bb]<div class=\"img-with-aniamtion-wrap \" data-max-width=\"100%\"><div class=\"inner\"><img loading=\"lazy\" decoding=\"async\" data-shadow=\"none\" data-shadow-direction=\"middle\" class=\"img-with-animation \" data-delay=\"0\" height=\"1105\" width=\"1656\" data-animation=\"fade-in\" src=\"https:\/\/compostsegria.com\/wp-content\/uploads\/2024\/01\/productes-1.jpg\" srcset=\"https:\/\/compostsegria.com\/wp-content\/uploads\/2024\/01\/productes-1.jpg 1656w, https:\/\/compostsegria.com\/wp-content\/uploads\/2024\/01\/productes-1-300x200.jpg 300w, https:\/\/compostsegria.com\/wp-content\/uploads\/2024\/01\/productes-1-1024x683.jpg 1024w, https:\/\/compostsegria.com\/wp-content\/uploads\/2024\/01\/productes-1-768x512.jpg 768w, https:\/\/compostsegria.com\/wp-content\/uploads\/2024\/01\/productes-1-1536x1025.jpg 1536w\" alt=\"\" \/><\/div><\/div>[\/vc_column][vc_column column_padding=\u00bbpadding-3-percent\u00bb column_padding_position=\u00bball\u00bb background_color_opacity=\u00bb1&#8243; background_hover_color_opacity=\u00bb1&#8243; column_shadow=\u00bbnone\u00bb width=\u00bb1\/2&#8243; tablet_text_alignment=\u00bbdefault\u00bb phone_text_alignment=\u00bbdefault\u00bb column_border_width=\u00bbnone\u00bb column_border_style=\u00bbsolid\u00bb][vc_column_text]\n<div class=\"page\" title=\"Page 3\">\n<div class=\"section\">\n<div class=\"layoutArea\">\n<div class=\"column\">\n<p>Gracias al <strong>proceso de fertilizaci\u00f3n<\/strong>, aumentamos la producci\u00f3n de las tierras de cultivo, puesto que aportamos los elementos esenciales necesarios para el crecimiento de las plantas y los \u00e1rboles. Adem\u00e1s, estos productos mejoran el vigor y la resistencia de las plantas ante los agentes pat\u00f3genos que pueden causar enfermedades. Los productos dedicados a estas funciones de nutrir y proteger se pueden agrupar en dos grandes categor\u00edas: <strong>los abonos convencionales o inorg\u00e1nicos<\/strong> y los <strong>abonos org\u00e1nicos.<\/strong><\/p>\n<p>Estamos comprometidos a proporcionar <strong>soluciones de fertilizaci\u00f3n sostenibles y de calidad<\/strong> para mejorar la salud de nuestros cultivos y la biodiversidad de nuestros ecosistemas.<\/p>\n<\/div>\n<\/div>\n<\/div>\n<\/div>\n[\/vc_column_text][\/vc_column][\/vc_row][vc_row type=\u00bbfull_width_background\u00bb full_screen_row_position=\u00bbmiddle\u00bb bg_image=\u00bb1383&#8243; bg_position=\u00bbleft top\u00bb bg_repeat=\u00bbno-repeat\u00bb scene_position=\u00bbcenter\u00bb text_color=\u00bblight\u00bb text_align=\u00bbleft\u00bb top_padding=\u00bb75&#8243; bottom_padding=\u00bb135&#8243; overlay_strength=\u00bb0.3&#8243;][vc_column column_padding=\u00bbno-extra-padding\u00bb column_padding_position=\u00bball\u00bb background_color_opacity=\u00bb1&#8243; background_hover_color_opacity=\u00bb1&#8243; column_shadow=\u00bbnone\u00bb width=\u00bb1\/4&#8243; tablet_text_alignment=\u00bbdefault\u00bb phone_text_alignment=\u00bbdefault\u00bb column_border_width=\u00bbnone\u00bb column_border_style=\u00bbsolid\u00bb][\/vc_column][vc_column column_padding=\u00bbno-extra-padding\u00bb column_padding_position=\u00bball\u00bb background_color_opacity=\u00bb1&#8243; background_hover_color_opacity=\u00bb1&#8243; column_shadow=\u00bbnone\u00bb width=\u00bb1\/2&#8243; tablet_text_alignment=\u00bbdefault\u00bb phone_text_alignment=\u00bbdefault\u00bb column_border_width=\u00bbnone\u00bb column_border_style=\u00bbsolid\u00bb][vc_column_text]\n<h2 style=\"text-align: center;\">\u00bfTipo de abonos que ofrecemos?<\/h2>\n[\/vc_column_text][\/vc_column][vc_column column_padding=\u00bbno-extra-padding\u00bb column_padding_position=\u00bball\u00bb background_color_opacity=\u00bb1&#8243; background_hover_color_opacity=\u00bb1&#8243; column_shadow=\u00bbnone\u00bb width=\u00bb1\/4&#8243; tablet_text_alignment=\u00bbdefault\u00bb phone_text_alignment=\u00bbdefault\u00bb column_border_width=\u00bbnone\u00bb column_border_style=\u00bbsolid\u00bb][\/vc_column][\/vc_row][vc_row type=\u00bbin_container\u00bb full_screen_row_position=\u00bbmiddle\u00bb scene_position=\u00bbcenter\u00bb text_color=\u00bbdark\u00bb text_align=\u00bbleft\u00bb top_padding=\u00bb40&#8243; overlay_strength=\u00bb0.3&#8243;][vc_column column_padding=\u00bbno-extra-padding\u00bb column_padding_position=\u00bball\u00bb background_color_opacity=\u00bb1&#8243; background_hover_color_opacity=\u00bb1&#8243; column_shadow=\u00bbnone\u00bb width=\u00bb1\/1&#8243; tablet_text_alignment=\u00bbdefault\u00bb phone_text_alignment=\u00bbdefault\u00bb column_border_width=\u00bbnone\u00bb column_border_style=\u00bbsolid\u00bb][vc_column_text]\n<div id=\"todos\" class=\"page\" title=\"Page 3\">\n<div class=\"section\">\n<div class=\"layoutArea\">\n<div class=\"column\">\n<p style=\"text-align: center;\">Descubre nuestros abonos org\u00e1nicos para cada necesidad: calidad y fertilizaci\u00f3n garantizadas.<\/p>\n<\/div>\n<\/div>\n<\/div>\n<\/div>\n[\/vc_column_text][\/vc_column][\/vc_row][vc_row type=\u00bbin_container\u00bb full_screen_row_position=\u00bbmiddle\u00bb scene_position=\u00bbcenter\u00bb text_color=\u00bbcustom\u00bb custom_text_color=\u00bb#ffffff\u00bb text_align=\u00bbleft\u00bb overlay_strength=\u00bb0.3&#8243;][vc_column centered_text=\u00bbtrue\u00bb column_padding=\u00bbpadding-15-percent\u00bb column_padding_position=\u00bbtop-bottom\u00bb background_color_opacity=\u00bb1&#8243; background_color_hover=\u00bb#ef9d00&#8243; background_hover_color_opacity=\u00bb0.4&#8243; background_image=\u00bb1302&#8243; enable_bg_scale=\u00bbtrue\u00bb font_color=\u00bb#ffffff\u00bb column_shadow=\u00bbnone\u00bb width=\u00bb1\/3&#8243; tablet_text_alignment=\u00bbdefault\u00bb phone_text_alignment=\u00bbdefault\u00bb column_border_width=\u00bbnone\u00bb column_border_style=\u00bbsolid\u00bb column_link=\u00bbhttps:\/\/compostsegria.com\/ca\/es\/ecologico\/\u00bb][vc_column_text]\n<h3 style=\"text-align: center;\"><strong>Ecol\u00f3gicos<\/strong><\/h3>\n<p style=\"text-align: center;\">Ver m\u00e1s<\/p>\n[\/vc_column_text][\/vc_column][vc_column centered_text=\u00bbtrue\u00bb column_padding=\u00bbpadding-15-percent\u00bb column_padding_position=\u00bbtop-bottom\u00bb background_color_opacity=\u00bb1&#8243; background_color_hover=\u00bb#ef9d00&#8243; background_hover_color_opacity=\u00bb0.4&#8243; background_image=\u00bb1303&#8243; enable_bg_scale=\u00bbtrue\u00bb font_color=\u00bb#ffffff\u00bb column_shadow=\u00bbnone\u00bb width=\u00bb1\/3&#8243; tablet_text_alignment=\u00bbdefault\u00bb phone_text_alignment=\u00bbdefault\u00bb column_border_width=\u00bbnone\u00bb column_border_style=\u00bbsolid\u00bb column_link=\u00bbhttps:\/\/compostsegria.com\/ca\/es\/compost-2\/\u00bb][vc_column_text]\n<h3 style=\"text-align: center;\"><strong>Compost<\/strong><\/h3>\n<p style=\"text-align: center;\">Ver m\u00e1s<\/p>\n[\/vc_column_text][\/vc_column][vc_column column_padding=\u00bbpadding-15-percent\u00bb column_padding_position=\u00bbtop-bottom\u00bb background_color_opacity=\u00bb1&#8243; background_color_hover=\u00bb#ef9d00&#8243; background_hover_color_opacity=\u00bb0.4&#8243; background_image=\u00bb1304&#8243; enable_bg_scale=\u00bbtrue\u00bb font_color=\u00bb#ffffff\u00bb column_shadow=\u00bbnone\u00bb width=\u00bb1\/3&#8243; tablet_text_alignment=\u00bbdefault\u00bb phone_text_alignment=\u00bbdefault\u00bb column_border_width=\u00bbnone\u00bb column_border_style=\u00bbsolid\u00bb column_link=\u00bbhttps:\/\/compostsegria.com\/ca\/es\/organo-mineral\/\u00bb][vc_column_text]\n<h3 style=\"text-align: center;\"><strong>Organo-mineral<\/strong><\/h3>\n<p style=\"text-align: center;\">Ver m\u00e1s<\/p>\n[\/vc_column_text][\/vc_column][\/vc_row][vc_row type=\u00bbin_container\u00bb full_screen_row_position=\u00bbmiddle\u00bb scene_position=\u00bbcenter\u00bb text_color=\u00bbdark\u00bb text_align=\u00bbleft\u00bb overlay_strength=\u00bb0.3&#8243;][vc_column column_padding=\u00bbno-extra-padding\u00bb column_padding_position=\u00bball\u00bb background_color_opacity=\u00bb1&#8243; background_hover_color_opacity=\u00bb1&#8243; column_shadow=\u00bbnone\u00bb width=\u00bb1\/1&#8243; tablet_text_alignment=\u00bbdefault\u00bb phone_text_alignment=\u00bbdefault\u00bb column_border_width=\u00bbnone\u00bb column_border_style=\u00bbsolid\u00bb][vc_column_text css=\u00bb.vc_custom_1709199431342{margin-top: 40px !important;margin-bottom: 40px !important;}\u00bb]\n<h2 style=\"text-align: center;\">Abonos inorg\u00e1nicos y org\u00e1nicos<\/h2>\n[\/vc_column_text][\/vc_column][\/vc_row][vc_row type=\u00bbin_container\u00bb full_screen_row_position=\u00bbmiddle\u00bb scene_position=\u00bbcenter\u00bb text_color=\u00bbdark\u00bb text_align=\u00bbleft\u00bb overlay_strength=\u00bb0.3&#8243;][vc_column column_padding=\u00bbno-extra-padding\u00bb column_padding_position=\u00bball\u00bb background_color_opacity=\u00bb1&#8243; background_hover_color_opacity=\u00bb1&#8243; column_shadow=\u00bbnone\u00bb width=\u00bb1\/2&#8243; tablet_text_alignment=\u00bbdefault\u00bb phone_text_alignment=\u00bbdefault\u00bb column_border_width=\u00bbnone\u00bb column_border_style=\u00bbsolid\u00bb][vc_column_text css=\u00bb.vc_custom_1711460664811{padding-top: 70px !important;}\u00bb el_class=\u00bbside-text\u00bb]\n<div class=\"page\" title=\"Page 3\">\n<div class=\"section\">\n<div class=\"layoutArea\">\n<div class=\"column\">\n<p>El abono es un producto que la humanidad lleva muchos siglos utilizando, y <strong>gracias a \u00e9l los cultivos han podido aumentar su producci\u00f3n y calidad<\/strong> a lo largo de la historia. Todos ellos son beneficiosos tanto para usos agr\u00edcolas como para la jardiner\u00eda o para la rehabilitaci\u00f3n de suelos.<\/p>\n<p>Los abonos son muy \u00fatiles para corregir carencias concretas de algunos tipos de suelos, como por ejemplo la falta de nitr\u00f3geno, f\u00f3sforo o potasio, entre otros. Ahora bien, antes de aplicarlos hay que conocer qu\u00e9 nutrientes y componentes necesita la tierra que queremos fertilizar y as\u00ed determinar qu\u00e9 tipo de abono es lo m\u00e1s apropiado.<\/p>\n<\/div>\n<\/div>\n<\/div>\n<\/div>\n[\/vc_column_text][\/vc_column][vc_column column_padding=\u00bbno-extra-padding\u00bb column_padding_position=\u00bball\u00bb background_color_opacity=\u00bb1&#8243; background_hover_color_opacity=\u00bb1&#8243; column_shadow=\u00bbnone\u00bb width=\u00bb1\/2&#8243; tablet_text_alignment=\u00bbdefault\u00bb phone_text_alignment=\u00bbdefault\u00bb column_border_width=\u00bbnone\u00bb column_border_style=\u00bbsolid\u00bb]<div class=\"img-with-aniamtion-wrap \" data-max-width=\"100%\"><div class=\"inner\"><img loading=\"lazy\" decoding=\"async\" data-shadow=\"none\" data-shadow-direction=\"middle\" class=\"img-with-animation \" data-delay=\"0\" height=\"958\" width=\"1138\" data-animation=\"fade-in\" src=\"https:\/\/compostsegria.com\/wp-content\/uploads\/2024\/05\/adobs-1-1-1.jpeg\" srcset=\"https:\/\/compostsegria.com\/wp-content\/uploads\/2024\/05\/adobs-1-1-1.jpeg 1138w, https:\/\/compostsegria.com\/wp-content\/uploads\/2024\/05\/adobs-1-1-1-300x253.jpeg 300w, https:\/\/compostsegria.com\/wp-content\/uploads\/2024\/05\/adobs-1-1-1-1024x862.jpeg 1024w, https:\/\/compostsegria.com\/wp-content\/uploads\/2024\/05\/adobs-1-1-1-768x647.jpeg 768w\" alt=\"\" \/><\/div><\/div>[\/vc_column][\/vc_row][vc_row type=\u00bbin_container\u00bb full_screen_row_position=\u00bbmiddle\u00bb scene_position=\u00bbcenter\u00bb text_color=\u00bbdark\u00bb text_align=\u00bbleft\u00bb overlay_strength=\u00bb0.3&#8243;][vc_column column_padding=\u00bbno-extra-padding\u00bb column_padding_position=\u00bball\u00bb background_color_opacity=\u00bb1&#8243; background_hover_color_opacity=\u00bb1&#8243; column_shadow=\u00bbnone\u00bb width=\u00bb1\/2&#8243; tablet_text_alignment=\u00bbdefault\u00bb phone_text_alignment=\u00bbdefault\u00bb column_border_width=\u00bbnone\u00bb column_border_style=\u00bbsolid\u00bb]<div class=\"img-with-aniamtion-wrap \" data-max-width=\"100%\"><div class=\"inner\"><img loading=\"lazy\" decoding=\"async\" data-shadow=\"none\" data-shadow-direction=\"middle\" class=\"img-with-animation \" data-delay=\"0\" height=\"2053\" width=\"1718\" data-animation=\"fade-in\" src=\"https:\/\/compostsegria.com\/wp-content\/uploads\/2024\/05\/adobs-2-1-1.jpeg\" srcset=\"https:\/\/compostsegria.com\/wp-content\/uploads\/2024\/05\/adobs-2-1-1.jpeg 1718w, https:\/\/compostsegria.com\/wp-content\/uploads\/2024\/05\/adobs-2-1-1-251x300.jpeg 251w, https:\/\/compostsegria.com\/wp-content\/uploads\/2024\/05\/adobs-2-1-1-857x1024.jpeg 857w, https:\/\/compostsegria.com\/wp-content\/uploads\/2024\/05\/adobs-2-1-1-768x918.jpeg 768w, https:\/\/compostsegria.com\/wp-content\/uploads\/2024\/05\/adobs-2-1-1-1285x1536.jpeg 1285w, https:\/\/compostsegria.com\/wp-content\/uploads\/2024\/05\/adobs-2-1-1-1714x2048.jpeg 1714w\" alt=\"\" \/><\/div><\/div>[\/vc_column][vc_column column_padding=\u00bbno-extra-padding\u00bb column_padding_position=\u00bball\u00bb background_color_opacity=\u00bb1&#8243; background_hover_color_opacity=\u00bb1&#8243; column_shadow=\u00bbnone\u00bb width=\u00bb1\/2&#8243; tablet_text_alignment=\u00bbdefault\u00bb phone_text_alignment=\u00bbdefault\u00bb column_border_width=\u00bbnone\u00bb column_border_style=\u00bbsolid\u00bb][vc_column_text css=\u00bb.vc_custom_1711460690146{margin-top: 100px !important;}\u00bb el_class=\u00bbside-text\u00bb]\n<div class=\"page\" title=\"Page 3\">\n<div class=\"section\">\n<div class=\"layoutArea\">\n<div class=\"column\">\n<h2>Pero, concretamente, \u00bfqu\u00e9 es el abono org\u00e1nico?<\/h2>\n<p>Pues, son todos aquellos abonos provenientes de la descomposici\u00f3n de materia org\u00e1nica, entre ellos el compost. Adem\u00e1s, para que se considere org\u00e1nico, su proceso de elaboraci\u00f3n tiene que cumplir con la normativa reguladora por este tipo de productos fertilizantes.<\/p>\n<p>Otra caracter\u00edstica es que su almacenamiento y transporte no suponen ning\u00fan riesgo y su aplicaci\u00f3n sobre el terreno es directa, es decir, simplemente se aboca sobre el suelo que se quiere fertilizar. De <strong>todas las variantes de abonos o fertilizantes, el abono org\u00e1nico es nuestra mayor apuesta<\/strong>.<\/p>\n<p>En definitiva, a pesar de que existen muchas variedades de abonos que se adaptan a todo tipo de cultivos, y vegetales en general, a causa de sus m\u00faltiples calidades, cada vez se prefieren m\u00e1s los abonos org\u00e1nicos.<\/p>\n<\/div>\n<\/div>\n<\/div>\n<\/div>\n[\/vc_column_text][\/vc_column][\/vc_row][vc_row type=\u00bbin_container\u00bb full_screen_row_position=\u00bbmiddle\u00bb scene_position=\u00bbcenter\u00bb text_color=\u00bbdark\u00bb text_align=\u00bbleft\u00bb row_name=\u00bbTipos Cultivos\u00bb disable_element=\u00bbyes\u00bb overlay_strength=\u00bb0.3&#8243;][vc_column column_padding=\u00bbno-extra-padding\u00bb column_padding_position=\u00bball\u00bb background_color_opacity=\u00bb1&#8243; background_hover_color_opacity=\u00bb1&#8243; bottom_margin=\u00bb25&#8243; column_shadow=\u00bbnone\u00bb width=\u00bb1\/1&#8243; tablet_text_alignment=\u00bbdefault\u00bb phone_text_alignment=\u00bbdefault\u00bb column_border_width=\u00bbnone\u00bb column_border_style=\u00bbsolid\u00bb offset=\u00bbvc_col-xs-12&#8243;][vc_column_text css=\u00bb.vc_custom_1549897135952{margin-top: 55px !important;margin-bottom: 35px !important;}\u00bb]\n<h2 class=\"color-verde\">Caracter\u00edsticas<\/h2>\n[\/vc_column_text][nectar_horizontal_list_item columns=\u00bb2&#8243; column_layout_using_2_columns=\u00bblarge_first\u00bb col_1_text_align=\u00bbleft\u00bb col_2_text_align=\u00bbright\u00bb font_family=\u00bbp\u00bb hover_color=\u00bbaccent-color\u00bb col_1_content=\u00bbMaterial org\u00e1nico total\u00bb col_2_content=\u00bb35-60 %\u00bb][nectar_horizontal_list_item columns=\u00bb2&#8243; column_layout_using_2_columns=\u00bblarge_first\u00bb col_1_text_align=\u00bbleft\u00bb col_2_text_align=\u00bbright\u00bb font_family=\u00bbp\u00bb hover_color=\u00bbaccent-color\u00bb col_1_content=\u00bbNitr\u00f3geno total (N)\u00bb col_2_content=\u00bb1-3 %\u00bb][nectar_horizontal_list_item columns=\u00bb2&#8243; column_layout_using_2_columns=\u00bblarge_first\u00bb col_1_text_align=\u00bbleft\u00bb col_2_text_align=\u00bbright\u00bb font_family=\u00bbp\u00bb hover_color=\u00bbaccent-color\u00bb col_1_content=\u00bbF\u00f3sforo (P2O5)\u00bb col_2_content=\u00bb1-3 %\u00bb][nectar_horizontal_list_item columns=\u00bb2&#8243; column_layout_using_2_columns=\u00bblarge_first\u00bb col_1_text_align=\u00bbleft\u00bb col_2_text_align=\u00bbright\u00bb font_family=\u00bbp\u00bb hover_color=\u00bbaccent-color\u00bb col_1_content=\u00bbPotasio (K2O)\u00bb col_2_content=\u00bb1-3 %\u00bb][nectar_horizontal_list_item columns=\u00bb2&#8243; column_layout_using_2_columns=\u00bblarge_first\u00bb col_1_text_align=\u00bbleft\u00bb col_2_text_align=\u00bbright\u00bb font_family=\u00bbp\u00bb hover_color=\u00bbaccent-color\u00bb col_1_content=\u00bb\u00c1cidos h\u00famicos\u00bb col_2_content=\u00bb5-7 %\u00bb][nectar_horizontal_list_item columns=\u00bb2&#8243; column_layout_using_2_columns=\u00bblarge_first\u00bb col_1_text_align=\u00bbleft\u00bb col_2_text_align=\u00bbright\u00bb font_family=\u00bbp\u00bb hover_color=\u00bbaccent-color\u00bb col_1_content=\u00bbpH\u00bb col_2_content=\u00bb7-9 %\u00bb][nectar_horizontal_list_item columns=\u00bb2&#8243; column_layout_using_2_columns=\u00bblarge_first\u00bb col_1_text_align=\u00bbleft\u00bb col_2_text_align=\u00bbright\u00bb font_family=\u00bbp\u00bb hover_color=\u00bbaccent-color\u00bb col_1_content=\u00bbHumedad m\u00e1xima\u00bb col_2_content=\u00bb15-30 %\u00bb][nectar_btn size=\u00bbmedium\u00bb open_new_tab=\u00bbtrue\u00bb button_style=\u00bbregular\u00bb button_color_2=\u00bbAccent-Color\u00bb icon_family=\u00bbfontawesome\u00bb url=\u00bbhttp:\/\/compostsegria.com\/wp-content\/uploads\/2019\/02\/Flyer-A5-CS-Castellano-web.pdf\u00bb text=\u00bbDescargar Flyer\u00bb icon_fontawesome=\u00bbfa fa-file-text-o\u00bb margin_top=\u00bb25px\u00bb][\/vc_column][\/vc_row]\n","protected":false},"excerpt":{"rendered":"<p>[vc_row type=\u00bbfull_width_background\u00bb full_screen_row_position=\u00bbmiddle\u00bb equal_height=\u00bbyes\u00bb content_placement=\u00bbmiddle\u00bb bg_image=\u00bb1375&#8243; bg_position=\u00bbleft top\u00bb bg_repeat=\u00bbno-repeat\u00bb parallax_bg=\u00bbtrue\u00bb parallax_bg_speed=\u00bbslow\u00bb scene_position=\u00bbcenter\u00bb text_color=\u00bblight\u00bb text_align=\u00bbleft\u00bb top_padding=\u00bb250&#8243; bottom_padding=\u00bb150&#8243; class=\u00bbaltura-minima-2&#8243; overlay_strength=\u00bb0.3&#8243;][vc_column column_padding=\u00bbno-extra-padding\u00bb column_padding_position=\u00bball\u00bb background_color_opacity=\u00bb1&#8243; background_hover_color_opacity=\u00bb1&#8243; column_shadow=\u00bbnone\u00bb width=\u00bb1\/2&#8243; tablet_text_alignment=\u00bbdefault\u00bb phone_text_alignment=\u00bbdefault\u00bb column_border_width=\u00bbnone\u00bb column_border_style=\u00bbsolid\u00bb][vc_column_text] Productos En&#8230;<\/p>\n","protected":false},"author":7,"featured_media":0,"parent":0,"menu_order":0,"comment_status":"closed","ping_status":"closed","template":"","meta":{"footnotes":""},"_links":{"self":[{"href":"https:\/\/compostsegria.com\/ca\/wp-json\/wp\/v2\/pages\/1971"}],"collection":[{"href":"https:\/\/compostsegria.com\/ca\/wp-json\/wp\/v2\/pages"}],"about":[{"href":"https:\/\/compostsegria.com\/ca\/wp-json\/wp\/v2\/types\/page"}],"author":[{"embeddable":true,"href":"https:\/\/compostsegria.com\/ca\/wp-json\/wp\/v2\/users\/7"}],"replies":[{"embeddable":true,"href":"https:\/\/compostsegria.com\/ca\/wp-json\/wp\/v2\/comments?post=1971"}],"version-history":[{"count":16,"href":"https:\/\/compostsegria.com\/ca\/wp-json\/wp\/v2\/pages\/1971\/revisions"}],"predecessor-version":[{"id":2676,"href":"https:\/\/compostsegria.com\/ca\/wp-json\/wp\/v2\/pages\/1971\/revisions\/2676"}],"wp:attachment":[{"href":"https:\/\/compostsegria.com\/ca\/wp-json\/wp\/v2\/media?parent=1971"}],"curies":[{"name":"wp","href":"https:\/\/api.w.org\/{rel}","templated":true}]}}