{"id":1967,"date":"2024-02-29T09:25:25","date_gmt":"2024-02-29T09:25:25","guid":{"rendered":"https:\/\/compostsegria.com\/?page_id=1967"},"modified":"2024-12-04T11:07:56","modified_gmt":"2024-12-04T11:07:56","slug":"preguntes-frequents-2","status":"publish","type":"page","link":"https:\/\/compostsegria.com\/ca\/es\/preguntes-frequents-2\/","title":{"rendered":"Preguntas frecuentes"},"content":{"rendered":"[vc_row type=\u00bbfull_width_background\u00bb full_screen_row_position=\u00bbmiddle\u00bb bg_color=\u00bb#ffffff\u00bb scene_position=\u00bbcenter\u00bb text_color=\u00bbdark\u00bb text_align=\u00bbleft\u00bb bottom_padding=\u00bb100&#8243; overlay_strength=\u00bb0.3&#8243;][vc_column column_padding=\u00bbno-extra-padding\u00bb column_padding_position=\u00bball\u00bb background_color_opacity=\u00bb1&#8243; background_hover_color_opacity=\u00bb1&#8243; column_shadow=\u00bbnone\u00bb width=\u00bb1\/6&#8243; tablet_text_alignment=\u00bbdefault\u00bb phone_text_alignment=\u00bbdefault\u00bb column_border_width=\u00bbnone\u00bb column_border_style=\u00bbsolid\u00bb][\/vc_column][vc_column column_padding=\u00bbno-extra-padding\u00bb column_padding_position=\u00bball\u00bb background_color=\u00bb#1c4e27&#8243; background_color_opacity=\u00bb1&#8243; background_color_hover=\u00bb#ef9d00&#8243; background_hover_color_opacity=\u00bb1&#8243; font_color=\u00bb#ffffff\u00bb top_margin=\u00bb8&#8243; bottom_margin=\u00bb8&#8243; column_shadow=\u00bbnone\u00bb width=\u00bb2\/3&#8243; tablet_text_alignment=\u00bbdefault\u00bb phone_text_alignment=\u00bbdefault\u00bb column_border_width=\u00bbnone\u00bb column_border_style=\u00bbsolid\u00bb]<div class=\"toggles \" data-style=\"minimal\"><div class=\"toggle accent-color\"><h3><a href=\"#\"><i class=\"icon-plus-sign\"><\/i>\u00bfQu\u00e9 hace que vuestros abonos sean \u00fanicos?<\/a><\/h3><div>[vc_column_text]\n<div class=\"page\" title=\"Page 11\">\n<div class=\"section\">\n<div class=\"layoutArea\">\n<div class=\"column\">\n<p>Nuestros abonos destacan por su alta calidad y eficacia. Obtenidos mediante un compostaje controlado y rico en materia org\u00e1nica, los abonos de Compuesto Segri\u00e0 ofrecen beneficios excepcionales a los cultivos.<\/p>\n<\/div>\n<\/div>\n<\/div>\n<\/div>\n[\/vc_column_text]<\/div><\/div><div class=\"toggle default\"><h3><a href=\"#\"><i class=\"icon-plus-sign\"><\/i>\u00bfC\u00f3mo contribuis a la sostenibilidad ambiental?<\/a><\/h3><div>[vc_column_text]Nuestra pr\u00e1ctica de compostaje reduce los residuos org\u00e1nicos, fomenta la reutilizaci\u00f3n y produce abonos naturales. Con esto, contribuimos a la sostenibilidad medioambiental y promovemos un ciclo de vida saludable.[\/vc_column_text]<\/div><\/div><div class=\"toggle default\"><h3><a href=\"#\"><i class=\"icon-plus-sign\"><\/i>\u00bfQu\u00e9 servicios ofrec\u00e9is m\u00e1s all\u00e1 del compostaje?<\/a><\/h3><div>[vc_column_text]Vamos m\u00e1s all\u00e1 del compostaje ofreciendo servicios de asesoramiento t\u00e9cnico, gesti\u00f3n de residuos y abonos personalizados. Nuestra misi\u00f3n es ser un socio integral para tus necesidades agr\u00edcolas sostenibles.[\/vc_column_text]<\/div><\/div><div class=\"toggle default\"><h3><a href=\"#\"><i class=\"icon-plus-sign\"><\/i> \u00bfC\u00f3mo pod\u00e9is ayudarme en la gesti\u00f3n de residuos org\u00e1nicos a mi explotaci\u00f3n?<\/a><\/h3><div>[vc_column_text]Con servicios de recogida anual, asesoramiento experto y gesti\u00f3n eficiente de residuos, estamos comprometidos a facilitar tu gesti\u00f3n de residuos org\u00e1nicos a la explotaci\u00f3n. Contais con nosotros por una soluci\u00f3n sostenible y efectiva.[\/vc_column_text]<\/div><\/div><\/div>[\/vc_column][vc_column column_padding=\u00bbno-extra-padding\u00bb column_padding_position=\u00bball\u00bb background_color_opacity=\u00bb1&#8243; background_hover_color_opacity=\u00bb1&#8243; column_shadow=\u00bbnone\u00bb width=\u00bb1\/6&#8243; tablet_text_alignment=\u00bbdefault\u00bb phone_text_alignment=\u00bbdefault\u00bb column_border_width=\u00bbnone\u00bb column_border_style=\u00bbsolid\u00bb][\/vc_column][\/vc_row]\n","protected":false},"excerpt":{"rendered":"<p>[vc_row type=\u00bbfull_width_background\u00bb full_screen_row_position=\u00bbmiddle\u00bb bg_color=\u00bb#ffffff\u00bb scene_position=\u00bbcenter\u00bb text_color=\u00bbdark\u00bb text_align=\u00bbleft\u00bb bottom_padding=\u00bb100&#8243; overlay_strength=\u00bb0.3&#8243;][vc_column column_padding=\u00bbno-extra-padding\u00bb column_padding_position=\u00bball\u00bb background_color_opacity=\u00bb1&#8243; background_hover_color_opacity=\u00bb1&#8243; column_shadow=\u00bbnone\u00bb width=\u00bb1\/6&#8243; tablet_text_alignment=\u00bbdefault\u00bb phone_text_alignment=\u00bbdefault\u00bb column_border_width=\u00bbnone\u00bb column_border_style=\u00bbsolid\u00bb][\/vc_column][vc_column column_padding=\u00bbno-extra-padding\u00bb column_padding_position=\u00bball\u00bb background_color=\u00bb#1c4e27&#8243; background_color_opacity=\u00bb1&#8243; background_color_hover=\u00bb#ef9d00&#8243; background_hover_color_opacity=\u00bb1&#8243; font_color=\u00bb#ffffff\u00bb top_margin=\u00bb8&#8243; bottom_margin=\u00bb8&#8243; column_shadow=\u00bbnone\u00bb width=\u00bb2\/3&#8243;&#8230;<\/p>\n","protected":false},"author":7,"featured_media":0,"parent":0,"menu_order":0,"comment_status":"closed","ping_status":"closed","template":"","meta":{"footnotes":""},"_links":{"self":[{"href":"https:\/\/compostsegria.com\/ca\/wp-json\/wp\/v2\/pages\/1967"}],"collection":[{"href":"https:\/\/compostsegria.com\/ca\/wp-json\/wp\/v2\/pages"}],"about":[{"href":"https:\/\/compostsegria.com\/ca\/wp-json\/wp\/v2\/types\/page"}],"author":[{"embeddable":true,"href":"https:\/\/compostsegria.com\/ca\/wp-json\/wp\/v2\/users\/7"}],"replies":[{"embeddable":true,"href":"https:\/\/compostsegria.com\/ca\/wp-json\/wp\/v2\/comments?post=1967"}],"version-history":[{"count":7,"href":"https:\/\/compostsegria.com\/ca\/wp-json\/wp\/v2\/pages\/1967\/revisions"}],"predecessor-version":[{"id":2677,"href":"https:\/\/compostsegria.com\/ca\/wp-json\/wp\/v2\/pages\/1967\/revisions\/2677"}],"wp:attachment":[{"href":"https:\/\/compostsegria.com\/ca\/wp-json\/wp\/v2\/media?parent=1967"}],"curies":[{"name":"wp","href":"https:\/\/api.w.org\/{rel}","templated":true}]}}