{"id":1960,"date":"2024-02-29T09:06:07","date_gmt":"2024-02-29T09:06:07","guid":{"rendered":"https:\/\/compostsegria.com\/?page_id=1960"},"modified":"2024-06-12T07:35:57","modified_gmt":"2024-06-12T07:35:57","slug":"noticies-2","status":"publish","type":"page","link":"https:\/\/compostsegria.com\/ca\/es\/noticies-2\/","title":{"rendered":"Not\u00edcias"},"content":{"rendered":"[vc_row type=\u00bbin_container\u00bb full_screen_row_position=\u00bbmiddle\u00bb scene_position=\u00bbcenter\u00bb text_color=\u00bbdark\u00bb text_align=\u00bbleft\u00bb overlay_strength=\u00bb0.3&#8243;][vc_column column_padding=\u00bbno-extra-padding\u00bb column_padding_position=\u00bball\u00bb background_color_opacity=\u00bb1&#8243; background_hover_color_opacity=\u00bb1&#8243; column_shadow=\u00bbnone\u00bb width=\u00bb1\/1&#8243; tablet_text_alignment=\u00bbdefault\u00bb phone_text_alignment=\u00bbdefault\u00bb column_border_width=\u00bbnone\u00bb column_border_style=\u00bbsolid\u00bb]\t\t\t\r\n\t\t\t<div class=\"row blog-recent columns-3\" data-style=\"minimal\" data-color-scheme=\"light\">\r\n\t\t\t\t\r\n\t\t\t\t\r\n\t\t\t\t<div class=\"col span_4\">\r\n\t\t\t\t\t\r\n\t\t\t\t\t\r\n\t\t\t\t\t\t\t<a href=\"https:\/\/compostsegria.com\/ca\/ca\/compostatge-2-0-com-la-tecnologia-revoluciona-la-gestio-de-residus-organics\/\"><\/a>\r\n\t\t\t\t\t\t\t<div class=\"post-header\">\r\n\t\t\t\t\t\t\t\t<span class=\"meta\"> 8 octubre, 2024 in <a href=\"https:\/\/compostsegria.com\/ca\/ca\/category\/noticies\/\">Not\u00edcies<\/a> <\/span> \r\n\t\t\t\t\t\t\t\t<h3 class=\"title\">Compostatge 2.0: Com la tecnologia revoluciona la gesti\u00f3 de residus org\u00e0nics<\/h3>\t\r\n\t\t\t\t\t\t\t<\/div><!--\/post-header-->\r\n\t\t\t\t\t\t\t<p>Vivim en una era on la tecnologia transforma tots els aspectes de les nostres vides, incloent-hi la manera com gestionem els residus. El compostatge, una pr\u00e0ctica que fa anys que&#8230;<\/p>\n\t\t\t\t\t\t\t<span>Read More <i class=\"icon-button-arrow\"><\/i><\/span>\r\n\r\n\t\t\t\t\t\t\t\t\t\t\t\r\n\t\t\t\t<\/div><!--\/col-->\r\n\t\t\t\t\r\n\t\t\t\t\r\n\t\t\t\t<div class=\"col span_4\">\r\n\t\t\t\t\t\r\n\t\t\t\t\t\r\n\t\t\t\t\t\t\t<a href=\"https:\/\/compostsegria.com\/ca\/es\/compostaje-2-0-como-la-tecnologia-revoluciona-la-gestion-de-residuos-organicos\/\"><\/a>\r\n\t\t\t\t\t\t\t<div class=\"post-header\">\r\n\t\t\t\t\t\t\t\t<span class=\"meta\"> 8 octubre, 2024 in <a href=\"https:\/\/compostsegria.com\/ca\/es\/category\/noticias\/\">Not\u00edcias<\/a> <\/span> \r\n\t\t\t\t\t\t\t\t<h3 class=\"title\">Compostaje 2.0: C\u00f3mo la tecnolog\u00eda revoluciona la gesti\u00f3n de residuos org\u00e1nicos<\/h3>\t\r\n\t\t\t\t\t\t\t<\/div><!--\/post-header-->\r\n\t\t\t\t\t\t\t<p>[vc_row type=\u00bbin_container\u00bb full_screen_row_position=\u00bbmiddle\u00bb scene_position=\u00bbcenter\u00bb text_color=\u00bbdark\u00bb text_align=\u00bbleft\u00bb overlay_strength=\u00bb0.3&#8243;][vc_column column_padding=\u00bbno-extra-padding\u00bb column_padding_position=\u00bball\u00bb background_color_opacity=\u00bb1&#8243; background_hover_color_opacity=\u00bb1&#8243; column_shadow=\u00bbnone\u00bb width=\u00bb1\/1&#8243; tablet_text_alignment=\u00bbdefault\u00bb phone_text_alignment=\u00bbdefault\u00bb column_border_width=\u00bbnone\u00bb column_border_style=\u00bbsolid\u00bb][vc_column_text]Vivimos en una era donde la tecnolog\u00eda transforma todos los aspectos de nuestras vidas,&#8230;<\/p>\n\t\t\t\t\t\t\t<span>Read More <i class=\"icon-button-arrow\"><\/i><\/span>\r\n\r\n\t\t\t\t\t\t\t\t\t\t\t\r\n\t\t\t\t<\/div><!--\/col-->\r\n\t\t\t\t\r\n\t\t\t\t\r\n\t\t\t\t<div class=\"col span_4\">\r\n\t\t\t\t\t\r\n\t\t\t\t\t\r\n\t\t\t\t\t\t\t<a href=\"https:\/\/compostsegria.com\/ca\/fr\/compostage-2-0-comment-la-technologie-revolutionne-la-gestion-des-dechets-organiques\/\"><\/a>\r\n\t\t\t\t\t\t\t<div class=\"post-header\">\r\n\t\t\t\t\t\t\t\t<span class=\"meta\"> 8 octubre, 2024 in <a href=\"https:\/\/compostsegria.com\/ca\/fr\/category\/actualites\/\">Actualit\u00e9s<\/a> <\/span> \r\n\t\t\t\t\t\t\t\t<h3 class=\"title\">Compostage 2.0: Comment la technologie r\u00e9volutionne la gestion des d\u00e9chets organiques<\/h3>\t\r\n\t\t\t\t\t\t\t<\/div><!--\/post-header-->\r\n\t\t\t\t\t\t\t<p>Nous vivons dans une \u00e8re o\u00f9 la technologie transforme tous les aspects de nos vies, y compris la gestion des d\u00e9chets. Le compostage, une pratique utilis\u00e9e depuis des ann\u00e9es pour&#8230;<\/p>\n\t\t\t\t\t\t\t<span>Read More <i class=\"icon-button-arrow\"><\/i><\/span>\r\n\r\n\t\t\t\t\t\t\t\t\t\t\t\r\n\t\t\t\t<\/div><!--\/col-->\r\n\t\t\t\t\r\n\t\t\t\t\r\n\t\t\t\t<div class=\"col span_4\">\r\n\t\t\t\t\t\r\n\t\t\t\t\t\r\n\t\t\t\t\t\t\t<a href=\"https:\/\/compostsegria.com\/ca\/en\/composting-2-0-how-technology-is-revolutionizing-organic-waste-management\/\"><\/a>\r\n\t\t\t\t\t\t\t<div class=\"post-header\">\r\n\t\t\t\t\t\t\t\t<span class=\"meta\"> 8 octubre, 2024 in <a href=\"https:\/\/compostsegria.com\/ca\/en\/category\/news\/\">News<\/a> <\/span> \r\n\t\t\t\t\t\t\t\t<h3 class=\"title\">Composting 2.0: How technology is revolutionizing organic waste management<\/h3>\t\r\n\t\t\t\t\t\t\t<\/div><!--\/post-header-->\r\n\t\t\t\t\t\t\t<p>We live in an era where technology transforms all aspects of our lives, including how we manage waste. Composting, a practice used for years to reduce organic waste, is undergoing&#8230;<\/p>\n\t\t\t\t\t\t\t<span>Read More <i class=\"icon-button-arrow\"><\/i><\/span>\r\n\r\n\t\t\t\t\t\t\t\t\t\t\t\r\n\t\t\t\t<\/div><!--\/col-->\r\n\t\t\t\t\r\n\t\t\t\t\t\t\r\n\t\t\t<\/div><!--\/blog-recent-->\r\n\t\t\r\n\t\t[\/vc_column][\/vc_row]\n","protected":false},"excerpt":{"rendered":"<p>[vc_row type=\u00bbin_container\u00bb full_screen_row_position=\u00bbmiddle\u00bb scene_position=\u00bbcenter\u00bb text_color=\u00bbdark\u00bb text_align=\u00bbleft\u00bb overlay_strength=\u00bb0.3&#8243;][vc_column column_padding=\u00bbno-extra-padding\u00bb column_padding_position=\u00bball\u00bb background_color_opacity=\u00bb1&#8243; background_hover_color_opacity=\u00bb1&#8243; column_shadow=\u00bbnone\u00bb width=\u00bb1\/1&#8243; tablet_text_alignment=\u00bbdefault\u00bb phone_text_alignment=\u00bbdefault\u00bb column_border_width=\u00bbnone\u00bb column_border_style=\u00bbsolid\u00bb][\/vc_column][\/vc_row]<\/p>\n","protected":false},"author":7,"featured_media":19,"parent":0,"menu_order":0,"comment_status":"closed","ping_status":"closed","template":"","meta":{"footnotes":""},"_links":{"self":[{"href":"https:\/\/compostsegria.com\/ca\/wp-json\/wp\/v2\/pages\/1960"}],"collection":[{"href":"https:\/\/compostsegria.com\/ca\/wp-json\/wp\/v2\/pages"}],"about":[{"href":"https:\/\/compostsegria.com\/ca\/wp-json\/wp\/v2\/types\/page"}],"author":[{"embeddable":true,"href":"https:\/\/compostsegria.com\/ca\/wp-json\/wp\/v2\/users\/7"}],"replies":[{"embeddable":true,"href":"https:\/\/compostsegria.com\/ca\/wp-json\/wp\/v2\/comments?post=1960"}],"version-history":[{"count":5,"href":"https:\/\/compostsegria.com\/ca\/wp-json\/wp\/v2\/pages\/1960\/revisions"}],"predecessor-version":[{"id":2634,"href":"https:\/\/compostsegria.com\/ca\/wp-json\/wp\/v2\/pages\/1960\/revisions\/2634"}],"wp:featuredmedia":[{"embeddable":true,"href":"https:\/\/compostsegria.com\/ca\/wp-json\/wp\/v2\/media\/19"}],"wp:attachment":[{"href":"https:\/\/compostsegria.com\/ca\/wp-json\/wp\/v2\/media?parent=1960"}],"curies":[{"name":"wp","href":"https:\/\/api.w.org\/{rel}","templated":true}]}}