{"id":1871,"date":"2024-02-08T10:23:52","date_gmt":"2024-02-08T10:23:52","guid":{"rendered":"https:\/\/compostsegria.com\/?page_id=1871"},"modified":"2024-05-09T11:20:33","modified_gmt":"2024-05-09T11:20:33","slug":"planta-de-compostatge-2","status":"publish","type":"page","link":"https:\/\/compostsegria.com\/ca\/ca\/productes\/planta-de-compostatge-2\/","title":{"rendered":"Planta de compostatge-1"},"content":{"rendered":"[vc_row type=\u00bbin_container\u00bb full_screen_row_position=\u00bbmiddle\u00bb scene_position=\u00bbcenter\u00bb text_color=\u00bbdark\u00bb text_align=\u00bbleft\u00bb top_padding=\u00bb40&#8243; id=\u00bbrecepcio\u00bb overlay_strength=\u00bb0.3&#8243;][vc_column centered_text=\u00bbtrue\u00bb column_padding=\u00bbno-extra-padding\u00bb column_padding_position=\u00bball\u00bb background_color_opacity=\u00bb1&#8243; background_color_hover=\u00bb#ef9d00&#8243; background_hover_color_opacity=\u00bb0.4&#8243; background_image=\u00bb1680&#8243; font_color=\u00bb#ffffff\u00bb column_shadow=\u00bbnone\u00bb width=\u00bb1\/1&#8243; tablet_text_alignment=\u00bbdefault\u00bb phone_text_alignment=\u00bbdefault\u00bb column_border_width=\u00bbnone\u00bb column_border_style=\u00bbsolid\u00bb][fancy_box image_url=\u00bb2496&#8243; color=\u00bbAccent-Color\u00bb]\n<h2>Zona de recepci\u00f3<\/h2>\n<p>Aquest espai \u00e9s una superf\u00edcie que est\u00e0 correctament impermeabilitzada i \u00e9s tan \u00e0mplia com per acollir els diferents tipus de primeres mat\u00e8ries que ens arriben constantment. \u00c9s en aquesta etapa quan s\u2019analitza i es classifica la mat\u00e8ria primera.[\/fancy_box][\/vc_column][\/vc_row][vc_row type=\u00bbin_container\u00bb full_screen_row_position=\u00bbmiddle\u00bb scene_position=\u00bbcenter\u00bb text_color=\u00bbdark\u00bb text_align=\u00bbleft\u00bb top_padding=\u00bb40&#8243; id=\u00bbfermentacio\u00bb overlay_strength=\u00bb0.3&#8243;][vc_column centered_text=\u00bbtrue\u00bb column_padding=\u00bbno-extra-padding\u00bb column_padding_position=\u00bball\u00bb background_color_opacity=\u00bb1&#8243; background_color_hover=\u00bb#ef9d00&#8243; background_hover_color_opacity=\u00bb0.4&#8243; background_image=\u00bb1680&#8243; font_color=\u00bb#ffffff\u00bb column_shadow=\u00bbnone\u00bb width=\u00bb1\/1&#8243; tablet_text_alignment=\u00bbdefault\u00bb phone_text_alignment=\u00bbdefault\u00bb column_border_width=\u00bbnone\u00bb column_border_style=\u00bbsolid\u00bb][fancy_box image_url=\u00bb2494&#8243; color=\u00bbAccent-Color\u00bb]\n<h2>Zona de fermentaci\u00f3<\/h2>\n<p><span lang=\"CA\">Aqu\u00ed es situen les mat\u00e8ries primeres barrejades de forma homog\u00e8nia i es produeix el proc\u00e9s de transformaci\u00f3, pr\u00f2piament conegut com a \u201ccompostatge\u201d. Ja que la mat\u00e8ria org\u00e0nica es degrada de forma natural, arribant a una temperatura superior a 70<\/span>\u202f\u00b0C<span lang=\"CA\">, les nostres instal\u00b7lacions s\u00f3n les \u00f2ptimes per dur a terme tot aix\u00f2 de manera controlada i sense c\u00f3rrer cap risc<\/span>[\/fancy_box][\/vc_column][\/vc_row][vc_row type=\u00bbin_container\u00bb full_screen_row_position=\u00bbmiddle\u00bb scene_position=\u00bbcenter\u00bb text_color=\u00bbdark\u00bb text_align=\u00bbleft\u00bb top_padding=\u00bb40&#8243; id=\u00bbmaduracio\u00bb overlay_strength=\u00bb0.3&#8243;][vc_column centered_text=\u00bbtrue\u00bb column_padding=\u00bbno-extra-padding\u00bb column_padding_position=\u00bball\u00bb background_color_opacity=\u00bb1&#8243; background_color_hover=\u00bb#ef9d00&#8243; background_hover_color_opacity=\u00bb0.4&#8243; background_image=\u00bb1680&#8243; font_color=\u00bb#ffffff\u00bb column_shadow=\u00bbnone\u00bb width=\u00bb1\/1&#8243; tablet_text_alignment=\u00bbdefault\u00bb phone_text_alignment=\u00bbdefault\u00bb column_border_width=\u00bbnone\u00bb column_border_style=\u00bbsolid\u00bb][fancy_box image_url=\u00bb2495&#8243; color=\u00bbAccent-Color\u00bb]\n<h2>Zona de maduraci\u00f3<\/h2>\n<p>\u00c9s una zona impermeabilitzada amb la finalitat d\u2019impedir que es faci malb\u00e9 el producte. En aquest lloc es deixa reposar el compost i es remou de forma peri\u00f2dica per oxigenar la barreja i evitar que els microorganismes beneficiosos per als cultius i els s\u00f2ls es morin per falta d\u2019oxigen.[\/fancy_box][\/vc_column][\/vc_row][vc_row type=\u00bbin_container\u00bb full_screen_row_position=\u00bbmiddle\u00bb scene_position=\u00bbcenter\u00bb text_color=\u00bbdark\u00bb text_align=\u00bbleft\u00bb id=\u00bbproducteacabat\u00bb overlay_strength=\u00bb0.3&#8243;][vc_column centered_text=\u00bbtrue\u00bb column_padding=\u00bbno-extra-padding\u00bb column_padding_position=\u00bball\u00bb background_color_opacity=\u00bb1&#8243; background_color_hover=\u00bb#ef9d00&#8243; background_hover_color_opacity=\u00bb0.4&#8243; background_image=\u00bb1680&#8243; font_color=\u00bb#ffffff\u00bb column_shadow=\u00bbnone\u00bb width=\u00bb1\/1&#8243; tablet_text_alignment=\u00bbdefault\u00bb phone_text_alignment=\u00bbdefault\u00bb column_border_width=\u00bbnone\u00bb column_border_style=\u00bbsolid\u00bb][fancy_box image_url=\u00bb2497&#8243; color=\u00bbAccent-Color\u00bb]\n<h2>Zona de producte acabat<\/h2>\n<p>En aquesta instal\u00b7laci\u00f3 es diposita el producte final. Aqu\u00ed el nostre compost ja es troba estabilitzat i garbellat. Un dels avantatges d\u2019aquest producte \u00e9s que el seu emmagatzematge i transport no suposen cap risc ni per la salut ni per al medi ambient.[\/fancy_box][\/vc_column][\/vc_row]\n","protected":false},"excerpt":{"rendered":"<p>[vc_row type=\u00bbin_container\u00bb full_screen_row_position=\u00bbmiddle\u00bb scene_position=\u00bbcenter\u00bb text_color=\u00bbdark\u00bb text_align=\u00bbleft\u00bb top_padding=\u00bb40&#8243; id=\u00bbrecepcio\u00bb overlay_strength=\u00bb0.3&#8243;][vc_column centered_text=\u00bbtrue\u00bb column_padding=\u00bbno-extra-padding\u00bb column_padding_position=\u00bball\u00bb background_color_opacity=\u00bb1&#8243; background_color_hover=\u00bb#ef9d00&#8243; background_hover_color_opacity=\u00bb0.4&#8243; background_image=\u00bb1680&#8243; font_color=\u00bb#ffffff\u00bb column_shadow=\u00bbnone\u00bb width=\u00bb1\/1&#8243; tablet_text_alignment=\u00bbdefault\u00bb phone_text_alignment=\u00bbdefault\u00bb column_border_width=\u00bbnone\u00bb column_border_style=\u00bbsolid\u00bb][fancy_box image_url=\u00bb2496&#8243; color=\u00bbAccent-Color\u00bb] Zona de recepci\u00f3 Aquest espai&#8230;<\/p>\n","protected":false},"author":7,"featured_media":0,"parent":922,"menu_order":0,"comment_status":"closed","ping_status":"closed","template":"","meta":{"footnotes":""},"_links":{"self":[{"href":"https:\/\/compostsegria.com\/ca\/wp-json\/wp\/v2\/pages\/1871"}],"collection":[{"href":"https:\/\/compostsegria.com\/ca\/wp-json\/wp\/v2\/pages"}],"about":[{"href":"https:\/\/compostsegria.com\/ca\/wp-json\/wp\/v2\/types\/page"}],"author":[{"embeddable":true,"href":"https:\/\/compostsegria.com\/ca\/wp-json\/wp\/v2\/users\/7"}],"replies":[{"embeddable":true,"href":"https:\/\/compostsegria.com\/ca\/wp-json\/wp\/v2\/comments?post=1871"}],"version-history":[{"count":13,"href":"https:\/\/compostsegria.com\/ca\/wp-json\/wp\/v2\/pages\/1871\/revisions"}],"predecessor-version":[{"id":2567,"href":"https:\/\/compostsegria.com\/ca\/wp-json\/wp\/v2\/pages\/1871\/revisions\/2567"}],"up":[{"embeddable":true,"href":"https:\/\/compostsegria.com\/ca\/wp-json\/wp\/v2\/pages\/922"}],"wp:attachment":[{"href":"https:\/\/compostsegria.com\/ca\/wp-json\/wp\/v2\/media?parent=1871"}],"curies":[{"name":"wp","href":"https:\/\/api.w.org\/{rel}","templated":true}]}}