{"id":1412,"date":"2024-01-09T10:47:40","date_gmt":"2024-01-09T10:47:40","guid":{"rendered":"https:\/\/compostsegria.com\/?page_id=1412"},"modified":"2024-05-09T09:50:59","modified_gmt":"2024-05-09T09:50:59","slug":"serveis","status":"publish","type":"page","link":"https:\/\/compostsegria.com\/ca\/ca\/serveis\/","title":{"rendered":"Serveis"},"content":{"rendered":"[vc_row type=\u00bbfull_width_background\u00bb full_screen_row_position=\u00bbmiddle\u00bb equal_height=\u00bbyes\u00bb content_placement=\u00bbmiddle\u00bb bg_image=\u00bb2480&#8243; bg_position=\u00bbleft top\u00bb bg_repeat=\u00bbno-repeat\u00bb parallax_bg=\u00bbtrue\u00bb parallax_bg_speed=\u00bbslow\u00bb scene_position=\u00bbcenter\u00bb text_color=\u00bblight\u00bb text_align=\u00bbleft\u00bb top_padding=\u00bb250&#8243; bottom_padding=\u00bb200&#8243; class=\u00bbaltura-minima-2&#8243; overlay_strength=\u00bb0.3&#8243;][vc_column column_padding=\u00bbno-extra-padding\u00bb column_padding_position=\u00bball\u00bb background_color_opacity=\u00bb1&#8243; background_hover_color_opacity=\u00bb1&#8243; column_shadow=\u00bbnone\u00bb width=\u00bb1\/2&#8243; tablet_text_alignment=\u00bbdefault\u00bb phone_text_alignment=\u00bbdefault\u00bb column_border_width=\u00bbnone\u00bb column_border_style=\u00bbsolid\u00bb][vc_column_text css=\u00bb.vc_custom_1704801414304{margin-bottom: 40px !important;}\u00bb]\n<h1 style=\"text-align: left;\">Serveis<\/h1>\n<div class=\"page\" title=\"Page 5\">\n<div class=\"section\">\n<div class=\"layoutArea\">\n<div class=\"column\">\n<p>Amb una relacio\u0301 propera i anys d&#8217;experie\u0300ncia, oferim<strong> serveis adaptats a les teves necessitats<\/strong> especi\u0301fiques, des de la recollida de residus fins a l&#8217;assessorament agri\u0301cola personalitzat. Descobreix com podem transformar la teva activitat agri\u0301cola amb compromi\u0301s i eficie\u0300ncia.<\/p>\n<\/div>\n<\/div>\n<\/div>\n<\/div>\n[\/vc_column_text][\/vc_column][vc_column column_padding=\u00bbno-extra-padding\u00bb column_padding_position=\u00bball\u00bb background_color_opacity=\u00bb1&#8243; background_hover_color_opacity=\u00bb1&#8243; column_shadow=\u00bbnone\u00bb width=\u00bb1\/2&#8243; tablet_text_alignment=\u00bbdefault\u00bb phone_text_alignment=\u00bbdefault\u00bb column_border_width=\u00bbnone\u00bb column_border_style=\u00bbsolid\u00bb][\/vc_column][\/vc_row][vc_row type=\u00bbin_container\u00bb full_screen_row_position=\u00bbmiddle\u00bb scene_position=\u00bbcenter\u00bb text_color=\u00bbdark\u00bb text_align=\u00bbleft\u00bb top_padding=\u00bb40&#8243; overlay_strength=\u00bb0.3&#8243;][vc_column column_padding=\u00bbno-extra-padding\u00bb column_padding_position=\u00bball\u00bb background_color_opacity=\u00bb1&#8243; background_hover_color_opacity=\u00bb1&#8243; column_shadow=\u00bbnone\u00bb width=\u00bb1\/1&#8243; tablet_text_alignment=\u00bbdefault\u00bb phone_text_alignment=\u00bbdefault\u00bb column_border_width=\u00bbnone\u00bb column_border_style=\u00bbsolid\u00bb][vc_row_inner column_margin=\u00bbdefault\u00bb text_align=\u00bbleft\u00bb][vc_column_inner column_padding=\u00bbpadding-4-percent\u00bb column_padding_position=\u00bball\u00bb background_color=\u00bb#ededed\u00bb background_color_opacity=\u00bb1&#8243; width=\u00bb1\/2&#8243; column_border_width=\u00bbnone\u00bb column_border_style=\u00bbsolid\u00bb][vc_column_text]<img decoding=\"async\" style=\"width: 150px;\" src=\"https:\/\/compostsegria.com\/wp-content\/uploads\/2020\/07\/iconos_compost_segria_Artboard-1-copy-5@3x.png\" alt=\"\" \/><\/p>\n<h2 class=\"color-verde\"><span lang=\"CA\">Assessorament en camps i gesti\u00f3 de residus<\/span><\/h2>\n<div class=\"page\" title=\"Page 5\">\n<div class=\"section\">\n<div class=\"layoutArea\">\n<div class=\"column\">\n<p>Compost Segria\u0300 t&#8217;ofereix assessorament expert i recomanacions per a l&#8217;u\u0301s de compost i altres adobs, tant en l&#8217;a\u0300mbit agri\u0301cola com en el de la jardineria. Tambe\u0301 donem suport en la creacio\u0301 de programes de fertilitzacio\u0301 personalitzats per al teu cultiu, assegurant una o\u0300ptima utilitzacio\u0301 dels productes per a ma\u0300xim benefici dels cultius.<\/p>\n<p>A me\u0301s a me\u0301s, gestionem eficientment els residus orga\u0300nics, oferint assiste\u0300ncia directa a les nostres plantes especialitzades o mitjanc\u0327ant assessorament te\u0300cnic per millorar el reciclatge de la mate\u0300ria orga\u0300nica i fer me\u0301s eficient el teu proce\u0301s productiu.<\/p>\n<\/div>\n<\/div>\n<\/div>\n<\/div>\n[\/vc_column_text][nectar_btn size=\u00bblarge\u00bb button_style=\u00bbregular\u00bb button_color_2=\u00bbAccent-Color\u00bb icon_family=\u00bbnone\u00bb text=\u00bbContacta\u00bb margin_top=\u00bb20&#8243; url=\u00bb\/ca\/demana-pressupost\/\u00bb][\/vc_column_inner][vc_column_inner column_padding=\u00bbpadding-4-percent\u00bb column_padding_position=\u00bball\u00bb background_color=\u00bb#ededed\u00bb background_color_opacity=\u00bb1&#8243; width=\u00bb1\/2&#8243; column_border_width=\u00bbnone\u00bb column_border_style=\u00bbsolid\u00bb][vc_column_text]<img decoding=\"async\" style=\"width: 150px;\" src=\"https:\/\/compostsegria.com\/wp-content\/uploads\/2020\/07\/iconos_compost_segria_Artboard-1-copy-6@3x.png\" alt=\"\" \/><\/p>\n<h2 class=\"color-verde\">Proc\u00e9s d\u2019aplicaci\u00f3 del compost<\/h2>\n<div class=\"page\" title=\"Page 5\">\n<div class=\"section\">\n<div class=\"layoutArea\">\n<div class=\"column\">\n<p>Si no comptes amb la maquina\u0300ria adequada per aplicar adobs al camp, Compost Segria\u0300 esta\u0300 aqui\u0301 per donar-te suport. Amb maquina\u0300ria especialitzada i professionals experimentats, estem preparats per aplicar el compost al so\u0300l, adaptant-nos a tot tipus de cultius, plantacions i terrenys. Ja sigui des de la fertilitzacio\u0301 a la sobre filera per a fruiters fins a la incorporacio\u0301 directa al so\u0300l, estem preparats per atendre les teves necessitats de fertilitzacio\u0301.<\/p>\n<p>Amb el nostre suport i assessorament, podra\u0300s optimitzar el rendiment dels teus cultius i plantacions. Si sorgeixen dubtes durant el proce\u0301s, tambe\u0301 estem disponibles per oferir-te orientacio\u0301. Ens preocupem pel benestar dels nostres clients, creant un vincle que enriqueix l&#8217;experie\u0300ncia del client amb empreses de compostatge com la nostra.<\/p>\n<\/div>\n<\/div>\n<\/div>\n<\/div>\n[\/vc_column_text][nectar_btn size=\u00bblarge\u00bb button_style=\u00bbregular\u00bb button_color_2=\u00bbAccent-Color\u00bb icon_family=\u00bbnone\u00bb text=\u00bbContacta\u00bb margin_top=\u00bb20&#8243; url=\u00bb\/ca\/demana-pressupost\/\u00bb][\/vc_column_inner][\/vc_row_inner][vc_row_inner column_margin=\u00bbdefault\u00bb text_align=\u00bbleft\u00bb][vc_column_inner column_padding=\u00bbpadding-4-percent\u00bb column_padding_position=\u00bball\u00bb background_color=\u00bb#ededed\u00bb background_color_opacity=\u00bb1&#8243; width=\u00bb1\/2&#8243; column_border_width=\u00bbnone\u00bb column_border_style=\u00bbsolid\u00bb][vc_column_text]<img loading=\"lazy\" decoding=\"async\" class=\"alignnone wp-image-1433\" src=\"https:\/\/compostsegria.com\/wp-content\/uploads\/2024\/01\/serveis-1-289x300.png\" alt=\"\" width=\"131\" height=\"136\" srcset=\"https:\/\/compostsegria.com\/wp-content\/uploads\/2024\/01\/serveis-1-289x300.png 289w, https:\/\/compostsegria.com\/wp-content\/uploads\/2024\/01\/serveis-1-985x1024.png 985w, https:\/\/compostsegria.com\/wp-content\/uploads\/2024\/01\/serveis-1-768x798.png 768w, https:\/\/compostsegria.com\/wp-content\/uploads\/2024\/01\/serveis-1-1478x1536.png 1478w, https:\/\/compostsegria.com\/wp-content\/uploads\/2024\/01\/serveis-1.png 1547w\" sizes=\"(max-width: 131px) 100vw, 131px\" \/><\/p>\n<h2 class=\"color-verde\"><span lang=\"CA\">Gesti\u00f3 de residus org\u00e0nics i assessoria t\u00e8cnica de reciclatge<\/span><\/h2>\n<div class=\"page\" title=\"Page 5\">\n<div class=\"section\">\n<div class=\"layoutArea\">\n<div class=\"column\">\n<div class=\"page\" title=\"Page 5\">\n<div class=\"section\">\n<div class=\"layoutArea\">\n<div class=\"column\">\n<p>Contribui\u0308m a la gestio\u0301 responsable dels residus orga\u0300nics de la teva empresa o explotacio\u0301 agri\u0301cola mitjanc\u0327ant un servei de recollida anual.<\/p>\n<p>Redueix l&#8217;impacte ambiental amb la nostra solucio\u0301 sostenible.<\/p>\n<\/div>\n<\/div>\n<\/div>\n<\/div>\n<\/div>\n<\/div>\n<\/div>\n<\/div>\n[\/vc_column_text][nectar_btn size=\u00bblarge\u00bb button_style=\u00bbregular\u00bb button_color_2=\u00bbAccent-Color\u00bb icon_family=\u00bbnone\u00bb text=\u00bbContacta\u00bb margin_top=\u00bb20&#8243; url=\u00bb\/ca\/demana-pressupost\/\u00bb][\/vc_column_inner][vc_column_inner column_padding=\u00bbpadding-4-percent\u00bb column_padding_position=\u00bball\u00bb background_color=\u00bb#ef9d00&#8243; background_color_opacity=\u00bb1&#8243; font_color=\u00bb#ffffff\u00bb width=\u00bb1\/2&#8243; column_border_width=\u00bbnone\u00bb column_border_style=\u00bbsolid\u00bb][vc_column_text]\n<h2><strong>Contacta amb el departament comercial<\/strong><\/h2>\n<p><img loading=\"lazy\" decoding=\"async\" class=\"alignnone wp-image-1436\" src=\"https:\/\/compostsegria.com\/wp-content\/uploads\/2024\/01\/icones-289x300.png\" alt=\"\" width=\"33\" height=\"34\" srcset=\"https:\/\/compostsegria.com\/wp-content\/uploads\/2024\/01\/icones-289x300.png 289w, https:\/\/compostsegria.com\/wp-content\/uploads\/2024\/01\/icones-985x1024.png 985w, https:\/\/compostsegria.com\/wp-content\/uploads\/2024\/01\/icones-150x150.png 150w, https:\/\/compostsegria.com\/wp-content\/uploads\/2024\/01\/icones-768x798.png 768w, https:\/\/compostsegria.com\/wp-content\/uploads\/2024\/01\/icones-1478x1536.png 1478w, https:\/\/compostsegria.com\/wp-content\/uploads\/2024\/01\/icones-100x100.png 100w, https:\/\/compostsegria.com\/wp-content\/uploads\/2024\/01\/icones-500x500.png 500w, https:\/\/compostsegria.com\/wp-content\/uploads\/2024\/01\/icones-350x350.png 350w, https:\/\/compostsegria.com\/wp-content\/uploads\/2024\/01\/icones-1000x1000.png 1000w, https:\/\/compostsegria.com\/wp-content\/uploads\/2024\/01\/icones.png 1547w\" sizes=\"(max-width: 33px) 100vw, 33px\" \/>\u00a0 973 73 00 66<\/p>\n<p><img loading=\"lazy\" decoding=\"async\" class=\"alignnone wp-image-1435\" src=\"https:\/\/compostsegria.com\/wp-content\/uploads\/2024\/01\/icones-1-289x300.png\" alt=\"\" width=\"33\" height=\"34\" srcset=\"https:\/\/compostsegria.com\/wp-content\/uploads\/2024\/01\/icones-1-289x300.png 289w, https:\/\/compostsegria.com\/wp-content\/uploads\/2024\/01\/icones-1-985x1024.png 985w, https:\/\/compostsegria.com\/wp-content\/uploads\/2024\/01\/icones-1-150x150.png 150w, https:\/\/compostsegria.com\/wp-content\/uploads\/2024\/01\/icones-1-768x798.png 768w, https:\/\/compostsegria.com\/wp-content\/uploads\/2024\/01\/icones-1-1478x1536.png 1478w, https:\/\/compostsegria.com\/wp-content\/uploads\/2024\/01\/icones-1-100x100.png 100w, https:\/\/compostsegria.com\/wp-content\/uploads\/2024\/01\/icones-1-500x500.png 500w, https:\/\/compostsegria.com\/wp-content\/uploads\/2024\/01\/icones-1-350x350.png 350w, https:\/\/compostsegria.com\/wp-content\/uploads\/2024\/01\/icones-1-1000x1000.png 1000w, https:\/\/compostsegria.com\/wp-content\/uploads\/2024\/01\/icones-1.png 1547w\" sizes=\"(max-width: 33px) 100vw, 33px\" \/> info@compostsegria.com[\/vc_column_text][\/vc_column_inner][\/vc_row_inner][\/vc_column][\/vc_row]\n","protected":false},"excerpt":{"rendered":"<p>[vc_row type=\u00bbfull_width_background\u00bb full_screen_row_position=\u00bbmiddle\u00bb equal_height=\u00bbyes\u00bb content_placement=\u00bbmiddle\u00bb bg_image=\u00bb2480&#8243; bg_position=\u00bbleft top\u00bb bg_repeat=\u00bbno-repeat\u00bb parallax_bg=\u00bbtrue\u00bb parallax_bg_speed=\u00bbslow\u00bb scene_position=\u00bbcenter\u00bb text_color=\u00bblight\u00bb text_align=\u00bbleft\u00bb top_padding=\u00bb250&#8243; bottom_padding=\u00bb200&#8243; class=\u00bbaltura-minima-2&#8243; overlay_strength=\u00bb0.3&#8243;][vc_column column_padding=\u00bbno-extra-padding\u00bb column_padding_position=\u00bball\u00bb background_color_opacity=\u00bb1&#8243; background_hover_color_opacity=\u00bb1&#8243; column_shadow=\u00bbnone\u00bb width=\u00bb1\/2&#8243; tablet_text_alignment=\u00bbdefault\u00bb phone_text_alignment=\u00bbdefault\u00bb column_border_width=\u00bbnone\u00bb column_border_style=\u00bbsolid\u00bb][vc_column_text css=\u00bb.vc_custom_1704801414304{margin-bottom: 40px&#8230;<\/p>\n","protected":false},"author":7,"featured_media":0,"parent":0,"menu_order":0,"comment_status":"closed","ping_status":"closed","template":"","meta":{"footnotes":""},"_links":{"self":[{"href":"https:\/\/compostsegria.com\/ca\/wp-json\/wp\/v2\/pages\/1412"}],"collection":[{"href":"https:\/\/compostsegria.com\/ca\/wp-json\/wp\/v2\/pages"}],"about":[{"href":"https:\/\/compostsegria.com\/ca\/wp-json\/wp\/v2\/types\/page"}],"author":[{"embeddable":true,"href":"https:\/\/compostsegria.com\/ca\/wp-json\/wp\/v2\/users\/7"}],"replies":[{"embeddable":true,"href":"https:\/\/compostsegria.com\/ca\/wp-json\/wp\/v2\/comments?post=1412"}],"version-history":[{"count":29,"href":"https:\/\/compostsegria.com\/ca\/wp-json\/wp\/v2\/pages\/1412\/revisions"}],"predecessor-version":[{"id":2481,"href":"https:\/\/compostsegria.com\/ca\/wp-json\/wp\/v2\/pages\/1412\/revisions\/2481"}],"wp:attachment":[{"href":"https:\/\/compostsegria.com\/ca\/wp-json\/wp\/v2\/media?parent=1412"}],"curies":[{"name":"wp","href":"https:\/\/api.w.org\/{rel}","templated":true}]}}